{"id":1929,"date":"2019-09-24T22:16:19","date_gmt":"2019-09-24T22:16:19","guid":{"rendered":"https:\/\/neststylevalencia.com\/photo-gallery\/"},"modified":"2024-04-02T13:36:56","modified_gmt":"2024-04-02T13:36:56","slug":"galeria-fotos","status":"publish","type":"page","link":"https:\/\/neststylevalencia.com\/es\/galeria-fotos\/","title":{"rendered":"Galer\u00eda de fotos"},"content":{"rendered":"\n<h1 class=\"wp-block-heading has-text-align-center\">Revelando el encanto del Nest Style Valencia Hotel a trav\u00e9s de la fotograf\u00eda<\/h1>\n\n<p>Bienvenido a la galer\u00eda de fotos del Nest Style Valencia Hotel. Aqu\u00ed, puedes tener una idea de las experiencias \u00fanicas que te esperan en nuestro hermoso hotel en el coraz\u00f3n de Valencia.<\/p>\n\n<h2 class=\"wp-block-heading\">Impresionantes Vistas del Nest Style Valencia Hotel<\/h2>\n\n<p>Nuestra colecci\u00f3n de fotos de alta calidad muestra la arquitectura moderna y el dise\u00f1o elegante que definen al Nest Style Valencia Hotel.<\/p>\n\n<p>Desde nuestras c\u00f3modas habitaciones hasta nuestras instalaciones de reuniones bien equipadas, cada imagen ofrece una perspectiva \u00fanica de nuestras comodidades.<\/p>\n\n<h2 class=\"wp-block-heading\"><a href=\"https:\/\/neststylevalencia.com\/es\/habitaciones\/\">Habitaciones<\/a> perfectas<\/h2>\n\n<p>A trav\u00e9s de la lente, puedes explorar nuestra gama de habitaciones, cada una dise\u00f1ada cuidadosamente para ofrecer confort y lujo a nuestros hu\u00e9spedes. Los interiores modernos y minimalistas que se ven en nuestras fotograf\u00edas capturan la esencia del Nest Style Valencia.<\/p>\n\n<h2 class=\"wp-block-heading\">Espectaculares comodidades en instant\u00e1neas<\/h2>\n\n<p>Sum\u00e9rgete en el mundo del lujo con im\u00e1genes de nuestras completas amenidades. Desde nuestra c\u00f3moda y acogedora recepci\u00f3n hasta el interior de cada una de nuestras habitaciones, nuestras fotos ofrecen un vistazo a las experiencias que hacen \u00fanico al Nest Style Valencia Hotel.<\/p>\n\n<h2 class=\"wp-block-heading\">Valencia &#8211; Una ciudad vibrante<\/h2>\n\n<p>Nuestra galer\u00eda tambi\u00e9n cuenta con fotos que capturan la vibrante vida de la ciudad de <a href=\"https:\/\/neststylevalencia.com\/es\/blog\/\">Valencia<\/a>. Estas im\u00e1genes te invitan a descubrir el encanto de la ciudad, ofreciendo un vistazo a c\u00f3mo tu estancia en el Nest Style Valencia Hotel puede ser una puerta de entrada para explorar esta emocionante ciudad.<\/p>\n\n<p>Experimenta el Nest Style Valencia Hotel a trav\u00e9s de nuestra lente. Cada imagen ofrece una instant\u00e1nea del confort, estilo y lujo distintivo que te espera.<\/p>\n\n<p>\u00bfListo para vivirlo por ti mismo? <a href=\"https:\/\/neststylevalencia.com\/es\/reservar-nest-style-hotel-valencia\/\">\u00a1Reserva tu estancia hoy!<\/a><\/p>\n","protected":false},"excerpt":{"rendered":"<p>Galer\u00eda de fotos Nest Style Hotel Valencia. Elegancia y sencillez, atenci\u00f3n al detalle y profesionalidad del personal, muy buena ubicaci\u00f3n<\/p>\n","protected":false},"author":7,"featured_media":993,"parent":0,"menu_order":0,"comment_status":"closed","ping_status":"closed","template":"","meta":{"footnotes":""},"class_list":["post-1929","page","type-page","status-publish","has-post-thumbnail","hentry"],"yoast_head":"<!-- This site is optimized with the Yoast SEO plugin v27.4 - https:\/\/yoast.com\/product\/yoast-seo-wordpress\/ -->\n<title>Galer\u00eda de fotos Nest Style Hotel Valencia. Pasi\u00f3n y dise\u00f1o<\/title>\n<meta name=\"description\" content=\"Galer\u00eda de fotos Nest Style Hotel Valencia. Pasi\u00f3n y dise\u00f1o, atenci\u00f3n al detalle y profesionalidad del personal, muy buena ubicaci\u00f3n\" \/>\n<meta name=\"robots\" content=\"index, follow, max-snippet:-1, max-image-preview:large, max-video-preview:-1\" \/>\n<link rel=\"canonical\" href=\"https:\/\/neststylevalencia.com\/es\/galeria-fotos\/\" \/>\n<meta property=\"og:locale\" content=\"es_ES\" \/>\n<meta property=\"og:type\" content=\"article\" \/>\n<meta property=\"og:title\" content=\"Galer\u00eda de fotos Nest Style Hotel Valencia. Pasi\u00f3n y dise\u00f1o\" \/>\n<meta property=\"og:description\" content=\"Galer\u00eda de fotos Nest Style Hotel Valencia. Pasi\u00f3n y dise\u00f1o, atenci\u00f3n al detalle y profesionalidad del personal, muy buena ubicaci\u00f3n\" \/>\n<meta property=\"og:url\" content=\"https:\/\/neststylevalencia.com\/es\/galeria-fotos\/\" \/>\n<meta property=\"og:site_name\" content=\"Nest Style Valencia\" \/>\n<meta property=\"article:publisher\" content=\"https:\/\/www.facebook.com\/NestStyleValenciaHotel\/\" \/>\n<meta property=\"article:modified_time\" content=\"2024-04-02T13:36:56+00:00\" \/>\n<meta property=\"og:image\" content=\"https:\/\/neststylevalencia.com\/wp-content\/uploads\/2019\/08\/03red-room-06-nest-style-valencia-2019.jpg\" \/>\n\t<meta property=\"og:image:width\" content=\"1619\" \/>\n\t<meta property=\"og:image:height\" content=\"1080\" \/>\n\t<meta property=\"og:image:type\" content=\"image\/jpeg\" \/>\n<meta name=\"twitter:card\" content=\"summary_large_image\" \/>\n<meta name=\"twitter:site\" content=\"@neststylevlc\" \/>\n<meta name=\"twitter:label1\" content=\"Tiempo de lectura\" \/>\n\t<meta name=\"twitter:data1\" content=\"1 minuto\" \/>\n<script type=\"application\/ld+json\" class=\"yoast-schema-graph\">{\"@context\":\"https:\\\/\\\/schema.org\",\"@graph\":[{\"@type\":\"WebPage\",\"@id\":\"https:\\\/\\\/neststylevalencia.com\\\/es\\\/galeria-fotos\\\/\",\"url\":\"https:\\\/\\\/neststylevalencia.com\\\/es\\\/galeria-fotos\\\/\",\"name\":\"Galer\u00eda de fotos Nest Style Hotel Valencia. Pasi\u00f3n y dise\u00f1o\",\"isPartOf\":{\"@id\":\"https:\\\/\\\/neststylevalencia.com\\\/es\\\/#website\"},\"primaryImageOfPage\":{\"@id\":\"https:\\\/\\\/neststylevalencia.com\\\/es\\\/galeria-fotos\\\/#primaryimage\"},\"image\":{\"@id\":\"https:\\\/\\\/neststylevalencia.com\\\/es\\\/galeria-fotos\\\/#primaryimage\"},\"thumbnailUrl\":\"https:\\\/\\\/neststylevalencia.com\\\/wp-content\\\/uploads\\\/2019\\\/08\\\/03red-room-06-nest-style-valencia-2019.jpg\",\"datePublished\":\"2019-09-24T22:16:19+00:00\",\"dateModified\":\"2024-04-02T13:36:56+00:00\",\"description\":\"Galer\u00eda de fotos Nest Style Hotel Valencia. Pasi\u00f3n y dise\u00f1o, atenci\u00f3n al detalle y profesionalidad del personal, muy buena ubicaci\u00f3n\",\"inLanguage\":\"es\",\"potentialAction\":[{\"@type\":\"ReadAction\",\"target\":[\"https:\\\/\\\/neststylevalencia.com\\\/es\\\/galeria-fotos\\\/\"]}]},{\"@type\":\"ImageObject\",\"inLanguage\":\"es\",\"@id\":\"https:\\\/\\\/neststylevalencia.com\\\/es\\\/galeria-fotos\\\/#primaryimage\",\"url\":\"https:\\\/\\\/neststylevalencia.com\\\/wp-content\\\/uploads\\\/2019\\\/08\\\/03red-room-06-nest-style-valencia-2019.jpg\",\"contentUrl\":\"https:\\\/\\\/neststylevalencia.com\\\/wp-content\\\/uploads\\\/2019\\\/08\\\/03red-room-06-nest-style-valencia-2019.jpg\",\"width\":1619,\"height\":1080,\"caption\":\"Photo Gallery Nest Style Valencia Hostel\"},{\"@type\":\"WebSite\",\"@id\":\"https:\\\/\\\/neststylevalencia.com\\\/es\\\/#website\",\"url\":\"https:\\\/\\\/neststylevalencia.com\\\/es\\\/\",\"name\":\"Nest Style Valencia\",\"description\":\"Elegancia y sencillez\",\"publisher\":{\"@id\":\"https:\\\/\\\/neststylevalencia.com\\\/es\\\/#organization\"},\"alternateName\":\"Nest Style Valencia Hotel\",\"potentialAction\":[{\"@type\":\"SearchAction\",\"target\":{\"@type\":\"EntryPoint\",\"urlTemplate\":\"https:\\\/\\\/neststylevalencia.com\\\/es\\\/?s={search_term_string}\"},\"query-input\":{\"@type\":\"PropertyValueSpecification\",\"valueRequired\":true,\"valueName\":\"search_term_string\"}}],\"inLanguage\":\"es\"},{\"@type\":\"Organization\",\"@id\":\"https:\\\/\\\/neststylevalencia.com\\\/es\\\/#organization\",\"name\":\"Nest Style Valencia\",\"alternateName\":\"Nest Style Valencia Hotel\",\"url\":\"https:\\\/\\\/neststylevalencia.com\\\/es\\\/\",\"logo\":{\"@type\":\"ImageObject\",\"inLanguage\":\"es\",\"@id\":\"https:\\\/\\\/neststylevalencia.com\\\/es\\\/#\\\/schema\\\/logo\\\/image\\\/\",\"url\":\"https:\\\/\\\/neststylevalencia.com\\\/wp-content\\\/uploads\\\/2019\\\/07\\\/logo-web-nest-style-valencia-2019.jpg\",\"contentUrl\":\"https:\\\/\\\/neststylevalencia.com\\\/wp-content\\\/uploads\\\/2019\\\/07\\\/logo-web-nest-style-valencia-2019.jpg\",\"width\":1200,\"height\":1200,\"caption\":\"Nest Style Valencia\"},\"image\":{\"@id\":\"https:\\\/\\\/neststylevalencia.com\\\/es\\\/#\\\/schema\\\/logo\\\/image\\\/\"},\"sameAs\":[\"https:\\\/\\\/www.facebook.com\\\/NestStyleValenciaHotel\\\/\",\"https:\\\/\\\/x.com\\\/neststylevlc\",\"https:\\\/\\\/www.instagram.com\\\/neststylevalencia\\\/\",\"https:\\\/\\\/www.linkedin.com\\\/company\\\/nest-style-valencia-hotel\\\/\",\"https:\\\/\\\/www.youtube.com\\\/@neststylevalenciahotel\",\"https:\\\/\\\/www.tripadvisor.com\\\/Hotel_Review-g187529-d18379474-Reviews-Nest_Style_Hotel_Valencia-Valencia_Province_of_Valencia_Valencian_Country.html\",\"https:\\\/\\\/snapchat.com\\\/add\\\/neststylevlc\",\"https:\\\/\\\/vk.com\\\/neststylevalenciahotel\",\"https:\\\/\\\/g.page\\\/NestStyleHotelValencia\\\/\",\"https:\\\/\\\/www.tiktok.com\\\/@neststylevalenciahotel\"]}]}<\/script>\n<!-- \/ Yoast SEO plugin. -->","yoast_head_json":{"title":"Galer\u00eda de fotos Nest Style Hotel Valencia. Pasi\u00f3n y dise\u00f1o","description":"Galer\u00eda de fotos Nest Style Hotel Valencia. Pasi\u00f3n y dise\u00f1o, atenci\u00f3n al detalle y profesionalidad del personal, muy buena ubicaci\u00f3n","robots":{"index":"index","follow":"follow","max-snippet":"max-snippet:-1","max-image-preview":"max-image-preview:large","max-video-preview":"max-video-preview:-1"},"canonical":"https:\/\/neststylevalencia.com\/es\/galeria-fotos\/","og_locale":"es_ES","og_type":"article","og_title":"Galer\u00eda de fotos Nest Style Hotel Valencia. Pasi\u00f3n y dise\u00f1o","og_description":"Galer\u00eda de fotos Nest Style Hotel Valencia. Pasi\u00f3n y dise\u00f1o, atenci\u00f3n al detalle y profesionalidad del personal, muy buena ubicaci\u00f3n","og_url":"https:\/\/neststylevalencia.com\/es\/galeria-fotos\/","og_site_name":"Nest Style Valencia","article_publisher":"https:\/\/www.facebook.com\/NestStyleValenciaHotel\/","article_modified_time":"2024-04-02T13:36:56+00:00","og_image":[{"width":1619,"height":1080,"url":"https:\/\/neststylevalencia.com\/wp-content\/uploads\/2019\/08\/03red-room-06-nest-style-valencia-2019.jpg","type":"image\/jpeg"}],"twitter_card":"summary_large_image","twitter_site":"@neststylevlc","twitter_misc":{"Tiempo de lectura":"1 minuto"},"schema":{"@context":"https:\/\/schema.org","@graph":[{"@type":"WebPage","@id":"https:\/\/neststylevalencia.com\/es\/galeria-fotos\/","url":"https:\/\/neststylevalencia.com\/es\/galeria-fotos\/","name":"Galer\u00eda de fotos Nest Style Hotel Valencia. Pasi\u00f3n y dise\u00f1o","isPartOf":{"@id":"https:\/\/neststylevalencia.com\/es\/#website"},"primaryImageOfPage":{"@id":"https:\/\/neststylevalencia.com\/es\/galeria-fotos\/#primaryimage"},"image":{"@id":"https:\/\/neststylevalencia.com\/es\/galeria-fotos\/#primaryimage"},"thumbnailUrl":"https:\/\/neststylevalencia.com\/wp-content\/uploads\/2019\/08\/03red-room-06-nest-style-valencia-2019.jpg","datePublished":"2019-09-24T22:16:19+00:00","dateModified":"2024-04-02T13:36:56+00:00","description":"Galer\u00eda de fotos Nest Style Hotel Valencia. Pasi\u00f3n y dise\u00f1o, atenci\u00f3n al detalle y profesionalidad del personal, muy buena ubicaci\u00f3n","inLanguage":"es","potentialAction":[{"@type":"ReadAction","target":["https:\/\/neststylevalencia.com\/es\/galeria-fotos\/"]}]},{"@type":"ImageObject","inLanguage":"es","@id":"https:\/\/neststylevalencia.com\/es\/galeria-fotos\/#primaryimage","url":"https:\/\/neststylevalencia.com\/wp-content\/uploads\/2019\/08\/03red-room-06-nest-style-valencia-2019.jpg","contentUrl":"https:\/\/neststylevalencia.com\/wp-content\/uploads\/2019\/08\/03red-room-06-nest-style-valencia-2019.jpg","width":1619,"height":1080,"caption":"Photo Gallery Nest Style Valencia Hostel"},{"@type":"WebSite","@id":"https:\/\/neststylevalencia.com\/es\/#website","url":"https:\/\/neststylevalencia.com\/es\/","name":"Nest Style Valencia","description":"Elegancia y sencillez","publisher":{"@id":"https:\/\/neststylevalencia.com\/es\/#organization"},"alternateName":"Nest Style Valencia Hotel","potentialAction":[{"@type":"SearchAction","target":{"@type":"EntryPoint","urlTemplate":"https:\/\/neststylevalencia.com\/es\/?s={search_term_string}"},"query-input":{"@type":"PropertyValueSpecification","valueRequired":true,"valueName":"search_term_string"}}],"inLanguage":"es"},{"@type":"Organization","@id":"https:\/\/neststylevalencia.com\/es\/#organization","name":"Nest Style Valencia","alternateName":"Nest Style Valencia Hotel","url":"https:\/\/neststylevalencia.com\/es\/","logo":{"@type":"ImageObject","inLanguage":"es","@id":"https:\/\/neststylevalencia.com\/es\/#\/schema\/logo\/image\/","url":"https:\/\/neststylevalencia.com\/wp-content\/uploads\/2019\/07\/logo-web-nest-style-valencia-2019.jpg","contentUrl":"https:\/\/neststylevalencia.com\/wp-content\/uploads\/2019\/07\/logo-web-nest-style-valencia-2019.jpg","width":1200,"height":1200,"caption":"Nest Style Valencia"},"image":{"@id":"https:\/\/neststylevalencia.com\/es\/#\/schema\/logo\/image\/"},"sameAs":["https:\/\/www.facebook.com\/NestStyleValenciaHotel\/","https:\/\/x.com\/neststylevlc","https:\/\/www.instagram.com\/neststylevalencia\/","https:\/\/www.linkedin.com\/company\/nest-style-valencia-hotel\/","https:\/\/www.youtube.com\/@neststylevalenciahotel","https:\/\/www.tripadvisor.com\/Hotel_Review-g187529-d18379474-Reviews-Nest_Style_Hotel_Valencia-Valencia_Province_of_Valencia_Valencian_Country.html","https:\/\/snapchat.com\/add\/neststylevlc","https:\/\/vk.com\/neststylevalenciahotel","https:\/\/g.page\/NestStyleHotelValencia\/","https:\/\/www.tiktok.com\/@neststylevalenciahotel"]}]}},"_links":{"self":[{"href":"https:\/\/neststylevalencia.com\/es\/wp-json\/wp\/v2\/pages\/1929","targetHints":{"allow":["GET"]}}],"collection":[{"href":"https:\/\/neststylevalencia.com\/es\/wp-json\/wp\/v2\/pages"}],"about":[{"href":"https:\/\/neststylevalencia.com\/es\/wp-json\/wp\/v2\/types\/page"}],"author":[{"embeddable":true,"href":"https:\/\/neststylevalencia.com\/es\/wp-json\/wp\/v2\/users\/7"}],"replies":[{"embeddable":true,"href":"https:\/\/neststylevalencia.com\/es\/wp-json\/wp\/v2\/comments?post=1929"}],"version-history":[{"count":0,"href":"https:\/\/neststylevalencia.com\/es\/wp-json\/wp\/v2\/pages\/1929\/revisions"}],"wp:featuredmedia":[{"embeddable":true,"href":"https:\/\/neststylevalencia.com\/es\/wp-json\/wp\/v2\/media\/993"}],"wp:attachment":[{"href":"https:\/\/neststylevalencia.com\/es\/wp-json\/wp\/v2\/media?parent=1929"}],"curies":[{"name":"wp","href":"https:\/\/api.w.org\/{rel}","templated":true}]}}