{"id":232,"date":"2019-06-10T10:55:28","date_gmt":"2019-06-10T10:55:28","guid":{"rendered":"https:\/\/neststylevalencia.com\/booking-nest-style-hotel-valencia\/"},"modified":"2024-04-02T13:22:27","modified_gmt":"2024-04-02T13:22:27","slug":"reservar-nest-style-hotel-valencia","status":"publish","type":"page","link":"https:\/\/neststylevalencia.com\/es\/reservar-nest-style-hotel-valencia\/","title":{"rendered":"Reservar"},"content":{"rendered":"\n<h1 class=\"wp-block-heading has-text-align-center\">Reservar en Nest Style Valencia<\/h1>\n\n<iframe src=\"https:\/\/feetup-nest-style-dot-feetup-hotels.appspot.com\/\/booking1\/?adultsRoom1=1\" width=\"100%\" height=\"100%\" style=\"border:0;\"><\/iframe>\n","protected":false},"excerpt":{"rendered":"<p>Reservar en Nest Style Hotel Valencia \u2714\ufe0f Reservar una habitaci\u00f3n al mejor precio de Valencia, sin costes extras y sin costes ocultos. Reserva r\u00e1pida y segura \u2714\ufe0f segura \ud83d\udd12 econ\u00f3mica \u2b50 con Pack de bienvenida (botella de agua y amenidades especiales) Vistas exteriores, mini bar, caf\u00e9 y t\u00e9 gratis. Algunas de nuestras habitaciones cuentan con sof\u00e1 cama. Reserva tu habitaci\u00f3n en Nest Style Hotel Valencia y si necesitas cancelar, casi siempre es gratis. En caso de No show se cobrar\u00e1n las 2 primeras noches de la estancia<\/p>\n","protected":false},"author":7,"featured_media":2511,"parent":0,"menu_order":0,"comment_status":"closed","ping_status":"open","template":"","meta":{"footnotes":""},"class_list":["post-232","page","type-page","status-publish","has-post-thumbnail","hentry"],"yoast_head":"<!-- This site is optimized with the Yoast SEO plugin v27.4 - https:\/\/yoast.com\/product\/yoast-seo-wordpress\/ -->\n<title>Reservar en Nest Style Hotel Valencia \u2714\ufe0f Reservar una habitaci\u00f3n<\/title>\n<meta name=\"description\" content=\"Reservar en Nest Style Hotel Valencia \u2714\ufe0f Reservar una habitaci\u00f3n al mejor precio de Valencia, sin costes extras ni ocultos. Reserva r\u00e1pida y segura\" \/>\n<meta name=\"robots\" content=\"index, follow, max-snippet:-1, max-image-preview:large, max-video-preview:-1\" \/>\n<link rel=\"canonical\" href=\"https:\/\/neststylevalencia.com\/es\/reservar-nest-style-hotel-valencia\/\" \/>\n<meta property=\"og:locale\" content=\"es_ES\" \/>\n<meta property=\"og:type\" content=\"article\" \/>\n<meta property=\"og:title\" content=\"Reservar en Nest Style Hotel Valencia \u2714\ufe0f Reservar una habitaci\u00f3n\" \/>\n<meta property=\"og:description\" content=\"Reservar en Nest Style Hotel Valencia \u2714\ufe0f Reservar una habitaci\u00f3n al mejor precio de Valencia, sin costes extras ni ocultos. Reserva r\u00e1pida y segura\" \/>\n<meta property=\"og:url\" content=\"https:\/\/neststylevalencia.com\/es\/reservar-nest-style-hotel-valencia\/\" \/>\n<meta property=\"og:site_name\" content=\"Nest Style Valencia\" \/>\n<meta property=\"article:publisher\" content=\"https:\/\/www.facebook.com\/NestStyleValenciaHotel\/\" \/>\n<meta property=\"article:modified_time\" content=\"2024-04-02T13:22:27+00:00\" \/>\n<meta property=\"og:image\" content=\"https:\/\/neststylevalencia.com\/wp-content\/uploads\/2019\/10\/01yellow-room-11-nest-style-valencia-2019.jpg\" \/>\n\t<meta property=\"og:image:width\" content=\"1665\" \/>\n\t<meta property=\"og:image:height\" content=\"1080\" \/>\n\t<meta property=\"og:image:type\" content=\"image\/jpeg\" \/>\n<meta name=\"twitter:card\" content=\"summary_large_image\" \/>\n<meta name=\"twitter:site\" content=\"@neststylevlc\" \/>\n<meta name=\"twitter:label1\" content=\"Tiempo de lectura\" \/>\n\t<meta name=\"twitter:data1\" content=\"2 minutos\" \/>\n<script type=\"application\/ld+json\" class=\"yoast-schema-graph\">{\"@context\":\"https:\\\/\\\/schema.org\",\"@graph\":[{\"@type\":\"WebPage\",\"@id\":\"https:\\\/\\\/neststylevalencia.com\\\/es\\\/reservar-nest-style-hotel-valencia\\\/\",\"url\":\"https:\\\/\\\/neststylevalencia.com\\\/es\\\/reservar-nest-style-hotel-valencia\\\/\",\"name\":\"Reservar en Nest Style Hotel Valencia \u2714\ufe0f Reservar una habitaci\u00f3n\",\"isPartOf\":{\"@id\":\"https:\\\/\\\/neststylevalencia.com\\\/es\\\/#website\"},\"primaryImageOfPage\":{\"@id\":\"https:\\\/\\\/neststylevalencia.com\\\/es\\\/reservar-nest-style-hotel-valencia\\\/#primaryimage\"},\"image\":{\"@id\":\"https:\\\/\\\/neststylevalencia.com\\\/es\\\/reservar-nest-style-hotel-valencia\\\/#primaryimage\"},\"thumbnailUrl\":\"https:\\\/\\\/neststylevalencia.com\\\/wp-content\\\/uploads\\\/2019\\\/10\\\/01yellow-room-11-nest-style-valencia-2019.jpg\",\"datePublished\":\"2019-06-10T10:55:28+00:00\",\"dateModified\":\"2024-04-02T13:22:27+00:00\",\"description\":\"Reservar en Nest Style Hotel Valencia \u2714\ufe0f Reservar una habitaci\u00f3n al mejor precio de Valencia, sin costes extras ni ocultos. Reserva r\u00e1pida y segura\",\"inLanguage\":\"es\",\"potentialAction\":[{\"@type\":\"ReadAction\",\"target\":[\"https:\\\/\\\/neststylevalencia.com\\\/es\\\/reservar-nest-style-hotel-valencia\\\/\"]}]},{\"@type\":\"ImageObject\",\"inLanguage\":\"es\",\"@id\":\"https:\\\/\\\/neststylevalencia.com\\\/es\\\/reservar-nest-style-hotel-valencia\\\/#primaryimage\",\"url\":\"https:\\\/\\\/neststylevalencia.com\\\/wp-content\\\/uploads\\\/2019\\\/10\\\/01yellow-room-11-nest-style-valencia-2019.jpg\",\"contentUrl\":\"https:\\\/\\\/neststylevalencia.com\\\/wp-content\\\/uploads\\\/2019\\\/10\\\/01yellow-room-11-nest-style-valencia-2019.jpg\",\"width\":1665,\"height\":1080,\"caption\":\"Booking Nest Style Valencia Hotel\"},{\"@type\":\"WebSite\",\"@id\":\"https:\\\/\\\/neststylevalencia.com\\\/es\\\/#website\",\"url\":\"https:\\\/\\\/neststylevalencia.com\\\/es\\\/\",\"name\":\"Nest Style Valencia\",\"description\":\"Elegancia y sencillez\",\"publisher\":{\"@id\":\"https:\\\/\\\/neststylevalencia.com\\\/es\\\/#organization\"},\"alternateName\":\"Nest Style Valencia Hotel\",\"potentialAction\":[{\"@type\":\"SearchAction\",\"target\":{\"@type\":\"EntryPoint\",\"urlTemplate\":\"https:\\\/\\\/neststylevalencia.com\\\/es\\\/?s={search_term_string}\"},\"query-input\":{\"@type\":\"PropertyValueSpecification\",\"valueRequired\":true,\"valueName\":\"search_term_string\"}}],\"inLanguage\":\"es\"},{\"@type\":\"Organization\",\"@id\":\"https:\\\/\\\/neststylevalencia.com\\\/es\\\/#organization\",\"name\":\"Nest Style Valencia\",\"alternateName\":\"Nest Style Valencia Hotel\",\"url\":\"https:\\\/\\\/neststylevalencia.com\\\/es\\\/\",\"logo\":{\"@type\":\"ImageObject\",\"inLanguage\":\"es\",\"@id\":\"https:\\\/\\\/neststylevalencia.com\\\/es\\\/#\\\/schema\\\/logo\\\/image\\\/\",\"url\":\"https:\\\/\\\/neststylevalencia.com\\\/wp-content\\\/uploads\\\/2019\\\/07\\\/logo-web-nest-style-valencia-2019.jpg\",\"contentUrl\":\"https:\\\/\\\/neststylevalencia.com\\\/wp-content\\\/uploads\\\/2019\\\/07\\\/logo-web-nest-style-valencia-2019.jpg\",\"width\":1200,\"height\":1200,\"caption\":\"Nest Style Valencia\"},\"image\":{\"@id\":\"https:\\\/\\\/neststylevalencia.com\\\/es\\\/#\\\/schema\\\/logo\\\/image\\\/\"},\"sameAs\":[\"https:\\\/\\\/www.facebook.com\\\/NestStyleValenciaHotel\\\/\",\"https:\\\/\\\/x.com\\\/neststylevlc\",\"https:\\\/\\\/www.instagram.com\\\/neststylevalencia\\\/\",\"https:\\\/\\\/www.linkedin.com\\\/company\\\/nest-style-valencia-hotel\\\/\",\"https:\\\/\\\/www.youtube.com\\\/@neststylevalenciahotel\",\"https:\\\/\\\/www.tripadvisor.com\\\/Hotel_Review-g187529-d18379474-Reviews-Nest_Style_Hotel_Valencia-Valencia_Province_of_Valencia_Valencian_Country.html\",\"https:\\\/\\\/snapchat.com\\\/add\\\/neststylevlc\",\"https:\\\/\\\/vk.com\\\/neststylevalenciahotel\",\"https:\\\/\\\/g.page\\\/NestStyleHotelValencia\\\/\",\"https:\\\/\\\/www.tiktok.com\\\/@neststylevalenciahotel\"]}]}<\/script>\n<!-- \/ Yoast SEO plugin. -->","yoast_head_json":{"title":"Reservar en Nest Style Hotel Valencia \u2714\ufe0f Reservar una habitaci\u00f3n","description":"Reservar en Nest Style Hotel Valencia \u2714\ufe0f Reservar una habitaci\u00f3n al mejor precio de Valencia, sin costes extras ni ocultos. Reserva r\u00e1pida y segura","robots":{"index":"index","follow":"follow","max-snippet":"max-snippet:-1","max-image-preview":"max-image-preview:large","max-video-preview":"max-video-preview:-1"},"canonical":"https:\/\/neststylevalencia.com\/es\/reservar-nest-style-hotel-valencia\/","og_locale":"es_ES","og_type":"article","og_title":"Reservar en Nest Style Hotel Valencia \u2714\ufe0f Reservar una habitaci\u00f3n","og_description":"Reservar en Nest Style Hotel Valencia \u2714\ufe0f Reservar una habitaci\u00f3n al mejor precio de Valencia, sin costes extras ni ocultos. Reserva r\u00e1pida y segura","og_url":"https:\/\/neststylevalencia.com\/es\/reservar-nest-style-hotel-valencia\/","og_site_name":"Nest Style Valencia","article_publisher":"https:\/\/www.facebook.com\/NestStyleValenciaHotel\/","article_modified_time":"2024-04-02T13:22:27+00:00","og_image":[{"width":1665,"height":1080,"url":"https:\/\/neststylevalencia.com\/wp-content\/uploads\/2019\/10\/01yellow-room-11-nest-style-valencia-2019.jpg","type":"image\/jpeg"}],"twitter_card":"summary_large_image","twitter_site":"@neststylevlc","twitter_misc":{"Tiempo de lectura":"2 minutos"},"schema":{"@context":"https:\/\/schema.org","@graph":[{"@type":"WebPage","@id":"https:\/\/neststylevalencia.com\/es\/reservar-nest-style-hotel-valencia\/","url":"https:\/\/neststylevalencia.com\/es\/reservar-nest-style-hotel-valencia\/","name":"Reservar en Nest Style Hotel Valencia \u2714\ufe0f Reservar una habitaci\u00f3n","isPartOf":{"@id":"https:\/\/neststylevalencia.com\/es\/#website"},"primaryImageOfPage":{"@id":"https:\/\/neststylevalencia.com\/es\/reservar-nest-style-hotel-valencia\/#primaryimage"},"image":{"@id":"https:\/\/neststylevalencia.com\/es\/reservar-nest-style-hotel-valencia\/#primaryimage"},"thumbnailUrl":"https:\/\/neststylevalencia.com\/wp-content\/uploads\/2019\/10\/01yellow-room-11-nest-style-valencia-2019.jpg","datePublished":"2019-06-10T10:55:28+00:00","dateModified":"2024-04-02T13:22:27+00:00","description":"Reservar en Nest Style Hotel Valencia \u2714\ufe0f Reservar una habitaci\u00f3n al mejor precio de Valencia, sin costes extras ni ocultos. Reserva r\u00e1pida y segura","inLanguage":"es","potentialAction":[{"@type":"ReadAction","target":["https:\/\/neststylevalencia.com\/es\/reservar-nest-style-hotel-valencia\/"]}]},{"@type":"ImageObject","inLanguage":"es","@id":"https:\/\/neststylevalencia.com\/es\/reservar-nest-style-hotel-valencia\/#primaryimage","url":"https:\/\/neststylevalencia.com\/wp-content\/uploads\/2019\/10\/01yellow-room-11-nest-style-valencia-2019.jpg","contentUrl":"https:\/\/neststylevalencia.com\/wp-content\/uploads\/2019\/10\/01yellow-room-11-nest-style-valencia-2019.jpg","width":1665,"height":1080,"caption":"Booking Nest Style Valencia Hotel"},{"@type":"WebSite","@id":"https:\/\/neststylevalencia.com\/es\/#website","url":"https:\/\/neststylevalencia.com\/es\/","name":"Nest Style Valencia","description":"Elegancia y sencillez","publisher":{"@id":"https:\/\/neststylevalencia.com\/es\/#organization"},"alternateName":"Nest Style Valencia Hotel","potentialAction":[{"@type":"SearchAction","target":{"@type":"EntryPoint","urlTemplate":"https:\/\/neststylevalencia.com\/es\/?s={search_term_string}"},"query-input":{"@type":"PropertyValueSpecification","valueRequired":true,"valueName":"search_term_string"}}],"inLanguage":"es"},{"@type":"Organization","@id":"https:\/\/neststylevalencia.com\/es\/#organization","name":"Nest Style Valencia","alternateName":"Nest Style Valencia Hotel","url":"https:\/\/neststylevalencia.com\/es\/","logo":{"@type":"ImageObject","inLanguage":"es","@id":"https:\/\/neststylevalencia.com\/es\/#\/schema\/logo\/image\/","url":"https:\/\/neststylevalencia.com\/wp-content\/uploads\/2019\/07\/logo-web-nest-style-valencia-2019.jpg","contentUrl":"https:\/\/neststylevalencia.com\/wp-content\/uploads\/2019\/07\/logo-web-nest-style-valencia-2019.jpg","width":1200,"height":1200,"caption":"Nest Style Valencia"},"image":{"@id":"https:\/\/neststylevalencia.com\/es\/#\/schema\/logo\/image\/"},"sameAs":["https:\/\/www.facebook.com\/NestStyleValenciaHotel\/","https:\/\/x.com\/neststylevlc","https:\/\/www.instagram.com\/neststylevalencia\/","https:\/\/www.linkedin.com\/company\/nest-style-valencia-hotel\/","https:\/\/www.youtube.com\/@neststylevalenciahotel","https:\/\/www.tripadvisor.com\/Hotel_Review-g187529-d18379474-Reviews-Nest_Style_Hotel_Valencia-Valencia_Province_of_Valencia_Valencian_Country.html","https:\/\/snapchat.com\/add\/neststylevlc","https:\/\/vk.com\/neststylevalenciahotel","https:\/\/g.page\/NestStyleHotelValencia\/","https:\/\/www.tiktok.com\/@neststylevalenciahotel"]}]}},"_links":{"self":[{"href":"https:\/\/neststylevalencia.com\/es\/wp-json\/wp\/v2\/pages\/232","targetHints":{"allow":["GET"]}}],"collection":[{"href":"https:\/\/neststylevalencia.com\/es\/wp-json\/wp\/v2\/pages"}],"about":[{"href":"https:\/\/neststylevalencia.com\/es\/wp-json\/wp\/v2\/types\/page"}],"author":[{"embeddable":true,"href":"https:\/\/neststylevalencia.com\/es\/wp-json\/wp\/v2\/users\/7"}],"replies":[{"embeddable":true,"href":"https:\/\/neststylevalencia.com\/es\/wp-json\/wp\/v2\/comments?post=232"}],"version-history":[{"count":0,"href":"https:\/\/neststylevalencia.com\/es\/wp-json\/wp\/v2\/pages\/232\/revisions"}],"wp:featuredmedia":[{"embeddable":true,"href":"https:\/\/neststylevalencia.com\/es\/wp-json\/wp\/v2\/media\/2511"}],"wp:attachment":[{"href":"https:\/\/neststylevalencia.com\/es\/wp-json\/wp\/v2\/media?parent=232"}],"curies":[{"name":"wp","href":"https:\/\/api.w.org\/{rel}","templated":true}]}}