{"id":238,"date":"2019-07-18T11:53:59","date_gmt":"2019-07-18T11:53:59","guid":{"rendered":"https:\/\/neststylevalencia.com\/location\/"},"modified":"2024-05-24T09:09:09","modified_gmt":"2024-05-24T09:09:09","slug":"ubicacion","status":"publish","type":"page","link":"https:\/\/neststylevalencia.com\/es\/ubicacion\/","title":{"rendered":"Ubicaci\u00f3n"},"content":{"rendered":"\n<h2 class=\"wp-block-heading\">Informaci\u00f3n sobre la zona.<\/h2>\n\n<p>Nuestro hotel est\u00e1 ubicado en el distrito de\u00a0<a href=\"https:\/\/www.google.com\/maps\/place\/Camins+al+Grau,+Valencia\/\" target=\"_blank\" rel=\"noopener noreferrer\">Camins al Grau de Valencia,<\/a>, a 15 minutos caminando de la Ciudad de las Artes y las Ciencias, a 35 minutos del Puerto de Valencia y a 5 minutos de los Jardines de Turia. Tambi\u00e9n se puede llegar hasta la Playa de Malvarrosa caminando y descubriendo el Paseo Mar\u00edtimo.<\/p>\n\n<h2 class=\"wp-block-heading\">A nuestros anteriores hu\u00e9spedes les gust\u00f3 la zona, estaban buscando sol, playa y \u00e1reas recreativas para disfrutar en pareja.<\/h2>\n\n<p>La zona se caracteriza por ser una de las \u00e1reas m\u00e1s pintorescas y cosmopolitas de la ciudad. Tiene unas amplias calles, zonas ajardinadas, zonas de paseo con amplias aceras adem\u00e1s de carril para bicicletas. Tambi\u00e9n cuenta con zonas de parking especiales para alquilar bicicletas p\u00fablicas o bicicletas a empresas privadas.<\/p>\n\n<h2 class=\"wp-block-heading\">Lugares que no se puede perder.<\/h2>\n\n<h3 class=\"wp-block-heading\">El \u00c1gora de Valencia<\/h3>\n\n<p>Es uno de los edificios emblemas de la ciudad. Construido para albergar los torneos de Tenis en Valencia<\/p>\n\n<h3 class=\"wp-block-heading\">Jard\u00edn del Turia<\/h3>\n\n<p>Construido sobre el antiguo cauce del r\u00edo Turia, una gran zona verde llena de vida que impresiona a todos los que la visitan.<\/p>\n\n<h3 class=\"wp-block-heading\">Ciudad de las Artes y las Ciencias de Valencia.<\/h3>\n\n<p>El famoso complejo de edificios dise\u00f1ado por el arquitecto Santiago Calatrava. No puedes irte de la ciudad sin haber realizado una visita a este lugar.<\/p>\n\n<h3 class=\"wp-block-heading\">Parque de Gulliver<\/h3>\n\n<p>Un parque para ni\u00f1os lleno de toboganes, escondites, \u00e1rboles y zona de recreo d\u00f3nde se la pasar\u00e1n muy bien.<\/p>\n\n<h2 class=\"wp-block-heading\">En nuestros alrededores.<\/h2>\n\n<h3 class=\"wp-block-heading\">Puntos de referencia m\u00e1s cercanos:*<\/h3>\n\n<ul class=\"wp-block-list\">\n<li>Estaci\u00f3n de Metro Amistat a 0.5 km<\/li>\n\n\n\n<li>Gulliver a 0,7 km<\/li>\n\n\n\n<li>Estaci\u00f3n de metro Arag\u00f3n a 0,8 km<\/li>\n\n\n\n<li>Estaci\u00f3n de metro Ayora a 0,8 km<\/li>\n\n\n\n<li>Museo Fallero de Valencia a 0,9 km<\/li>\n\n\n\n<li>Ciudad de las Artes y las Ciencias a 1.3 km<\/li>\n\n\n\n<li>Estadio Mestalla del Valencia Club de f\u00fatbol a 1.1 km<\/li>\n\n\n\n<li>Centro Comercial Aqua Valencia a 1.2 km<\/li>\n\n\n\n<li>Jardines de Turia a 0.7 km<\/li>\n<\/ul>\n\n<h3 class=\"wp-block-heading\">Aeropuertos m\u00e1s cercanos.<\/h3>\n\n<ul class=\"wp-block-list\">\n<li>Aeropuerto de valencia a 10.8 km<\/li>\n\n\n\n<li>Aeropuerto de Castellon a 89.8 km<\/li>\n<\/ul>\n\n<h2 class=\"wp-block-heading\">Los puntos de referencia m\u00e1s populares*<\/h2>\n\n<ul class=\"wp-block-list\">\n<li>Oceanografico a 1,6 km<\/li>\n\n\n\n<li>Jardines de Monforte a 1,6 km<\/li>\n\n\n\n<li>Puerto de valencia a 2 km<\/li>\n\n\n\n<li>Museo Nacional de Cer\u00e1mica y Artes Decorativas Gonz\u00e1lez Mart\u00ed. a 2 km<\/li>\n\n\n\n<li>Estaci\u00f3n de tren norte a 2.1 km<\/li>\n\n\n\n<li>Bas\u00edlica de la Virgen de los Desamparados a 2,2 km<\/li>\n\n\n\n<li>Mercado Central de Valencia a 2,4 km<\/li>\n\n\n\n<li>Iglesia de San Nicol\u00e1s a 2,5 km<\/li>\n\n\n\n<li>Jard\u00edn bot\u00e1nico de Valencia a 3 km<\/li>\n\n\n\n<li>Bioparc Valencia a 5,2 km<\/li>\n<\/ul>\n\n<p><\/p>\n\n<ul class=\"wp-block-list\">\n<li>Estamos situados a poca distancia de la playa.<\/li>\n\n\n\n<li><a href=\"https:\/\/neststylevalencia.com\/es\/servicios-adicionales-huespedes\/\">Cerca de servicios de alquiler de bicicletas<\/a><\/li>\n\n\n\n<li>Muy cerca del centro de la ciudad<\/li>\n\n\n\n<li>En una de las avenidas m\u00e1s conocidas<\/li>\n\n\n\n<li>A poca distancia de los famosos Jardines del Turia<\/li>\n<\/ul>\n\n<p><\/p>\n\n<figure class=\"wp-block-image size-full\"><img fetchpriority=\"high\" decoding=\"async\" width=\"1200\" height=\"800\" src=\"https:\/\/neststylevalencia.com\/wp-content\/uploads\/2019\/07\/agora-valencia.jpg\" alt=\"&#xC1;gora Valencia\" class=\"wp-image-390\" srcset=\"https:\/\/neststylevalencia.com\/wp-content\/uploads\/2019\/07\/agora-valencia.jpg 1200w, https:\/\/neststylevalencia.com\/wp-content\/uploads\/2019\/07\/agora-valencia-300x200.jpg 300w, https:\/\/neststylevalencia.com\/wp-content\/uploads\/2019\/07\/agora-valencia-1024x683.jpg 1024w, https:\/\/neststylevalencia.com\/wp-content\/uploads\/2019\/07\/agora-valencia-768x512.jpg 768w\" sizes=\"(max-width: 1200px) 100vw, 1200px\" \/><figcaption class=\"wp-element-caption\">\u00c1gora Valencia<\/figcaption><\/figure>\n\n<h1 class=\"wp-block-heading has-text-align-center\">C\u00f3mo llegar a Nest Style Valencia<\/h1>\n\n<p><\/p>\n\n<div class=\"schema-faq wp-block-yoast-faq-block\">\r\n<div id=\"faq-question-1677141630615\" class=\"schema-faq-section\">\r\n\r\n<strong class=\"schema-faq-question\">\u00bfC\u00f3mo llegar desde el aeropuerto de Manises?<\/strong>\r\n<p class=\"schema-faq-answer\">\r\n<ul>\r\n \t<li>Para llegar al hotel desde el aeropuerto la forma m\u00e1s r\u00e1pida es mediante la\u00a0<strong>l\u00ednea 5<\/strong>\u00a0que se puede coger desde dentro del aeropuerto, hasta la para de Amistat, y caminando 10 min hasta la Avenida del Puerto n\u00ba 77.<\/li>\r\n \t<li>El \u00faltimo metro desde el aeropuerto sale a las 23:45<\/li>\r\n \t<li><strong>Nest Style Hotel Valencia<\/strong>\u00a0le ofrece traslado hasta y desde el aeropuerto por tan solo 28\u20ac.<\/li>\r\n<\/ul>\r\n<\/p>\r\n<\/div>\r\n<div id=\"faq-question-1677141916936\" class=\"schema-faq-section\">\r\n\r\n<strong class=\"schema-faq-question\">\u00bfC\u00f3mo llegar desde la estaci\u00f3n de tren joaquin sorolla?<\/strong>\r\n<p class=\"schema-faq-answer\">En caso de que el tren le deje en la estaci\u00f3n de Joaqu\u00edn Sorolla, informarle de que puede coger un minib\u00fas gratuito hasta la estaci\u00f3n del norte. Desde la estaci\u00f3n del norte, para llegar al hotel puede coger la l\u00ednea de metro n\u00ba5 desde la estaci\u00f3n de X\u00e0tiva hasta Amistad, y caminar 10 minutos hasta la avenida del puerto n\u00ba77. As\u00ed mismo, tambi\u00e9n puede coger el autob\u00fas n\u00ba4 que le dejar\u00e1 en la Avenida del Puerto justo delante del hotel (parada Port \u2013 Riu Escalona).<\/p>\r\n\r\n<\/div>\r\n<div id=\"faq-question-1677141949128\" class=\"schema-faq-section\">\r\n\r\n<strong class=\"schema-faq-question\">\u00bfC\u00f3mo llegar desde la estaci\u00f3n de autobuses?<\/strong>\r\n<p class=\"schema-faq-answer\">Para llegar al hotel desde la estaci\u00f3n de autobuses la ruta m\u00e1s conveniente es mediante el autob\u00fas n\u00ba 92 el cual se puede coger en la Avenida Pio XII \u2013 Tirso de molina (a 5 min andando) hasta la parada Port \u2013 Riu Escalona, justo delante del hotel.<\/p>\r\n\r\n<\/div>\r\n<div id=\"faq-question-1677141746672\" class=\"schema-faq-section\">\r\n\r\n<strong class=\"schema-faq-question\">\u00bfC\u00f3mo llegar desde la estaci\u00f3n de tren de valencia (estaci\u00f3n del norte)? <\/strong>\r\n\r\n<\/div>\r\n<div id=\"faq-question-1677141999143\" class=\"schema-faq-section\">\r\n\r\n<strong class=\"schema-faq-question\">Aparcamiento e informaci\u00f3n de inter\u00e9s<\/strong>\r\n<p class=\"schema-faq-answer\">Te recomendamos siempre utilizar el\u00a0<strong>servicio p\u00fablico<\/strong>\u00a0para llegar hasta nuestro hotel o utilizar el servicio de taxis. Pero tambi\u00e9n puedes llegar en coche. Tenemos acuerdo con el\u00a0<strong>Parking Del Palau S.A<\/strong>.<\/p>\r\n\r\n<ul>\r\n \t<li>186 Plazas.<\/li>\r\n \t<li>20\u20ac d\u00eda.<\/li>\r\n \t<li>Calle de las islas canarias, 12.<\/li>\r\n \t<li>Val\u00e8ncia, Comunidad Valenciana 46023, ES<\/li>\r\n \t<li>+34 963374169<\/li>\r\n \t<li>Se aceptan pagos en efectivo y con tarjeta.<\/li>\r\n<\/ul>\r\n<a href=\"https:\/\/goo.gl\/maps\/PMaSoz2G7UKAnNNaA\" target=\"_blank\" rel=\"noopener noreferrer\">Aqu\u00ed puedes ver la ubicaci\u00f3n y c\u00f3mo llegar al Parking<\/a>\r\n\r\n<\/div>\r\n<\/div>\n","protected":false},"excerpt":{"rendered":"<p>Ubicaci\u00f3n del Hotel Nest Style Valencia. Hotel en la Avenida del Puerto a 7 minutos a pie del famoso Jard\u00edn del Turia de Valencia y a 1o minutos de la Playa de la Malvarrosa de Valencia.<\/p>\n","protected":false},"author":7,"featured_media":1305,"parent":0,"menu_order":0,"comment_status":"closed","ping_status":"closed","template":"","meta":{"footnotes":""},"class_list":["post-238","page","type-page","status-publish","has-post-thumbnail","hentry"],"yoast_head":"<!-- This site is optimized with the Yoast SEO plugin v27.4 - https:\/\/yoast.com\/product\/yoast-seo-wordpress\/ -->\n<title>Ubicaci\u00f3n Nest Style Hotel Valencia. Hotel cerca del centro de Valencia<\/title>\n<meta name=\"description\" content=\"Ubicaci\u00f3n Nest Style Hotel Valencia. Hotel en la Avenida del Puerto a 7 minutos a pie del famoso Jard\u00edn del Turia de Valencia\" \/>\n<meta name=\"robots\" content=\"index, follow, max-snippet:-1, max-image-preview:large, max-video-preview:-1\" \/>\n<link rel=\"canonical\" href=\"https:\/\/neststylevalencia.com\/es\/ubicacion\/\" \/>\n<meta property=\"og:locale\" content=\"es_ES\" \/>\n<meta property=\"og:type\" content=\"article\" \/>\n<meta property=\"og:title\" content=\"Ubicaci\u00f3n Nest Style Hotel Valencia. Hotel cerca del centro de Valencia\" \/>\n<meta property=\"og:description\" content=\"Ubicaci\u00f3n Nest Style Hotel Valencia. Hotel en la Avenida del Puerto a 7 minutos a pie del famoso Jard\u00edn del Turia de Valencia\" \/>\n<meta property=\"og:url\" content=\"https:\/\/neststylevalencia.com\/es\/ubicacion\/\" \/>\n<meta property=\"og:site_name\" content=\"Nest Style Valencia\" \/>\n<meta property=\"article:publisher\" content=\"https:\/\/www.facebook.com\/NestStyleValenciaHotel\/\" \/>\n<meta property=\"article:modified_time\" content=\"2024-05-24T09:09:09+00:00\" \/>\n<meta property=\"og:image\" content=\"https:\/\/neststylevalencia.com\/wp-content\/uploads\/2019\/08\/02common-areas-nest-style-valencia-2019.jpg\" \/>\n\t<meta property=\"og:image:width\" content=\"719\" \/>\n\t<meta property=\"og:image:height\" content=\"1080\" \/>\n\t<meta property=\"og:image:type\" content=\"image\/jpeg\" \/>\n<meta name=\"twitter:card\" content=\"summary_large_image\" \/>\n<meta name=\"twitter:site\" content=\"@neststylevlc\" \/>\n<meta name=\"twitter:label1\" content=\"Tiempo de lectura\" \/>\n\t<meta name=\"twitter:data1\" content=\"4 minutos\" \/>\n<script type=\"application\/ld+json\" class=\"yoast-schema-graph\">{\"@context\":\"https:\\\/\\\/schema.org\",\"@graph\":[{\"@type\":[\"WebPage\",\"FAQPage\"],\"@id\":\"https:\\\/\\\/neststylevalencia.com\\\/es\\\/ubicacion\\\/\",\"url\":\"https:\\\/\\\/neststylevalencia.com\\\/es\\\/ubicacion\\\/\",\"name\":\"Ubicaci\u00f3n Nest Style Hotel Valencia. Hotel cerca del centro de Valencia\",\"isPartOf\":{\"@id\":\"https:\\\/\\\/neststylevalencia.com\\\/es\\\/#website\"},\"primaryImageOfPage\":{\"@id\":\"https:\\\/\\\/neststylevalencia.com\\\/es\\\/ubicacion\\\/#primaryimage\"},\"image\":{\"@id\":\"https:\\\/\\\/neststylevalencia.com\\\/es\\\/ubicacion\\\/#primaryimage\"},\"thumbnailUrl\":\"https:\\\/\\\/neststylevalencia.com\\\/wp-content\\\/uploads\\\/2019\\\/08\\\/02common-areas-nest-style-valencia-2019.jpg\",\"datePublished\":\"2019-07-18T11:53:59+00:00\",\"dateModified\":\"2024-05-24T09:09:09+00:00\",\"description\":\"Ubicaci\u00f3n Nest Style Hotel Valencia. Hotel en la Avenida del Puerto a 7 minutos a pie del famoso Jard\u00edn del Turia de Valencia\",\"mainEntity\":[{\"@id\":\"https:\\\/\\\/neststylevalencia.com\\\/es\\\/ubicacion\\\/#faq-question-1677141630615\"},{\"@id\":\"https:\\\/\\\/neststylevalencia.com\\\/es\\\/ubicacion\\\/#faq-question-1677141916936\"},{\"@id\":\"https:\\\/\\\/neststylevalencia.com\\\/es\\\/ubicacion\\\/#faq-question-1677141949128\"},{\"@id\":\"https:\\\/\\\/neststylevalencia.com\\\/es\\\/ubicacion\\\/#faq-question-1677141999143\"}],\"inLanguage\":\"es\",\"potentialAction\":[{\"@type\":\"ReadAction\",\"target\":[\"https:\\\/\\\/neststylevalencia.com\\\/es\\\/ubicacion\\\/\"]}]},{\"@type\":\"ImageObject\",\"inLanguage\":\"es\",\"@id\":\"https:\\\/\\\/neststylevalencia.com\\\/es\\\/ubicacion\\\/#primaryimage\",\"url\":\"https:\\\/\\\/neststylevalencia.com\\\/wp-content\\\/uploads\\\/2019\\\/08\\\/02common-areas-nest-style-valencia-2019.jpg\",\"contentUrl\":\"https:\\\/\\\/neststylevalencia.com\\\/wp-content\\\/uploads\\\/2019\\\/08\\\/02common-areas-nest-style-valencia-2019.jpg\",\"width\":719,\"height\":1080,\"caption\":\"Location Nest Style Valencia Hotel\"},{\"@type\":\"WebSite\",\"@id\":\"https:\\\/\\\/neststylevalencia.com\\\/es\\\/#website\",\"url\":\"https:\\\/\\\/neststylevalencia.com\\\/es\\\/\",\"name\":\"Nest Style Valencia\",\"description\":\"Elegancia y sencillez\",\"publisher\":{\"@id\":\"https:\\\/\\\/neststylevalencia.com\\\/es\\\/#organization\"},\"alternateName\":\"Nest Style Valencia Hotel\",\"potentialAction\":[{\"@type\":\"SearchAction\",\"target\":{\"@type\":\"EntryPoint\",\"urlTemplate\":\"https:\\\/\\\/neststylevalencia.com\\\/es\\\/?s={search_term_string}\"},\"query-input\":{\"@type\":\"PropertyValueSpecification\",\"valueRequired\":true,\"valueName\":\"search_term_string\"}}],\"inLanguage\":\"es\"},{\"@type\":\"Organization\",\"@id\":\"https:\\\/\\\/neststylevalencia.com\\\/es\\\/#organization\",\"name\":\"Nest Style Valencia\",\"alternateName\":\"Nest Style Valencia Hotel\",\"url\":\"https:\\\/\\\/neststylevalencia.com\\\/es\\\/\",\"logo\":{\"@type\":\"ImageObject\",\"inLanguage\":\"es\",\"@id\":\"https:\\\/\\\/neststylevalencia.com\\\/es\\\/#\\\/schema\\\/logo\\\/image\\\/\",\"url\":\"https:\\\/\\\/neststylevalencia.com\\\/wp-content\\\/uploads\\\/2019\\\/07\\\/logo-web-nest-style-valencia-2019.jpg\",\"contentUrl\":\"https:\\\/\\\/neststylevalencia.com\\\/wp-content\\\/uploads\\\/2019\\\/07\\\/logo-web-nest-style-valencia-2019.jpg\",\"width\":1200,\"height\":1200,\"caption\":\"Nest Style Valencia\"},\"image\":{\"@id\":\"https:\\\/\\\/neststylevalencia.com\\\/es\\\/#\\\/schema\\\/logo\\\/image\\\/\"},\"sameAs\":[\"https:\\\/\\\/www.facebook.com\\\/NestStyleValenciaHotel\\\/\",\"https:\\\/\\\/x.com\\\/neststylevlc\",\"https:\\\/\\\/www.instagram.com\\\/neststylevalencia\\\/\",\"https:\\\/\\\/www.linkedin.com\\\/company\\\/nest-style-valencia-hotel\\\/\",\"https:\\\/\\\/www.youtube.com\\\/@neststylevalenciahotel\",\"https:\\\/\\\/www.tripadvisor.com\\\/Hotel_Review-g187529-d18379474-Reviews-Nest_Style_Hotel_Valencia-Valencia_Province_of_Valencia_Valencian_Country.html\",\"https:\\\/\\\/snapchat.com\\\/add\\\/neststylevlc\",\"https:\\\/\\\/vk.com\\\/neststylevalenciahotel\",\"https:\\\/\\\/g.page\\\/NestStyleHotelValencia\\\/\",\"https:\\\/\\\/www.tiktok.com\\\/@neststylevalenciahotel\"]},{\"@type\":\"Question\",\"@id\":\"https:\\\/\\\/neststylevalencia.com\\\/es\\\/ubicacion\\\/#faq-question-1677141630615\",\"position\":1,\"url\":\"https:\\\/\\\/neststylevalencia.com\\\/es\\\/ubicacion\\\/#faq-question-1677141630615\",\"name\":\"How to get to from manises airport?\",\"answerCount\":1,\"acceptedAnswer\":{\"@type\":\"Answer\",\"text\":\"To get to the hotel from the airport, the fastest way is taking the subway line n\u00ba 5, which is within the airport, to the Amistat stop, and walk 10 minutes to the Port N\u00ba. 77.<br\\\/>The last metro from the airport leaves around 23:45.<br\\\/>We offer airport shuttle for only 28\u20ac.<br\\\/>In order to book this service, contact us 24h before.<br\\\/>\",\"inLanguage\":\"es\"},\"inLanguage\":\"es\"},{\"@type\":\"Question\",\"@id\":\"https:\\\/\\\/neststylevalencia.com\\\/es\\\/ubicacion\\\/#faq-question-1677141916936\",\"position\":2,\"url\":\"https:\\\/\\\/neststylevalencia.com\\\/es\\\/ubicacion\\\/#faq-question-1677141916936\",\"name\":\"How to get from the joaquin sorolla train station?\",\"answerCount\":1,\"acceptedAnswer\":{\"@type\":\"Answer\",\"text\":\"In case the train leaves you at the Joaqu\u00edn Sorolla station, we inform you that you can take a free minibus to the north station. From the north station, to reach the hotel you can take the metro line n\u00ba5 from X\u00e0tiva station to Amistat and walk 10 minutes to Avinguda del Port n\u00ba77.<br\\\/><br\\\/>You can also take bus number 4 that will leave you on Avinguda del Port, right in front of the hotel (bus stop Port-Riu Escalona).<br\\\/>\",\"inLanguage\":\"es\"},\"inLanguage\":\"es\"},{\"@type\":\"Question\",\"@id\":\"https:\\\/\\\/neststylevalencia.com\\\/es\\\/ubicacion\\\/#faq-question-1677141949128\",\"position\":3,\"url\":\"https:\\\/\\\/neststylevalencia.com\\\/es\\\/ubicacion\\\/#faq-question-1677141949128\",\"name\":\"How to get from the bus station?\",\"answerCount\":1,\"acceptedAnswer\":{\"@type\":\"Answer\",\"text\":\"The most convenient route is by taking the bus n\u00ba 92, which can be taken at Avenida Pio XII \u2013 Tirso de molina (5 min walk from the station) to the Port \u2013 Riu Escalona stop, just in front of the hotel.<br\\\/>\",\"inLanguage\":\"es\"},\"inLanguage\":\"es\"},{\"@type\":\"Question\",\"@id\":\"https:\\\/\\\/neststylevalencia.com\\\/es\\\/ubicacion\\\/#faq-question-1677141999143\",\"position\":5,\"url\":\"https:\\\/\\\/neststylevalencia.com\\\/es\\\/ubicacion\\\/#faq-question-1677141999143\",\"name\":\"Parking and interest information\",\"answerCount\":1,\"acceptedAnswer\":{\"@type\":\"Answer\",\"text\":\"<br\\\/>We always recommend using the <strong>public transport<\\\/strong> to reach our hotel or taxi. You can also get to our hotel by car. We have an agreement with <strong>Parking del Palau S.A<\\\/strong>.<br\\\/>186 parking spaces.<br\\\/>20\u20ac \\\/ day.<br\\\/>Calle de las islas canarias, 12.<br\\\/>Val\u00e8ncia, Comunidad Valenciana 46023, ES<br\\\/>+34 963374169<br\\\/>We accept payments in cash and card.<br\\\/><br\\\/><a href=\\\"https:\\\/\\\/goo.gl\\\/maps\\\/PMaSoz2G7UKAnNNaA\\\" target=\\\"_blank\\\" rel=\\\"noreferrer noopener\\\">Here you can see the address of the Parking and how to get there.<\\\/a><br\\\/><br\\\/>\",\"inLanguage\":\"es\"},\"inLanguage\":\"es\"}]}<\/script>\n<!-- \/ Yoast SEO plugin. -->","yoast_head_json":{"title":"Ubicaci\u00f3n Nest Style Hotel Valencia. Hotel cerca del centro de Valencia","description":"Ubicaci\u00f3n Nest Style Hotel Valencia. Hotel en la Avenida del Puerto a 7 minutos a pie del famoso Jard\u00edn del Turia de Valencia","robots":{"index":"index","follow":"follow","max-snippet":"max-snippet:-1","max-image-preview":"max-image-preview:large","max-video-preview":"max-video-preview:-1"},"canonical":"https:\/\/neststylevalencia.com\/es\/ubicacion\/","og_locale":"es_ES","og_type":"article","og_title":"Ubicaci\u00f3n Nest Style Hotel Valencia. Hotel cerca del centro de Valencia","og_description":"Ubicaci\u00f3n Nest Style Hotel Valencia. Hotel en la Avenida del Puerto a 7 minutos a pie del famoso Jard\u00edn del Turia de Valencia","og_url":"https:\/\/neststylevalencia.com\/es\/ubicacion\/","og_site_name":"Nest Style Valencia","article_publisher":"https:\/\/www.facebook.com\/NestStyleValenciaHotel\/","article_modified_time":"2024-05-24T09:09:09+00:00","og_image":[{"width":719,"height":1080,"url":"https:\/\/neststylevalencia.com\/wp-content\/uploads\/2019\/08\/02common-areas-nest-style-valencia-2019.jpg","type":"image\/jpeg"}],"twitter_card":"summary_large_image","twitter_site":"@neststylevlc","twitter_misc":{"Tiempo de lectura":"4 minutos"},"schema":{"@context":"https:\/\/schema.org","@graph":[{"@type":["WebPage","FAQPage"],"@id":"https:\/\/neststylevalencia.com\/es\/ubicacion\/","url":"https:\/\/neststylevalencia.com\/es\/ubicacion\/","name":"Ubicaci\u00f3n Nest Style Hotel Valencia. Hotel cerca del centro de Valencia","isPartOf":{"@id":"https:\/\/neststylevalencia.com\/es\/#website"},"primaryImageOfPage":{"@id":"https:\/\/neststylevalencia.com\/es\/ubicacion\/#primaryimage"},"image":{"@id":"https:\/\/neststylevalencia.com\/es\/ubicacion\/#primaryimage"},"thumbnailUrl":"https:\/\/neststylevalencia.com\/wp-content\/uploads\/2019\/08\/02common-areas-nest-style-valencia-2019.jpg","datePublished":"2019-07-18T11:53:59+00:00","dateModified":"2024-05-24T09:09:09+00:00","description":"Ubicaci\u00f3n Nest Style Hotel Valencia. Hotel en la Avenida del Puerto a 7 minutos a pie del famoso Jard\u00edn del Turia de Valencia","mainEntity":[{"@id":"https:\/\/neststylevalencia.com\/es\/ubicacion\/#faq-question-1677141630615"},{"@id":"https:\/\/neststylevalencia.com\/es\/ubicacion\/#faq-question-1677141916936"},{"@id":"https:\/\/neststylevalencia.com\/es\/ubicacion\/#faq-question-1677141949128"},{"@id":"https:\/\/neststylevalencia.com\/es\/ubicacion\/#faq-question-1677141999143"}],"inLanguage":"es","potentialAction":[{"@type":"ReadAction","target":["https:\/\/neststylevalencia.com\/es\/ubicacion\/"]}]},{"@type":"ImageObject","inLanguage":"es","@id":"https:\/\/neststylevalencia.com\/es\/ubicacion\/#primaryimage","url":"https:\/\/neststylevalencia.com\/wp-content\/uploads\/2019\/08\/02common-areas-nest-style-valencia-2019.jpg","contentUrl":"https:\/\/neststylevalencia.com\/wp-content\/uploads\/2019\/08\/02common-areas-nest-style-valencia-2019.jpg","width":719,"height":1080,"caption":"Location Nest Style Valencia Hotel"},{"@type":"WebSite","@id":"https:\/\/neststylevalencia.com\/es\/#website","url":"https:\/\/neststylevalencia.com\/es\/","name":"Nest Style Valencia","description":"Elegancia y sencillez","publisher":{"@id":"https:\/\/neststylevalencia.com\/es\/#organization"},"alternateName":"Nest Style Valencia Hotel","potentialAction":[{"@type":"SearchAction","target":{"@type":"EntryPoint","urlTemplate":"https:\/\/neststylevalencia.com\/es\/?s={search_term_string}"},"query-input":{"@type":"PropertyValueSpecification","valueRequired":true,"valueName":"search_term_string"}}],"inLanguage":"es"},{"@type":"Organization","@id":"https:\/\/neststylevalencia.com\/es\/#organization","name":"Nest Style Valencia","alternateName":"Nest Style Valencia Hotel","url":"https:\/\/neststylevalencia.com\/es\/","logo":{"@type":"ImageObject","inLanguage":"es","@id":"https:\/\/neststylevalencia.com\/es\/#\/schema\/logo\/image\/","url":"https:\/\/neststylevalencia.com\/wp-content\/uploads\/2019\/07\/logo-web-nest-style-valencia-2019.jpg","contentUrl":"https:\/\/neststylevalencia.com\/wp-content\/uploads\/2019\/07\/logo-web-nest-style-valencia-2019.jpg","width":1200,"height":1200,"caption":"Nest Style Valencia"},"image":{"@id":"https:\/\/neststylevalencia.com\/es\/#\/schema\/logo\/image\/"},"sameAs":["https:\/\/www.facebook.com\/NestStyleValenciaHotel\/","https:\/\/x.com\/neststylevlc","https:\/\/www.instagram.com\/neststylevalencia\/","https:\/\/www.linkedin.com\/company\/nest-style-valencia-hotel\/","https:\/\/www.youtube.com\/@neststylevalenciahotel","https:\/\/www.tripadvisor.com\/Hotel_Review-g187529-d18379474-Reviews-Nest_Style_Hotel_Valencia-Valencia_Province_of_Valencia_Valencian_Country.html","https:\/\/snapchat.com\/add\/neststylevlc","https:\/\/vk.com\/neststylevalenciahotel","https:\/\/g.page\/NestStyleHotelValencia\/","https:\/\/www.tiktok.com\/@neststylevalenciahotel"]},{"@type":"Question","@id":"https:\/\/neststylevalencia.com\/es\/ubicacion\/#faq-question-1677141630615","position":1,"url":"https:\/\/neststylevalencia.com\/es\/ubicacion\/#faq-question-1677141630615","name":"How to get to from manises airport?","answerCount":1,"acceptedAnswer":{"@type":"Answer","text":"To get to the hotel from the airport, the fastest way is taking the subway line n\u00ba 5, which is within the airport, to the Amistat stop, and walk 10 minutes to the Port N\u00ba. 77.<br\/>The last metro from the airport leaves around 23:45.<br\/>We offer airport shuttle for only 28\u20ac.<br\/>In order to book this service, contact us 24h before.<br\/>","inLanguage":"es"},"inLanguage":"es"},{"@type":"Question","@id":"https:\/\/neststylevalencia.com\/es\/ubicacion\/#faq-question-1677141916936","position":2,"url":"https:\/\/neststylevalencia.com\/es\/ubicacion\/#faq-question-1677141916936","name":"How to get from the joaquin sorolla train station?","answerCount":1,"acceptedAnswer":{"@type":"Answer","text":"In case the train leaves you at the Joaqu\u00edn Sorolla station, we inform you that you can take a free minibus to the north station. From the north station, to reach the hotel you can take the metro line n\u00ba5 from X\u00e0tiva station to Amistat and walk 10 minutes to Avinguda del Port n\u00ba77.<br\/><br\/>You can also take bus number 4 that will leave you on Avinguda del Port, right in front of the hotel (bus stop Port-Riu Escalona).<br\/>","inLanguage":"es"},"inLanguage":"es"},{"@type":"Question","@id":"https:\/\/neststylevalencia.com\/es\/ubicacion\/#faq-question-1677141949128","position":3,"url":"https:\/\/neststylevalencia.com\/es\/ubicacion\/#faq-question-1677141949128","name":"How to get from the bus station?","answerCount":1,"acceptedAnswer":{"@type":"Answer","text":"The most convenient route is by taking the bus n\u00ba 92, which can be taken at Avenida Pio XII \u2013 Tirso de molina (5 min walk from the station) to the Port \u2013 Riu Escalona stop, just in front of the hotel.<br\/>","inLanguage":"es"},"inLanguage":"es"},{"@type":"Question","@id":"https:\/\/neststylevalencia.com\/es\/ubicacion\/#faq-question-1677141999143","position":5,"url":"https:\/\/neststylevalencia.com\/es\/ubicacion\/#faq-question-1677141999143","name":"Parking and interest information","answerCount":1,"acceptedAnswer":{"@type":"Answer","text":"<br\/>We always recommend using the <strong>public transport<\/strong> to reach our hotel or taxi. You can also get to our hotel by car. We have an agreement with <strong>Parking del Palau S.A<\/strong>.<br\/>186 parking spaces.<br\/>20\u20ac \/ day.<br\/>Calle de las islas canarias, 12.<br\/>Val\u00e8ncia, Comunidad Valenciana 46023, ES<br\/>+34 963374169<br\/>We accept payments in cash and card.<br\/><br\/><a href=\"https:\/\/goo.gl\/maps\/PMaSoz2G7UKAnNNaA\" target=\"_blank\" rel=\"noreferrer noopener\">Here you can see the address of the Parking and how to get there.<\/a><br\/><br\/>","inLanguage":"es"},"inLanguage":"es"}]}},"_links":{"self":[{"href":"https:\/\/neststylevalencia.com\/es\/wp-json\/wp\/v2\/pages\/238","targetHints":{"allow":["GET"]}}],"collection":[{"href":"https:\/\/neststylevalencia.com\/es\/wp-json\/wp\/v2\/pages"}],"about":[{"href":"https:\/\/neststylevalencia.com\/es\/wp-json\/wp\/v2\/types\/page"}],"author":[{"embeddable":true,"href":"https:\/\/neststylevalencia.com\/es\/wp-json\/wp\/v2\/users\/7"}],"replies":[{"embeddable":true,"href":"https:\/\/neststylevalencia.com\/es\/wp-json\/wp\/v2\/comments?post=238"}],"version-history":[{"count":0,"href":"https:\/\/neststylevalencia.com\/es\/wp-json\/wp\/v2\/pages\/238\/revisions"}],"wp:featuredmedia":[{"embeddable":true,"href":"https:\/\/neststylevalencia.com\/es\/wp-json\/wp\/v2\/media\/1305"}],"wp:attachment":[{"href":"https:\/\/neststylevalencia.com\/es\/wp-json\/wp\/v2\/media?parent=238"}],"curies":[{"name":"wp","href":"https:\/\/api.w.org\/{rel}","templated":true}]}}