{"id":262,"date":"2019-05-23T13:16:21","date_gmt":"2019-05-23T13:16:21","guid":{"rendered":"https:\/\/neststylevalencia.com\/rooms\/"},"modified":"2024-05-16T13:48:27","modified_gmt":"2024-05-16T13:48:27","slug":"habitaciones","status":"publish","type":"page","link":"https:\/\/neststylevalencia.com\/es\/habitaciones\/","title":{"rendered":"Habitaciones"},"content":{"rendered":"\n<h1 class=\"wp-block-heading has-text-align-center\">Habitaciones Nest Style Valencia<\/h1>\n\n<h2 class=\"wp-block-heading\">Habitaci\u00f3n con dos camas o cama de matrimonio<\/h2>\n\n<p>Estas habitaciones est\u00e1n equipadas con una cama tama\u00f1o King (1\u201980 x 1\u201990) o con dos camas individuales (90 x 1\u201990) y tienen vistas a nuestro jard\u00edn interior o a la ciudad. Tama\u00f1o de la habitaci\u00f3n: 21-24 m2.<\/p>\n\n<ul class=\"wp-block-list\">\n<li>Tama\u00f1o de la habitaci\u00f3n: 21-24 m2.<\/li>\n\n\n\n<li>Aire acondicionado<\/li>\n\n\n\n<li>Smart TV 55\u00ab<\/li>\n\n\n\n<li>Caja fuerte en la habitaci\u00f3n<\/li>\n\n\n\n<li>Nevera<\/li>\n\n\n\n<li>Ba\u00f1o completo<\/li>\n\n\n\n<li>1 o 2 hu\u00e9spedes<\/li>\n<\/ul>\n\n<h2 class=\"wp-block-heading\">Habitaci\u00f3n Superior con dos camas o de cama de matrimonio<\/h2>\n\n<p>Estas habitaciones est\u00e1n equipadas con una cama tama\u00f1o King (1\u201980 x 1\u201990) o con dos camas individuales (90 x 1\u201990) y tienen vistas a nuestro jard\u00edn interior o a la ciudad.<\/p>\n\n<p>Las habitaciones superiores son muy amplias e incluyen un pack de bienvenida, caf\u00e9\/t\u00e9 y minibar en la habitaci\u00f3n. Tama\u00f1o de la habitaci\u00f3n: 25-38 m2.<\/p>\n\n<ul class=\"wp-block-list\">\n<li>Tama\u00f1o de la habitaci\u00f3n: 25-38 m2.<\/li>\n\n\n\n<li>Aire acondicionado<\/li>\n\n\n\n<li>Smart TV 55\u00ab<\/li>\n\n\n\n<li>Caja fuerte en la habitaci\u00f3n<\/li>\n\n\n\n<li>Nevera<\/li>\n\n\n\n<li>Ba\u00f1o completo<\/li>\n\n\n\n<li>1 o 2 hu\u00e9spedes<\/li>\n<\/ul>\n\n<h2 class=\"wp-block-heading\">Habitaci\u00f3n superior triple<\/h2>\n\n<p>Estas habitaciones est\u00e1n equipadas con una cama de matrimonio (1\u201980 x 1\u201990) y un sof\u00e1 cama y tienen vistas a nuestro jard\u00edn vertical o a la ciudad.<\/p>\n\n<p>Las habitaciones superiores son muy espaciosas e incluyen un pack de bienvenida, caf\u00e9\/t\u00e9 y minibar en la habitaci\u00f3n.<\/p>\n\n<ul class=\"wp-block-list\">\n<li>Tama\u00f1o de la habitaci\u00f3n: 36 m2.<\/li>\n\n\n\n<li>Aire acondicionado<\/li>\n\n\n\n<li>Smart TV 55\u00ab<\/li>\n\n\n\n<li>Caja fuerte en la habitaci\u00f3n<\/li>\n\n\n\n<li>Nevera<\/li>\n\n\n\n<li>Ba\u00f1o completo<\/li>\n\n\n\n<li>1 o 2 hu\u00e9spedes<\/li>\n<\/ul>\n\n<h2 class=\"wp-block-heading\">Las mejores habitaciones de hotel en Valencia: Un refugio de lujo y confort<\/h2>\n\n<p>Valencia, conocida por su rica historia, arquitectura impresionante y <a href=\"https:\/\/neststylevalencia.com\/es\/blog\/\">vibrante escena cultural<\/a>, tambi\u00e9n alberga algunas de las habitaciones de hotel m\u00e1s lujosas y confortables.&#13;\n&#13;\n\u00a0<\/p>\n\n<p>Ya sea que busques una escapada rom\u00e1ntica, unas vacaciones familiares o un viaje de negocios, Valencia tiene la habitaci\u00f3n de hotel perfecta para ti.<\/p>\n\n<h2 class=\"wp-block-heading\">Lujo y modernidad<\/h2>\n\n<p>Nuestras habitaciones de lujo ofrecen la combinaci\u00f3n perfecta de elegancia moderna y confort cl\u00e1sico.<\/p>\n\n<p>Con una decoraci\u00f3n sofisticada, tecnolog\u00eda de \u00faltima generaci\u00f3n y comodidades premium, estas habitaciones son el santuario perfecto despu\u00e9s de un d\u00eda explorando la hermosa <a href=\"https:\/\/www.visitvalencia.com\/en\" target=\"_blank\" rel=\"noreferrer noopener\">Valencia<\/a>.<\/p>\n","protected":false},"excerpt":{"rendered":"<p>Habitaciones de Nest Style Hotel Valencia. Habitaciones c\u00f3modas, seguras, limpias y agradables en Valencia. Reservar habitaciones al mejor precio de la ciudad<\/p>\n","protected":false},"author":7,"featured_media":1640,"parent":0,"menu_order":0,"comment_status":"closed","ping_status":"open","template":"","meta":{"footnotes":""},"class_list":["post-262","page","type-page","status-publish","has-post-thumbnail","hentry"],"yoast_head":"<!-- This site is optimized with the Yoast SEO plugin v27.3 - https:\/\/yoast.com\/product\/yoast-seo-wordpress\/ -->\n<title>Habitaciones Nest Style Valencia. Habitaciones c\u00f3modas y seguras<\/title>\n<meta name=\"description\" content=\"Habitaciones Nest Style Valencia. Habitaciones c\u00f3modas, seguras, limpias y agradables en Valencia. Reservar habitaciones al mejor precio de la ciudad\" \/>\n<meta name=\"robots\" content=\"index, follow, max-snippet:-1, max-image-preview:large, max-video-preview:-1\" \/>\n<link rel=\"canonical\" href=\"https:\/\/neststylevalencia.com\/es\/habitaciones\/\" \/>\n<meta property=\"og:locale\" content=\"es_ES\" \/>\n<meta property=\"og:type\" content=\"article\" \/>\n<meta property=\"og:title\" content=\"Habitaciones Nest Style Valencia. Habitaciones c\u00f3modas y seguras\" \/>\n<meta property=\"og:description\" content=\"Habitaciones Nest Style Valencia. Habitaciones c\u00f3modas, seguras, limpias y agradables en Valencia. Reservar habitaciones al mejor precio de la ciudad\" \/>\n<meta property=\"og:url\" content=\"https:\/\/neststylevalencia.com\/es\/habitaciones\/\" \/>\n<meta property=\"og:site_name\" content=\"Nest Style Valencia\" \/>\n<meta property=\"article:publisher\" content=\"https:\/\/www.facebook.com\/NestStyleValenciaHotel\/\" \/>\n<meta property=\"article:modified_time\" content=\"2024-05-16T13:48:27+00:00\" \/>\n<meta property=\"og:image\" content=\"https:\/\/neststylevalencia.com\/wp-content\/uploads\/2019\/09\/03homepage-neststylevalencia.jpg\" \/>\n\t<meta property=\"og:image:width\" content=\"1920\" \/>\n\t<meta property=\"og:image:height\" content=\"1309\" \/>\n\t<meta property=\"og:image:type\" content=\"image\/jpeg\" \/>\n<meta name=\"twitter:card\" content=\"summary_large_image\" \/>\n<meta name=\"twitter:site\" content=\"@neststylevlc\" \/>\n<meta name=\"twitter:label1\" content=\"Tiempo de lectura\" \/>\n\t<meta name=\"twitter:data1\" content=\"2 minutos\" \/>\n<script type=\"application\/ld+json\" class=\"yoast-schema-graph\">{\"@context\":\"https:\\\/\\\/schema.org\",\"@graph\":[{\"@type\":\"WebPage\",\"@id\":\"https:\\\/\\\/neststylevalencia.com\\\/es\\\/habitaciones\\\/\",\"url\":\"https:\\\/\\\/neststylevalencia.com\\\/es\\\/habitaciones\\\/\",\"name\":\"Habitaciones Nest Style Valencia. Habitaciones c\u00f3modas y seguras\",\"isPartOf\":{\"@id\":\"https:\\\/\\\/neststylevalencia.com\\\/es\\\/#website\"},\"primaryImageOfPage\":{\"@id\":\"https:\\\/\\\/neststylevalencia.com\\\/es\\\/habitaciones\\\/#primaryimage\"},\"image\":{\"@id\":\"https:\\\/\\\/neststylevalencia.com\\\/es\\\/habitaciones\\\/#primaryimage\"},\"thumbnailUrl\":\"https:\\\/\\\/neststylevalencia.com\\\/wp-content\\\/uploads\\\/2019\\\/09\\\/03homepage-neststylevalencia.jpg\",\"datePublished\":\"2019-05-23T13:16:21+00:00\",\"dateModified\":\"2024-05-16T13:48:27+00:00\",\"description\":\"Habitaciones Nest Style Valencia. Habitaciones c\u00f3modas, seguras, limpias y agradables en Valencia. Reservar habitaciones al mejor precio de la ciudad\",\"inLanguage\":\"es\",\"potentialAction\":[{\"@type\":\"ReadAction\",\"target\":[\"https:\\\/\\\/neststylevalencia.com\\\/es\\\/habitaciones\\\/\"]}]},{\"@type\":\"ImageObject\",\"inLanguage\":\"es\",\"@id\":\"https:\\\/\\\/neststylevalencia.com\\\/es\\\/habitaciones\\\/#primaryimage\",\"url\":\"https:\\\/\\\/neststylevalencia.com\\\/wp-content\\\/uploads\\\/2019\\\/09\\\/03homepage-neststylevalencia.jpg\",\"contentUrl\":\"https:\\\/\\\/neststylevalencia.com\\\/wp-content\\\/uploads\\\/2019\\\/09\\\/03homepage-neststylevalencia.jpg\",\"width\":1920,\"height\":1309,\"caption\":\"Spacious and comfortable rooms\"},{\"@type\":\"WebSite\",\"@id\":\"https:\\\/\\\/neststylevalencia.com\\\/es\\\/#website\",\"url\":\"https:\\\/\\\/neststylevalencia.com\\\/es\\\/\",\"name\":\"Nest Style Valencia\",\"description\":\"Elegancia y sencillez\",\"publisher\":{\"@id\":\"https:\\\/\\\/neststylevalencia.com\\\/es\\\/#organization\"},\"alternateName\":\"Nest Style Valencia Hotel\",\"potentialAction\":[{\"@type\":\"SearchAction\",\"target\":{\"@type\":\"EntryPoint\",\"urlTemplate\":\"https:\\\/\\\/neststylevalencia.com\\\/es\\\/?s={search_term_string}\"},\"query-input\":{\"@type\":\"PropertyValueSpecification\",\"valueRequired\":true,\"valueName\":\"search_term_string\"}}],\"inLanguage\":\"es\"},{\"@type\":\"Organization\",\"@id\":\"https:\\\/\\\/neststylevalencia.com\\\/es\\\/#organization\",\"name\":\"Nest Style Valencia\",\"alternateName\":\"Nest Style Valencia Hotel\",\"url\":\"https:\\\/\\\/neststylevalencia.com\\\/es\\\/\",\"logo\":{\"@type\":\"ImageObject\",\"inLanguage\":\"es\",\"@id\":\"https:\\\/\\\/neststylevalencia.com\\\/es\\\/#\\\/schema\\\/logo\\\/image\\\/\",\"url\":\"https:\\\/\\\/neststylevalencia.com\\\/wp-content\\\/uploads\\\/2019\\\/07\\\/logo-web-nest-style-valencia-2019.jpg\",\"contentUrl\":\"https:\\\/\\\/neststylevalencia.com\\\/wp-content\\\/uploads\\\/2019\\\/07\\\/logo-web-nest-style-valencia-2019.jpg\",\"width\":1200,\"height\":1200,\"caption\":\"Nest Style Valencia\"},\"image\":{\"@id\":\"https:\\\/\\\/neststylevalencia.com\\\/es\\\/#\\\/schema\\\/logo\\\/image\\\/\"},\"sameAs\":[\"https:\\\/\\\/www.facebook.com\\\/NestStyleValenciaHotel\\\/\",\"https:\\\/\\\/x.com\\\/neststylevlc\",\"https:\\\/\\\/www.instagram.com\\\/neststylevalencia\\\/\",\"https:\\\/\\\/www.linkedin.com\\\/company\\\/nest-style-valencia-hotel\\\/\",\"https:\\\/\\\/www.youtube.com\\\/@neststylevalenciahotel\",\"https:\\\/\\\/www.tripadvisor.com\\\/Hotel_Review-g187529-d18379474-Reviews-Nest_Style_Hotel_Valencia-Valencia_Province_of_Valencia_Valencian_Country.html\",\"https:\\\/\\\/snapchat.com\\\/add\\\/neststylevlc\",\"https:\\\/\\\/vk.com\\\/neststylevalenciahotel\",\"https:\\\/\\\/g.page\\\/NestStyleHotelValencia\\\/\",\"https:\\\/\\\/www.tiktok.com\\\/@neststylevalenciahotel\"]}]}<\/script>\n<!-- \/ Yoast SEO plugin. -->","yoast_head_json":{"title":"Habitaciones Nest Style Valencia. Habitaciones c\u00f3modas y seguras","description":"Habitaciones Nest Style Valencia. Habitaciones c\u00f3modas, seguras, limpias y agradables en Valencia. Reservar habitaciones al mejor precio de la ciudad","robots":{"index":"index","follow":"follow","max-snippet":"max-snippet:-1","max-image-preview":"max-image-preview:large","max-video-preview":"max-video-preview:-1"},"canonical":"https:\/\/neststylevalencia.com\/es\/habitaciones\/","og_locale":"es_ES","og_type":"article","og_title":"Habitaciones Nest Style Valencia. Habitaciones c\u00f3modas y seguras","og_description":"Habitaciones Nest Style Valencia. Habitaciones c\u00f3modas, seguras, limpias y agradables en Valencia. Reservar habitaciones al mejor precio de la ciudad","og_url":"https:\/\/neststylevalencia.com\/es\/habitaciones\/","og_site_name":"Nest Style Valencia","article_publisher":"https:\/\/www.facebook.com\/NestStyleValenciaHotel\/","article_modified_time":"2024-05-16T13:48:27+00:00","og_image":[{"width":1920,"height":1309,"url":"https:\/\/neststylevalencia.com\/wp-content\/uploads\/2019\/09\/03homepage-neststylevalencia.jpg","type":"image\/jpeg"}],"twitter_card":"summary_large_image","twitter_site":"@neststylevlc","twitter_misc":{"Tiempo de lectura":"2 minutos"},"schema":{"@context":"https:\/\/schema.org","@graph":[{"@type":"WebPage","@id":"https:\/\/neststylevalencia.com\/es\/habitaciones\/","url":"https:\/\/neststylevalencia.com\/es\/habitaciones\/","name":"Habitaciones Nest Style Valencia. Habitaciones c\u00f3modas y seguras","isPartOf":{"@id":"https:\/\/neststylevalencia.com\/es\/#website"},"primaryImageOfPage":{"@id":"https:\/\/neststylevalencia.com\/es\/habitaciones\/#primaryimage"},"image":{"@id":"https:\/\/neststylevalencia.com\/es\/habitaciones\/#primaryimage"},"thumbnailUrl":"https:\/\/neststylevalencia.com\/wp-content\/uploads\/2019\/09\/03homepage-neststylevalencia.jpg","datePublished":"2019-05-23T13:16:21+00:00","dateModified":"2024-05-16T13:48:27+00:00","description":"Habitaciones Nest Style Valencia. Habitaciones c\u00f3modas, seguras, limpias y agradables en Valencia. Reservar habitaciones al mejor precio de la ciudad","inLanguage":"es","potentialAction":[{"@type":"ReadAction","target":["https:\/\/neststylevalencia.com\/es\/habitaciones\/"]}]},{"@type":"ImageObject","inLanguage":"es","@id":"https:\/\/neststylevalencia.com\/es\/habitaciones\/#primaryimage","url":"https:\/\/neststylevalencia.com\/wp-content\/uploads\/2019\/09\/03homepage-neststylevalencia.jpg","contentUrl":"https:\/\/neststylevalencia.com\/wp-content\/uploads\/2019\/09\/03homepage-neststylevalencia.jpg","width":1920,"height":1309,"caption":"Spacious and comfortable rooms"},{"@type":"WebSite","@id":"https:\/\/neststylevalencia.com\/es\/#website","url":"https:\/\/neststylevalencia.com\/es\/","name":"Nest Style Valencia","description":"Elegancia y sencillez","publisher":{"@id":"https:\/\/neststylevalencia.com\/es\/#organization"},"alternateName":"Nest Style Valencia Hotel","potentialAction":[{"@type":"SearchAction","target":{"@type":"EntryPoint","urlTemplate":"https:\/\/neststylevalencia.com\/es\/?s={search_term_string}"},"query-input":{"@type":"PropertyValueSpecification","valueRequired":true,"valueName":"search_term_string"}}],"inLanguage":"es"},{"@type":"Organization","@id":"https:\/\/neststylevalencia.com\/es\/#organization","name":"Nest Style Valencia","alternateName":"Nest Style Valencia Hotel","url":"https:\/\/neststylevalencia.com\/es\/","logo":{"@type":"ImageObject","inLanguage":"es","@id":"https:\/\/neststylevalencia.com\/es\/#\/schema\/logo\/image\/","url":"https:\/\/neststylevalencia.com\/wp-content\/uploads\/2019\/07\/logo-web-nest-style-valencia-2019.jpg","contentUrl":"https:\/\/neststylevalencia.com\/wp-content\/uploads\/2019\/07\/logo-web-nest-style-valencia-2019.jpg","width":1200,"height":1200,"caption":"Nest Style Valencia"},"image":{"@id":"https:\/\/neststylevalencia.com\/es\/#\/schema\/logo\/image\/"},"sameAs":["https:\/\/www.facebook.com\/NestStyleValenciaHotel\/","https:\/\/x.com\/neststylevlc","https:\/\/www.instagram.com\/neststylevalencia\/","https:\/\/www.linkedin.com\/company\/nest-style-valencia-hotel\/","https:\/\/www.youtube.com\/@neststylevalenciahotel","https:\/\/www.tripadvisor.com\/Hotel_Review-g187529-d18379474-Reviews-Nest_Style_Hotel_Valencia-Valencia_Province_of_Valencia_Valencian_Country.html","https:\/\/snapchat.com\/add\/neststylevlc","https:\/\/vk.com\/neststylevalenciahotel","https:\/\/g.page\/NestStyleHotelValencia\/","https:\/\/www.tiktok.com\/@neststylevalenciahotel"]}]}},"_links":{"self":[{"href":"https:\/\/neststylevalencia.com\/es\/wp-json\/wp\/v2\/pages\/262","targetHints":{"allow":["GET"]}}],"collection":[{"href":"https:\/\/neststylevalencia.com\/es\/wp-json\/wp\/v2\/pages"}],"about":[{"href":"https:\/\/neststylevalencia.com\/es\/wp-json\/wp\/v2\/types\/page"}],"author":[{"embeddable":true,"href":"https:\/\/neststylevalencia.com\/es\/wp-json\/wp\/v2\/users\/7"}],"replies":[{"embeddable":true,"href":"https:\/\/neststylevalencia.com\/es\/wp-json\/wp\/v2\/comments?post=262"}],"version-history":[{"count":0,"href":"https:\/\/neststylevalencia.com\/es\/wp-json\/wp\/v2\/pages\/262\/revisions"}],"wp:featuredmedia":[{"embeddable":true,"href":"https:\/\/neststylevalencia.com\/es\/wp-json\/wp\/v2\/media\/1640"}],"wp:attachment":[{"href":"https:\/\/neststylevalencia.com\/es\/wp-json\/wp\/v2\/media?parent=262"}],"curies":[{"name":"wp","href":"https:\/\/api.w.org\/{rel}","templated":true}]}}