{"id":270,"date":"2019-06-10T10:55:28","date_gmt":"2019-06-10T10:55:28","guid":{"rendered":"https:\/\/neststylevalencia.com\/privacy-policy\/"},"modified":"2025-03-05T15:27:17","modified_gmt":"2025-03-05T15:27:17","slug":"politica-privacidad","status":"publish","type":"page","link":"https:\/\/neststylevalencia.com\/es\/politica-privacidad\/","title":{"rendered":"Pol\u00edtica de privacidad"},"content":{"rendered":"\n<h2 class=\"wp-block-heading\">INFORMACI\u00d3N AL USUARIO<\/h2>\n\n\n\n<h3 class=\"wp-block-heading\">\u00bfQui\u00e9n es el responsable del tratamiento de tus datos personales?<\/h3>\n\n\n\n<p>77 LUXURY SUITES VALENCIA SL es el RESPONSABLE del tratamiento de los datos personales del USUARIO y le<br>informa de que estos datos ser\u00e1n tratados de conformidad con lo dispuesto en el Reglamento (UE) 2016\/679, de 27 de abril (GDPR), y la Ley Org\u00e1nica 3\/2018, de 5 de diciembre (LOPDGDD).<\/p>\n\n\n\n<h3 class=\"wp-block-heading\">\u00bfPara qu\u00e9 tratamos tus datos personales y por qu\u00e9 lo hacemos?<\/h3>\n\n\n\n<p>Seg\u00fan el formulario donde hayamos obtenido sus datos personales, los trataremos de manera confidencial para<br>alcanzar los siguientes fines:<\/p>\n\n\n\n<p>FALTAN DATOS<br>Para rellenar autom\u00e1ticamente este apartado, es necesario a\u00f1adir previamente los Formularios en la ficha<br>Sitio web\/Pol\u00edtica de privacidad.<\/p>\n\n\n\n<h3 class=\"wp-block-heading\">\u00bfDurante cu\u00e1nto tiempo guardaremos tus datos personales?<\/h3>\n\n\n\n<p>Se conservar\u00e1n durante no m\u00e1s tiempo del necesario para mantener el fin del tratamiento o existan prescripciones legales que dictaminen su custodia y cuando ya no sea necesario para ello, se suprimir\u00e1n con medidas de seguridad adecuadas para garantizar la anonimizaci\u00f3n de los datos o la destrucci\u00f3n total de los mismos.<\/p>\n\n\n\n<h3 class=\"wp-block-heading\">\u00bfA qui\u00e9n facilitamos tus datos personales?<\/h3>\n\n\n\n<p>No est\u00e1 prevista ninguna comunicaci\u00f3n de datos personales a terceros salvo, si fuese necesario para el desarrollo y ejecuci\u00f3n de las finalidades del tratamiento, a nuestros proveedores de servicios relacionados con comunicaciones, con los cuales el RESPONSABLE tiene suscritos los contratos de confidencialidad y de encargado de tratamiento exigidos por la normativa vigente de privacidad.<\/p>\n\n\n\n<h3 class=\"wp-block-heading\">\u00bfCu\u00e1les son tus derechos?<\/h3>\n\n\n\n<p>Los derechos que asisten al USUARIO son:<\/p>\n\n\n\n<ul class=\"wp-block-list\">\n<li>Derecho a retirar el consentimiento en cualquier momento.<\/li>\n\n\n\n<li>Derecho de acceso, rectificaci\u00f3n, portabilidad y supresi\u00f3n de sus datos, y de limitaci\u00f3n u oposici\u00f3n a su<br>tratamiento.<\/li>\n\n\n\n<li>Derecho a presentar una reclamaci\u00f3n ante la autoridad de control (www.aepd.es) si considera que el tratamiento<br>no se ajusta a la normativa vigente.<\/li>\n<\/ul>\n\n\n\n<h3 class=\"wp-block-heading\">Datos de contacto para ejercer sus derechos:<\/h3>\n\n\n\n<p>77 LUXURY SUITES VALENCIA SL. Avenida del Puerto 77, &#8211; 46021 Valencia (Val\u00e8ncia). E-mail:<br>protecciondatos@fuh.es<\/p>\n\n\n\n<h2 class=\"wp-block-heading\">CAR\u00c1CTER OBLIGATORIO O FACULTATIVO DE LA INFORMACI\u00d3N FACILITADA POR EL USUARIO.<\/h2>\n\n\n\n<p>Los USUARIOS, mediante la marcaci\u00f3n de las casillas correspondientes y la entrada de datos en los campos, marcados con un asterisco (*) en el formulario de contacto o presentados en formularios de descarga, aceptan expresamente y de forma libre e inequ\u00edvoca, que sus datos son necesarios para atender su petici\u00f3n, por parte del prestador, siendo voluntaria la inclusi\u00f3n de datos en los campos restantes. El USUARIO garantiza que los datos personales facilitados al RESPONSABLE son veraces y se hace responsable de comunicar cualquier modificaci\u00f3n de los mismos. <\/p>\n\n\n\n<p>El RESPONSABLE informa de que todos los datos solicitados a trav\u00e9s del sitio web son obligatorios, ya que son<br>necesarios para la prestaci\u00f3n de un servicio \u00f3ptimo al USUARIO. En caso de que no se faciliten todos los datos, no se garantiza que la informaci\u00f3n y servicios facilitados sean completamente ajustados a sus necesidades.<\/p>\n\n\n\n<h2 class=\"wp-block-heading\">MEDIDAS DE SEGURIDAD.<\/h2>\n\n\n\n<p>Que de conformidad con lo dispuesto en las normativas vigentes en protecci\u00f3n de datos personales, el RESPONSABLE est\u00e1 cumpliendo con todas las disposiciones de las normativas GDPR y LOPDGDD para el tratamiento de los datos personales de su responsabilidad, y manifiestamente con los principios descritos en el art\u00edculo 5 del GDPR, por los cuales son tratados de manera l\u00edcita, leal y transparente en relaci\u00f3n con el interesado y adecuados, pertinentes y limitados a lo necesario en relaci\u00f3n con los fines para los que son tratados.<\/p>\n\n\n\n<p>El RESPONSABLE garantiza que ha implementado pol\u00edticas t\u00e9cnicas y organizativas apropiadas para aplicar las<br>medidas de seguridad que establecen el GDPR y la LOPDGDD con el fin de proteger los derechos y libertades de los USUARIOS y les ha comunicado la informaci\u00f3n adecuada para que puedan ejercerlos. <\/p>\n\n\n\n<p>Para m\u00e1s informaci\u00f3n sobre las garant\u00edas de privacidad, puedes dirigirte al RESPONSABLE a trav\u00e9s de 77 LUXURY<br>SUITES VALENCIA SL. Avenida del Puerto 77, &#8211; 46021 Valencia (Val\u00e8ncia). E-mail: protecciondatos@fuh.es<\/p>\n\n\n\n<ol start=\"2\" class=\"wp-block-list\"><\/ol>\n","protected":false},"excerpt":{"rendered":"<p>Pol\u00edtica de privacidad de Nest Style Valencia https:\/\/neststylevalencia.com. Elegancia y sencillez en habitaciones coloridas para hu\u00e9spedes en Valencia<\/p>\n","protected":false},"author":7,"featured_media":2491,"parent":0,"menu_order":0,"comment_status":"closed","ping_status":"closed","template":"","meta":{"footnotes":""},"class_list":["post-270","page","type-page","status-publish","has-post-thumbnail","hentry"],"yoast_head":"<!-- This site is optimized with the Yoast SEO plugin v27.4 - https:\/\/yoast.com\/product\/yoast-seo-wordpress\/ -->\n<title>Pol\u00edtica de privacidad https:\/\/neststylevalencia.com Nest Style Valencia<\/title>\n<meta name=\"description\" content=\"Pol\u00edtica de privacidad, pol\u00edtica de cookies y est\u00e1ndares de calidad. De acuerdo con el actual Reglamento (UE) 2016\/679\" \/>\n<meta name=\"robots\" content=\"index, follow, max-snippet:-1, max-image-preview:large, max-video-preview:-1\" \/>\n<link rel=\"canonical\" href=\"https:\/\/neststylevalencia.com\/es\/politica-privacidad\/\" \/>\n<meta property=\"og:locale\" content=\"es_ES\" \/>\n<meta property=\"og:type\" content=\"article\" \/>\n<meta property=\"og:title\" content=\"Pol\u00edtica de privacidad https:\/\/neststylevalencia.com Nest Style Valencia\" \/>\n<meta property=\"og:description\" content=\"Pol\u00edtica de privacidad, pol\u00edtica de cookies y est\u00e1ndares de calidad. De acuerdo con el actual Reglamento (UE) 2016\/679\" \/>\n<meta property=\"og:url\" content=\"https:\/\/neststylevalencia.com\/es\/politica-privacidad\/\" \/>\n<meta property=\"og:site_name\" content=\"Nest Style Valencia\" \/>\n<meta property=\"article:publisher\" content=\"https:\/\/www.facebook.com\/NestStyleValenciaHotel\/\" \/>\n<meta property=\"article:modified_time\" content=\"2025-03-05T15:27:17+00:00\" \/>\n<meta property=\"og:image\" content=\"https:\/\/neststylevalencia.com\/wp-content\/uploads\/2019\/10\/40common-areas-nest-style-valencia-2019.jpg\" \/>\n\t<meta property=\"og:image:width\" content=\"1619\" \/>\n\t<meta property=\"og:image:height\" content=\"1080\" \/>\n\t<meta property=\"og:image:type\" content=\"image\/jpeg\" \/>\n<meta name=\"twitter:card\" content=\"summary_large_image\" \/>\n<meta name=\"twitter:site\" content=\"@neststylevlc\" \/>\n<meta name=\"twitter:label1\" content=\"Tiempo de lectura\" \/>\n\t<meta name=\"twitter:data1\" content=\"3 minutos\" \/>\n<script type=\"application\/ld+json\" class=\"yoast-schema-graph\">{\"@context\":\"https:\\\/\\\/schema.org\",\"@graph\":[{\"@type\":\"WebPage\",\"@id\":\"https:\\\/\\\/neststylevalencia.com\\\/es\\\/politica-privacidad\\\/\",\"url\":\"https:\\\/\\\/neststylevalencia.com\\\/es\\\/politica-privacidad\\\/\",\"name\":\"Pol\u00edtica de privacidad https:\\\/\\\/neststylevalencia.com Nest Style Valencia\",\"isPartOf\":{\"@id\":\"https:\\\/\\\/neststylevalencia.com\\\/es\\\/#website\"},\"primaryImageOfPage\":{\"@id\":\"https:\\\/\\\/neststylevalencia.com\\\/es\\\/politica-privacidad\\\/#primaryimage\"},\"image\":{\"@id\":\"https:\\\/\\\/neststylevalencia.com\\\/es\\\/politica-privacidad\\\/#primaryimage\"},\"thumbnailUrl\":\"https:\\\/\\\/neststylevalencia.com\\\/wp-content\\\/uploads\\\/2019\\\/10\\\/40common-areas-nest-style-valencia-2019.jpg\",\"datePublished\":\"2019-06-10T10:55:28+00:00\",\"dateModified\":\"2025-03-05T15:27:17+00:00\",\"description\":\"Pol\u00edtica de privacidad, pol\u00edtica de cookies y est\u00e1ndares de calidad. De acuerdo con el actual Reglamento (UE) 2016\\\/679\",\"inLanguage\":\"es\",\"potentialAction\":[{\"@type\":\"ReadAction\",\"target\":[\"https:\\\/\\\/neststylevalencia.com\\\/es\\\/politica-privacidad\\\/\"]}]},{\"@type\":\"ImageObject\",\"inLanguage\":\"es\",\"@id\":\"https:\\\/\\\/neststylevalencia.com\\\/es\\\/politica-privacidad\\\/#primaryimage\",\"url\":\"https:\\\/\\\/neststylevalencia.com\\\/wp-content\\\/uploads\\\/2019\\\/10\\\/40common-areas-nest-style-valencia-2019.jpg\",\"contentUrl\":\"https:\\\/\\\/neststylevalencia.com\\\/wp-content\\\/uploads\\\/2019\\\/10\\\/40common-areas-nest-style-valencia-2019.jpg\",\"width\":1619,\"height\":1080,\"caption\":\"Privacy policy Nest Style Valencia\"},{\"@type\":\"WebSite\",\"@id\":\"https:\\\/\\\/neststylevalencia.com\\\/es\\\/#website\",\"url\":\"https:\\\/\\\/neststylevalencia.com\\\/es\\\/\",\"name\":\"Nest Style Valencia\",\"description\":\"Elegancia y sencillez\",\"publisher\":{\"@id\":\"https:\\\/\\\/neststylevalencia.com\\\/es\\\/#organization\"},\"alternateName\":\"Nest Style Valencia Hotel\",\"potentialAction\":[{\"@type\":\"SearchAction\",\"target\":{\"@type\":\"EntryPoint\",\"urlTemplate\":\"https:\\\/\\\/neststylevalencia.com\\\/es\\\/?s={search_term_string}\"},\"query-input\":{\"@type\":\"PropertyValueSpecification\",\"valueRequired\":true,\"valueName\":\"search_term_string\"}}],\"inLanguage\":\"es\"},{\"@type\":\"Organization\",\"@id\":\"https:\\\/\\\/neststylevalencia.com\\\/es\\\/#organization\",\"name\":\"Nest Style Valencia\",\"alternateName\":\"Nest Style Valencia Hotel\",\"url\":\"https:\\\/\\\/neststylevalencia.com\\\/es\\\/\",\"logo\":{\"@type\":\"ImageObject\",\"inLanguage\":\"es\",\"@id\":\"https:\\\/\\\/neststylevalencia.com\\\/es\\\/#\\\/schema\\\/logo\\\/image\\\/\",\"url\":\"https:\\\/\\\/neststylevalencia.com\\\/wp-content\\\/uploads\\\/2019\\\/07\\\/logo-web-nest-style-valencia-2019.jpg\",\"contentUrl\":\"https:\\\/\\\/neststylevalencia.com\\\/wp-content\\\/uploads\\\/2019\\\/07\\\/logo-web-nest-style-valencia-2019.jpg\",\"width\":1200,\"height\":1200,\"caption\":\"Nest Style Valencia\"},\"image\":{\"@id\":\"https:\\\/\\\/neststylevalencia.com\\\/es\\\/#\\\/schema\\\/logo\\\/image\\\/\"},\"sameAs\":[\"https:\\\/\\\/www.facebook.com\\\/NestStyleValenciaHotel\\\/\",\"https:\\\/\\\/x.com\\\/neststylevlc\",\"https:\\\/\\\/www.instagram.com\\\/neststylevalencia\\\/\",\"https:\\\/\\\/www.linkedin.com\\\/company\\\/nest-style-valencia-hotel\\\/\",\"https:\\\/\\\/www.youtube.com\\\/@neststylevalenciahotel\",\"https:\\\/\\\/www.tripadvisor.com\\\/Hotel_Review-g187529-d18379474-Reviews-Nest_Style_Hotel_Valencia-Valencia_Province_of_Valencia_Valencian_Country.html\",\"https:\\\/\\\/snapchat.com\\\/add\\\/neststylevlc\",\"https:\\\/\\\/vk.com\\\/neststylevalenciahotel\",\"https:\\\/\\\/g.page\\\/NestStyleHotelValencia\\\/\",\"https:\\\/\\\/www.tiktok.com\\\/@neststylevalenciahotel\"]}]}<\/script>\n<!-- \/ Yoast SEO plugin. -->","yoast_head_json":{"title":"Pol\u00edtica de privacidad https:\/\/neststylevalencia.com Nest Style Valencia","description":"Pol\u00edtica de privacidad, pol\u00edtica de cookies y est\u00e1ndares de calidad. De acuerdo con el actual Reglamento (UE) 2016\/679","robots":{"index":"index","follow":"follow","max-snippet":"max-snippet:-1","max-image-preview":"max-image-preview:large","max-video-preview":"max-video-preview:-1"},"canonical":"https:\/\/neststylevalencia.com\/es\/politica-privacidad\/","og_locale":"es_ES","og_type":"article","og_title":"Pol\u00edtica de privacidad https:\/\/neststylevalencia.com Nest Style Valencia","og_description":"Pol\u00edtica de privacidad, pol\u00edtica de cookies y est\u00e1ndares de calidad. De acuerdo con el actual Reglamento (UE) 2016\/679","og_url":"https:\/\/neststylevalencia.com\/es\/politica-privacidad\/","og_site_name":"Nest Style Valencia","article_publisher":"https:\/\/www.facebook.com\/NestStyleValenciaHotel\/","article_modified_time":"2025-03-05T15:27:17+00:00","og_image":[{"width":1619,"height":1080,"url":"https:\/\/neststylevalencia.com\/wp-content\/uploads\/2019\/10\/40common-areas-nest-style-valencia-2019.jpg","type":"image\/jpeg"}],"twitter_card":"summary_large_image","twitter_site":"@neststylevlc","twitter_misc":{"Tiempo de lectura":"3 minutos"},"schema":{"@context":"https:\/\/schema.org","@graph":[{"@type":"WebPage","@id":"https:\/\/neststylevalencia.com\/es\/politica-privacidad\/","url":"https:\/\/neststylevalencia.com\/es\/politica-privacidad\/","name":"Pol\u00edtica de privacidad https:\/\/neststylevalencia.com Nest Style Valencia","isPartOf":{"@id":"https:\/\/neststylevalencia.com\/es\/#website"},"primaryImageOfPage":{"@id":"https:\/\/neststylevalencia.com\/es\/politica-privacidad\/#primaryimage"},"image":{"@id":"https:\/\/neststylevalencia.com\/es\/politica-privacidad\/#primaryimage"},"thumbnailUrl":"https:\/\/neststylevalencia.com\/wp-content\/uploads\/2019\/10\/40common-areas-nest-style-valencia-2019.jpg","datePublished":"2019-06-10T10:55:28+00:00","dateModified":"2025-03-05T15:27:17+00:00","description":"Pol\u00edtica de privacidad, pol\u00edtica de cookies y est\u00e1ndares de calidad. De acuerdo con el actual Reglamento (UE) 2016\/679","inLanguage":"es","potentialAction":[{"@type":"ReadAction","target":["https:\/\/neststylevalencia.com\/es\/politica-privacidad\/"]}]},{"@type":"ImageObject","inLanguage":"es","@id":"https:\/\/neststylevalencia.com\/es\/politica-privacidad\/#primaryimage","url":"https:\/\/neststylevalencia.com\/wp-content\/uploads\/2019\/10\/40common-areas-nest-style-valencia-2019.jpg","contentUrl":"https:\/\/neststylevalencia.com\/wp-content\/uploads\/2019\/10\/40common-areas-nest-style-valencia-2019.jpg","width":1619,"height":1080,"caption":"Privacy policy Nest Style Valencia"},{"@type":"WebSite","@id":"https:\/\/neststylevalencia.com\/es\/#website","url":"https:\/\/neststylevalencia.com\/es\/","name":"Nest Style Valencia","description":"Elegancia y sencillez","publisher":{"@id":"https:\/\/neststylevalencia.com\/es\/#organization"},"alternateName":"Nest Style Valencia Hotel","potentialAction":[{"@type":"SearchAction","target":{"@type":"EntryPoint","urlTemplate":"https:\/\/neststylevalencia.com\/es\/?s={search_term_string}"},"query-input":{"@type":"PropertyValueSpecification","valueRequired":true,"valueName":"search_term_string"}}],"inLanguage":"es"},{"@type":"Organization","@id":"https:\/\/neststylevalencia.com\/es\/#organization","name":"Nest Style Valencia","alternateName":"Nest Style Valencia Hotel","url":"https:\/\/neststylevalencia.com\/es\/","logo":{"@type":"ImageObject","inLanguage":"es","@id":"https:\/\/neststylevalencia.com\/es\/#\/schema\/logo\/image\/","url":"https:\/\/neststylevalencia.com\/wp-content\/uploads\/2019\/07\/logo-web-nest-style-valencia-2019.jpg","contentUrl":"https:\/\/neststylevalencia.com\/wp-content\/uploads\/2019\/07\/logo-web-nest-style-valencia-2019.jpg","width":1200,"height":1200,"caption":"Nest Style Valencia"},"image":{"@id":"https:\/\/neststylevalencia.com\/es\/#\/schema\/logo\/image\/"},"sameAs":["https:\/\/www.facebook.com\/NestStyleValenciaHotel\/","https:\/\/x.com\/neststylevlc","https:\/\/www.instagram.com\/neststylevalencia\/","https:\/\/www.linkedin.com\/company\/nest-style-valencia-hotel\/","https:\/\/www.youtube.com\/@neststylevalenciahotel","https:\/\/www.tripadvisor.com\/Hotel_Review-g187529-d18379474-Reviews-Nest_Style_Hotel_Valencia-Valencia_Province_of_Valencia_Valencian_Country.html","https:\/\/snapchat.com\/add\/neststylevlc","https:\/\/vk.com\/neststylevalenciahotel","https:\/\/g.page\/NestStyleHotelValencia\/","https:\/\/www.tiktok.com\/@neststylevalenciahotel"]}]}},"_links":{"self":[{"href":"https:\/\/neststylevalencia.com\/es\/wp-json\/wp\/v2\/pages\/270","targetHints":{"allow":["GET"]}}],"collection":[{"href":"https:\/\/neststylevalencia.com\/es\/wp-json\/wp\/v2\/pages"}],"about":[{"href":"https:\/\/neststylevalencia.com\/es\/wp-json\/wp\/v2\/types\/page"}],"author":[{"embeddable":true,"href":"https:\/\/neststylevalencia.com\/es\/wp-json\/wp\/v2\/users\/7"}],"replies":[{"embeddable":true,"href":"https:\/\/neststylevalencia.com\/es\/wp-json\/wp\/v2\/comments?post=270"}],"version-history":[{"count":1,"href":"https:\/\/neststylevalencia.com\/es\/wp-json\/wp\/v2\/pages\/270\/revisions"}],"predecessor-version":[{"id":10628,"href":"https:\/\/neststylevalencia.com\/es\/wp-json\/wp\/v2\/pages\/270\/revisions\/10628"}],"wp:featuredmedia":[{"embeddable":true,"href":"https:\/\/neststylevalencia.com\/es\/wp-json\/wp\/v2\/media\/2491"}],"wp:attachment":[{"href":"https:\/\/neststylevalencia.com\/es\/wp-json\/wp\/v2\/media?parent=270"}],"curies":[{"name":"wp","href":"https:\/\/api.w.org\/{rel}","templated":true}]}}