{"id":279,"date":"2019-05-23T13:16:12","date_gmt":"2019-05-23T13:16:12","guid":{"rendered":"https:\/\/neststylevalencia.com\/the-hotel\/"},"modified":"2024-04-02T14:30:01","modified_gmt":"2024-04-02T14:30:01","slug":"hotel-valencia","status":"publish","type":"page","link":"https:\/\/neststylevalencia.com\/es\/hotel-valencia\/","title":{"rendered":"Hotel Valencia"},"content":{"rendered":"\n<h1 class=\"wp-block-heading has-text-align-center\">El Hotel \u2b50 Nest Style Hotel Valencia<\/h1>\n\n<h2 class=\"wp-block-heading has-text-align-center\">Bienvenido a Nest Style Valencia<\/h2>\n\n<h3 class=\"wp-block-heading\">\u00bfBusca un hotel para alojarse en Valencia?<\/h3>\n\n<p>Le presentamos el Nest Style Valencia, un nuevo concepto de hotel, con habitaciones decoradas con colores vivos y finos acabados. Situado en la c\u00e9ntrica <a href=\"https:\/\/neststylevalencia.com\/es\/ubicacion\/\" target=\"_blank\" rel=\"noopener\">Avenida del Puerto 77<\/a>, a escasos metros del famoso Jard\u00edn del Turia (Causa Vieja del r\u00edo Turia), de la ciudad de las Artes y las Ciencias y de muchos otros lugares por descubrir en su visita a Valencia.<\/p>\n\n<p>Nuestros invitados hablan de nosotros y destacan lo siguiente:<\/p>\n\n<h3 class=\"wp-block-heading\">\u00abLa comodidad y el tama\u00f1o de las habitaciones es superior a otros hoteles similares, elegancia y sencillez, atenci\u00f3n al detalle y profesionalidad del personal, muy buena ubicaci\u00f3n\u00bb<\/h3>\n\n<p><\/p>\n\n<h2 class=\"wp-block-heading\">Nos hemos centrado en los detalles<\/h2>\n\n<p>Con colores vivos, dise\u00f1os limpios, claros y de calidad<\/p>\n\n<h2 class=\"wp-block-heading\">Nuestros servicios<\/h2>\n\n<p>Estos son s\u00f3lo algunos de nuestros servicios, reserve su habitaci\u00f3n y descubra todo lo que podemos ofrecerle durante su estancia con nosotros en Valencia<\/p>\n\n<h2 class=\"wp-block-heading\">WiFi de alta velocidad gratuito en todas nuestras instalaciones<\/h2>\n\n<p>Creemos que el Wi-Fi gratuito no es un capricho ni un lujo, es una necesidad, es indispensable para nuestros clientes<\/p>\n\n<h2 class=\"wp-block-heading\">Servicio de desayuno a petici\u00f3n<\/h2>\n\n<p>Desayuno continental, solemos tener una de las mejores cr\u00edticas del sector en cuanto a la calidad y variedad de nuestros desayunos<\/p>\n\n<h2 class=\"wp-block-heading\">Aire acondicionado automatizado en todas nuestras instalaciones<\/h2>\n\n<p>Nos tomamos muy en serio \u00abla comodidad de nuestros hu\u00e9spedes\u00bb. Tambi\u00e9n en cada una de nuestras habitaciones<\/p>\n\n<h2 class=\"wp-block-heading\">Servicio de lavander\u00eda personalizado a petici\u00f3n de nuestros hu\u00e9spedes<\/h2>\n\n<p>Lavado, planchado, secado de la ropa del hotel, as\u00ed como el servicio de la ropa de los hu\u00e9spedes, con personal cualificado y maquinaria adecuada<\/p>\n\n<h2 class=\"wp-block-heading\">Servicio de taxi \/ lanzadera para todos nuestros hu\u00e9spedes<\/h2>\n\n<p>No se preocupe por nada con nuestro servicio de transporte al aeropuerto. Un servicio c\u00f3modo, seguro y con buenos precios.<\/p>\n\n<h2 class=\"wp-block-heading\">Servicio de rinc\u00f3n de negocios para todos nuestros hu\u00e9spedes<\/h2>\n\n<p>Una zona reservada al trabajo, una oficina minimalista pero totalmente equipada cuando la necesite<\/p>\n\n<h2 class=\"wp-block-heading\"><strong>C\u00e1maras de seguridad para la m\u00e1xima calidad de servicio<\/strong><\/h2>\n\n<p>La seguridad de nuestros hu\u00e9spedes est\u00e1 garantizada ante cualquier inconveniente que surja durante la estancia en nuestro hotel<\/p>\n\n<p><\/p>\n\n<p><\/p>\n\n<figure class=\"wp-block-image size-large\"><img fetchpriority=\"high\" decoding=\"async\" width=\"1024\" height=\"577\" src=\"https:\/\/neststylevalencia.com\/wp-content\/uploads\/2019\/11\/header-google-1024x577.jpg\" alt=\"Habitaci&#xF3;n Nest Style Hotel Valencia\" class=\"wp-image-2774\" srcset=\"https:\/\/neststylevalencia.com\/wp-content\/uploads\/2019\/11\/header-google-1024x577.jpg 1024w, https:\/\/neststylevalencia.com\/wp-content\/uploads\/2019\/11\/header-google-300x169.jpg 300w, https:\/\/neststylevalencia.com\/wp-content\/uploads\/2019\/11\/header-google-768x433.jpg 768w, https:\/\/neststylevalencia.com\/wp-content\/uploads\/2019\/11\/header-google-260x146.jpg 260w, https:\/\/neststylevalencia.com\/wp-content\/uploads\/2019\/11\/header-google-50x28.jpg 50w, https:\/\/neststylevalencia.com\/wp-content\/uploads\/2019\/11\/header-google-133x75.jpg 133w, https:\/\/neststylevalencia.com\/wp-content\/uploads\/2019\/11\/header-google-1200x676.jpg 1200w, https:\/\/neststylevalencia.com\/wp-content\/uploads\/2019\/11\/header-google.jpg 1342w\" sizes=\"(max-width: 1024px) 100vw, 1024px\" \/><figcaption class=\"wp-element-caption\">Nest Style Valencia<\/figcaption><\/figure>\n","protected":false},"excerpt":{"rendered":"<p>Hotel Valencia \u2b50 Nest Style Valencia. Un Nuevo concepto de hotel en Valencia. Es uno de los hoteles de la ciudad que ofrece siempre el mejor precio en comparaci\u00f3n con los ya famosos canales de reservas como Booking, Expedia y otros, adem\u00e1s garantizamos que la reserva ser\u00e1 r\u00e1pida y segura respetando la privacidad de nuestros clientes durante el proceso de reserva, confirmaci\u00f3n inmediata. Habitaciones de calidad y regalo de bienvenida.<\/p>\n","protected":false},"author":7,"featured_media":2519,"parent":0,"menu_order":0,"comment_status":"closed","ping_status":"closed","template":"","meta":{"footnotes":""},"class_list":["post-279","page","type-page","status-publish","has-post-thumbnail","hentry"],"yoast_head":"<!-- This site is optimized with the Yoast SEO plugin v27.4 - https:\/\/yoast.com\/product\/yoast-seo-wordpress\/ -->\n<title>Hotel Valencia \u2b50 Nest Style Valencia. Un Nuevo concepto de hotel<\/title>\n<meta name=\"description\" content=\"Hotel Valencia \u2b50 Nest Style Valencia. Un Nuevo concepto de hotel en Valencia, siempre con el mejor precio, reserva directa y sin gastos extras por reservar\" \/>\n<meta name=\"robots\" content=\"index, follow, max-snippet:-1, max-image-preview:large, max-video-preview:-1\" \/>\n<link rel=\"canonical\" href=\"https:\/\/neststylevalencia.com\/es\/hotel-valencia\/\" \/>\n<meta property=\"og:locale\" content=\"es_ES\" \/>\n<meta property=\"og:type\" content=\"article\" \/>\n<meta property=\"og:title\" content=\"Hotel Valencia \u2b50 Nest Style Valencia. Un Nuevo concepto de hotel\" \/>\n<meta property=\"og:description\" content=\"Hotel Valencia \u2b50 Nest Style Valencia. Un Nuevo concepto de hotel en Valencia, siempre con el mejor precio, reserva directa y sin gastos extras por reservar\" \/>\n<meta property=\"og:url\" content=\"https:\/\/neststylevalencia.com\/es\/hotel-valencia\/\" \/>\n<meta property=\"og:site_name\" content=\"Nest Style Valencia\" \/>\n<meta property=\"article:publisher\" content=\"https:\/\/www.facebook.com\/NestStyleValenciaHotel\/\" \/>\n<meta property=\"article:modified_time\" content=\"2024-04-02T14:30:01+00:00\" \/>\n<meta property=\"og:image\" content=\"https:\/\/neststylevalencia.com\/wp-content\/uploads\/2019\/10\/03yellow-room-11-nest-style-valencia-2019.jpg\" \/>\n\t<meta property=\"og:image:width\" content=\"1622\" \/>\n\t<meta property=\"og:image:height\" content=\"1080\" \/>\n\t<meta property=\"og:image:type\" content=\"image\/jpeg\" \/>\n<meta name=\"twitter:card\" content=\"summary_large_image\" \/>\n<meta name=\"twitter:site\" content=\"@neststylevlc\" \/>\n<meta name=\"twitter:label1\" content=\"Tiempo de lectura\" \/>\n\t<meta name=\"twitter:data1\" content=\"2 minutos\" \/>\n<script type=\"application\/ld+json\" class=\"yoast-schema-graph\">{\"@context\":\"https:\\\/\\\/schema.org\",\"@graph\":[{\"@type\":\"WebPage\",\"@id\":\"https:\\\/\\\/neststylevalencia.com\\\/es\\\/hotel-valencia\\\/\",\"url\":\"https:\\\/\\\/neststylevalencia.com\\\/es\\\/hotel-valencia\\\/\",\"name\":\"Hotel Valencia \u2b50 Nest Style Valencia. Un Nuevo concepto de hotel\",\"isPartOf\":{\"@id\":\"https:\\\/\\\/neststylevalencia.com\\\/es\\\/#website\"},\"primaryImageOfPage\":{\"@id\":\"https:\\\/\\\/neststylevalencia.com\\\/es\\\/hotel-valencia\\\/#primaryimage\"},\"image\":{\"@id\":\"https:\\\/\\\/neststylevalencia.com\\\/es\\\/hotel-valencia\\\/#primaryimage\"},\"thumbnailUrl\":\"https:\\\/\\\/neststylevalencia.com\\\/wp-content\\\/uploads\\\/2019\\\/10\\\/03yellow-room-11-nest-style-valencia-2019.jpg\",\"datePublished\":\"2019-05-23T13:16:12+00:00\",\"dateModified\":\"2024-04-02T14:30:01+00:00\",\"description\":\"Hotel Valencia \u2b50 Nest Style Valencia. Un Nuevo concepto de hotel en Valencia, siempre con el mejor precio, reserva directa y sin gastos extras por reservar\",\"inLanguage\":\"es\",\"potentialAction\":[{\"@type\":\"ReadAction\",\"target\":[\"https:\\\/\\\/neststylevalencia.com\\\/es\\\/hotel-valencia\\\/\"]}]},{\"@type\":\"ImageObject\",\"inLanguage\":\"es\",\"@id\":\"https:\\\/\\\/neststylevalencia.com\\\/es\\\/hotel-valencia\\\/#primaryimage\",\"url\":\"https:\\\/\\\/neststylevalencia.com\\\/wp-content\\\/uploads\\\/2019\\\/10\\\/03yellow-room-11-nest-style-valencia-2019.jpg\",\"contentUrl\":\"https:\\\/\\\/neststylevalencia.com\\\/wp-content\\\/uploads\\\/2019\\\/10\\\/03yellow-room-11-nest-style-valencia-2019.jpg\",\"width\":1622,\"height\":1080,\"caption\":\"Valencia Hotel - Nest Style Valencia\"},{\"@type\":\"WebSite\",\"@id\":\"https:\\\/\\\/neststylevalencia.com\\\/es\\\/#website\",\"url\":\"https:\\\/\\\/neststylevalencia.com\\\/es\\\/\",\"name\":\"Nest Style Valencia\",\"description\":\"Elegancia y sencillez\",\"publisher\":{\"@id\":\"https:\\\/\\\/neststylevalencia.com\\\/es\\\/#organization\"},\"alternateName\":\"Nest Style Valencia Hotel\",\"potentialAction\":[{\"@type\":\"SearchAction\",\"target\":{\"@type\":\"EntryPoint\",\"urlTemplate\":\"https:\\\/\\\/neststylevalencia.com\\\/es\\\/?s={search_term_string}\"},\"query-input\":{\"@type\":\"PropertyValueSpecification\",\"valueRequired\":true,\"valueName\":\"search_term_string\"}}],\"inLanguage\":\"es\"},{\"@type\":\"Organization\",\"@id\":\"https:\\\/\\\/neststylevalencia.com\\\/es\\\/#organization\",\"name\":\"Nest Style Valencia\",\"alternateName\":\"Nest Style Valencia Hotel\",\"url\":\"https:\\\/\\\/neststylevalencia.com\\\/es\\\/\",\"logo\":{\"@type\":\"ImageObject\",\"inLanguage\":\"es\",\"@id\":\"https:\\\/\\\/neststylevalencia.com\\\/es\\\/#\\\/schema\\\/logo\\\/image\\\/\",\"url\":\"https:\\\/\\\/neststylevalencia.com\\\/wp-content\\\/uploads\\\/2019\\\/07\\\/logo-web-nest-style-valencia-2019.jpg\",\"contentUrl\":\"https:\\\/\\\/neststylevalencia.com\\\/wp-content\\\/uploads\\\/2019\\\/07\\\/logo-web-nest-style-valencia-2019.jpg\",\"width\":1200,\"height\":1200,\"caption\":\"Nest Style Valencia\"},\"image\":{\"@id\":\"https:\\\/\\\/neststylevalencia.com\\\/es\\\/#\\\/schema\\\/logo\\\/image\\\/\"},\"sameAs\":[\"https:\\\/\\\/www.facebook.com\\\/NestStyleValenciaHotel\\\/\",\"https:\\\/\\\/x.com\\\/neststylevlc\",\"https:\\\/\\\/www.instagram.com\\\/neststylevalencia\\\/\",\"https:\\\/\\\/www.linkedin.com\\\/company\\\/nest-style-valencia-hotel\\\/\",\"https:\\\/\\\/www.youtube.com\\\/@neststylevalenciahotel\",\"https:\\\/\\\/www.tripadvisor.com\\\/Hotel_Review-g187529-d18379474-Reviews-Nest_Style_Hotel_Valencia-Valencia_Province_of_Valencia_Valencian_Country.html\",\"https:\\\/\\\/snapchat.com\\\/add\\\/neststylevlc\",\"https:\\\/\\\/vk.com\\\/neststylevalenciahotel\",\"https:\\\/\\\/g.page\\\/NestStyleHotelValencia\\\/\",\"https:\\\/\\\/www.tiktok.com\\\/@neststylevalenciahotel\"]}]}<\/script>\n<!-- \/ Yoast SEO plugin. -->","yoast_head_json":{"title":"Hotel Valencia \u2b50 Nest Style Valencia. Un Nuevo concepto de hotel","description":"Hotel Valencia \u2b50 Nest Style Valencia. Un Nuevo concepto de hotel en Valencia, siempre con el mejor precio, reserva directa y sin gastos extras por reservar","robots":{"index":"index","follow":"follow","max-snippet":"max-snippet:-1","max-image-preview":"max-image-preview:large","max-video-preview":"max-video-preview:-1"},"canonical":"https:\/\/neststylevalencia.com\/es\/hotel-valencia\/","og_locale":"es_ES","og_type":"article","og_title":"Hotel Valencia \u2b50 Nest Style Valencia. Un Nuevo concepto de hotel","og_description":"Hotel Valencia \u2b50 Nest Style Valencia. Un Nuevo concepto de hotel en Valencia, siempre con el mejor precio, reserva directa y sin gastos extras por reservar","og_url":"https:\/\/neststylevalencia.com\/es\/hotel-valencia\/","og_site_name":"Nest Style Valencia","article_publisher":"https:\/\/www.facebook.com\/NestStyleValenciaHotel\/","article_modified_time":"2024-04-02T14:30:01+00:00","og_image":[{"width":1622,"height":1080,"url":"https:\/\/neststylevalencia.com\/wp-content\/uploads\/2019\/10\/03yellow-room-11-nest-style-valencia-2019.jpg","type":"image\/jpeg"}],"twitter_card":"summary_large_image","twitter_site":"@neststylevlc","twitter_misc":{"Tiempo de lectura":"2 minutos"},"schema":{"@context":"https:\/\/schema.org","@graph":[{"@type":"WebPage","@id":"https:\/\/neststylevalencia.com\/es\/hotel-valencia\/","url":"https:\/\/neststylevalencia.com\/es\/hotel-valencia\/","name":"Hotel Valencia \u2b50 Nest Style Valencia. Un Nuevo concepto de hotel","isPartOf":{"@id":"https:\/\/neststylevalencia.com\/es\/#website"},"primaryImageOfPage":{"@id":"https:\/\/neststylevalencia.com\/es\/hotel-valencia\/#primaryimage"},"image":{"@id":"https:\/\/neststylevalencia.com\/es\/hotel-valencia\/#primaryimage"},"thumbnailUrl":"https:\/\/neststylevalencia.com\/wp-content\/uploads\/2019\/10\/03yellow-room-11-nest-style-valencia-2019.jpg","datePublished":"2019-05-23T13:16:12+00:00","dateModified":"2024-04-02T14:30:01+00:00","description":"Hotel Valencia \u2b50 Nest Style Valencia. Un Nuevo concepto de hotel en Valencia, siempre con el mejor precio, reserva directa y sin gastos extras por reservar","inLanguage":"es","potentialAction":[{"@type":"ReadAction","target":["https:\/\/neststylevalencia.com\/es\/hotel-valencia\/"]}]},{"@type":"ImageObject","inLanguage":"es","@id":"https:\/\/neststylevalencia.com\/es\/hotel-valencia\/#primaryimage","url":"https:\/\/neststylevalencia.com\/wp-content\/uploads\/2019\/10\/03yellow-room-11-nest-style-valencia-2019.jpg","contentUrl":"https:\/\/neststylevalencia.com\/wp-content\/uploads\/2019\/10\/03yellow-room-11-nest-style-valencia-2019.jpg","width":1622,"height":1080,"caption":"Valencia Hotel - Nest Style Valencia"},{"@type":"WebSite","@id":"https:\/\/neststylevalencia.com\/es\/#website","url":"https:\/\/neststylevalencia.com\/es\/","name":"Nest Style Valencia","description":"Elegancia y sencillez","publisher":{"@id":"https:\/\/neststylevalencia.com\/es\/#organization"},"alternateName":"Nest Style Valencia Hotel","potentialAction":[{"@type":"SearchAction","target":{"@type":"EntryPoint","urlTemplate":"https:\/\/neststylevalencia.com\/es\/?s={search_term_string}"},"query-input":{"@type":"PropertyValueSpecification","valueRequired":true,"valueName":"search_term_string"}}],"inLanguage":"es"},{"@type":"Organization","@id":"https:\/\/neststylevalencia.com\/es\/#organization","name":"Nest Style Valencia","alternateName":"Nest Style Valencia Hotel","url":"https:\/\/neststylevalencia.com\/es\/","logo":{"@type":"ImageObject","inLanguage":"es","@id":"https:\/\/neststylevalencia.com\/es\/#\/schema\/logo\/image\/","url":"https:\/\/neststylevalencia.com\/wp-content\/uploads\/2019\/07\/logo-web-nest-style-valencia-2019.jpg","contentUrl":"https:\/\/neststylevalencia.com\/wp-content\/uploads\/2019\/07\/logo-web-nest-style-valencia-2019.jpg","width":1200,"height":1200,"caption":"Nest Style Valencia"},"image":{"@id":"https:\/\/neststylevalencia.com\/es\/#\/schema\/logo\/image\/"},"sameAs":["https:\/\/www.facebook.com\/NestStyleValenciaHotel\/","https:\/\/x.com\/neststylevlc","https:\/\/www.instagram.com\/neststylevalencia\/","https:\/\/www.linkedin.com\/company\/nest-style-valencia-hotel\/","https:\/\/www.youtube.com\/@neststylevalenciahotel","https:\/\/www.tripadvisor.com\/Hotel_Review-g187529-d18379474-Reviews-Nest_Style_Hotel_Valencia-Valencia_Province_of_Valencia_Valencian_Country.html","https:\/\/snapchat.com\/add\/neststylevlc","https:\/\/vk.com\/neststylevalenciahotel","https:\/\/g.page\/NestStyleHotelValencia\/","https:\/\/www.tiktok.com\/@neststylevalenciahotel"]}]}},"_links":{"self":[{"href":"https:\/\/neststylevalencia.com\/es\/wp-json\/wp\/v2\/pages\/279","targetHints":{"allow":["GET"]}}],"collection":[{"href":"https:\/\/neststylevalencia.com\/es\/wp-json\/wp\/v2\/pages"}],"about":[{"href":"https:\/\/neststylevalencia.com\/es\/wp-json\/wp\/v2\/types\/page"}],"author":[{"embeddable":true,"href":"https:\/\/neststylevalencia.com\/es\/wp-json\/wp\/v2\/users\/7"}],"replies":[{"embeddable":true,"href":"https:\/\/neststylevalencia.com\/es\/wp-json\/wp\/v2\/comments?post=279"}],"version-history":[{"count":0,"href":"https:\/\/neststylevalencia.com\/es\/wp-json\/wp\/v2\/pages\/279\/revisions"}],"wp:featuredmedia":[{"embeddable":true,"href":"https:\/\/neststylevalencia.com\/es\/wp-json\/wp\/v2\/media\/2519"}],"wp:attachment":[{"href":"https:\/\/neststylevalencia.com\/es\/wp-json\/wp\/v2\/media?parent=279"}],"curies":[{"name":"wp","href":"https:\/\/api.w.org\/{rel}","templated":true}]}}