{"id":281,"date":"2019-05-23T13:17:04","date_gmt":"2019-05-23T13:17:04","guid":{"rendered":"https:\/\/neststylevalencia.com\/amenities\/"},"modified":"2024-05-24T09:00:51","modified_gmt":"2024-05-24T09:00:51","slug":"servicios","status":"publish","type":"page","link":"https:\/\/neststylevalencia.com\/es\/servicios\/","title":{"rendered":"Servicios"},"content":{"rendered":"\n<h2 class=\"wp-block-heading\">Nuestros servicios<\/h2>\n\n<ul class=\"wp-block-list\">\n<li>M\u00e1s populares que gustan a los hu\u00e9spedes.<\/li>\n\n\n\n<li>WI-Fi de alta velocidad \u2013 GRATIS<\/li>\n\n\n\n<li>Habitaciones familiares<\/li>\n\n\n\n<li>Servicio de Bar<\/li>\n\n\n\n<li>Aire acondicionado<\/li>\n\n\n\n<li>Habitaciones insonorizadas<\/li>\n\n\n\n<li>Habitaciones adaptadas para hu\u00e9spedes con movilidad reducida<\/li>\n\n\n\n<li>Recepci\u00f3n 24 horas<\/li>\n\n\n\n<li>Ascensor<\/li>\n\n\n\n<li>Habitaciones para no fumadores<\/li>\n\n\n\n<li>Calentadores de agua por aerotermia<\/li>\n\n\n\n<li>Servicios adicionales<\/li>\n\n\n\n<li>Opci\u00f3n de venta de entradas para lugares de inter\u00e9s<\/li>\n\n\n\n<li>No aceptamos animales de compa\u00f1\u00eda<\/li>\n\n\n\n<li>Alimentaci\u00f3n y bebidas<\/li>\n\n\n\n<li>Cafeter\u00eda del hotel<\/li>\n\n\n\n<li>Botellas de agua. Para comprar<\/li>\n\n\n\n<li>Vino\/champ\u00e1n. Para comprar<\/li>\n\n\n\n<li>Bar.<\/li>\n\n\n\n<li>Desayuno buffet continental<\/li>\n\n\n\n<li>Cerca de supermercados locales<\/li>\n\n\n\n<li>Hablamos su idioma<\/li>\n\n\n\n<li>Servicio de habitaciones<\/li>\n\n\n\n<li>Ordenador para hu\u00e9spedes<\/li>\n\n\n\n<li>Consigna de equipajes<\/li>\n\n\n\n<li>Recepci\u00f3n 24 horas<\/li>\n\n\n\n<li>Habitaciones familiares<\/li>\n\n\n\n<li>Adaptado para personas con movilidad reducida<\/li>\n\n\n\n<li>Pagos en efectivo<\/li>\n\n\n\n<li>VISA<\/li>\n\n\n\n<li>Master Card<\/li>\n\n\n\n<li>Transferencias bancarias<\/li>\n\n\n\n<li>Canales de TV para ni\u00f1os.<\/li>\n\n\n\n<li>Limpieza diaria de nuestras instalaciones<\/li>\n\n\n\n<li>Habitaciones insonorizadas<\/li>\n\n\n\n<li>Est\u00e1 prohibido fumar en todo el edificio<\/li>\n\n\n\n<li>Caja fuerte<\/li>\n\n\n\n<li>Ascensor<\/li>\n\n\n\n<li>Calendarios<\/li>\n\n\n\n<li>Check-in desde 14:00<\/li>\n\n\n\n<li>Acceso con tarjetas a la habitaci\u00f3n<\/li>\n\n\n\n<li>Nevera en todas nuestras habitaciones<\/li>\n\n\n\n<li>Aire acondicionado para el verano<\/li>\n\n\n\n<li>Servicio de lavander\u00eda<\/li>\n\n\n\n<li>Alquiler de scooter<\/li>\n<\/ul>\n\n<h2 class=\"wp-block-heading\">Razones para reservar en <a href=\"https:\/\/g.page\/NestStyleHotelValencia?share\" target=\"_blank\" rel=\"noreferrer noopener\">Nest Style Valencia<\/a><\/h2>\n\n<h3 class=\"wp-block-heading\">Precios inigualables<\/h3>\n\n<p>El mejor precio, sin gastos de reserva. Nuestro precio es el oficial<\/p>\n\n<h3 class=\"wp-block-heading\">Confirmaci\u00f3n inmediata<\/h3>\n\n<p>Recibir\u00e1 un correo electr\u00f3nico de confirmaci\u00f3n y podr\u00e1 gestionar su reserva en l\u00ednea.<\/p>\n\n<h3 class=\"wp-block-heading\">Personal multiling\u00fce<\/h3>\n\n<p>Nuestro personal habla m\u00e1s de 3 idiomas y podr\u00e1 ayudarle en lo que necesite.<\/p>\n\n<h3 class=\"wp-block-heading\">Reserva segura<\/h3>\n\n<p>Nos preocupamos mucho por proteger su informaci\u00f3n. Sus transacciones se realizan mediante tecnolog\u00eda SSL<\/p>\n\n<ul class=\"wp-block-list\">\n<li>Aceptamos peticiones especiales.<\/li>\n\n\n\n<li>Check-in desde 14:00<\/li>\n\n\n\n<li>Check-out hasta las 11:00<\/li>\n\n\n\n<li>Las pol\u00edticas de cancelaci\u00f3n pueden variar en funci\u00f3n de las fechas seleccionadas.<\/li>\n\n\n\n<li>Los ni\u00f1os de hasta 2 a\u00f1os pueden alojarse GRATIS. Disponemos de cunas y est\u00e1n sujetas a disponibilidad<\/li>\n\n\n\n<li>Restricci\u00f3n de edad. Edad m\u00ednima para registrarse: 18 a\u00f1os.<\/li>\n\n\n\n<li>No se admiten mascotas de ning\u00fan tipo.<\/li>\n\n\n\n<li>Aceptamos pagos en efectivo, VISA o MasterCard<\/li>\n<\/ul>\n\n<h4 class=\"wp-block-heading\">Atenci\u00f3n personalizada al detalle<\/h4>\n\n<h4 class=\"wp-block-heading\">Habitaciones de dise\u00f1o original<\/h4>\n\n<h4 class=\"wp-block-heading\">Una gran ubicaci\u00f3n en Valencia<\/h4>\n\n<h4 class=\"wp-block-heading\">Habitaciones amplias y confortables<\/h4>\n\n<h4 class=\"wp-block-heading\">Instalaciones ecol\u00f3gicas<\/h4>\n\n<h4 class=\"wp-block-heading\">Siempre el mejor precio en l\u00ednea<\/h4>\n\n<h2 class=\"wp-block-heading\">Al reservar en Nest Style debe tenerlo en cuenta.<\/h2>\n\n<ul class=\"wp-block-list\">\n<li>Por normativa estamos obligados a no aceptar hu\u00e9spedes menores de 18 a\u00f1os si no van acompa\u00f1ados de un adulto.<\/li>\n\n\n\n<li>Debe presentar un documento de identidad o pasaporte v\u00e1lido al facturar.<\/li>\n\n\n\n<li>Se aplicar\u00e1n condiciones especiales para grupos a partir de 10 personas. Le recomendamos que se ponga en contacto directamente con nuestro departamento de grupos enviando un correo electr\u00f3nico a <a href=\"mailto:groups@feetuphostels.com\">groups@feetuphostels.com<\/a>. Nos pondremos en contacto con usted lo antes posible.<\/li>\n\n\n\n<li>Aceptamos pagos en efectivo, VISA, MasterCard y transferencia bancaria.<\/li>\n<\/ul>\n\n<h3 class=\"wp-block-heading\"><strong>Al reservar en Nest Style Valencia debes tener en cuenta el Horario:<\/strong><\/h3>\n\n<ul class=\"wp-block-list\">\n<li><strong>Check-in es desde.<\/strong>\u00a014:00.<\/li>\n\n\n\n<li><strong>Check-out es hasta.<\/strong>\u00a011:00.<\/li>\n\n\n\n<li><strong>Salida tard\u00eda.<\/strong> Si es de una hora es gratis y sujeto a disponibilidad.<\/li>\n\n\n\n<li>El desayuno es de 08h00 a 11h00.<\/li>\n\n\n\n<li>El desayuno cuesta 7\u20ac para los adultos y 5\u20ac para los ni\u00f1os.<\/li>\n\n\n\n<li>Si necesita ayuda sobre c\u00f3mo llegar al Nest Style Hotel Valencia, puede verla aqu\u00ed.<\/li>\n<\/ul>\n\n<h2 class=\"wp-block-heading\">Pol\u00edtica de cancelaci\u00f3n.<\/h2>\n\n<ul class=\"wp-block-list\">\n<li><strong>No reembolsable:<\/strong> Se cargar\u00e1 el 100% del importe total al efectuar la reserva.<\/li>\n\n\n\n<li><strong>Tarifa est\u00e1ndar:<\/strong> Se puede cancelar gratuitamente hasta 2 d\u00edas antes de la llegada. Si se cancela fuera de ese plazo, se cargar\u00e1 la primera noche. \ud83d\ude09<\/li>\n\n\n\n<li><strong>No show:<\/strong> En caso de <strong>no presentarse<\/strong>, se cobrar\u00e1 la primera noche de la reserva.<\/li>\n\n\n\n<li><strong>*En todos los casos, los gastos se efectuar\u00e1n en la moneda del pa\u00eds de origen de la reserva.<\/strong><\/li>\n<\/ul>\n\n<figure class=\"wp-block-image size-full\"><img fetchpriority=\"high\" decoding=\"async\" width=\"1619\" height=\"1080\" src=\"https:\/\/neststylevalencia.com\/wp-content\/uploads\/2019\/08\/07common-areas-nest-style-valencia-2019.jpg\" alt=\"Servicios Nest Style Valencia\" class=\"wp-image-1322\" srcset=\"https:\/\/neststylevalencia.com\/wp-content\/uploads\/2019\/08\/07common-areas-nest-style-valencia-2019.jpg 1619w, https:\/\/neststylevalencia.com\/wp-content\/uploads\/2019\/08\/07common-areas-nest-style-valencia-2019-300x200.jpg 300w, https:\/\/neststylevalencia.com\/wp-content\/uploads\/2019\/08\/07common-areas-nest-style-valencia-2019-768x512.jpg 768w, https:\/\/neststylevalencia.com\/wp-content\/uploads\/2019\/08\/07common-areas-nest-style-valencia-2019-1024x683.jpg 1024w, https:\/\/neststylevalencia.com\/wp-content\/uploads\/2019\/08\/07common-areas-nest-style-valencia-2019-219x146.jpg 219w, https:\/\/neststylevalencia.com\/wp-content\/uploads\/2019\/08\/07common-areas-nest-style-valencia-2019-50x33.jpg 50w, https:\/\/neststylevalencia.com\/wp-content\/uploads\/2019\/08\/07common-areas-nest-style-valencia-2019-112x75.jpg 112w\" sizes=\"(max-width: 1619px) 100vw, 1619px\" \/><figcaption class=\"wp-element-caption\">Servicios Nest Style Valencia<\/figcaption><\/figure>\n","protected":false},"excerpt":{"rendered":"<p>Servicios de Nest Style Hotel Valencia. Hotel con servicios de calidad en Valencia al mejor precio de la ciudad. Wifi gratis, aire acondicionado y armarios en todas las habitaciones. Precios insuperables, siempre el mejor precio, sin cargos por reservar. Nuestro precio es el oficial. Confirmaci\u00f3n inmediata y recibir\u00e1 un email de confirmaci\u00f3n y podr\u00e1 gestionar su reserva Online. Staff multidiomas, todo nuestro equipo habla m\u00e1s de 3 idiomas y podr\u00e1 ayudarle. Reserva segura. Nos preocupamos mucho por cuidar y proteger tu informaci\u00f3n<\/p>\n","protected":false},"author":7,"featured_media":1373,"parent":0,"menu_order":0,"comment_status":"closed","ping_status":"closed","template":"","meta":{"footnotes":""},"class_list":["post-281","page","type-page","status-publish","has-post-thumbnail","hentry"],"yoast_head":"<!-- This site is optimized with the Yoast SEO plugin v27.4 - https:\/\/yoast.com\/product\/yoast-seo-wordpress\/ -->\n<title>Servicios de Nest Style Hotel Valencia. Hotel con servicios de calidad<\/title>\n<meta name=\"description\" content=\"Servicios de Nest Style Hotel Valencia. Hotel con servicios de calidad en Valencia al mejor precio de la ciudad. Wifi gratis, aire acondicionado y armarios\" \/>\n<meta name=\"robots\" content=\"index, follow, max-snippet:-1, max-image-preview:large, max-video-preview:-1\" \/>\n<link rel=\"canonical\" href=\"https:\/\/neststylevalencia.com\/es\/servicios\/\" \/>\n<meta property=\"og:locale\" content=\"es_ES\" \/>\n<meta property=\"og:type\" content=\"article\" \/>\n<meta property=\"og:title\" content=\"Servicios de Nest Style Hotel Valencia. Hotel con servicios de calidad\" \/>\n<meta property=\"og:description\" content=\"Servicios de Nest Style Hotel Valencia. Hotel con servicios de calidad en Valencia al mejor precio de la ciudad. Wifi gratis, aire acondicionado y armarios\" \/>\n<meta property=\"og:url\" content=\"https:\/\/neststylevalencia.com\/es\/servicios\/\" \/>\n<meta property=\"og:site_name\" content=\"Nest Style Valencia\" \/>\n<meta property=\"article:publisher\" content=\"https:\/\/www.facebook.com\/NestStyleValenciaHotel\/\" \/>\n<meta property=\"article:modified_time\" content=\"2024-05-24T09:00:51+00:00\" \/>\n<meta property=\"og:image\" content=\"https:\/\/neststylevalencia.com\/wp-content\/uploads\/2019\/08\/19common-areas-nest-style-valencia-2019.jpg\" \/>\n\t<meta property=\"og:image:width\" content=\"1619\" \/>\n\t<meta property=\"og:image:height\" content=\"1080\" \/>\n\t<meta property=\"og:image:type\" content=\"image\/jpeg\" \/>\n<meta name=\"twitter:card\" content=\"summary_large_image\" \/>\n<meta name=\"twitter:site\" content=\"@neststylevlc\" \/>\n<meta name=\"twitter:label1\" content=\"Tiempo de lectura\" \/>\n\t<meta name=\"twitter:data1\" content=\"3 minutos\" \/>\n<script type=\"application\/ld+json\" class=\"yoast-schema-graph\">{\"@context\":\"https:\\\/\\\/schema.org\",\"@graph\":[{\"@type\":\"WebPage\",\"@id\":\"https:\\\/\\\/neststylevalencia.com\\\/es\\\/servicios\\\/\",\"url\":\"https:\\\/\\\/neststylevalencia.com\\\/es\\\/servicios\\\/\",\"name\":\"Servicios de Nest Style Hotel Valencia. Hotel con servicios de calidad\",\"isPartOf\":{\"@id\":\"https:\\\/\\\/neststylevalencia.com\\\/es\\\/#website\"},\"primaryImageOfPage\":{\"@id\":\"https:\\\/\\\/neststylevalencia.com\\\/es\\\/servicios\\\/#primaryimage\"},\"image\":{\"@id\":\"https:\\\/\\\/neststylevalencia.com\\\/es\\\/servicios\\\/#primaryimage\"},\"thumbnailUrl\":\"https:\\\/\\\/neststylevalencia.com\\\/wp-content\\\/uploads\\\/2019\\\/08\\\/19common-areas-nest-style-valencia-2019.jpg\",\"datePublished\":\"2019-05-23T13:17:04+00:00\",\"dateModified\":\"2024-05-24T09:00:51+00:00\",\"description\":\"Servicios de Nest Style Hotel Valencia. Hotel con servicios de calidad en Valencia al mejor precio de la ciudad. Wifi gratis, aire acondicionado y armarios\",\"inLanguage\":\"es\",\"potentialAction\":[{\"@type\":\"ReadAction\",\"target\":[\"https:\\\/\\\/neststylevalencia.com\\\/es\\\/servicios\\\/\"]}]},{\"@type\":\"ImageObject\",\"inLanguage\":\"es\",\"@id\":\"https:\\\/\\\/neststylevalencia.com\\\/es\\\/servicios\\\/#primaryimage\",\"url\":\"https:\\\/\\\/neststylevalencia.com\\\/wp-content\\\/uploads\\\/2019\\\/08\\\/19common-areas-nest-style-valencia-2019.jpg\",\"contentUrl\":\"https:\\\/\\\/neststylevalencia.com\\\/wp-content\\\/uploads\\\/2019\\\/08\\\/19common-areas-nest-style-valencia-2019.jpg\",\"width\":1619,\"height\":1080,\"caption\":\"Breakfast\"},{\"@type\":\"WebSite\",\"@id\":\"https:\\\/\\\/neststylevalencia.com\\\/es\\\/#website\",\"url\":\"https:\\\/\\\/neststylevalencia.com\\\/es\\\/\",\"name\":\"Nest Style Valencia\",\"description\":\"Elegancia y sencillez\",\"publisher\":{\"@id\":\"https:\\\/\\\/neststylevalencia.com\\\/es\\\/#organization\"},\"alternateName\":\"Nest Style Valencia Hotel\",\"potentialAction\":[{\"@type\":\"SearchAction\",\"target\":{\"@type\":\"EntryPoint\",\"urlTemplate\":\"https:\\\/\\\/neststylevalencia.com\\\/es\\\/?s={search_term_string}\"},\"query-input\":{\"@type\":\"PropertyValueSpecification\",\"valueRequired\":true,\"valueName\":\"search_term_string\"}}],\"inLanguage\":\"es\"},{\"@type\":\"Organization\",\"@id\":\"https:\\\/\\\/neststylevalencia.com\\\/es\\\/#organization\",\"name\":\"Nest Style Valencia\",\"alternateName\":\"Nest Style Valencia Hotel\",\"url\":\"https:\\\/\\\/neststylevalencia.com\\\/es\\\/\",\"logo\":{\"@type\":\"ImageObject\",\"inLanguage\":\"es\",\"@id\":\"https:\\\/\\\/neststylevalencia.com\\\/es\\\/#\\\/schema\\\/logo\\\/image\\\/\",\"url\":\"https:\\\/\\\/neststylevalencia.com\\\/wp-content\\\/uploads\\\/2019\\\/07\\\/logo-web-nest-style-valencia-2019.jpg\",\"contentUrl\":\"https:\\\/\\\/neststylevalencia.com\\\/wp-content\\\/uploads\\\/2019\\\/07\\\/logo-web-nest-style-valencia-2019.jpg\",\"width\":1200,\"height\":1200,\"caption\":\"Nest Style Valencia\"},\"image\":{\"@id\":\"https:\\\/\\\/neststylevalencia.com\\\/es\\\/#\\\/schema\\\/logo\\\/image\\\/\"},\"sameAs\":[\"https:\\\/\\\/www.facebook.com\\\/NestStyleValenciaHotel\\\/\",\"https:\\\/\\\/x.com\\\/neststylevlc\",\"https:\\\/\\\/www.instagram.com\\\/neststylevalencia\\\/\",\"https:\\\/\\\/www.linkedin.com\\\/company\\\/nest-style-valencia-hotel\\\/\",\"https:\\\/\\\/www.youtube.com\\\/@neststylevalenciahotel\",\"https:\\\/\\\/www.tripadvisor.com\\\/Hotel_Review-g187529-d18379474-Reviews-Nest_Style_Hotel_Valencia-Valencia_Province_of_Valencia_Valencian_Country.html\",\"https:\\\/\\\/snapchat.com\\\/add\\\/neststylevlc\",\"https:\\\/\\\/vk.com\\\/neststylevalenciahotel\",\"https:\\\/\\\/g.page\\\/NestStyleHotelValencia\\\/\",\"https:\\\/\\\/www.tiktok.com\\\/@neststylevalenciahotel\"]}]}<\/script>\n<!-- \/ Yoast SEO plugin. -->","yoast_head_json":{"title":"Servicios de Nest Style Hotel Valencia. Hotel con servicios de calidad","description":"Servicios de Nest Style Hotel Valencia. Hotel con servicios de calidad en Valencia al mejor precio de la ciudad. Wifi gratis, aire acondicionado y armarios","robots":{"index":"index","follow":"follow","max-snippet":"max-snippet:-1","max-image-preview":"max-image-preview:large","max-video-preview":"max-video-preview:-1"},"canonical":"https:\/\/neststylevalencia.com\/es\/servicios\/","og_locale":"es_ES","og_type":"article","og_title":"Servicios de Nest Style Hotel Valencia. Hotel con servicios de calidad","og_description":"Servicios de Nest Style Hotel Valencia. Hotel con servicios de calidad en Valencia al mejor precio de la ciudad. Wifi gratis, aire acondicionado y armarios","og_url":"https:\/\/neststylevalencia.com\/es\/servicios\/","og_site_name":"Nest Style Valencia","article_publisher":"https:\/\/www.facebook.com\/NestStyleValenciaHotel\/","article_modified_time":"2024-05-24T09:00:51+00:00","og_image":[{"width":1619,"height":1080,"url":"https:\/\/neststylevalencia.com\/wp-content\/uploads\/2019\/08\/19common-areas-nest-style-valencia-2019.jpg","type":"image\/jpeg"}],"twitter_card":"summary_large_image","twitter_site":"@neststylevlc","twitter_misc":{"Tiempo de lectura":"3 minutos"},"schema":{"@context":"https:\/\/schema.org","@graph":[{"@type":"WebPage","@id":"https:\/\/neststylevalencia.com\/es\/servicios\/","url":"https:\/\/neststylevalencia.com\/es\/servicios\/","name":"Servicios de Nest Style Hotel Valencia. Hotel con servicios de calidad","isPartOf":{"@id":"https:\/\/neststylevalencia.com\/es\/#website"},"primaryImageOfPage":{"@id":"https:\/\/neststylevalencia.com\/es\/servicios\/#primaryimage"},"image":{"@id":"https:\/\/neststylevalencia.com\/es\/servicios\/#primaryimage"},"thumbnailUrl":"https:\/\/neststylevalencia.com\/wp-content\/uploads\/2019\/08\/19common-areas-nest-style-valencia-2019.jpg","datePublished":"2019-05-23T13:17:04+00:00","dateModified":"2024-05-24T09:00:51+00:00","description":"Servicios de Nest Style Hotel Valencia. Hotel con servicios de calidad en Valencia al mejor precio de la ciudad. Wifi gratis, aire acondicionado y armarios","inLanguage":"es","potentialAction":[{"@type":"ReadAction","target":["https:\/\/neststylevalencia.com\/es\/servicios\/"]}]},{"@type":"ImageObject","inLanguage":"es","@id":"https:\/\/neststylevalencia.com\/es\/servicios\/#primaryimage","url":"https:\/\/neststylevalencia.com\/wp-content\/uploads\/2019\/08\/19common-areas-nest-style-valencia-2019.jpg","contentUrl":"https:\/\/neststylevalencia.com\/wp-content\/uploads\/2019\/08\/19common-areas-nest-style-valencia-2019.jpg","width":1619,"height":1080,"caption":"Breakfast"},{"@type":"WebSite","@id":"https:\/\/neststylevalencia.com\/es\/#website","url":"https:\/\/neststylevalencia.com\/es\/","name":"Nest Style Valencia","description":"Elegancia y sencillez","publisher":{"@id":"https:\/\/neststylevalencia.com\/es\/#organization"},"alternateName":"Nest Style Valencia Hotel","potentialAction":[{"@type":"SearchAction","target":{"@type":"EntryPoint","urlTemplate":"https:\/\/neststylevalencia.com\/es\/?s={search_term_string}"},"query-input":{"@type":"PropertyValueSpecification","valueRequired":true,"valueName":"search_term_string"}}],"inLanguage":"es"},{"@type":"Organization","@id":"https:\/\/neststylevalencia.com\/es\/#organization","name":"Nest Style Valencia","alternateName":"Nest Style Valencia Hotel","url":"https:\/\/neststylevalencia.com\/es\/","logo":{"@type":"ImageObject","inLanguage":"es","@id":"https:\/\/neststylevalencia.com\/es\/#\/schema\/logo\/image\/","url":"https:\/\/neststylevalencia.com\/wp-content\/uploads\/2019\/07\/logo-web-nest-style-valencia-2019.jpg","contentUrl":"https:\/\/neststylevalencia.com\/wp-content\/uploads\/2019\/07\/logo-web-nest-style-valencia-2019.jpg","width":1200,"height":1200,"caption":"Nest Style Valencia"},"image":{"@id":"https:\/\/neststylevalencia.com\/es\/#\/schema\/logo\/image\/"},"sameAs":["https:\/\/www.facebook.com\/NestStyleValenciaHotel\/","https:\/\/x.com\/neststylevlc","https:\/\/www.instagram.com\/neststylevalencia\/","https:\/\/www.linkedin.com\/company\/nest-style-valencia-hotel\/","https:\/\/www.youtube.com\/@neststylevalenciahotel","https:\/\/www.tripadvisor.com\/Hotel_Review-g187529-d18379474-Reviews-Nest_Style_Hotel_Valencia-Valencia_Province_of_Valencia_Valencian_Country.html","https:\/\/snapchat.com\/add\/neststylevlc","https:\/\/vk.com\/neststylevalenciahotel","https:\/\/g.page\/NestStyleHotelValencia\/","https:\/\/www.tiktok.com\/@neststylevalenciahotel"]}]}},"_links":{"self":[{"href":"https:\/\/neststylevalencia.com\/es\/wp-json\/wp\/v2\/pages\/281","targetHints":{"allow":["GET"]}}],"collection":[{"href":"https:\/\/neststylevalencia.com\/es\/wp-json\/wp\/v2\/pages"}],"about":[{"href":"https:\/\/neststylevalencia.com\/es\/wp-json\/wp\/v2\/types\/page"}],"author":[{"embeddable":true,"href":"https:\/\/neststylevalencia.com\/es\/wp-json\/wp\/v2\/users\/7"}],"replies":[{"embeddable":true,"href":"https:\/\/neststylevalencia.com\/es\/wp-json\/wp\/v2\/comments?post=281"}],"version-history":[{"count":0,"href":"https:\/\/neststylevalencia.com\/es\/wp-json\/wp\/v2\/pages\/281\/revisions"}],"wp:featuredmedia":[{"embeddable":true,"href":"https:\/\/neststylevalencia.com\/es\/wp-json\/wp\/v2\/media\/1373"}],"wp:attachment":[{"href":"https:\/\/neststylevalencia.com\/es\/wp-json\/wp\/v2\/media?parent=281"}],"curies":[{"name":"wp","href":"https:\/\/api.w.org\/{rel}","templated":true}]}}