{"id":283,"date":"2019-05-23T13:16:02","date_gmt":"2019-05-23T13:16:02","guid":{"rendered":"https:\/\/neststylevalencia.com\/home\/"},"modified":"2024-04-02T13:32:24","modified_gmt":"2024-04-02T13:32:24","slug":"home","status":"publish","type":"page","link":"https:\/\/neststylevalencia.com\/es\/","title":{"rendered":"Nest Style Valencia"},"content":{"rendered":"\n<h1 class=\"wp-block-heading has-text-align-center\">Nest Style Valencia<\/h1>\n\n<h2 class=\"wp-block-heading\">Atenci\u00f3n personalizada<\/h2>\n\n<h2 class=\"wp-block-heading\">Habitaciones con dise\u00f1os originales<\/h2>\n\n<h2 class=\"wp-block-heading\">Excelente ubicaci\u00f3n<\/h2>\n\n<h2 class=\"wp-block-heading\">Habitaciones confortables<\/h2>\n\n<h2 class=\"wp-block-heading\">Instalaciones ecol\u00f3gicas<\/h2>\n\n<h2 class=\"wp-block-heading\">Siempre el mejor precio en l\u00ednea<\/h2>\n\n<p>\u00bfEst\u00e1 buscando un hotel en Valencia? Le presentamos el Nest Style Valencia, un nuevo concepto hotelero, con habitaciones decoradas con colores vivos y finos acabados. Ubicado en la c\u00e9ntrica Avenida del Puerto Nro 77, a pocos metros del famoso Jard\u00edn del Turia (Antiguo cause del R\u00edo Turia), cerca de la ciudad de las Artes y las Ciencias y muchos otros lugares que podr\u00e1 descubrir en su visita a Valencia. \u2b50\u2b50\u2b50<\/p>\n\n<p>Nuestros hu\u00e9spedes hablan de nosotros y resaltan:<\/p>\n\n<p>\u00abEl confort y tama\u00f1o de las habitaciones es superior a otros hoteles similares, pasi\u00f3n y dise\u00f1o, atenci\u00f3n al detalle y profesionalidad del personal. Muy buena ubicaci\u00f3n\u00bb<\/p>\n\n<h2 class=\"wp-block-heading\">Descubre Nest Style Valencia<\/h2>\n\n<p>Disfruta y descubre lugares para so\u00f1ar en Valencia, nosotros nos encargamos de lo dem\u00e1s<\/p>\n\n<h2 class=\"wp-block-heading\">Nuestras instalaciones<\/h2>\n\n<p>Hotel en una zona tur\u00edstica y comercial de Valencia<\/p>\n\n<h2 class=\"wp-block-heading\">Nos hemos centrado en los detalles<\/h2>\n\n<p>Con colores vivos, dise\u00f1os limpios, claros y de calidad<\/p>\n\n<h2 class=\"wp-block-heading\">Nuestros servicios<\/h2>\n\n<p>Estos son solo algunos de nuestros servicios, reserve su habitaci\u00f3n y descubra todo lo que podemos ofrecerle durante su estancia con nosotros en Valencia<\/p>\n\n<h3 class=\"wp-block-heading\">WiFi de alta velocidad gratuito en todas nuestras instalaciones<\/h3>\n\n<p>Wifi gratis de alta velocidad en todas nuestras instalaciones Pensamos Wi-Fi gratis no es un capricho ni un lujo, es una necesidad, es algo indispensable para nuestros clientes.<\/p>\n\n<h3 class=\"wp-block-heading\">Servicio de desayuno a petici\u00f3n de nuestros hu\u00e9spedes<\/h3>\n\n<p>Desayuno continental, solemos tener una de las mejores valoraciones del sector en cuanto a la calidad y variedad de nuestros desayunos<\/p>\n\n<h3 class=\"wp-block-heading\">Aire acondicionado automatizado en todas nuestras instalaciones<\/h3>\n\n<p>Nos tomamos muy en serio \u00abla comodidad de nuestros hu\u00e9spedes\u00bb. Tambi\u00e9n en cada una de nuestras habitaciones<\/p>\n\n<h3 class=\"wp-block-heading\">Servicio de lavander\u00eda personalizado a petici\u00f3n de nuestros hu\u00e9spedes<\/h3>\n\n<p>Lavado, planchado, secado de la ropa del hotel, as\u00ed como el servicio de la ropa de los hu\u00e9spedes, con personal cualificado y maquinaria adecuada.<\/p>\n\n<h3 class=\"wp-block-heading\">Servicio de taxi \/ transfer para todos nuestros hu\u00e9spedes<\/h3>\n\n<p>No se preocupe por nada con nuestro servicio de traslado del aeropuerto. Un lugar c\u00f3modo, seguro y con buenos precios.<\/p>\n\n<h3 class=\"wp-block-heading\">Ordenador en recepci\u00f3n para nuestros hu\u00e9spedes<\/h3>\n\n<p>Una zona reservada para el trabajo, una oficina minimalista pero totalmente equipada cuando la necesite<\/p>\n\n<h3 class=\"wp-block-heading\">C\u00e1maras de seguridad para la m\u00e1s alta calidad del servicio<\/h3>\n\n<p>La seguridad de nuestros hu\u00e9spedes esta garantizada ante cualquier inconveniente que surja durante la estancia en nuestro hotel<\/p>\n\n<h3 class=\"wp-block-heading\">Smart TV con conexi\u00f3n a Internet y m\u00e1s de 400 canales de diferentes pa\u00edses<\/h3>\n\n<p>Conexi\u00f3n con todas las aplicaciones m\u00e1s comunes que vienen en una Smart TV.<\/p>\n\n<h3 class=\"wp-block-heading\">\u00bfViajes con tu bebe? Tenemos cunas en nuestras habitaciones<\/h3>\n\n<p>Disponemos de cunas para beb\u00e9s. Estas deben solicitarse previamente a la llegada al hotel, pues est\u00e1n sujetas a disponibilidad.<\/p>\n\n<h3 class=\"wp-block-heading\">Servicio de despertador para todos nuestros hu\u00e9spedes<\/h3>\n\n<p>Podemos ayudarte a despertar\u2026 \u00abBuenos d\u00edas!!!!, son las ocho de la ma\u00f1ana, esperamos que tenga un buen d\u00eda\u00bb<\/p>\n\n<h2 class=\"wp-block-heading\">Pasi\u00f3n y dise\u00f1o en habitaciones amplias y luminosas<\/h2>\n\n<p><\/p>\n","protected":false},"excerpt":{"rendered":"<p>Nest Style Hotel Valencia. Habitaciones con pasi\u00f3n y dise\u00f1o en Av. del Puerto \u2714\ufe0f Hotel en Valencia con atenci\u00f3n al detalle y habitaciones grandes y confortables de dise\u00f1o original, una excelente ubicaci\u00f3n en Valencia, ofertas y descuentos especiales. Reservar en Nest Style Valencia<\/p>\n","protected":false},"author":7,"featured_media":2777,"parent":0,"menu_order":0,"comment_status":"closed","ping_status":"closed","template":"","meta":{"footnotes":""},"class_list":["post-283","page","type-page","status-publish","has-post-thumbnail","hentry"],"yoast_head":"<!-- This site is optimized with the Yoast SEO plugin v27.3 - https:\/\/yoast.com\/product\/yoast-seo-wordpress\/ -->\n<title>Nest Style Valencia. Habitaciones con pasi\u00f3n y dise\u00f1o<\/title>\n<meta name=\"description\" content=\"Nest Style Valencia. Habitaciones con pasi\u00f3n y dise\u00f1o en el Hotel Av. del Puerto \u2714\ufe0f en Valencia con atenci\u00f3n al detalle\" \/>\n<meta name=\"robots\" content=\"index, follow, max-snippet:-1, max-image-preview:large, max-video-preview:-1\" \/>\n<link rel=\"canonical\" href=\"https:\/\/neststylevalencia.com\/es\/\" \/>\n<meta property=\"og:locale\" content=\"es_ES\" \/>\n<meta property=\"og:type\" content=\"article\" \/>\n<meta property=\"og:title\" content=\"Nest Style Valencia. Habitaciones con pasi\u00f3n y dise\u00f1o\" \/>\n<meta property=\"og:description\" content=\"Nest Style Valencia. Habitaciones con pasi\u00f3n y dise\u00f1o en el Hotel Av. del Puerto \u2714\ufe0f en Valencia con atenci\u00f3n al detalle\" \/>\n<meta property=\"og:url\" content=\"https:\/\/neststylevalencia.com\/es\/\" \/>\n<meta property=\"og:site_name\" content=\"Nest Style Valencia\" \/>\n<meta property=\"article:publisher\" content=\"https:\/\/www.facebook.com\/NestStyleValenciaHotel\/\" \/>\n<meta property=\"article:modified_time\" content=\"2024-04-02T13:32:24+00:00\" \/>\n<meta property=\"og:image\" content=\"https:\/\/neststylevalencia.com\/wp-content\/uploads\/2019\/11\/header-google.jpg\" \/>\n\t<meta property=\"og:image:width\" content=\"1342\" \/>\n\t<meta property=\"og:image:height\" content=\"756\" \/>\n\t<meta property=\"og:image:type\" content=\"image\/jpeg\" \/>\n<meta name=\"twitter:card\" content=\"summary_large_image\" \/>\n<meta name=\"twitter:site\" content=\"@neststylevlc\" \/>\n<meta name=\"twitter:label1\" content=\"Tiempo de lectura\" \/>\n\t<meta name=\"twitter:data1\" content=\"5 minutos\" \/>\n<script type=\"application\/ld+json\" class=\"yoast-schema-graph\">{\"@context\":\"https:\\\/\\\/schema.org\",\"@graph\":[{\"@type\":\"WebPage\",\"@id\":\"https:\\\/\\\/neststylevalencia.com\\\/es\\\/\",\"url\":\"https:\\\/\\\/neststylevalencia.com\\\/es\\\/\",\"name\":\"Nest Style Valencia. Habitaciones con pasi\u00f3n y dise\u00f1o\",\"isPartOf\":{\"@id\":\"https:\\\/\\\/neststylevalencia.com\\\/es\\\/#website\"},\"primaryImageOfPage\":{\"@id\":\"https:\\\/\\\/neststylevalencia.com\\\/es\\\/#primaryimage\"},\"image\":{\"@id\":\"https:\\\/\\\/neststylevalencia.com\\\/es\\\/#primaryimage\"},\"thumbnailUrl\":\"https:\\\/\\\/neststylevalencia.com\\\/wp-content\\\/uploads\\\/2019\\\/11\\\/header-google.jpg\",\"datePublished\":\"2019-05-23T13:16:02+00:00\",\"dateModified\":\"2024-04-02T13:32:24+00:00\",\"description\":\"Nest Style Valencia. Habitaciones con pasi\u00f3n y dise\u00f1o en el Hotel Av. del Puerto \u2714\ufe0f en Valencia con atenci\u00f3n al detalle\",\"inLanguage\":\"es\",\"potentialAction\":[{\"@type\":\"ReadAction\",\"target\":[\"https:\\\/\\\/neststylevalencia.com\\\/es\\\/\"]}]},{\"@type\":\"ImageObject\",\"inLanguage\":\"es\",\"@id\":\"https:\\\/\\\/neststylevalencia.com\\\/es\\\/#primaryimage\",\"url\":\"https:\\\/\\\/neststylevalencia.com\\\/wp-content\\\/uploads\\\/2019\\\/11\\\/header-google.jpg\",\"contentUrl\":\"https:\\\/\\\/neststylevalencia.com\\\/wp-content\\\/uploads\\\/2019\\\/11\\\/header-google.jpg\",\"width\":1342,\"height\":756,\"caption\":\"Room Nest Style Hotel Valencia\"},{\"@type\":\"WebSite\",\"@id\":\"https:\\\/\\\/neststylevalencia.com\\\/es\\\/#website\",\"url\":\"https:\\\/\\\/neststylevalencia.com\\\/es\\\/\",\"name\":\"Nest Style Valencia\",\"description\":\"Elegancia y sencillez\",\"publisher\":{\"@id\":\"https:\\\/\\\/neststylevalencia.com\\\/es\\\/#organization\"},\"alternateName\":\"Nest Style Valencia Hotel\",\"potentialAction\":[{\"@type\":\"SearchAction\",\"target\":{\"@type\":\"EntryPoint\",\"urlTemplate\":\"https:\\\/\\\/neststylevalencia.com\\\/es\\\/?s={search_term_string}\"},\"query-input\":{\"@type\":\"PropertyValueSpecification\",\"valueRequired\":true,\"valueName\":\"search_term_string\"}}],\"inLanguage\":\"es\"},{\"@type\":\"Organization\",\"@id\":\"https:\\\/\\\/neststylevalencia.com\\\/es\\\/#organization\",\"name\":\"Nest Style Valencia\",\"alternateName\":\"Nest Style Valencia Hotel\",\"url\":\"https:\\\/\\\/neststylevalencia.com\\\/es\\\/\",\"logo\":{\"@type\":\"ImageObject\",\"inLanguage\":\"es\",\"@id\":\"https:\\\/\\\/neststylevalencia.com\\\/es\\\/#\\\/schema\\\/logo\\\/image\\\/\",\"url\":\"https:\\\/\\\/neststylevalencia.com\\\/wp-content\\\/uploads\\\/2019\\\/07\\\/logo-web-nest-style-valencia-2019.jpg\",\"contentUrl\":\"https:\\\/\\\/neststylevalencia.com\\\/wp-content\\\/uploads\\\/2019\\\/07\\\/logo-web-nest-style-valencia-2019.jpg\",\"width\":1200,\"height\":1200,\"caption\":\"Nest Style Valencia\"},\"image\":{\"@id\":\"https:\\\/\\\/neststylevalencia.com\\\/es\\\/#\\\/schema\\\/logo\\\/image\\\/\"},\"sameAs\":[\"https:\\\/\\\/www.facebook.com\\\/NestStyleValenciaHotel\\\/\",\"https:\\\/\\\/x.com\\\/neststylevlc\",\"https:\\\/\\\/www.instagram.com\\\/neststylevalencia\\\/\",\"https:\\\/\\\/www.linkedin.com\\\/company\\\/nest-style-valencia-hotel\\\/\",\"https:\\\/\\\/www.youtube.com\\\/@neststylevalenciahotel\",\"https:\\\/\\\/www.tripadvisor.com\\\/Hotel_Review-g187529-d18379474-Reviews-Nest_Style_Hotel_Valencia-Valencia_Province_of_Valencia_Valencian_Country.html\",\"https:\\\/\\\/snapchat.com\\\/add\\\/neststylevlc\",\"https:\\\/\\\/vk.com\\\/neststylevalenciahotel\",\"https:\\\/\\\/g.page\\\/NestStyleHotelValencia\\\/\",\"https:\\\/\\\/www.tiktok.com\\\/@neststylevalenciahotel\"]}]}<\/script>\n<!-- \/ Yoast SEO plugin. -->","yoast_head_json":{"title":"Nest Style Valencia. Habitaciones con pasi\u00f3n y dise\u00f1o","description":"Nest Style Valencia. Habitaciones con pasi\u00f3n y dise\u00f1o en el Hotel Av. del Puerto \u2714\ufe0f en Valencia con atenci\u00f3n al detalle","robots":{"index":"index","follow":"follow","max-snippet":"max-snippet:-1","max-image-preview":"max-image-preview:large","max-video-preview":"max-video-preview:-1"},"canonical":"https:\/\/neststylevalencia.com\/es\/","og_locale":"es_ES","og_type":"article","og_title":"Nest Style Valencia. Habitaciones con pasi\u00f3n y dise\u00f1o","og_description":"Nest Style Valencia. Habitaciones con pasi\u00f3n y dise\u00f1o en el Hotel Av. del Puerto \u2714\ufe0f en Valencia con atenci\u00f3n al detalle","og_url":"https:\/\/neststylevalencia.com\/es\/","og_site_name":"Nest Style Valencia","article_publisher":"https:\/\/www.facebook.com\/NestStyleValenciaHotel\/","article_modified_time":"2024-04-02T13:32:24+00:00","og_image":[{"width":1342,"height":756,"url":"https:\/\/neststylevalencia.com\/wp-content\/uploads\/2019\/11\/header-google.jpg","type":"image\/jpeg"}],"twitter_card":"summary_large_image","twitter_site":"@neststylevlc","twitter_misc":{"Tiempo de lectura":"5 minutos"},"schema":{"@context":"https:\/\/schema.org","@graph":[{"@type":"WebPage","@id":"https:\/\/neststylevalencia.com\/es\/","url":"https:\/\/neststylevalencia.com\/es\/","name":"Nest Style Valencia. Habitaciones con pasi\u00f3n y dise\u00f1o","isPartOf":{"@id":"https:\/\/neststylevalencia.com\/es\/#website"},"primaryImageOfPage":{"@id":"https:\/\/neststylevalencia.com\/es\/#primaryimage"},"image":{"@id":"https:\/\/neststylevalencia.com\/es\/#primaryimage"},"thumbnailUrl":"https:\/\/neststylevalencia.com\/wp-content\/uploads\/2019\/11\/header-google.jpg","datePublished":"2019-05-23T13:16:02+00:00","dateModified":"2024-04-02T13:32:24+00:00","description":"Nest Style Valencia. Habitaciones con pasi\u00f3n y dise\u00f1o en el Hotel Av. del Puerto \u2714\ufe0f en Valencia con atenci\u00f3n al detalle","inLanguage":"es","potentialAction":[{"@type":"ReadAction","target":["https:\/\/neststylevalencia.com\/es\/"]}]},{"@type":"ImageObject","inLanguage":"es","@id":"https:\/\/neststylevalencia.com\/es\/#primaryimage","url":"https:\/\/neststylevalencia.com\/wp-content\/uploads\/2019\/11\/header-google.jpg","contentUrl":"https:\/\/neststylevalencia.com\/wp-content\/uploads\/2019\/11\/header-google.jpg","width":1342,"height":756,"caption":"Room Nest Style Hotel Valencia"},{"@type":"WebSite","@id":"https:\/\/neststylevalencia.com\/es\/#website","url":"https:\/\/neststylevalencia.com\/es\/","name":"Nest Style Valencia","description":"Elegancia y sencillez","publisher":{"@id":"https:\/\/neststylevalencia.com\/es\/#organization"},"alternateName":"Nest Style Valencia Hotel","potentialAction":[{"@type":"SearchAction","target":{"@type":"EntryPoint","urlTemplate":"https:\/\/neststylevalencia.com\/es\/?s={search_term_string}"},"query-input":{"@type":"PropertyValueSpecification","valueRequired":true,"valueName":"search_term_string"}}],"inLanguage":"es"},{"@type":"Organization","@id":"https:\/\/neststylevalencia.com\/es\/#organization","name":"Nest Style Valencia","alternateName":"Nest Style Valencia Hotel","url":"https:\/\/neststylevalencia.com\/es\/","logo":{"@type":"ImageObject","inLanguage":"es","@id":"https:\/\/neststylevalencia.com\/es\/#\/schema\/logo\/image\/","url":"https:\/\/neststylevalencia.com\/wp-content\/uploads\/2019\/07\/logo-web-nest-style-valencia-2019.jpg","contentUrl":"https:\/\/neststylevalencia.com\/wp-content\/uploads\/2019\/07\/logo-web-nest-style-valencia-2019.jpg","width":1200,"height":1200,"caption":"Nest Style Valencia"},"image":{"@id":"https:\/\/neststylevalencia.com\/es\/#\/schema\/logo\/image\/"},"sameAs":["https:\/\/www.facebook.com\/NestStyleValenciaHotel\/","https:\/\/x.com\/neststylevlc","https:\/\/www.instagram.com\/neststylevalencia\/","https:\/\/www.linkedin.com\/company\/nest-style-valencia-hotel\/","https:\/\/www.youtube.com\/@neststylevalenciahotel","https:\/\/www.tripadvisor.com\/Hotel_Review-g187529-d18379474-Reviews-Nest_Style_Hotel_Valencia-Valencia_Province_of_Valencia_Valencian_Country.html","https:\/\/snapchat.com\/add\/neststylevlc","https:\/\/vk.com\/neststylevalenciahotel","https:\/\/g.page\/NestStyleHotelValencia\/","https:\/\/www.tiktok.com\/@neststylevalenciahotel"]}]}},"_links":{"self":[{"href":"https:\/\/neststylevalencia.com\/es\/wp-json\/wp\/v2\/pages\/283","targetHints":{"allow":["GET"]}}],"collection":[{"href":"https:\/\/neststylevalencia.com\/es\/wp-json\/wp\/v2\/pages"}],"about":[{"href":"https:\/\/neststylevalencia.com\/es\/wp-json\/wp\/v2\/types\/page"}],"author":[{"embeddable":true,"href":"https:\/\/neststylevalencia.com\/es\/wp-json\/wp\/v2\/users\/7"}],"replies":[{"embeddable":true,"href":"https:\/\/neststylevalencia.com\/es\/wp-json\/wp\/v2\/comments?post=283"}],"version-history":[{"count":0,"href":"https:\/\/neststylevalencia.com\/es\/wp-json\/wp\/v2\/pages\/283\/revisions"}],"wp:featuredmedia":[{"embeddable":true,"href":"https:\/\/neststylevalencia.com\/es\/wp-json\/wp\/v2\/media\/2777"}],"wp:attachment":[{"href":"https:\/\/neststylevalencia.com\/es\/wp-json\/wp\/v2\/media?parent=283"}],"curies":[{"name":"wp","href":"https:\/\/api.w.org\/{rel}","templated":true}]}}