{"id":3120,"date":"2020-01-21T11:45:12","date_gmt":"2020-01-21T11:45:12","guid":{"rendered":"https:\/\/neststylevalencia.com\/?page_id=3120"},"modified":"2024-05-16T15:14:40","modified_gmt":"2024-05-16T15:14:40","slug":"declaracion-eco-friendly","status":"publish","type":"page","link":"https:\/\/neststylevalencia.com\/es\/declaracion-eco-friendly\/","title":{"rendered":"Eco-Friendly \u267b\ufe0f"},"content":{"rendered":"\n<h1 class=\"wp-block-heading has-text-align-center\">Declaraci\u00f3n ecol\u00f3gica \u267b\ufe0f<\/h1>\n\n<p>Esta es la declaraci\u00f3n ecol\u00f3gica de nuestro Hotel Nest Style Valencia. En este establecimiento gestionamos el reciclaje de pilas, bombillas, tapones de pl\u00e1stico, as\u00ed como de residuos en general (pl\u00e1stico, papel, vidrio, residuos org\u00e1nicos).<\/p>\n\n<ul class=\"wp-block-list\">\n<li>No utilizamos pajitas de pl\u00e1stico &#8211; pajitas de papel disponibles bajo petici\u00f3n.<\/li>\n\n\n\n<li>Hemos reducido el pl\u00e1stico desechable.<\/li>\n\n\n\n<li>Utilizamos papel higi\u00e9nico reciclado.<\/li>\n\n\n\n<li>Reutilizamos el papel de impresora.<\/li>\n\n\n\n<li>Damos otra vida a la ropa de cama vieja.<\/li>\n\n\n\n<li>Reciclamos bombillas.<\/li>\n\n\n\n<li>Reutilizamos el papel de impresora.<\/li>\n\n\n\n<li>Hemos reducido el pl\u00e1stico desechable.<\/li>\n\n\n\n<li>Damos otra vida a la ropa de cama vieja.<\/li>\n\n\n\n<li>Utilizamos energ\u00eda aerot\u00e9rmica (energ\u00eda reciclada del aire ambiente).<\/li>\n\n\n\n<li>Utilizamos bombillas LED para reducir el consumo de energ\u00eda.<\/li>\n\n\n\n<li>Utilizamos aparatos de clase A ++.<\/li>\n<\/ul>\n\n<p>\u00abS\u00f3lo tenemos un planeta\u00bb<\/p>\n\n<p>El cambio comienza con peque\u00f1os gestos<\/p>\n\n<p>Si el tiempo est\u00e1 cambiando, \u00bftambi\u00e9n podemos hacerlo y ocuparnos de \u00e9l?<\/p>\n\n<figure class=\"wp-block-image size-full\"><img fetchpriority=\"high\" decoding=\"async\" width=\"1920\" height=\"1080\" src=\"https:\/\/neststylevalencia.com\/wp-content\/uploads\/2023\/07\/nest-style-valencia-eco-friendly.jpg\" alt=\"Declaraci&#xF3;n ecol&#xF3;gica en Nest Style Valencia\" class=\"wp-image-8860\" srcset=\"https:\/\/neststylevalencia.com\/wp-content\/uploads\/2023\/07\/nest-style-valencia-eco-friendly.jpg 1920w, https:\/\/neststylevalencia.com\/wp-content\/uploads\/2023\/07\/nest-style-valencia-eco-friendly-300x169.jpg 300w, https:\/\/neststylevalencia.com\/wp-content\/uploads\/2023\/07\/nest-style-valencia-eco-friendly-1024x576.jpg 1024w, https:\/\/neststylevalencia.com\/wp-content\/uploads\/2023\/07\/nest-style-valencia-eco-friendly-768x432.jpg 768w, https:\/\/neststylevalencia.com\/wp-content\/uploads\/2023\/07\/nest-style-valencia-eco-friendly-1536x864.jpg 1536w\" sizes=\"(max-width: 1920px) 100vw, 1920px\" \/><\/figure>\n\n<h2 class=\"wp-block-heading\">Compromiso con el medio ambiente | Declaraci\u00f3n ecol\u00f3gica<\/h2>\n\n<p>Somos un <a href=\"https:\/\/neststylevalencia.com\/es\/blog\/\">hotel de Valencia<\/a> que va m\u00e1s all\u00e1 para proteger nuestro planeta. Descubra nuestras iniciativas para reducir nuestra huella de carbono y lograr un cambio positivo en el mundo.<\/p>\n\n<h2 class=\"wp-block-heading\">Diga no a las pajitas de pl\u00e1stico.<\/h2>\n\n<p>En nuestro hotel, las pajitas de pl\u00e1stico son cosa del pasado. Ofrecemos pajitas de papel s\u00f3lo bajo petici\u00f3n para reducir los residuos y proteger nuestros oc\u00e9anos.<\/p>\n\n<h2 class=\"wp-block-heading\">Menos pl\u00e1stico desechable.<\/h2>\n\n<p>Nos hemos comprometido a reducir el pl\u00e1stico desechable en nuestras operaciones diarias y hemos puesto en marcha estrategias eficaces para lograrlo.<\/p>\n\n<h2 class=\"wp-block-heading\">Utilizamos papel higi\u00e9nico reciclado.<\/h2>\n\n<p>Nuestro hotel se enorgullece de utilizar papel higi\u00e9nico reciclado en todos nuestros aseos, contribuyendo as\u00ed a la conservaci\u00f3n de los recursos naturales y a la protecci\u00f3n de nuestros bosques.<\/p>\n\n<h2 class=\"wp-block-heading\">Reutilizaci\u00f3n del papel de impresora.<\/h2>\n\n<p>En nuestro hotel no desperdiciamos papel. Reutilizamos el papel de impresora para minimizar nuestro impacto en el medio ambiente.<\/p>\n\n<h2 class=\"wp-block-heading\">Damos a la ropa de cama vieja una nueva vida.<\/h2>\n\n<p>No tiramos nuestra ropa de cama vieja. En su lugar, les damos una nueva vida a trav\u00e9s de diversas iniciativas de reciclaje y reutilizaci\u00f3n.<\/p>\n\n<h2 class=\"wp-block-heading\">Utilizamos bombillas LED.<\/h2>\n\n<p>Para reducir a\u00fan m\u00e1s nuestro consumo de energ\u00eda, utilizamos bombillas LED en todo el hotel.<\/p>\n\n<h2 class=\"wp-block-heading\">Electrodom\u00e9sticos de clase A++.<\/h2>\n\n<p>Todos nuestros electrodom\u00e9sticos son de clase A++, lo que significa que son incre\u00edblemente eficientes desde el punto de vista energ\u00e9tico y contribuyen a minimizar nuestro impacto sobre el medio ambiente.<\/p>\n\n<p>Con todas estas acciones, estamos demostrando que es posible ofrecer un servicio de alta calidad cuidando al mismo tiempo nuestro planeta.<\/p>\n\n<p class=\"has-text-align-center\">\u00danase a nosotros en nuestro viaje hacia la sostenibilidad. <a href=\"https:\/\/neststylevalencia.com\/es\/reservar-nest-style-hotel-valencia\/\">\u00a1Reserve su estancia hoy mismo!<\/a><\/p>\n","protected":false},"excerpt":{"rendered":"<p>Declaraci\u00f3n Eco-Friendly de Nest Style Hotel Valencia. En este establecimiento gestionamos el reciclaje de pilas, bombillas, tapones pl\u00e1sticos, adem\u00e1s de los residuos generales (pl\u00e1stico, papel, vidrio, basura org\u00e1nica). No utilizamos pajitas de pl\u00e1stico \u2013 disponemos de pajitas de papel bajo petici\u00f3n, hemos reducido el pl\u00e1stico mono uso, utilizamos papel higi\u00e9nico reciclado, reutilizamos los folios para imprimir, le damos otra vida a la ropa de cama antigua. Nuestras instalaciones son eco-friendly. Utilizamos energ\u00eda aerot\u00e9rmica (energ\u00eda reciclada del aire ambiente), disponemos de electrodom\u00e9sticos clase A+, utilizamos bombillas LED para reducir el gasto energ\u00e9tico. Solo tenemos un planeta y el cambio se empieza por los peque\u00f1os gestos. Si el clima est\u00e1 cambiando \u00bfCambiamos nosotros tambi\u00e9n para cuidarlo?<\/p>\n","protected":false},"author":7,"featured_media":8864,"parent":0,"menu_order":0,"comment_status":"closed","ping_status":"closed","template":"","meta":{"footnotes":""},"class_list":["post-3120","page","type-page","status-publish","has-post-thumbnail","hentry"],"yoast_head":"<!-- This site is optimized with the Yoast SEO plugin v27.5 - https:\/\/yoast.com\/product\/yoast-seo-wordpress\/ -->\n<title>Declaraci\u00f3n Eco-Friendly \u267b\ufe0f de Nest Style Hotel Valencia<\/title>\n<meta name=\"description\" content=\"Declaraci\u00f3n Eco-Friendly \u267b\ufe0f de Nest Style Hotel Valencia. En este establecimiento gestionamos el reciclaje de pilas, bombillas, tapones pl\u00e1sticos, papeles\" \/>\n<meta name=\"robots\" content=\"index, follow, max-snippet:-1, max-image-preview:large, max-video-preview:-1\" \/>\n<link rel=\"canonical\" href=\"https:\/\/neststylevalencia.com\/es\/declaracion-eco-friendly\/\" \/>\n<meta property=\"og:locale\" content=\"es_ES\" \/>\n<meta property=\"og:type\" content=\"article\" \/>\n<meta property=\"og:title\" content=\"Declaraci\u00f3n Eco-Friendly \u267b\ufe0f de Nest Style Hotel Valencia\" \/>\n<meta property=\"og:description\" content=\"Declaraci\u00f3n Eco-Friendly \u267b\ufe0f de Nest Style Hotel Valencia. En este establecimiento gestionamos el reciclaje de pilas, bombillas, tapones pl\u00e1sticos, papeles\" \/>\n<meta property=\"og:url\" content=\"https:\/\/neststylevalencia.com\/es\/declaracion-eco-friendly\/\" \/>\n<meta property=\"og:site_name\" content=\"Nest Style Valencia\" \/>\n<meta property=\"article:publisher\" content=\"https:\/\/www.facebook.com\/NestStyleValenciaHotel\/\" \/>\n<meta property=\"article:modified_time\" content=\"2024-05-16T15:14:40+00:00\" \/>\n<meta property=\"og:image\" content=\"https:\/\/neststylevalencia.com\/wp-content\/uploads\/2023\/07\/nest-style-valencia-eco-friendly.jpg\" \/>\n\t<meta property=\"og:image:width\" content=\"1920\" \/>\n\t<meta property=\"og:image:height\" content=\"1080\" \/>\n\t<meta property=\"og:image:type\" content=\"image\/jpeg\" \/>\n<meta name=\"twitter:card\" content=\"summary_large_image\" \/>\n<meta name=\"twitter:site\" content=\"@neststylevlc\" \/>\n<meta name=\"twitter:label1\" content=\"Tiempo de lectura\" \/>\n\t<meta name=\"twitter:data1\" content=\"2 minutos\" \/>\n<script type=\"application\/ld+json\" class=\"yoast-schema-graph\">{\"@context\":\"https:\\\/\\\/schema.org\",\"@graph\":[{\"@type\":\"WebPage\",\"@id\":\"https:\\\/\\\/neststylevalencia.com\\\/es\\\/declaracion-eco-friendly\\\/\",\"url\":\"https:\\\/\\\/neststylevalencia.com\\\/es\\\/declaracion-eco-friendly\\\/\",\"name\":\"Declaraci\u00f3n Eco-Friendly \u267b\ufe0f de Nest Style Hotel Valencia\",\"isPartOf\":{\"@id\":\"https:\\\/\\\/neststylevalencia.com\\\/es\\\/#website\"},\"primaryImageOfPage\":{\"@id\":\"https:\\\/\\\/neststylevalencia.com\\\/es\\\/declaracion-eco-friendly\\\/#primaryimage\"},\"image\":{\"@id\":\"https:\\\/\\\/neststylevalencia.com\\\/es\\\/declaracion-eco-friendly\\\/#primaryimage\"},\"thumbnailUrl\":\"https:\\\/\\\/neststylevalencia.com\\\/wp-content\\\/uploads\\\/2023\\\/07\\\/nest-style-valencia-eco-friendly.jpg\",\"datePublished\":\"2020-01-21T11:45:12+00:00\",\"dateModified\":\"2024-05-16T15:14:40+00:00\",\"description\":\"Declaraci\u00f3n Eco-Friendly \u267b\ufe0f de Nest Style Hotel Valencia. En este establecimiento gestionamos el reciclaje de pilas, bombillas, tapones pl\u00e1sticos, papeles\",\"inLanguage\":\"es\",\"potentialAction\":[{\"@type\":\"ReadAction\",\"target\":[\"https:\\\/\\\/neststylevalencia.com\\\/es\\\/declaracion-eco-friendly\\\/\"]}]},{\"@type\":\"ImageObject\",\"inLanguage\":\"es\",\"@id\":\"https:\\\/\\\/neststylevalencia.com\\\/es\\\/declaracion-eco-friendly\\\/#primaryimage\",\"url\":\"https:\\\/\\\/neststylevalencia.com\\\/wp-content\\\/uploads\\\/2023\\\/07\\\/nest-style-valencia-eco-friendly.jpg\",\"contentUrl\":\"https:\\\/\\\/neststylevalencia.com\\\/wp-content\\\/uploads\\\/2023\\\/07\\\/nest-style-valencia-eco-friendly.jpg\",\"width\":1920,\"height\":1080,\"caption\":\"We are eco-friendly\"},{\"@type\":\"WebSite\",\"@id\":\"https:\\\/\\\/neststylevalencia.com\\\/es\\\/#website\",\"url\":\"https:\\\/\\\/neststylevalencia.com\\\/es\\\/\",\"name\":\"Nest Style Valencia\",\"description\":\"Elegancia y sencillez\",\"publisher\":{\"@id\":\"https:\\\/\\\/neststylevalencia.com\\\/es\\\/#organization\"},\"alternateName\":\"Nest Style Valencia Hotel\",\"potentialAction\":[{\"@type\":\"SearchAction\",\"target\":{\"@type\":\"EntryPoint\",\"urlTemplate\":\"https:\\\/\\\/neststylevalencia.com\\\/es\\\/?s={search_term_string}\"},\"query-input\":{\"@type\":\"PropertyValueSpecification\",\"valueRequired\":true,\"valueName\":\"search_term_string\"}}],\"inLanguage\":\"es\"},{\"@type\":\"Organization\",\"@id\":\"https:\\\/\\\/neststylevalencia.com\\\/es\\\/#organization\",\"name\":\"Nest Style Valencia\",\"alternateName\":\"Nest Style Valencia Hotel\",\"url\":\"https:\\\/\\\/neststylevalencia.com\\\/es\\\/\",\"logo\":{\"@type\":\"ImageObject\",\"inLanguage\":\"es\",\"@id\":\"https:\\\/\\\/neststylevalencia.com\\\/es\\\/#\\\/schema\\\/logo\\\/image\\\/\",\"url\":\"https:\\\/\\\/neststylevalencia.com\\\/wp-content\\\/uploads\\\/2019\\\/07\\\/logo-web-nest-style-valencia-2019.jpg\",\"contentUrl\":\"https:\\\/\\\/neststylevalencia.com\\\/wp-content\\\/uploads\\\/2019\\\/07\\\/logo-web-nest-style-valencia-2019.jpg\",\"width\":1200,\"height\":1200,\"caption\":\"Nest Style Valencia\"},\"image\":{\"@id\":\"https:\\\/\\\/neststylevalencia.com\\\/es\\\/#\\\/schema\\\/logo\\\/image\\\/\"},\"sameAs\":[\"https:\\\/\\\/www.facebook.com\\\/NestStyleValenciaHotel\\\/\",\"https:\\\/\\\/x.com\\\/neststylevlc\",\"https:\\\/\\\/www.instagram.com\\\/neststylevalencia\\\/\",\"https:\\\/\\\/www.linkedin.com\\\/company\\\/nest-style-valencia-hotel\\\/\",\"https:\\\/\\\/www.youtube.com\\\/@neststylevalenciahotel\",\"https:\\\/\\\/www.tripadvisor.com\\\/Hotel_Review-g187529-d18379474-Reviews-Nest_Style_Hotel_Valencia-Valencia_Province_of_Valencia_Valencian_Country.html\",\"https:\\\/\\\/snapchat.com\\\/add\\\/neststylevlc\",\"https:\\\/\\\/vk.com\\\/neststylevalenciahotel\",\"https:\\\/\\\/g.page\\\/NestStyleHotelValencia\\\/\",\"https:\\\/\\\/www.tiktok.com\\\/@neststylevalenciahotel\"]}]}<\/script>\n<!-- \/ Yoast SEO plugin. -->","yoast_head_json":{"title":"Declaraci\u00f3n Eco-Friendly \u267b\ufe0f de Nest Style Hotel Valencia","description":"Declaraci\u00f3n Eco-Friendly \u267b\ufe0f de Nest Style Hotel Valencia. En este establecimiento gestionamos el reciclaje de pilas, bombillas, tapones pl\u00e1sticos, papeles","robots":{"index":"index","follow":"follow","max-snippet":"max-snippet:-1","max-image-preview":"max-image-preview:large","max-video-preview":"max-video-preview:-1"},"canonical":"https:\/\/neststylevalencia.com\/es\/declaracion-eco-friendly\/","og_locale":"es_ES","og_type":"article","og_title":"Declaraci\u00f3n Eco-Friendly \u267b\ufe0f de Nest Style Hotel Valencia","og_description":"Declaraci\u00f3n Eco-Friendly \u267b\ufe0f de Nest Style Hotel Valencia. En este establecimiento gestionamos el reciclaje de pilas, bombillas, tapones pl\u00e1sticos, papeles","og_url":"https:\/\/neststylevalencia.com\/es\/declaracion-eco-friendly\/","og_site_name":"Nest Style Valencia","article_publisher":"https:\/\/www.facebook.com\/NestStyleValenciaHotel\/","article_modified_time":"2024-05-16T15:14:40+00:00","og_image":[{"width":1920,"height":1080,"url":"https:\/\/neststylevalencia.com\/wp-content\/uploads\/2023\/07\/nest-style-valencia-eco-friendly.jpg","type":"image\/jpeg"}],"twitter_card":"summary_large_image","twitter_site":"@neststylevlc","twitter_misc":{"Tiempo de lectura":"2 minutos"},"schema":{"@context":"https:\/\/schema.org","@graph":[{"@type":"WebPage","@id":"https:\/\/neststylevalencia.com\/es\/declaracion-eco-friendly\/","url":"https:\/\/neststylevalencia.com\/es\/declaracion-eco-friendly\/","name":"Declaraci\u00f3n Eco-Friendly \u267b\ufe0f de Nest Style Hotel Valencia","isPartOf":{"@id":"https:\/\/neststylevalencia.com\/es\/#website"},"primaryImageOfPage":{"@id":"https:\/\/neststylevalencia.com\/es\/declaracion-eco-friendly\/#primaryimage"},"image":{"@id":"https:\/\/neststylevalencia.com\/es\/declaracion-eco-friendly\/#primaryimage"},"thumbnailUrl":"https:\/\/neststylevalencia.com\/wp-content\/uploads\/2023\/07\/nest-style-valencia-eco-friendly.jpg","datePublished":"2020-01-21T11:45:12+00:00","dateModified":"2024-05-16T15:14:40+00:00","description":"Declaraci\u00f3n Eco-Friendly \u267b\ufe0f de Nest Style Hotel Valencia. En este establecimiento gestionamos el reciclaje de pilas, bombillas, tapones pl\u00e1sticos, papeles","inLanguage":"es","potentialAction":[{"@type":"ReadAction","target":["https:\/\/neststylevalencia.com\/es\/declaracion-eco-friendly\/"]}]},{"@type":"ImageObject","inLanguage":"es","@id":"https:\/\/neststylevalencia.com\/es\/declaracion-eco-friendly\/#primaryimage","url":"https:\/\/neststylevalencia.com\/wp-content\/uploads\/2023\/07\/nest-style-valencia-eco-friendly.jpg","contentUrl":"https:\/\/neststylevalencia.com\/wp-content\/uploads\/2023\/07\/nest-style-valencia-eco-friendly.jpg","width":1920,"height":1080,"caption":"We are eco-friendly"},{"@type":"WebSite","@id":"https:\/\/neststylevalencia.com\/es\/#website","url":"https:\/\/neststylevalencia.com\/es\/","name":"Nest Style Valencia","description":"Elegancia y sencillez","publisher":{"@id":"https:\/\/neststylevalencia.com\/es\/#organization"},"alternateName":"Nest Style Valencia Hotel","potentialAction":[{"@type":"SearchAction","target":{"@type":"EntryPoint","urlTemplate":"https:\/\/neststylevalencia.com\/es\/?s={search_term_string}"},"query-input":{"@type":"PropertyValueSpecification","valueRequired":true,"valueName":"search_term_string"}}],"inLanguage":"es"},{"@type":"Organization","@id":"https:\/\/neststylevalencia.com\/es\/#organization","name":"Nest Style Valencia","alternateName":"Nest Style Valencia Hotel","url":"https:\/\/neststylevalencia.com\/es\/","logo":{"@type":"ImageObject","inLanguage":"es","@id":"https:\/\/neststylevalencia.com\/es\/#\/schema\/logo\/image\/","url":"https:\/\/neststylevalencia.com\/wp-content\/uploads\/2019\/07\/logo-web-nest-style-valencia-2019.jpg","contentUrl":"https:\/\/neststylevalencia.com\/wp-content\/uploads\/2019\/07\/logo-web-nest-style-valencia-2019.jpg","width":1200,"height":1200,"caption":"Nest Style Valencia"},"image":{"@id":"https:\/\/neststylevalencia.com\/es\/#\/schema\/logo\/image\/"},"sameAs":["https:\/\/www.facebook.com\/NestStyleValenciaHotel\/","https:\/\/x.com\/neststylevlc","https:\/\/www.instagram.com\/neststylevalencia\/","https:\/\/www.linkedin.com\/company\/nest-style-valencia-hotel\/","https:\/\/www.youtube.com\/@neststylevalenciahotel","https:\/\/www.tripadvisor.com\/Hotel_Review-g187529-d18379474-Reviews-Nest_Style_Hotel_Valencia-Valencia_Province_of_Valencia_Valencian_Country.html","https:\/\/snapchat.com\/add\/neststylevlc","https:\/\/vk.com\/neststylevalenciahotel","https:\/\/g.page\/NestStyleHotelValencia\/","https:\/\/www.tiktok.com\/@neststylevalenciahotel"]}]}},"_links":{"self":[{"href":"https:\/\/neststylevalencia.com\/es\/wp-json\/wp\/v2\/pages\/3120","targetHints":{"allow":["GET"]}}],"collection":[{"href":"https:\/\/neststylevalencia.com\/es\/wp-json\/wp\/v2\/pages"}],"about":[{"href":"https:\/\/neststylevalencia.com\/es\/wp-json\/wp\/v2\/types\/page"}],"author":[{"embeddable":true,"href":"https:\/\/neststylevalencia.com\/es\/wp-json\/wp\/v2\/users\/7"}],"replies":[{"embeddable":true,"href":"https:\/\/neststylevalencia.com\/es\/wp-json\/wp\/v2\/comments?post=3120"}],"version-history":[{"count":0,"href":"https:\/\/neststylevalencia.com\/es\/wp-json\/wp\/v2\/pages\/3120\/revisions"}],"wp:featuredmedia":[{"embeddable":true,"href":"https:\/\/neststylevalencia.com\/es\/wp-json\/wp\/v2\/media\/8864"}],"wp:attachment":[{"href":"https:\/\/neststylevalencia.com\/es\/wp-json\/wp\/v2\/media?parent=3120"}],"curies":[{"name":"wp","href":"https:\/\/api.w.org\/{rel}","templated":true}]}}