{"id":4382,"date":"2021-06-25T21:23:17","date_gmt":"2021-06-25T21:23:17","guid":{"rendered":"https:\/\/neststylevalencia.com\/bar-menu-nest-style-valencia-hotel\/"},"modified":"2024-05-24T08:47:26","modified_gmt":"2024-05-24T08:47:26","slug":"menu-bar-nest-style-valencia","status":"publish","type":"page","link":"https:\/\/neststylevalencia.com\/es\/menu-bar-nest-style-valencia\/","title":{"rendered":"Men\u00fa Bar"},"content":{"rendered":"\n<h2 class=\"wp-block-heading\">Refrescos<\/h2>\n\n<ul class=\"wp-block-list\">\n<li>Agua sin gas 50ml: 1,50\u20ac<\/li>\n\n\n\n<li>Agua sin gas 150ml: 2,20\u20ac<\/li>\n\n\n\n<li>Pepsi: 2,50\u20ac<\/li>\n\n\n\n<li>Schweppes Tonic: 2,50\u20ac<\/li>\n\n\n\n<li>Kas Naranja: 2,50\u20ac<\/li>\n\n\n\n<li>Kas Lin\u00f3n 2,50\u20ac<\/li>\n\n\n\n<li>Zumo Tropicana: 2,50<\/li>\n<\/ul>\n\n<h3 class=\"wp-block-heading\">Cerveza<\/h3>\n\n<ul class=\"wp-block-list\">\n<li>TURIA: 2,50\u20ac<\/li>\n\n\n\n<li>ALHAMBRA: 2,50\u20ac<\/li>\n\n\n\n<li>DELIRIUM: 4,00\u20ac<\/li>\n<\/ul>\n\n<h3 class=\"wp-block-heading\">Vino<\/h3>\n\n<ul class=\"wp-block-list\">\n<li>Copa de vino blanco 2cl: 3,50\u20ac<\/li>\n\n\n\n<li>Copa de vino tinto 2cl: 3,50\u20ac<\/li>\n<\/ul>\n\n<h3 class=\"wp-block-heading\">C\u00f3cteles<\/h3>\n\n<ul class=\"wp-block-list\">\n<li>Bebidas mezcladas 8,00\u20ac<\/li>\n\n\n\n<li>Gin&amp;Tonic 8,00\u20ac<\/li>\n\n\n\n<li>Martini: 7,00\u20ac<\/li>\n\n\n\n<li>Chupitos: 4,00\u20ac<\/li>\n\n\n\n<li>Bailey&#8217;s: 4,00\u20ac<\/li>\n<\/ul>\n\n<h3 class=\"wp-block-heading\">Para picar<\/h3>\n\n<ul class=\"wp-block-list\">\n<li>Patatas fritas: 1,50\u20ac<\/li>\n<\/ul>\n\n<h3 class=\"wp-block-heading\">Caf\u00e9 Nespresso<\/h3>\n\n<ul class=\"wp-block-list\">\n<li>Caf\u00e9 con leche: 1,80\u20ac<\/li>\n\n\n\n<li>Caf\u00e9 solo: 1,60\u20ac<\/li>\n\n\n\n<li>Espresso: 1,40\u20ac <\/li>\n<\/ul>\n","protected":false},"excerpt":{"rendered":"<p>Agua sin gas 50ml: 1,50\u20ac<br \/>\nAgua sin gas 150ml: 2,20\u20ac<br \/>\nPepsi: 2,50<br \/>\nT\u00f3nica Schweppes: 2,50<br \/>\nKas Naranja: 2,50<br \/>\nKas Lim\u00f3n: 2,50<br \/>\nZumo Tropicana: 2,50<\/p>\n","protected":false},"author":7,"featured_media":597,"parent":0,"menu_order":0,"comment_status":"closed","ping_status":"closed","template":"","meta":{"footnotes":""},"class_list":["post-4382","page","type-page","status-publish","has-post-thumbnail","hentry"],"yoast_head":"<!-- This site is optimized with the Yoast SEO plugin v27.4 - https:\/\/yoast.com\/product\/yoast-seo-wordpress\/ -->\n<title>Bar Men\u00fa Nest Style Valencia Hotel<\/title>\n<meta name=\"description\" content=\"Bar Men\u00fa Nest Style Valencia | Refrescos | Cerveza | Vino | C\u00f3cteles | Snack | Caf\u00e9 Nespresso | Desayuno continental y corporativo\" \/>\n<meta name=\"robots\" content=\"index, follow, max-snippet:-1, max-image-preview:large, max-video-preview:-1\" \/>\n<link rel=\"canonical\" href=\"https:\/\/neststylevalencia.com\/es\/menu-bar-nest-style-valencia\/\" \/>\n<meta property=\"og:locale\" content=\"es_ES\" \/>\n<meta property=\"og:type\" content=\"article\" \/>\n<meta property=\"og:title\" content=\"Bar Men\u00fa Nest Style Valencia Hotel\" \/>\n<meta property=\"og:description\" content=\"Bar Men\u00fa Nest Style Valencia | Refrescos | Cerveza | Vino | C\u00f3cteles | Snack | Caf\u00e9 Nespresso | Desayuno continental y corporativo\" \/>\n<meta property=\"og:url\" content=\"https:\/\/neststylevalencia.com\/es\/menu-bar-nest-style-valencia\/\" \/>\n<meta property=\"og:site_name\" content=\"Nest Style Valencia\" \/>\n<meta property=\"article:publisher\" content=\"https:\/\/www.facebook.com\/NestStyleValenciaHotel\/\" \/>\n<meta property=\"article:modified_time\" content=\"2024-05-24T08:47:26+00:00\" \/>\n<meta property=\"og:image\" content=\"https:\/\/neststylevalencia.com\/wp-content\/uploads\/2019\/08\/09nest-style-valencia-2019.jpg\" \/>\n\t<meta property=\"og:image:width\" content=\"1619\" \/>\n\t<meta property=\"og:image:height\" content=\"1080\" \/>\n\t<meta property=\"og:image:type\" content=\"image\/jpeg\" \/>\n<meta name=\"twitter:card\" content=\"summary_large_image\" \/>\n<meta name=\"twitter:site\" content=\"@neststylevlc\" \/>\n<meta name=\"twitter:label1\" content=\"Tiempo de lectura\" \/>\n\t<meta name=\"twitter:data1\" content=\"1 minuto\" \/>\n<script type=\"application\/ld+json\" class=\"yoast-schema-graph\">{\"@context\":\"https:\\\/\\\/schema.org\",\"@graph\":[{\"@type\":\"WebPage\",\"@id\":\"https:\\\/\\\/neststylevalencia.com\\\/es\\\/menu-bar-nest-style-valencia\\\/\",\"url\":\"https:\\\/\\\/neststylevalencia.com\\\/es\\\/menu-bar-nest-style-valencia\\\/\",\"name\":\"Bar Men\u00fa Nest Style Valencia Hotel\",\"isPartOf\":{\"@id\":\"https:\\\/\\\/neststylevalencia.com\\\/es\\\/#website\"},\"primaryImageOfPage\":{\"@id\":\"https:\\\/\\\/neststylevalencia.com\\\/es\\\/menu-bar-nest-style-valencia\\\/#primaryimage\"},\"image\":{\"@id\":\"https:\\\/\\\/neststylevalencia.com\\\/es\\\/menu-bar-nest-style-valencia\\\/#primaryimage\"},\"thumbnailUrl\":\"https:\\\/\\\/neststylevalencia.com\\\/wp-content\\\/uploads\\\/2019\\\/08\\\/09nest-style-valencia-2019.jpg\",\"datePublished\":\"2021-06-25T21:23:17+00:00\",\"dateModified\":\"2024-05-24T08:47:26+00:00\",\"description\":\"Bar Men\u00fa Nest Style Valencia | Refrescos | Cerveza | Vino | C\u00f3cteles | Snack | Caf\u00e9 Nespresso | Desayuno continental y corporativo\",\"inLanguage\":\"es\",\"potentialAction\":[{\"@type\":\"ReadAction\",\"target\":[\"https:\\\/\\\/neststylevalencia.com\\\/es\\\/menu-bar-nest-style-valencia\\\/\"]}]},{\"@type\":\"ImageObject\",\"inLanguage\":\"es\",\"@id\":\"https:\\\/\\\/neststylevalencia.com\\\/es\\\/menu-bar-nest-style-valencia\\\/#primaryimage\",\"url\":\"https:\\\/\\\/neststylevalencia.com\\\/wp-content\\\/uploads\\\/2019\\\/08\\\/09nest-style-valencia-2019.jpg\",\"contentUrl\":\"https:\\\/\\\/neststylevalencia.com\\\/wp-content\\\/uploads\\\/2019\\\/08\\\/09nest-style-valencia-2019.jpg\",\"width\":1619,\"height\":1080},{\"@type\":\"WebSite\",\"@id\":\"https:\\\/\\\/neststylevalencia.com\\\/es\\\/#website\",\"url\":\"https:\\\/\\\/neststylevalencia.com\\\/es\\\/\",\"name\":\"Nest Style Valencia\",\"description\":\"Elegancia y sencillez\",\"publisher\":{\"@id\":\"https:\\\/\\\/neststylevalencia.com\\\/es\\\/#organization\"},\"alternateName\":\"Nest Style Valencia Hotel\",\"potentialAction\":[{\"@type\":\"SearchAction\",\"target\":{\"@type\":\"EntryPoint\",\"urlTemplate\":\"https:\\\/\\\/neststylevalencia.com\\\/es\\\/?s={search_term_string}\"},\"query-input\":{\"@type\":\"PropertyValueSpecification\",\"valueRequired\":true,\"valueName\":\"search_term_string\"}}],\"inLanguage\":\"es\"},{\"@type\":\"Organization\",\"@id\":\"https:\\\/\\\/neststylevalencia.com\\\/es\\\/#organization\",\"name\":\"Nest Style Valencia\",\"alternateName\":\"Nest Style Valencia Hotel\",\"url\":\"https:\\\/\\\/neststylevalencia.com\\\/es\\\/\",\"logo\":{\"@type\":\"ImageObject\",\"inLanguage\":\"es\",\"@id\":\"https:\\\/\\\/neststylevalencia.com\\\/es\\\/#\\\/schema\\\/logo\\\/image\\\/\",\"url\":\"https:\\\/\\\/neststylevalencia.com\\\/wp-content\\\/uploads\\\/2019\\\/07\\\/logo-web-nest-style-valencia-2019.jpg\",\"contentUrl\":\"https:\\\/\\\/neststylevalencia.com\\\/wp-content\\\/uploads\\\/2019\\\/07\\\/logo-web-nest-style-valencia-2019.jpg\",\"width\":1200,\"height\":1200,\"caption\":\"Nest Style Valencia\"},\"image\":{\"@id\":\"https:\\\/\\\/neststylevalencia.com\\\/es\\\/#\\\/schema\\\/logo\\\/image\\\/\"},\"sameAs\":[\"https:\\\/\\\/www.facebook.com\\\/NestStyleValenciaHotel\\\/\",\"https:\\\/\\\/x.com\\\/neststylevlc\",\"https:\\\/\\\/www.instagram.com\\\/neststylevalencia\\\/\",\"https:\\\/\\\/www.linkedin.com\\\/company\\\/nest-style-valencia-hotel\\\/\",\"https:\\\/\\\/www.youtube.com\\\/@neststylevalenciahotel\",\"https:\\\/\\\/www.tripadvisor.com\\\/Hotel_Review-g187529-d18379474-Reviews-Nest_Style_Hotel_Valencia-Valencia_Province_of_Valencia_Valencian_Country.html\",\"https:\\\/\\\/snapchat.com\\\/add\\\/neststylevlc\",\"https:\\\/\\\/vk.com\\\/neststylevalenciahotel\",\"https:\\\/\\\/g.page\\\/NestStyleHotelValencia\\\/\",\"https:\\\/\\\/www.tiktok.com\\\/@neststylevalenciahotel\"]}]}<\/script>\n<!-- \/ Yoast SEO plugin. -->","yoast_head_json":{"title":"Bar Men\u00fa Nest Style Valencia Hotel","description":"Bar Men\u00fa Nest Style Valencia | Refrescos | Cerveza | Vino | C\u00f3cteles | Snack | Caf\u00e9 Nespresso | Desayuno continental y corporativo","robots":{"index":"index","follow":"follow","max-snippet":"max-snippet:-1","max-image-preview":"max-image-preview:large","max-video-preview":"max-video-preview:-1"},"canonical":"https:\/\/neststylevalencia.com\/es\/menu-bar-nest-style-valencia\/","og_locale":"es_ES","og_type":"article","og_title":"Bar Men\u00fa Nest Style Valencia Hotel","og_description":"Bar Men\u00fa Nest Style Valencia | Refrescos | Cerveza | Vino | C\u00f3cteles | Snack | Caf\u00e9 Nespresso | Desayuno continental y corporativo","og_url":"https:\/\/neststylevalencia.com\/es\/menu-bar-nest-style-valencia\/","og_site_name":"Nest Style Valencia","article_publisher":"https:\/\/www.facebook.com\/NestStyleValenciaHotel\/","article_modified_time":"2024-05-24T08:47:26+00:00","og_image":[{"width":1619,"height":1080,"url":"https:\/\/neststylevalencia.com\/wp-content\/uploads\/2019\/08\/09nest-style-valencia-2019.jpg","type":"image\/jpeg"}],"twitter_card":"summary_large_image","twitter_site":"@neststylevlc","twitter_misc":{"Tiempo de lectura":"1 minuto"},"schema":{"@context":"https:\/\/schema.org","@graph":[{"@type":"WebPage","@id":"https:\/\/neststylevalencia.com\/es\/menu-bar-nest-style-valencia\/","url":"https:\/\/neststylevalencia.com\/es\/menu-bar-nest-style-valencia\/","name":"Bar Men\u00fa Nest Style Valencia Hotel","isPartOf":{"@id":"https:\/\/neststylevalencia.com\/es\/#website"},"primaryImageOfPage":{"@id":"https:\/\/neststylevalencia.com\/es\/menu-bar-nest-style-valencia\/#primaryimage"},"image":{"@id":"https:\/\/neststylevalencia.com\/es\/menu-bar-nest-style-valencia\/#primaryimage"},"thumbnailUrl":"https:\/\/neststylevalencia.com\/wp-content\/uploads\/2019\/08\/09nest-style-valencia-2019.jpg","datePublished":"2021-06-25T21:23:17+00:00","dateModified":"2024-05-24T08:47:26+00:00","description":"Bar Men\u00fa Nest Style Valencia | Refrescos | Cerveza | Vino | C\u00f3cteles | Snack | Caf\u00e9 Nespresso | Desayuno continental y corporativo","inLanguage":"es","potentialAction":[{"@type":"ReadAction","target":["https:\/\/neststylevalencia.com\/es\/menu-bar-nest-style-valencia\/"]}]},{"@type":"ImageObject","inLanguage":"es","@id":"https:\/\/neststylevalencia.com\/es\/menu-bar-nest-style-valencia\/#primaryimage","url":"https:\/\/neststylevalencia.com\/wp-content\/uploads\/2019\/08\/09nest-style-valencia-2019.jpg","contentUrl":"https:\/\/neststylevalencia.com\/wp-content\/uploads\/2019\/08\/09nest-style-valencia-2019.jpg","width":1619,"height":1080},{"@type":"WebSite","@id":"https:\/\/neststylevalencia.com\/es\/#website","url":"https:\/\/neststylevalencia.com\/es\/","name":"Nest Style Valencia","description":"Elegancia y sencillez","publisher":{"@id":"https:\/\/neststylevalencia.com\/es\/#organization"},"alternateName":"Nest Style Valencia Hotel","potentialAction":[{"@type":"SearchAction","target":{"@type":"EntryPoint","urlTemplate":"https:\/\/neststylevalencia.com\/es\/?s={search_term_string}"},"query-input":{"@type":"PropertyValueSpecification","valueRequired":true,"valueName":"search_term_string"}}],"inLanguage":"es"},{"@type":"Organization","@id":"https:\/\/neststylevalencia.com\/es\/#organization","name":"Nest Style Valencia","alternateName":"Nest Style Valencia Hotel","url":"https:\/\/neststylevalencia.com\/es\/","logo":{"@type":"ImageObject","inLanguage":"es","@id":"https:\/\/neststylevalencia.com\/es\/#\/schema\/logo\/image\/","url":"https:\/\/neststylevalencia.com\/wp-content\/uploads\/2019\/07\/logo-web-nest-style-valencia-2019.jpg","contentUrl":"https:\/\/neststylevalencia.com\/wp-content\/uploads\/2019\/07\/logo-web-nest-style-valencia-2019.jpg","width":1200,"height":1200,"caption":"Nest Style Valencia"},"image":{"@id":"https:\/\/neststylevalencia.com\/es\/#\/schema\/logo\/image\/"},"sameAs":["https:\/\/www.facebook.com\/NestStyleValenciaHotel\/","https:\/\/x.com\/neststylevlc","https:\/\/www.instagram.com\/neststylevalencia\/","https:\/\/www.linkedin.com\/company\/nest-style-valencia-hotel\/","https:\/\/www.youtube.com\/@neststylevalenciahotel","https:\/\/www.tripadvisor.com\/Hotel_Review-g187529-d18379474-Reviews-Nest_Style_Hotel_Valencia-Valencia_Province_of_Valencia_Valencian_Country.html","https:\/\/snapchat.com\/add\/neststylevlc","https:\/\/vk.com\/neststylevalenciahotel","https:\/\/g.page\/NestStyleHotelValencia\/","https:\/\/www.tiktok.com\/@neststylevalenciahotel"]}]}},"_links":{"self":[{"href":"https:\/\/neststylevalencia.com\/es\/wp-json\/wp\/v2\/pages\/4382","targetHints":{"allow":["GET"]}}],"collection":[{"href":"https:\/\/neststylevalencia.com\/es\/wp-json\/wp\/v2\/pages"}],"about":[{"href":"https:\/\/neststylevalencia.com\/es\/wp-json\/wp\/v2\/types\/page"}],"author":[{"embeddable":true,"href":"https:\/\/neststylevalencia.com\/es\/wp-json\/wp\/v2\/users\/7"}],"replies":[{"embeddable":true,"href":"https:\/\/neststylevalencia.com\/es\/wp-json\/wp\/v2\/comments?post=4382"}],"version-history":[{"count":0,"href":"https:\/\/neststylevalencia.com\/es\/wp-json\/wp\/v2\/pages\/4382\/revisions"}],"wp:featuredmedia":[{"embeddable":true,"href":"https:\/\/neststylevalencia.com\/es\/wp-json\/wp\/v2\/media\/597"}],"wp:attachment":[{"href":"https:\/\/neststylevalencia.com\/es\/wp-json\/wp\/v2\/media?parent=4382"}],"curies":[{"name":"wp","href":"https:\/\/api.w.org\/{rel}","templated":true}]}}