{"id":476,"date":"2019-08-06T13:46:46","date_gmt":"2019-08-06T13:46:46","guid":{"rendered":"https:\/\/neststylevalencia.com\/sitemap\/"},"modified":"2024-05-24T09:13:27","modified_gmt":"2024-05-24T09:13:27","slug":"mapa-sitio","status":"publish","type":"page","link":"https:\/\/neststylevalencia.com\/es\/mapa-sitio\/","title":{"rendered":"Mapa del sitio"},"content":{"rendered":"\n<p>El mapa del sitio de Nest Style Valencia Hotel es una herramienta esencial que te ayudar\u00e1 a navegar por nuestro sitio web de manera efectiva. No solo mejora tu experiencia de usuario, sino que tambi\u00e9n te permite encontrar la informaci\u00f3n que buscas en menos tiempo.<\/p>\n\n<h2 class=\"wp-block-heading\">P\u00e1ginas<\/h2>\n\n<ul class=\"wp-block-list\">\n<li><a href=\"https:\/\/neststylevalencia.com\/es\/menu-bar-nest-style-valencia\/\" target=\"_blank\" rel=\"noreferrer noopener\">Bar Menu Nest Style Valencia Hotel<\/a><\/li>\n\n\n\n<li><a href=\"https:\/\/neststylevalencia.com\/es\/blog\/\" target=\"_blank\" rel=\"noreferrer noopener\">Blog<\/a><\/li>\n\n\n\n<li><a href=\"https:\/\/neststylevalencia.com\/es\/trabaja-nosotros\/\" target=\"_blank\" rel=\"noreferrer noopener\">Trabaja con nosotros<\/a><\/li>\n\n\n\n<li><a href=\"https:\/\/neststylevalencia.com\/es\/declaracion-eco-friendly\/\" target=\"_blank\" rel=\"noreferrer noopener\">Declaraci\u00f3n ecol\u00f3gica \u267b\ufe0f<\/a><\/li>\n\n\n\n<li><a href=\"https:\/\/neststylevalencia.com\/es\/opiniones-valoraciones\/\" target=\"_blank\" rel=\"noreferrer noopener\">Rese\u00f1as y valoraciones \u2b50\u2b50\u2b50\u2b50\u2b50<\/a><\/li>\n\n\n\n<li><a href=\"https:\/\/neststylevalencia.com\/cookies-policy\/\" target=\"_blank\" rel=\"noreferrer noopener\">Pol\u00edtica de cookies Nest Style Hotel Valencia<\/a><\/li>\n\n\n\n<li><a href=\"https:\/\/neststylevalencia.com\/es\/socios\/\" target=\"_blank\" rel=\"noreferrer noopener\">Socios Nest Style Hotel Valencia<\/a><\/li>\n\n\n\n<li><a href=\"https:\/\/neststylevalencia.com\/legal-notices\/\" target=\"_blank\" rel=\"noreferrer noopener\">Aviso legal<\/a><\/li>\n\n\n\n<li><a href=\"https:\/\/neststylevalencia.com\/es\/galeria-fotos\/\" target=\"_blank\" rel=\"noreferrer noopener\">Galer\u00eda de fotos<\/a><\/li>\n\n\n\n<li><a href=\"https:\/\/neststylevalencia.com\/es\/mapa-sitio\/\" target=\"_blank\" rel=\"noreferrer noopener\">Mapa del sitio<\/a><\/li>\n\n\n\n<li><a href=\"https:\/\/neststylevalencia.com\/es\/ubicacion\/\" target=\"_blank\" rel=\"noreferrer noopener\">Ubicaci\u00f3n Nest Style Hotel Valencia<\/a><\/li>\n\n\n\n<li><a href=\"https:\/\/neststylevalencia.com\/es\/politica-privacidad\/\" target=\"_blank\" rel=\"noreferrer noopener\">Pol\u00edtica de privacidad<\/a><\/li>\n\n\n\n<li><a href=\"https:\/\/neststylevalencia.com\/es\/reservar-nest-style-hotel-valencia\/\" target=\"_blank\" rel=\"noreferrer noopener\">Reservar<\/a><\/li>\n\n\n\n<li><a href=\"https:\/\/neststylevalencia.com\/es\/contacto\/\" target=\"_blank\" rel=\"noreferrer noopener\">Contacto Nest Style Hotel Valencia<\/a><\/li>\n\n\n\n<li><a href=\"https:\/\/neststylevalencia.com\/amenities\/\" target=\"_blank\" rel=\"noreferrer noopener\">Servicios Nest Style Hotel Valencia<\/a><\/li>\n\n\n\n<li><a href=\"https:\/\/neststylevalencia.com\/es\/habitaciones\/\" target=\"_blank\" rel=\"noreferrer noopener\">Habitaciones Nest Style Hotel Valencia<\/a><\/li>\n\n\n\n<li><a href=\"https:\/\/neststylevalencia.com\/es\/hotel-valencia\/\" target=\"_blank\" rel=\"noreferrer noopener\">Valencia Hotel \u2b50 Nest Style Hotel Valencia<\/a><\/li>\n\n\n\n<li><a href=\"https:\/\/g.page\/NestStyleHotelValencia\/\" target=\"_blank\" rel=\"noreferrer noopener\">Nest Style Valencia<\/a><\/li>\n<\/ul>\n\n<h2 class=\"wp-block-heading\">Categor\u00edas<\/h2>\n\n<ul class=\"wp-block-list\">\n<li><a href=\"https:\/\/neststylevalencia.com\/es\/ofertas\/\" target=\"_blank\" rel=\"noreferrer noopener\">Ofertas<\/a><\/li>\n\n\n\n<li><a href=\"https:\/\/neststylevalencia.com\/es\/blog\/\" target=\"_blank\" rel=\"noreferrer noopener\">Blog<\/a><\/li>\n<\/ul>\n\n<h2 class=\"wp-block-heading\">Posts<\/h2>\n\n<ul class=\"wp-block-list\">\n<li><a href=\"https:\/\/neststylevalencia.com\/es\/recibimos-el-premio-innovacion-y-calidad-de-la-federacion-empresarial-de-hosteleria-de-valencia\/\" target=\"_blank\" rel=\"noreferrer noopener\">Recibimos el premio \u00abInnovaci\u00f3n y Calidad\u00bb de la federaci\u00f3n valenciana de hosteler\u00eda<\/a><\/li>\n\n\n\n<li><a href=\"https:\/\/neststylevalencia.com\/es\/servicios-adicionales-huespedes\/\" target=\"_blank\" rel=\"noreferrer noopener\">Servicios adicionales para nuestros hu\u00e9spedes en Valencia | Extras y movilidad<\/a><\/li>\n\n\n\n<li><a href=\"https:\/\/neststylevalencia.com\/romantic-getaway-valentines-day\/\" target=\"_blank\" rel=\"noreferrer noopener\">Escapada rom\u00e1ntica para San Valent\u00edn en Valencia<\/a><\/li>\n\n\n\n<li><a href=\"https:\/\/neststylevalencia.com\/es\/oferta-pack-romantico-hotel-ideal-para-sorprender-a-su-pareja\/\" target=\"_blank\" rel=\"noreferrer noopener\">Oferta pack rom\u00e1ntico. Hotel ideal en Valencia para sorprender a su pareja<\/a><\/li>\n\n\n\n<li><a href=\"https:\/\/neststylevalencia.com\/es\/preguntas-frecuentes-sobre-nest-style-hotel-valencia\/\" target=\"_blank\" rel=\"noreferrer noopener\">Preguntas frecuentes Hotel Nest Style Valencia<\/a><\/li>\n<\/ul>\n\n<p><\/p>\n\n<figure class=\"wp-block-image size-full\"><img fetchpriority=\"high\" decoding=\"async\" width=\"1546\" height=\"1080\" src=\"https:\/\/neststylevalencia.com\/wp-content\/uploads\/2019\/10\/39common-areas-nest-style-valencia-2019.jpg\" alt=\"Sitemap Nest Style Valencia\" class=\"wp-image-2484\" srcset=\"https:\/\/neststylevalencia.com\/wp-content\/uploads\/2019\/10\/39common-areas-nest-style-valencia-2019.jpg 1546w, https:\/\/neststylevalencia.com\/wp-content\/uploads\/2019\/10\/39common-areas-nest-style-valencia-2019-300x210.jpg 300w, https:\/\/neststylevalencia.com\/wp-content\/uploads\/2019\/10\/39common-areas-nest-style-valencia-2019-1024x715.jpg 1024w, https:\/\/neststylevalencia.com\/wp-content\/uploads\/2019\/10\/39common-areas-nest-style-valencia-2019-768x537.jpg 768w, https:\/\/neststylevalencia.com\/wp-content\/uploads\/2019\/10\/39common-areas-nest-style-valencia-2019-1536x1073.jpg 1536w\" sizes=\"(max-width: 1546px) 100vw, 1546px\" \/><figcaption class=\"wp-element-caption\">Sitemap Nest Style Valencia<\/figcaption><\/figure>\n\n<h2 class=\"wp-block-heading\">Encuentra lo que necesitas de forma r\u00e1pida<\/h2>\n\n<p>\u00bfBuscas informaci\u00f3n sobre nuestras habitaciones? \u00bfQuieres conocer nuestros servicios o instalaciones? El mapa del sitio te proporciona un panorama completo de todas las secciones de nuestro sitio web, lo que te permite encontrar r\u00e1pidamente lo que necesitas.<\/p>\n\n<h2 class=\"wp-block-heading\">Mejora la accesibilidad<\/h2>\n\n<p>El mapa del sitio es una excelente herramienta de accesibilidad que ayuda a todos los usuarios a navegar por nuestro sitio web. Independientemente de si est\u00e1s familiarizado con nuestro sitio o si es tu primera visita, el mapa del sitio te proporcionar\u00e1 una ruta clara para explorar lo que Nest Style Valencia Hotel tiene para ofrecer.<\/p>\n\n<h2 class=\"wp-block-heading\">Mantente actualizado<\/h2>\n\n<p>Con nuestro mapa del sitio, estar\u00e1s al d\u00eda con las \u00faltimas actualizaciones y adiciones a nuestro sitio web. Ya sea que hayamos a\u00f1adido nuevos servicios, promociones o informaci\u00f3n sobre Valencia, puedes encontrarlo r\u00e1pidamente a trav\u00e9s de nuestro mapa del sitio.<\/p>\n\n<p><strong>Conclusi\u00f3n:<\/strong> En Nest Style Valencia Hotel, nos esforzamos por hacer que tu experiencia en l\u00ednea sea lo m\u00e1s sencilla y agradable posible. Ya sea que est\u00e9s planeando tu pr\u00f3ximo viaje o que busques m\u00e1s informaci\u00f3n sobre nuestros servicios, el mapa del sitio es una herramienta indispensable que te ayudar\u00e1 a navegar por nuestro sitio web de manera eficiente. \u00a1Expl\u00f3ralo hoy y descubre todo lo que Nest Style Valencia Hotel tiene para ofrecer!<\/p>\n","protected":false},"excerpt":{"rendered":"<p>Mapa del sitio Nest Style Hotel Valencia. Nuevo y seguro hotel en Valencia. Uno de los mejores hoteles de Valencia. Nuevo hotel en Avenida del Puerto<\/p>\n","protected":false},"author":7,"featured_media":2487,"parent":0,"menu_order":0,"comment_status":"closed","ping_status":"closed","template":"","meta":{"footnotes":""},"class_list":["post-476","page","type-page","status-publish","has-post-thumbnail","hentry"],"yoast_head":"<!-- This site is optimized with the Yoast SEO plugin v27.4 - https:\/\/yoast.com\/product\/yoast-seo-wordpress\/ -->\n<title>Mapa del sitio Nest Style Valencia. El hotel m\u00e1s bonito y barato de Valencia<\/title>\n<meta name=\"description\" content=\"Mapa del sitio Nest Style Valencia. Hotel bonito y barato en Valencia. Uno de los mejores hoteles en Valencia. Limpio y bonito hostal en Valencia\" \/>\n<meta name=\"robots\" content=\"index, follow, max-snippet:-1, max-image-preview:large, max-video-preview:-1\" \/>\n<link rel=\"canonical\" href=\"https:\/\/neststylevalencia.com\/es\/mapa-sitio\/\" \/>\n<meta property=\"og:locale\" content=\"es_ES\" \/>\n<meta property=\"og:type\" content=\"article\" \/>\n<meta property=\"og:title\" content=\"Mapa del sitio Nest Style Valencia. El hotel m\u00e1s bonito y barato de Valencia\" \/>\n<meta property=\"og:description\" content=\"Mapa del sitio Nest Style Valencia. Hotel bonito y barato en Valencia. Uno de los mejores hoteles en Valencia. Limpio y bonito hostal en Valencia\" \/>\n<meta property=\"og:url\" content=\"https:\/\/neststylevalencia.com\/es\/mapa-sitio\/\" \/>\n<meta property=\"og:site_name\" content=\"Nest Style Valencia\" \/>\n<meta property=\"article:publisher\" content=\"https:\/\/www.facebook.com\/NestStyleValenciaHotel\/\" \/>\n<meta property=\"article:modified_time\" content=\"2024-05-24T09:13:27+00:00\" \/>\n<meta property=\"og:image\" content=\"https:\/\/neststylevalencia.com\/wp-content\/uploads\/2019\/10\/39common-areas-nest-style-valencia-2019.jpg\" \/>\n\t<meta property=\"og:image:width\" content=\"1546\" \/>\n\t<meta property=\"og:image:height\" content=\"1080\" \/>\n\t<meta property=\"og:image:type\" content=\"image\/jpeg\" \/>\n<meta name=\"twitter:card\" content=\"summary_large_image\" \/>\n<meta name=\"twitter:site\" content=\"@neststylevlc\" \/>\n<meta name=\"twitter:label1\" content=\"Tiempo de lectura\" \/>\n\t<meta name=\"twitter:data1\" content=\"2 minutos\" \/>\n<script type=\"application\/ld+json\" class=\"yoast-schema-graph\">{\"@context\":\"https:\\\/\\\/schema.org\",\"@graph\":[{\"@type\":\"WebPage\",\"@id\":\"https:\\\/\\\/neststylevalencia.com\\\/es\\\/mapa-sitio\\\/\",\"url\":\"https:\\\/\\\/neststylevalencia.com\\\/es\\\/mapa-sitio\\\/\",\"name\":\"Mapa del sitio Nest Style Valencia. El hotel m\u00e1s bonito y barato de Valencia\",\"isPartOf\":{\"@id\":\"https:\\\/\\\/neststylevalencia.com\\\/es\\\/#website\"},\"primaryImageOfPage\":{\"@id\":\"https:\\\/\\\/neststylevalencia.com\\\/es\\\/mapa-sitio\\\/#primaryimage\"},\"image\":{\"@id\":\"https:\\\/\\\/neststylevalencia.com\\\/es\\\/mapa-sitio\\\/#primaryimage\"},\"thumbnailUrl\":\"https:\\\/\\\/neststylevalencia.com\\\/wp-content\\\/uploads\\\/2019\\\/10\\\/39common-areas-nest-style-valencia-2019.jpg\",\"datePublished\":\"2019-08-06T13:46:46+00:00\",\"dateModified\":\"2024-05-24T09:13:27+00:00\",\"description\":\"Mapa del sitio Nest Style Valencia. Hotel bonito y barato en Valencia. Uno de los mejores hoteles en Valencia. Limpio y bonito hostal en Valencia\",\"inLanguage\":\"es\",\"potentialAction\":[{\"@type\":\"ReadAction\",\"target\":[\"https:\\\/\\\/neststylevalencia.com\\\/es\\\/mapa-sitio\\\/\"]}]},{\"@type\":\"ImageObject\",\"inLanguage\":\"es\",\"@id\":\"https:\\\/\\\/neststylevalencia.com\\\/es\\\/mapa-sitio\\\/#primaryimage\",\"url\":\"https:\\\/\\\/neststylevalencia.com\\\/wp-content\\\/uploads\\\/2019\\\/10\\\/39common-areas-nest-style-valencia-2019.jpg\",\"contentUrl\":\"https:\\\/\\\/neststylevalencia.com\\\/wp-content\\\/uploads\\\/2019\\\/10\\\/39common-areas-nest-style-valencia-2019.jpg\",\"width\":1546,\"height\":1080,\"caption\":\"Sitemap Nest Style Valencia\"},{\"@type\":\"WebSite\",\"@id\":\"https:\\\/\\\/neststylevalencia.com\\\/es\\\/#website\",\"url\":\"https:\\\/\\\/neststylevalencia.com\\\/es\\\/\",\"name\":\"Nest Style Valencia\",\"description\":\"Elegancia y sencillez\",\"publisher\":{\"@id\":\"https:\\\/\\\/neststylevalencia.com\\\/es\\\/#organization\"},\"alternateName\":\"Nest Style Valencia Hotel\",\"potentialAction\":[{\"@type\":\"SearchAction\",\"target\":{\"@type\":\"EntryPoint\",\"urlTemplate\":\"https:\\\/\\\/neststylevalencia.com\\\/es\\\/?s={search_term_string}\"},\"query-input\":{\"@type\":\"PropertyValueSpecification\",\"valueRequired\":true,\"valueName\":\"search_term_string\"}}],\"inLanguage\":\"es\"},{\"@type\":\"Organization\",\"@id\":\"https:\\\/\\\/neststylevalencia.com\\\/es\\\/#organization\",\"name\":\"Nest Style Valencia\",\"alternateName\":\"Nest Style Valencia Hotel\",\"url\":\"https:\\\/\\\/neststylevalencia.com\\\/es\\\/\",\"logo\":{\"@type\":\"ImageObject\",\"inLanguage\":\"es\",\"@id\":\"https:\\\/\\\/neststylevalencia.com\\\/es\\\/#\\\/schema\\\/logo\\\/image\\\/\",\"url\":\"https:\\\/\\\/neststylevalencia.com\\\/wp-content\\\/uploads\\\/2019\\\/07\\\/logo-web-nest-style-valencia-2019.jpg\",\"contentUrl\":\"https:\\\/\\\/neststylevalencia.com\\\/wp-content\\\/uploads\\\/2019\\\/07\\\/logo-web-nest-style-valencia-2019.jpg\",\"width\":1200,\"height\":1200,\"caption\":\"Nest Style Valencia\"},\"image\":{\"@id\":\"https:\\\/\\\/neststylevalencia.com\\\/es\\\/#\\\/schema\\\/logo\\\/image\\\/\"},\"sameAs\":[\"https:\\\/\\\/www.facebook.com\\\/NestStyleValenciaHotel\\\/\",\"https:\\\/\\\/x.com\\\/neststylevlc\",\"https:\\\/\\\/www.instagram.com\\\/neststylevalencia\\\/\",\"https:\\\/\\\/www.linkedin.com\\\/company\\\/nest-style-valencia-hotel\\\/\",\"https:\\\/\\\/www.youtube.com\\\/@neststylevalenciahotel\",\"https:\\\/\\\/www.tripadvisor.com\\\/Hotel_Review-g187529-d18379474-Reviews-Nest_Style_Hotel_Valencia-Valencia_Province_of_Valencia_Valencian_Country.html\",\"https:\\\/\\\/snapchat.com\\\/add\\\/neststylevlc\",\"https:\\\/\\\/vk.com\\\/neststylevalenciahotel\",\"https:\\\/\\\/g.page\\\/NestStyleHotelValencia\\\/\",\"https:\\\/\\\/www.tiktok.com\\\/@neststylevalenciahotel\"]}]}<\/script>\n<!-- \/ Yoast SEO plugin. -->","yoast_head_json":{"title":"Mapa del sitio Nest Style Valencia. El hotel m\u00e1s bonito y barato de Valencia","description":"Mapa del sitio Nest Style Valencia. Hotel bonito y barato en Valencia. Uno de los mejores hoteles en Valencia. Limpio y bonito hostal en Valencia","robots":{"index":"index","follow":"follow","max-snippet":"max-snippet:-1","max-image-preview":"max-image-preview:large","max-video-preview":"max-video-preview:-1"},"canonical":"https:\/\/neststylevalencia.com\/es\/mapa-sitio\/","og_locale":"es_ES","og_type":"article","og_title":"Mapa del sitio Nest Style Valencia. El hotel m\u00e1s bonito y barato de Valencia","og_description":"Mapa del sitio Nest Style Valencia. Hotel bonito y barato en Valencia. Uno de los mejores hoteles en Valencia. Limpio y bonito hostal en Valencia","og_url":"https:\/\/neststylevalencia.com\/es\/mapa-sitio\/","og_site_name":"Nest Style Valencia","article_publisher":"https:\/\/www.facebook.com\/NestStyleValenciaHotel\/","article_modified_time":"2024-05-24T09:13:27+00:00","og_image":[{"width":1546,"height":1080,"url":"https:\/\/neststylevalencia.com\/wp-content\/uploads\/2019\/10\/39common-areas-nest-style-valencia-2019.jpg","type":"image\/jpeg"}],"twitter_card":"summary_large_image","twitter_site":"@neststylevlc","twitter_misc":{"Tiempo de lectura":"2 minutos"},"schema":{"@context":"https:\/\/schema.org","@graph":[{"@type":"WebPage","@id":"https:\/\/neststylevalencia.com\/es\/mapa-sitio\/","url":"https:\/\/neststylevalencia.com\/es\/mapa-sitio\/","name":"Mapa del sitio Nest Style Valencia. El hotel m\u00e1s bonito y barato de Valencia","isPartOf":{"@id":"https:\/\/neststylevalencia.com\/es\/#website"},"primaryImageOfPage":{"@id":"https:\/\/neststylevalencia.com\/es\/mapa-sitio\/#primaryimage"},"image":{"@id":"https:\/\/neststylevalencia.com\/es\/mapa-sitio\/#primaryimage"},"thumbnailUrl":"https:\/\/neststylevalencia.com\/wp-content\/uploads\/2019\/10\/39common-areas-nest-style-valencia-2019.jpg","datePublished":"2019-08-06T13:46:46+00:00","dateModified":"2024-05-24T09:13:27+00:00","description":"Mapa del sitio Nest Style Valencia. Hotel bonito y barato en Valencia. Uno de los mejores hoteles en Valencia. Limpio y bonito hostal en Valencia","inLanguage":"es","potentialAction":[{"@type":"ReadAction","target":["https:\/\/neststylevalencia.com\/es\/mapa-sitio\/"]}]},{"@type":"ImageObject","inLanguage":"es","@id":"https:\/\/neststylevalencia.com\/es\/mapa-sitio\/#primaryimage","url":"https:\/\/neststylevalencia.com\/wp-content\/uploads\/2019\/10\/39common-areas-nest-style-valencia-2019.jpg","contentUrl":"https:\/\/neststylevalencia.com\/wp-content\/uploads\/2019\/10\/39common-areas-nest-style-valencia-2019.jpg","width":1546,"height":1080,"caption":"Sitemap Nest Style Valencia"},{"@type":"WebSite","@id":"https:\/\/neststylevalencia.com\/es\/#website","url":"https:\/\/neststylevalencia.com\/es\/","name":"Nest Style Valencia","description":"Elegancia y sencillez","publisher":{"@id":"https:\/\/neststylevalencia.com\/es\/#organization"},"alternateName":"Nest Style Valencia Hotel","potentialAction":[{"@type":"SearchAction","target":{"@type":"EntryPoint","urlTemplate":"https:\/\/neststylevalencia.com\/es\/?s={search_term_string}"},"query-input":{"@type":"PropertyValueSpecification","valueRequired":true,"valueName":"search_term_string"}}],"inLanguage":"es"},{"@type":"Organization","@id":"https:\/\/neststylevalencia.com\/es\/#organization","name":"Nest Style Valencia","alternateName":"Nest Style Valencia Hotel","url":"https:\/\/neststylevalencia.com\/es\/","logo":{"@type":"ImageObject","inLanguage":"es","@id":"https:\/\/neststylevalencia.com\/es\/#\/schema\/logo\/image\/","url":"https:\/\/neststylevalencia.com\/wp-content\/uploads\/2019\/07\/logo-web-nest-style-valencia-2019.jpg","contentUrl":"https:\/\/neststylevalencia.com\/wp-content\/uploads\/2019\/07\/logo-web-nest-style-valencia-2019.jpg","width":1200,"height":1200,"caption":"Nest Style Valencia"},"image":{"@id":"https:\/\/neststylevalencia.com\/es\/#\/schema\/logo\/image\/"},"sameAs":["https:\/\/www.facebook.com\/NestStyleValenciaHotel\/","https:\/\/x.com\/neststylevlc","https:\/\/www.instagram.com\/neststylevalencia\/","https:\/\/www.linkedin.com\/company\/nest-style-valencia-hotel\/","https:\/\/www.youtube.com\/@neststylevalenciahotel","https:\/\/www.tripadvisor.com\/Hotel_Review-g187529-d18379474-Reviews-Nest_Style_Hotel_Valencia-Valencia_Province_of_Valencia_Valencian_Country.html","https:\/\/snapchat.com\/add\/neststylevlc","https:\/\/vk.com\/neststylevalenciahotel","https:\/\/g.page\/NestStyleHotelValencia\/","https:\/\/www.tiktok.com\/@neststylevalenciahotel"]}]}},"_links":{"self":[{"href":"https:\/\/neststylevalencia.com\/es\/wp-json\/wp\/v2\/pages\/476","targetHints":{"allow":["GET"]}}],"collection":[{"href":"https:\/\/neststylevalencia.com\/es\/wp-json\/wp\/v2\/pages"}],"about":[{"href":"https:\/\/neststylevalencia.com\/es\/wp-json\/wp\/v2\/types\/page"}],"author":[{"embeddable":true,"href":"https:\/\/neststylevalencia.com\/es\/wp-json\/wp\/v2\/users\/7"}],"replies":[{"embeddable":true,"href":"https:\/\/neststylevalencia.com\/es\/wp-json\/wp\/v2\/comments?post=476"}],"version-history":[{"count":0,"href":"https:\/\/neststylevalencia.com\/es\/wp-json\/wp\/v2\/pages\/476\/revisions"}],"wp:featuredmedia":[{"embeddable":true,"href":"https:\/\/neststylevalencia.com\/es\/wp-json\/wp\/v2\/media\/2487"}],"wp:attachment":[{"href":"https:\/\/neststylevalencia.com\/es\/wp-json\/wp\/v2\/media?parent=476"}],"curies":[{"name":"wp","href":"https:\/\/api.w.org\/{rel}","templated":true}]}}