{"id":1466,"date":"2019-05-23T13:16:02","date_gmt":"2019-05-23T13:16:02","guid":{"rendered":"https:\/\/neststylevalencia.com\/home\/"},"modified":"2024-04-02T13:33:09","modified_gmt":"2024-04-02T13:33:09","slug":"home","status":"publish","type":"page","link":"https:\/\/neststylevalencia.com\/fr\/","title":{"rendered":"Nest Style Valencia"},"content":{"rendered":"\n<h1 class=\"wp-block-heading has-text-align-center\">Nest Style Valencia<\/h1>\n\n<h2 class=\"wp-block-heading\">Attention personnalis\u00e9e<\/h2>\n\n<h2 class=\"wp-block-heading\">Chambres au design original<\/h2>\n\n<h2 class=\"wp-block-heading\">Un emplacement id\u00e9al \u00e0 Valence<\/h2>\n\n<h2 class=\"wp-block-heading\">Chambres confortables<\/h2>\n\n<h2 class=\"wp-block-heading\">Installations \u00e9cologiques<\/h2>\n\n<h2 class=\"wp-block-heading\">Toujours le meilleur prix en ligne<\/h2>\n\n<p>Vous cherchez un h\u00f4tel pour s\u00e9journer \u00e0 Valencia? Nous pr\u00e9sentons le Nest Style Valencia. Un nouveau concept d\u2019h\u00f4tel, avec des chambres d\u00e9cor\u00e9es avec des couleurs vives et des d\u00e9finitions raffin\u00e9es. Situ\u00e9 a la <a href=\"https:\/\/g.page\/NestStyleHotelValencia\/\" target=\"_blank\" rel=\"noreferrer noopener\">Avenida del Puerto 77<\/a>, Tr\u00e8s proche des jardins del turia et la cit\u00e9 des arts et sciencies \u2b50\u2b50\u2b50<\/p>\n\n<p>Nos h\u00f4tes parlent de nous et soulignent les points souivants:<\/p>\n\n<p>\u00ab\u00a0Le confort et la taille des chambres sont sup\u00e9rieurs \u00e0 ceux d\u2019autres h\u00f4tels similaires. \u00c9l\u00e9gance et simplicit\u00e9. Souci du d\u00e9tail et professionnalisme du personnel. Tr\u00e8s bon emplacement\u00a0\u00bb<\/p>\n\n<h2 class=\"wp-block-heading\">D\u00e9couvrez Nest Style Valencia<\/h2>\n\n<p>Profitez et d\u00e9couvrez des endroits pour r\u00eaver \u00e0 Valencia, Nous nous occuperons du reste<\/p>\n\n<h2 class=\"wp-block-heading\">Notre installations<\/h2>\n\n<p>H\u00f4tel dans une zone touristique et commer\u00e7ante de Valencia<\/p>\n\n<h2 class=\"wp-block-heading\">Nous nous sommes concentr\u00e9s sur les d\u00e9tails<\/h2>\n\n<p>Avec des couleurs vives, des dessins propes, clairs et de qualit\u00e9.<\/p>\n\n<h2 class=\"wp-block-heading\">Notre services<\/h2>\n\n<p>Voici quelques-uns de nos services, r\u00e9servez votre chambre et d\u00e9couvrez tout ce que nous pouvons offrir pendant votre s\u00e9jour \u00e0 Valence<\/p>\n\n<h3 class=\"wp-block-heading\">Wifi haut d\u00e9bit gratuit dans toutes nos installations<\/h3>\n\n<p>Nous pensons que le wifi gratuit n\u00b4est ni un r\u00e9gal ni un luxe, mais une n\u00e9cessit\u00e9, il est indispensable pour nos clients.<\/p>\n\n<h3 class=\"wp-block-heading\">Service de petit-d\u00e9jeuner sur demande<\/h3>\n\n<p>D\u00e9jeuner continental. Nous avons g\u00e9n\u00e9ralement l\u2019une des meilleures critiques du secteur en termes de qualit\u00e9 et de vari\u00e9t\u00e9 de nos petits d\u00e9jeuners<\/p>\n\n<h3 class=\"wp-block-heading\">Climatisation automatis\u00e9e dans toutes nos installations<\/h3>\n\n<p>Nous prenons tr\u00e8s au s\u00e9rieux le confort de nos clients<\/p>\n\n<h3 class=\"wp-block-heading\">Service de blanchisserie personnalis\u00e9 sur demande de nos clients<\/h3>\n\n<p>Lavage, repassage, s\u00e9chage des v\u00eatements d\u2019h\u00f4tel, ainsi que le service de v\u00eatements d\u2019h\u00f4tes, avec un personnel qualifi\u00e9 et des machines ad\u00e9quates<\/p>\n\n<h3 class=\"wp-block-heading\">Service de taxi pour tous nos clients<\/h3>\n\n<p>Ne vous inqui\u00e9tez pas de quoi que ce soit avec notre service de navette de l\u2019a\u00e9roport<\/p>\n\n<h3 class=\"wp-block-heading\">Service d\u2019affaires pour tous nos clients<\/h3>\n\n<p>Un espace r\u00e9serv\u00e9 au travail, un bureau minimaliste mais enti\u00e8rement \u00e9quip\u00e9 quand vous en avez besoin<\/p>\n\n<h3 class=\"wp-block-heading\">Cam\u00e9ras de s\u00e9curit\u00e9 pour la plus haute qualit\u00e9 de service<\/h3>\n\n<p>La s\u00e9curit\u00e9 de nos clients est garantie contre tout inconv\u00e9nient qui se produit pendant le s\u00e9jour dans notre h\u00f4tel<\/p>\n\n<h3 class=\"wp-block-heading\">Smart TV avec connexion Internet et plus de 400 cha\u00eenes de diff\u00e9rents pays<\/h3>\n\n<p>Se connectant \u00e0 toutes les applications les plus courantes qui viennent sur une Smart TV<\/p>\n\n<h3 class=\"wp-block-heading\">Cr\u00e8che sur demande Vous voyagez avec votre b\u00e9b\u00e9?<\/h3>\n\n<p>Nous avons des lits dans nos chambres. Ceux-ci doivent \u00eatre demand\u00e9s avant l\u2019arriv\u00e9e \u00e0 l\u2019h\u00f4tel et sont soumis \u00e0 disponibilit\u00e9<\/p>\n\n<h3 class=\"wp-block-heading\">Service de r\u00e9veil pour tous nos clients<\/h3>\n\n<p>Nous pouvons vous aider \u00e0 vous r\u00e9veiller\u2026 \u00ab\u00a0Bonjour!!!!, il est huit heures du matin, nous esp\u00e9rons que vous avez une bonne journ\u00e9e\u00a0\u00bb<\/p>\n\n<h2 class=\"wp-block-heading\">Passion et design dans de grandes pi\u00e8ces lumineuses.<\/h2>\n\n<p><\/p>\n","protected":false},"excerpt":{"rendered":"<p>Nest Style Valence Hotel. Chambres avec passion et design \u00e0 av. del Puerto \u2714\ufe0f H\u00f4tel \u00e0 Valence avec une attention aux d\u00e9tails et des chambres avec un design original, un excellent emplacement \u00e0 Valence, des offres sp\u00e9ciales et des r\u00e9ductions et de grandes et confortables chambres. R\u00e9servation Nest Style Valencia<\/p>\n","protected":false},"author":7,"featured_media":2775,"parent":0,"menu_order":0,"comment_status":"closed","ping_status":"closed","template":"","meta":{"footnotes":""},"class_list":["post-1466","page","type-page","status-publish","has-post-thumbnail","hentry"],"yoast_head":"<!-- This site is optimized with the Yoast SEO plugin v27.4 - https:\/\/yoast.com\/product\/yoast-seo-wordpress\/ -->\n<title>Nest Style Valencia. Hotel in Valencia located on the Avenida del Puerto\u2714\ufe0f<\/title>\n<meta name=\"description\" content=\"Nest Style Valencia. Chambres avec passion et design \u00e0 l&#039;h\u00f4tel Av. del Puerto \u2714\ufe0f \u00e0 Valence avec l&#039;attention aux d\u00e9tails\" \/>\n<meta name=\"robots\" content=\"index, follow, max-snippet:-1, max-image-preview:large, max-video-preview:-1\" \/>\n<link rel=\"canonical\" href=\"https:\/\/neststylevalencia.com\/fr\/\" \/>\n<meta property=\"og:locale\" content=\"fr_FR\" \/>\n<meta property=\"og:type\" content=\"article\" \/>\n<meta property=\"og:title\" content=\"Nest Style Valencia. Hotel in Valencia located on the Avenida del Puerto\u2714\ufe0f\" \/>\n<meta property=\"og:description\" content=\"Nest Style Valencia. Chambres avec passion et design \u00e0 l&#039;h\u00f4tel Av. del Puerto \u2714\ufe0f \u00e0 Valence avec l&#039;attention aux d\u00e9tails\" \/>\n<meta property=\"og:url\" content=\"https:\/\/neststylevalencia.com\/fr\/\" \/>\n<meta property=\"og:site_name\" content=\"Nest Style Valencia\" \/>\n<meta property=\"article:publisher\" content=\"https:\/\/www.facebook.com\/NestStyleValenciaHotel\/\" \/>\n<meta property=\"article:modified_time\" content=\"2024-04-02T13:33:09+00:00\" \/>\n<meta property=\"og:image\" content=\"https:\/\/neststylevalencia.com\/wp-content\/uploads\/2019\/11\/header-google.jpg\" \/>\n\t<meta property=\"og:image:width\" content=\"1342\" \/>\n\t<meta property=\"og:image:height\" content=\"756\" \/>\n\t<meta property=\"og:image:type\" content=\"image\/jpeg\" \/>\n<meta name=\"twitter:card\" content=\"summary_large_image\" \/>\n<meta name=\"twitter:site\" content=\"@neststylevlc\" \/>\n<meta name=\"twitter:label1\" content=\"Dur\u00e9e de lecture estim\u00e9e\" \/>\n\t<meta name=\"twitter:data1\" content=\"3 minutes\" \/>\n<script type=\"application\/ld+json\" class=\"yoast-schema-graph\">{\"@context\":\"https:\\\/\\\/schema.org\",\"@graph\":[{\"@type\":\"WebPage\",\"@id\":\"https:\\\/\\\/neststylevalencia.com\\\/fr\\\/\",\"url\":\"https:\\\/\\\/neststylevalencia.com\\\/fr\\\/\",\"name\":\"Nest Style Valencia. Hotel in Valencia located on the Avenida del Puerto\u2714\ufe0f\",\"isPartOf\":{\"@id\":\"https:\\\/\\\/neststylevalencia.com\\\/fr\\\/#website\"},\"primaryImageOfPage\":{\"@id\":\"https:\\\/\\\/neststylevalencia.com\\\/fr\\\/#primaryimage\"},\"image\":{\"@id\":\"https:\\\/\\\/neststylevalencia.com\\\/fr\\\/#primaryimage\"},\"thumbnailUrl\":\"https:\\\/\\\/neststylevalencia.com\\\/wp-content\\\/uploads\\\/2019\\\/11\\\/header-google.jpg\",\"datePublished\":\"2019-05-23T13:16:02+00:00\",\"dateModified\":\"2024-04-02T13:33:09+00:00\",\"description\":\"Nest Style Valencia. Chambres avec passion et design \u00e0 l'h\u00f4tel Av. del Puerto \u2714\ufe0f \u00e0 Valence avec l'attention aux d\u00e9tails\",\"inLanguage\":\"fr-FR\",\"potentialAction\":[{\"@type\":\"ReadAction\",\"target\":[\"https:\\\/\\\/neststylevalencia.com\\\/fr\\\/\"]}]},{\"@type\":\"ImageObject\",\"inLanguage\":\"fr-FR\",\"@id\":\"https:\\\/\\\/neststylevalencia.com\\\/fr\\\/#primaryimage\",\"url\":\"https:\\\/\\\/neststylevalencia.com\\\/wp-content\\\/uploads\\\/2019\\\/11\\\/header-google.jpg\",\"contentUrl\":\"https:\\\/\\\/neststylevalencia.com\\\/wp-content\\\/uploads\\\/2019\\\/11\\\/header-google.jpg\",\"width\":1342,\"height\":756,\"caption\":\"Room Nest Style Hotel Valencia\"},{\"@type\":\"WebSite\",\"@id\":\"https:\\\/\\\/neststylevalencia.com\\\/fr\\\/#website\",\"url\":\"https:\\\/\\\/neststylevalencia.com\\\/fr\\\/\",\"name\":\"Nest Style Valencia\",\"description\":\"El\u00e9gance et simplicit\u00e9\",\"publisher\":{\"@id\":\"https:\\\/\\\/neststylevalencia.com\\\/fr\\\/#organization\"},\"alternateName\":\"Nest Style Valencia Hotel\",\"potentialAction\":[{\"@type\":\"SearchAction\",\"target\":{\"@type\":\"EntryPoint\",\"urlTemplate\":\"https:\\\/\\\/neststylevalencia.com\\\/fr\\\/?s={search_term_string}\"},\"query-input\":{\"@type\":\"PropertyValueSpecification\",\"valueRequired\":true,\"valueName\":\"search_term_string\"}}],\"inLanguage\":\"fr-FR\"},{\"@type\":\"Organization\",\"@id\":\"https:\\\/\\\/neststylevalencia.com\\\/fr\\\/#organization\",\"name\":\"Nest Style Valencia\",\"alternateName\":\"Nest Style Valencia Hotel\",\"url\":\"https:\\\/\\\/neststylevalencia.com\\\/fr\\\/\",\"logo\":{\"@type\":\"ImageObject\",\"inLanguage\":\"fr-FR\",\"@id\":\"https:\\\/\\\/neststylevalencia.com\\\/fr\\\/#\\\/schema\\\/logo\\\/image\\\/\",\"url\":\"https:\\\/\\\/neststylevalencia.com\\\/wp-content\\\/uploads\\\/2019\\\/07\\\/logo-web-nest-style-valencia-2019.jpg\",\"contentUrl\":\"https:\\\/\\\/neststylevalencia.com\\\/wp-content\\\/uploads\\\/2019\\\/07\\\/logo-web-nest-style-valencia-2019.jpg\",\"width\":1200,\"height\":1200,\"caption\":\"Nest Style Valencia\"},\"image\":{\"@id\":\"https:\\\/\\\/neststylevalencia.com\\\/fr\\\/#\\\/schema\\\/logo\\\/image\\\/\"},\"sameAs\":[\"https:\\\/\\\/www.facebook.com\\\/NestStyleValenciaHotel\\\/\",\"https:\\\/\\\/x.com\\\/neststylevlc\",\"https:\\\/\\\/www.instagram.com\\\/neststylevalencia\\\/\",\"https:\\\/\\\/www.linkedin.com\\\/company\\\/nest-style-valencia-hotel\\\/\",\"https:\\\/\\\/www.youtube.com\\\/@neststylevalenciahotel\",\"https:\\\/\\\/www.tripadvisor.com\\\/Hotel_Review-g187529-d18379474-Reviews-Nest_Style_Hotel_Valencia-Valencia_Province_of_Valencia_Valencian_Country.html\",\"https:\\\/\\\/snapchat.com\\\/add\\\/neststylevlc\",\"https:\\\/\\\/vk.com\\\/neststylevalenciahotel\",\"https:\\\/\\\/g.page\\\/NestStyleHotelValencia\\\/\",\"https:\\\/\\\/www.tiktok.com\\\/@neststylevalenciahotel\"]}]}<\/script>\n<!-- \/ Yoast SEO plugin. -->","yoast_head_json":{"title":"Nest Style Valencia. Hotel in Valencia located on the Avenida del Puerto\u2714\ufe0f","description":"Nest Style Valencia. Chambres avec passion et design \u00e0 l'h\u00f4tel Av. del Puerto \u2714\ufe0f \u00e0 Valence avec l'attention aux d\u00e9tails","robots":{"index":"index","follow":"follow","max-snippet":"max-snippet:-1","max-image-preview":"max-image-preview:large","max-video-preview":"max-video-preview:-1"},"canonical":"https:\/\/neststylevalencia.com\/fr\/","og_locale":"fr_FR","og_type":"article","og_title":"Nest Style Valencia. Hotel in Valencia located on the Avenida del Puerto\u2714\ufe0f","og_description":"Nest Style Valencia. Chambres avec passion et design \u00e0 l'h\u00f4tel Av. del Puerto \u2714\ufe0f \u00e0 Valence avec l'attention aux d\u00e9tails","og_url":"https:\/\/neststylevalencia.com\/fr\/","og_site_name":"Nest Style Valencia","article_publisher":"https:\/\/www.facebook.com\/NestStyleValenciaHotel\/","article_modified_time":"2024-04-02T13:33:09+00:00","og_image":[{"width":1342,"height":756,"url":"https:\/\/neststylevalencia.com\/wp-content\/uploads\/2019\/11\/header-google.jpg","type":"image\/jpeg"}],"twitter_card":"summary_large_image","twitter_site":"@neststylevlc","twitter_misc":{"Dur\u00e9e de lecture estim\u00e9e":"3 minutes"},"schema":{"@context":"https:\/\/schema.org","@graph":[{"@type":"WebPage","@id":"https:\/\/neststylevalencia.com\/fr\/","url":"https:\/\/neststylevalencia.com\/fr\/","name":"Nest Style Valencia. Hotel in Valencia located on the Avenida del Puerto\u2714\ufe0f","isPartOf":{"@id":"https:\/\/neststylevalencia.com\/fr\/#website"},"primaryImageOfPage":{"@id":"https:\/\/neststylevalencia.com\/fr\/#primaryimage"},"image":{"@id":"https:\/\/neststylevalencia.com\/fr\/#primaryimage"},"thumbnailUrl":"https:\/\/neststylevalencia.com\/wp-content\/uploads\/2019\/11\/header-google.jpg","datePublished":"2019-05-23T13:16:02+00:00","dateModified":"2024-04-02T13:33:09+00:00","description":"Nest Style Valencia. Chambres avec passion et design \u00e0 l'h\u00f4tel Av. del Puerto \u2714\ufe0f \u00e0 Valence avec l'attention aux d\u00e9tails","inLanguage":"fr-FR","potentialAction":[{"@type":"ReadAction","target":["https:\/\/neststylevalencia.com\/fr\/"]}]},{"@type":"ImageObject","inLanguage":"fr-FR","@id":"https:\/\/neststylevalencia.com\/fr\/#primaryimage","url":"https:\/\/neststylevalencia.com\/wp-content\/uploads\/2019\/11\/header-google.jpg","contentUrl":"https:\/\/neststylevalencia.com\/wp-content\/uploads\/2019\/11\/header-google.jpg","width":1342,"height":756,"caption":"Room Nest Style Hotel Valencia"},{"@type":"WebSite","@id":"https:\/\/neststylevalencia.com\/fr\/#website","url":"https:\/\/neststylevalencia.com\/fr\/","name":"Nest Style Valencia","description":"El\u00e9gance et simplicit\u00e9","publisher":{"@id":"https:\/\/neststylevalencia.com\/fr\/#organization"},"alternateName":"Nest Style Valencia Hotel","potentialAction":[{"@type":"SearchAction","target":{"@type":"EntryPoint","urlTemplate":"https:\/\/neststylevalencia.com\/fr\/?s={search_term_string}"},"query-input":{"@type":"PropertyValueSpecification","valueRequired":true,"valueName":"search_term_string"}}],"inLanguage":"fr-FR"},{"@type":"Organization","@id":"https:\/\/neststylevalencia.com\/fr\/#organization","name":"Nest Style Valencia","alternateName":"Nest Style Valencia Hotel","url":"https:\/\/neststylevalencia.com\/fr\/","logo":{"@type":"ImageObject","inLanguage":"fr-FR","@id":"https:\/\/neststylevalencia.com\/fr\/#\/schema\/logo\/image\/","url":"https:\/\/neststylevalencia.com\/wp-content\/uploads\/2019\/07\/logo-web-nest-style-valencia-2019.jpg","contentUrl":"https:\/\/neststylevalencia.com\/wp-content\/uploads\/2019\/07\/logo-web-nest-style-valencia-2019.jpg","width":1200,"height":1200,"caption":"Nest Style Valencia"},"image":{"@id":"https:\/\/neststylevalencia.com\/fr\/#\/schema\/logo\/image\/"},"sameAs":["https:\/\/www.facebook.com\/NestStyleValenciaHotel\/","https:\/\/x.com\/neststylevlc","https:\/\/www.instagram.com\/neststylevalencia\/","https:\/\/www.linkedin.com\/company\/nest-style-valencia-hotel\/","https:\/\/www.youtube.com\/@neststylevalenciahotel","https:\/\/www.tripadvisor.com\/Hotel_Review-g187529-d18379474-Reviews-Nest_Style_Hotel_Valencia-Valencia_Province_of_Valencia_Valencian_Country.html","https:\/\/snapchat.com\/add\/neststylevlc","https:\/\/vk.com\/neststylevalenciahotel","https:\/\/g.page\/NestStyleHotelValencia\/","https:\/\/www.tiktok.com\/@neststylevalenciahotel"]}]}},"_links":{"self":[{"href":"https:\/\/neststylevalencia.com\/fr\/wp-json\/wp\/v2\/pages\/1466","targetHints":{"allow":["GET"]}}],"collection":[{"href":"https:\/\/neststylevalencia.com\/fr\/wp-json\/wp\/v2\/pages"}],"about":[{"href":"https:\/\/neststylevalencia.com\/fr\/wp-json\/wp\/v2\/types\/page"}],"author":[{"embeddable":true,"href":"https:\/\/neststylevalencia.com\/fr\/wp-json\/wp\/v2\/users\/7"}],"replies":[{"embeddable":true,"href":"https:\/\/neststylevalencia.com\/fr\/wp-json\/wp\/v2\/comments?post=1466"}],"version-history":[{"count":0,"href":"https:\/\/neststylevalencia.com\/fr\/wp-json\/wp\/v2\/pages\/1466\/revisions"}],"wp:featuredmedia":[{"embeddable":true,"href":"https:\/\/neststylevalencia.com\/fr\/wp-json\/wp\/v2\/media\/2775"}],"wp:attachment":[{"href":"https:\/\/neststylevalencia.com\/fr\/wp-json\/wp\/v2\/media?parent=1466"}],"curies":[{"name":"wp","href":"https:\/\/api.w.org\/{rel}","templated":true}]}}