{"id":2841,"date":"2019-07-18T11:53:59","date_gmt":"2019-07-18T11:53:59","guid":{"rendered":"https:\/\/neststylevalencia.com\/location\/"},"modified":"2024-05-24T09:10:09","modified_gmt":"2024-05-24T09:10:09","slug":"lieu","status":"publish","type":"page","link":"https:\/\/neststylevalencia.com\/fr\/lieu\/","title":{"rendered":"Emplacement"},"content":{"rendered":"\n<h2 class=\"wp-block-heading\">Informations sur la r\u00e9gion.<\/h2>\n\n<p>Notre h\u00f4tel est situ\u00e9 dans le quartier <a href=\"https:\/\/www.google.com\/maps\/place\/Camins+al+Grau,+Valencia\/\" target=\"_blank\" rel=\"noopener\">Camins al Grau de Valence<\/a>, \u00e0 15 minutes de marche de la Cit\u00e9 des Arts et des Sciences, \u00e0 35 minutes du Port de Valence et \u00e0 5 minutes des Jardins de Turia. Vous pouvez \u00e9galement rejoindre la plage de Malvarrosa \u00e0 pied et d\u00e9couvrir le Paseo Mar\u00edtimo.<\/p>\n\n<h2 class=\"wp-block-heading\">Nos pr\u00e9c\u00e9dents clients ont aim\u00e9 la r\u00e9gion, ils recherchaient le soleil, la plage et les zones de loisirs pour en profiter en couple.<\/h2>\n\n<p>Le quartier a la particularit\u00e9 d&rsquo;\u00eatre l&rsquo;un des plus pittoresques et cosmopolites de la ville. Il poss\u00e8de des rues larges, des zones de jardins, des all\u00e9es avec de larges trottoirs en plus d&rsquo;une piste cyclable. Il dispose \u00e9galement de zones de stationnement sp\u00e9ciales o\u00f9 vous pouvez louer des v\u00e9los publics.<\/p>\n\n<h2 class=\"wp-block-heading\">Des endroits que vous ne pouvez pas manquer.<\/h2>\n\n<h3 class=\"wp-block-heading\">L&rsquo;Agora de Valence<\/h3>\n\n<p>C&rsquo;est l&rsquo;un des b\u00e2timents embl\u00e9matiques de la ville. Construit pour accueillir les tournois de tennis de Valence<\/p>\n\n<h3 class=\"wp-block-heading\">Jardin de Turia<\/h3>\n\n<p>Construit sur l&rsquo;ancien lit de la rivi\u00e8re Turia, un grand espace vert plein de vie qui impressionne tous ceux qui le visitent.<\/p>\n\n<h3 class=\"wp-block-heading\">Cit\u00e9 des arts et des sciences de Valence<\/h3>\n\n<p>Le c\u00e9l\u00e8bre complexe immobilier con\u00e7u par l&rsquo;architecte Santiago Calatrava. Vous ne pouvez pas quitter la ville sans avoir visit\u00e9 cet endroit.<\/p>\n\n<h3 class=\"wp-block-heading\">Parc Gulliver<\/h3>\n\n<p>Un parc pour enfants rempli de toboggans, de cachettes, d&rsquo;arbres et d&rsquo;une aire de loisirs o\u00f9 ils s&rsquo;amuseront comme des fous. (Recommand\u00e9)<\/p>\n\n<h2 class=\"wp-block-heading\">Lieux proches.<\/h2>\n\n<h3 class=\"wp-block-heading\">Rep\u00e8res les plus proches:*<\/h3>\n\n<ul class=\"wp-block-list\">\n<li>Station de m\u00e9tro Amistat \u00e0 0,5 km<\/li>\n\n\n\n<li>Gulliver \u00e0 0,7 km<\/li>\n\n\n\n<li>Station de m\u00e9tro Aragon \u00e0 0,8 km<\/li>\n\n\n\n<li>Station de m\u00e9tro Ayora \u00e0 0,8 km<\/li>\n\n\n\n<li>Mus\u00e9e Fallas de Valence \u00e0 0,9 km<\/li>\n\n\n\n<li>Cit\u00e9 des Arts et des Sciences \u00e0 1,3 km<\/li>\n\n\n\n<li>Stade Mestalla Valencia Football Club \u00e0 1.1 km<\/li>\n\n\n\n<li>Aqua Shopping Center \u00e0 1,2 km<\/li>\n\n\n\n<li>Jardins de Turia \u00e0 0,7 km<\/li>\n<\/ul>\n\n<h3 class=\"wp-block-heading\">A\u00e9roports les plus proches<\/h3>\n\n<ul class=\"wp-block-list\">\n<li>A\u00e9roport de Valence \u00e0 10,8 km<\/li>\n\n\n\n<li>A\u00e9roport de Castellon \u00e0 89,8 km<\/li>\n<\/ul>\n\n<h2 class=\"wp-block-heading\">Les sites les plus populaires*<\/h2>\n\n<ul class=\"wp-block-list\">\n<li>Oceanographic \u00e0 1,6 km<\/li>\n\n\n\n<li>Jardins de Monforte \u00e0 1,6 km<\/li>\n\n\n\n<li>Port de Valence \u00e0 2 km<\/li>\n\n\n\n<li>Mus\u00e9e national de la c\u00e9ramique et des arts d\u00e9coratifs Gonz\u00e1lez Mart\u00ed. \u00c0 2 km<\/li>\n\n\n\n<li>Gare ferroviaire de Valence Nord 2.1 km<\/li>\n\n\n\n<li>Basilique de la Virgen de los Desamparados \u00e0 2,2 km<\/li>\n\n\n\n<li>March\u00e9 central de Valence \u00e0 2,4 km<\/li>\n\n\n\n<li>Eglise St. Nicholas \u00e0 2,5 km<\/li>\n\n\n\n<li>Jardin botanique de Valence \u00e0 3 km<\/li>\n\n\n\n<li>Bioparc Valencia \u00e0 5.2 km<\/li>\n<\/ul>\n\n<p><\/p>\n\n<ul class=\"wp-block-list\">\n<li>Nous sommes situ\u00e9s \u00e0 une courte distance de la plage.<\/li>\n\n\n\n<li><a href=\"https:\/\/neststylevalencia.com\/fr\/services-supplementaires-invites\/\">Pr\u00e8s des services de location de v\u00e9los<\/a><\/li>\n\n\n\n<li>Tr\u00e8s proche du centre de la ville<\/li>\n\n\n\n<li>Sur l&rsquo;une des avenues les plus connues<\/li>\n\n\n\n<li>\u00c0 distance de marche des c\u00e9l\u00e8bres jardins de Turia.<\/li>\n<\/ul>\n\n<p><\/p>\n\n<figure class=\"wp-block-image size-full\"><img fetchpriority=\"high\" decoding=\"async\" width=\"1200\" height=\"800\" src=\"https:\/\/neststylevalencia.com\/wp-content\/uploads\/2019\/07\/agora-valencia.jpg\" alt=\"Agora Valencia\" class=\"wp-image-390\" srcset=\"https:\/\/neststylevalencia.com\/wp-content\/uploads\/2019\/07\/agora-valencia.jpg 1200w, https:\/\/neststylevalencia.com\/wp-content\/uploads\/2019\/07\/agora-valencia-300x200.jpg 300w, https:\/\/neststylevalencia.com\/wp-content\/uploads\/2019\/07\/agora-valencia-1024x683.jpg 1024w, https:\/\/neststylevalencia.com\/wp-content\/uploads\/2019\/07\/agora-valencia-768x512.jpg 768w\" sizes=\"(max-width: 1200px) 100vw, 1200px\" \/><figcaption class=\"wp-element-caption\">Agora Valencia<\/figcaption><\/figure>\n\n<h1 class=\"wp-block-heading has-text-align-center\">Comment obtenir Nest Style Valencia<\/h1>\n\n<p><\/p>\n\n<div class=\"schema-faq wp-block-yoast-faq-block\">\r\n<div id=\"faq-question-1677141630615\" class=\"schema-faq-section\">\r\n\r\n<strong class=\"schema-faq-question\">Comment se rendre \u00e0 l&rsquo;a\u00e9roport de Manises ?<\/strong>\r\n<p class=\"schema-faq-answer\">Pour rejoindre l&rsquo;h\u00f4tel depuis l&rsquo;a\u00e9roport, le moyen le plus rapide est de prendre la ligne de m\u00e9tro n\u00ba 5, qui se trouve \u00e0 l&rsquo;int\u00e9rieur de l&rsquo;a\u00e9roport, jusqu&rsquo;\u00e0 l&rsquo;arr\u00eat Amistat, et de marcher 10 minutes jusqu&rsquo;au port n\u00ba. 77.\r\nLe dernier m\u00e9tro de l&rsquo;a\u00e9roport part vers 23h45.\r\nNous proposons une navette a\u00e9roport pour seulement 28\u20ac.\r\nPour r\u00e9server ce service, contactez-nous 24h avant.<\/p>\r\n\r\n<\/div>\r\n<div id=\"faq-question-1677141916936\" class=\"schema-faq-section\">\r\n\r\n<strong class=\"schema-faq-question\">Comment se rendre \u00e0 la gare de Joaquin Sorolla ?<\/strong>\r\n<p class=\"schema-faq-answer\">Si le train vous laisse \u00e0 la gare Joaqu\u00edn Sorolla, nous vous informons que vous pouvez prendre un minibus gratuit jusqu&rsquo;\u00e0 la gare du nord. Depuis la gare du nord, pour rejoindre l&rsquo;h\u00f4tel, vous pouvez prendre la ligne de m\u00e9tro n\u00ba5 de la station X\u00e0tiva \u00e0 Amistat et marcher 10 minutes jusqu&rsquo;\u00e0 Avinguda del Port n\u00ba77.<\/p>\r\nVous pouvez \u00e9galement prendre le bus num\u00e9ro 4 qui vous laissera sur l&rsquo;Avinguda del Port, juste en face de l&rsquo;h\u00f4tel (arr\u00eat de bus Port-Riu Escalona).\r\n\r\n<\/div>\r\n<div id=\"faq-question-1677141949128\" class=\"schema-faq-section\">\r\n\r\n<strong class=\"schema-faq-question\">Comment se rendre de la gare routi\u00e8re ?<\/strong>\r\n<p class=\"schema-faq-answer\">L&rsquo;itin\u00e9raire le plus pratique est de prendre le bus n\u00ba 92, qui peut \u00eatre pris \u00e0 Avenida Pio XII &#8211; Tirso de molina (5 min \u00e0 pied de la gare) jusqu&rsquo;\u00e0 l&rsquo;arr\u00eat Port &#8211; Riu Escalona, juste en face de l&rsquo;h\u00f4tel.<\/p>\r\n\r\n<\/div>\r\n<div id=\"faq-question-1677141746672\" class=\"schema-faq-section\">\r\n\r\n<strong class=\"schema-faq-question\">Comment se rendre de la gare de Valence (gare du Nord) ?<\/strong>\r\n<p class=\"schema-faq-answer\"><\/p>\r\n\r\n<\/div>\r\n<div id=\"faq-question-1677141999143\" class=\"schema-faq-section\">\r\n\r\n<strong class=\"schema-faq-question\">Informations sur le stationnement et les int\u00e9r\u00eats<\/strong>\r\n<p class=\"schema-faq-answer\">Nous vous recommandons toujours d&rsquo;utiliser les <strong>transports publics<\/strong> pour rejoindre notre h\u00f4tel ou un taxi. Vous pouvez \u00e9galement vous rendre \u00e0 notre h\u00f4tel en voiture. Nous avons un accord avec <strong>Parking del Palau S.A<\/strong>.\r\n186 places de parking.\r\n20\u20ac \/ day.\r\nCalle de las islas canarias, 12.\r\nVal\u00e8ncia, Comunidad Valenciana 46023, ES\r\n+34 963374169\r\nNous acceptons les paiements en esp\u00e8ces et par carte.<\/p>\r\n<a href=\"https:\/\/goo.gl\/maps\/PMaSoz2G7UKAnNNaA\" target=\"_blank\" rel=\"noreferrer noopener\">Ici vous pouvez voir l&rsquo;adresse du Parking et comment s&rsquo;y rendre.<\/a>\r\n\r\n<\/div>\r\n<\/div>\n","protected":false},"excerpt":{"rendered":"<p>Emplacement Nest Style Hotel Valencia. H\u00f4tel sur Avenida del Puerto 7 minutes \u00e0 pied du c\u00e9l\u00e8bre jardin Turia de Valence et \u00e0 10 minutes de la plage de Malvarrosa de Valence<\/p>\n","protected":false},"author":7,"featured_media":1303,"parent":0,"menu_order":0,"comment_status":"closed","ping_status":"closed","template":"","meta":{"footnotes":""},"class_list":["post-2841","page","type-page","status-publish","has-post-thumbnail","hentry"],"yoast_head":"<!-- This site is optimized with the Yoast SEO plugin v27.5 - https:\/\/yoast.com\/product\/yoast-seo-wordpress\/ -->\n<title>Emplacement Nest Style Hotel Valencia. H\u00f4tel sur Avenida del Puerto<\/title>\n<meta name=\"description\" content=\"Emplacement Nest Style Hotel Valencia. H\u00f4tel situ\u00e9 sur l&#039;Avenida del Puerto, \u00e0 7 minutes \u00e0 pied du c\u00e9l\u00e8bre jardin Turia de Valence.\" \/>\n<meta name=\"robots\" content=\"index, follow, max-snippet:-1, max-image-preview:large, max-video-preview:-1\" \/>\n<link rel=\"canonical\" href=\"https:\/\/neststylevalencia.com\/fr\/lieu\/\" \/>\n<meta property=\"og:locale\" content=\"fr_FR\" \/>\n<meta property=\"og:type\" content=\"article\" \/>\n<meta property=\"og:title\" content=\"Emplacement Nest Style Hotel Valencia. H\u00f4tel sur Avenida del Puerto\" \/>\n<meta property=\"og:description\" content=\"Emplacement Nest Style Hotel Valencia. H\u00f4tel situ\u00e9 sur l&#039;Avenida del Puerto, \u00e0 7 minutes \u00e0 pied du c\u00e9l\u00e8bre jardin Turia de Valence.\" \/>\n<meta property=\"og:url\" content=\"https:\/\/neststylevalencia.com\/fr\/lieu\/\" \/>\n<meta property=\"og:site_name\" content=\"Nest Style Valencia\" \/>\n<meta property=\"article:publisher\" content=\"https:\/\/www.facebook.com\/NestStyleValenciaHotel\/\" \/>\n<meta property=\"article:modified_time\" content=\"2024-05-24T09:10:09+00:00\" \/>\n<meta property=\"og:image\" content=\"https:\/\/neststylevalencia.com\/wp-content\/uploads\/2019\/08\/02common-areas-nest-style-valencia-2019.jpg\" \/>\n\t<meta property=\"og:image:width\" content=\"719\" \/>\n\t<meta property=\"og:image:height\" content=\"1080\" \/>\n\t<meta property=\"og:image:type\" content=\"image\/jpeg\" \/>\n<meta name=\"twitter:card\" content=\"summary_large_image\" \/>\n<meta name=\"twitter:site\" content=\"@neststylevlc\" \/>\n<meta name=\"twitter:label1\" content=\"Dur\u00e9e de lecture estim\u00e9e\" \/>\n\t<meta name=\"twitter:data1\" content=\"4 minutes\" \/>\n<script type=\"application\/ld+json\" class=\"yoast-schema-graph\">{\"@context\":\"https:\\\/\\\/schema.org\",\"@graph\":[{\"@type\":[\"WebPage\",\"FAQPage\"],\"@id\":\"https:\\\/\\\/neststylevalencia.com\\\/fr\\\/lieu\\\/\",\"url\":\"https:\\\/\\\/neststylevalencia.com\\\/fr\\\/lieu\\\/\",\"name\":\"Emplacement Nest Style Hotel Valencia. H\u00f4tel sur Avenida del Puerto\",\"isPartOf\":{\"@id\":\"https:\\\/\\\/neststylevalencia.com\\\/fr\\\/#website\"},\"primaryImageOfPage\":{\"@id\":\"https:\\\/\\\/neststylevalencia.com\\\/fr\\\/lieu\\\/#primaryimage\"},\"image\":{\"@id\":\"https:\\\/\\\/neststylevalencia.com\\\/fr\\\/lieu\\\/#primaryimage\"},\"thumbnailUrl\":\"https:\\\/\\\/neststylevalencia.com\\\/wp-content\\\/uploads\\\/2019\\\/08\\\/02common-areas-nest-style-valencia-2019.jpg\",\"datePublished\":\"2019-07-18T11:53:59+00:00\",\"dateModified\":\"2024-05-24T09:10:09+00:00\",\"description\":\"Emplacement Nest Style Hotel Valencia. H\u00f4tel situ\u00e9 sur l'Avenida del Puerto, \u00e0 7 minutes \u00e0 pied du c\u00e9l\u00e8bre jardin Turia de Valence.\",\"mainEntity\":[{\"@id\":\"https:\\\/\\\/neststylevalencia.com\\\/fr\\\/lieu\\\/#faq-question-1677141630615\"},{\"@id\":\"https:\\\/\\\/neststylevalencia.com\\\/fr\\\/lieu\\\/#faq-question-1677141916936\"},{\"@id\":\"https:\\\/\\\/neststylevalencia.com\\\/fr\\\/lieu\\\/#faq-question-1677141949128\"},{\"@id\":\"https:\\\/\\\/neststylevalencia.com\\\/fr\\\/lieu\\\/#faq-question-1677141999143\"}],\"inLanguage\":\"fr-FR\",\"potentialAction\":[{\"@type\":\"ReadAction\",\"target\":[\"https:\\\/\\\/neststylevalencia.com\\\/fr\\\/lieu\\\/\"]}]},{\"@type\":\"ImageObject\",\"inLanguage\":\"fr-FR\",\"@id\":\"https:\\\/\\\/neststylevalencia.com\\\/fr\\\/lieu\\\/#primaryimage\",\"url\":\"https:\\\/\\\/neststylevalencia.com\\\/wp-content\\\/uploads\\\/2019\\\/08\\\/02common-areas-nest-style-valencia-2019.jpg\",\"contentUrl\":\"https:\\\/\\\/neststylevalencia.com\\\/wp-content\\\/uploads\\\/2019\\\/08\\\/02common-areas-nest-style-valencia-2019.jpg\",\"width\":719,\"height\":1080,\"caption\":\"Location Nest Style Valencia Hotel\"},{\"@type\":\"WebSite\",\"@id\":\"https:\\\/\\\/neststylevalencia.com\\\/fr\\\/#website\",\"url\":\"https:\\\/\\\/neststylevalencia.com\\\/fr\\\/\",\"name\":\"Nest Style Valencia\",\"description\":\"El\u00e9gance et simplicit\u00e9\",\"publisher\":{\"@id\":\"https:\\\/\\\/neststylevalencia.com\\\/fr\\\/#organization\"},\"alternateName\":\"Nest Style Valencia Hotel\",\"potentialAction\":[{\"@type\":\"SearchAction\",\"target\":{\"@type\":\"EntryPoint\",\"urlTemplate\":\"https:\\\/\\\/neststylevalencia.com\\\/fr\\\/?s={search_term_string}\"},\"query-input\":{\"@type\":\"PropertyValueSpecification\",\"valueRequired\":true,\"valueName\":\"search_term_string\"}}],\"inLanguage\":\"fr-FR\"},{\"@type\":\"Organization\",\"@id\":\"https:\\\/\\\/neststylevalencia.com\\\/fr\\\/#organization\",\"name\":\"Nest Style Valencia\",\"alternateName\":\"Nest Style Valencia Hotel\",\"url\":\"https:\\\/\\\/neststylevalencia.com\\\/fr\\\/\",\"logo\":{\"@type\":\"ImageObject\",\"inLanguage\":\"fr-FR\",\"@id\":\"https:\\\/\\\/neststylevalencia.com\\\/fr\\\/#\\\/schema\\\/logo\\\/image\\\/\",\"url\":\"https:\\\/\\\/neststylevalencia.com\\\/wp-content\\\/uploads\\\/2019\\\/07\\\/logo-web-nest-style-valencia-2019.jpg\",\"contentUrl\":\"https:\\\/\\\/neststylevalencia.com\\\/wp-content\\\/uploads\\\/2019\\\/07\\\/logo-web-nest-style-valencia-2019.jpg\",\"width\":1200,\"height\":1200,\"caption\":\"Nest Style Valencia\"},\"image\":{\"@id\":\"https:\\\/\\\/neststylevalencia.com\\\/fr\\\/#\\\/schema\\\/logo\\\/image\\\/\"},\"sameAs\":[\"https:\\\/\\\/www.facebook.com\\\/NestStyleValenciaHotel\\\/\",\"https:\\\/\\\/x.com\\\/neststylevlc\",\"https:\\\/\\\/www.instagram.com\\\/neststylevalencia\\\/\",\"https:\\\/\\\/www.linkedin.com\\\/company\\\/nest-style-valencia-hotel\\\/\",\"https:\\\/\\\/www.youtube.com\\\/@neststylevalenciahotel\",\"https:\\\/\\\/www.tripadvisor.com\\\/Hotel_Review-g187529-d18379474-Reviews-Nest_Style_Hotel_Valencia-Valencia_Province_of_Valencia_Valencian_Country.html\",\"https:\\\/\\\/snapchat.com\\\/add\\\/neststylevlc\",\"https:\\\/\\\/vk.com\\\/neststylevalenciahotel\",\"https:\\\/\\\/g.page\\\/NestStyleHotelValencia\\\/\",\"https:\\\/\\\/www.tiktok.com\\\/@neststylevalenciahotel\"]},{\"@type\":\"Question\",\"@id\":\"https:\\\/\\\/neststylevalencia.com\\\/fr\\\/lieu\\\/#faq-question-1677141630615\",\"position\":1,\"url\":\"https:\\\/\\\/neststylevalencia.com\\\/fr\\\/lieu\\\/#faq-question-1677141630615\",\"name\":\"How to get to from manises airport?\",\"answerCount\":1,\"acceptedAnswer\":{\"@type\":\"Answer\",\"text\":\"To get to the hotel from the airport, the fastest way is taking the subway line n\u00ba 5, which is within the airport, to the Amistat stop, and walk 10 minutes to the Port N\u00ba. 77.<br\\\/>The last metro from the airport leaves around 23:45.<br\\\/>We offer airport shuttle for only 28\u20ac.<br\\\/>In order to book this service, contact us 24h before.<br\\\/>\",\"inLanguage\":\"fr-FR\"},\"inLanguage\":\"fr-FR\"},{\"@type\":\"Question\",\"@id\":\"https:\\\/\\\/neststylevalencia.com\\\/fr\\\/lieu\\\/#faq-question-1677141916936\",\"position\":2,\"url\":\"https:\\\/\\\/neststylevalencia.com\\\/fr\\\/lieu\\\/#faq-question-1677141916936\",\"name\":\"How to get from the joaquin sorolla train station?\",\"answerCount\":1,\"acceptedAnswer\":{\"@type\":\"Answer\",\"text\":\"In case the train leaves you at the Joaqu\u00edn Sorolla station, we inform you that you can take a free minibus to the north station. From the north station, to reach the hotel you can take the metro line n\u00ba5 from X\u00e0tiva station to Amistat and walk 10 minutes to Avinguda del Port n\u00ba77.<br\\\/><br\\\/>You can also take bus number 4 that will leave you on Avinguda del Port, right in front of the hotel (bus stop Port-Riu Escalona).<br\\\/>\",\"inLanguage\":\"fr-FR\"},\"inLanguage\":\"fr-FR\"},{\"@type\":\"Question\",\"@id\":\"https:\\\/\\\/neststylevalencia.com\\\/fr\\\/lieu\\\/#faq-question-1677141949128\",\"position\":3,\"url\":\"https:\\\/\\\/neststylevalencia.com\\\/fr\\\/lieu\\\/#faq-question-1677141949128\",\"name\":\"How to get from the bus station?\",\"answerCount\":1,\"acceptedAnswer\":{\"@type\":\"Answer\",\"text\":\"The most convenient route is by taking the bus n\u00ba 92, which can be taken at Avenida Pio XII \u2013 Tirso de molina (5 min walk from the station) to the Port \u2013 Riu Escalona stop, just in front of the hotel.<br\\\/>\",\"inLanguage\":\"fr-FR\"},\"inLanguage\":\"fr-FR\"},{\"@type\":\"Question\",\"@id\":\"https:\\\/\\\/neststylevalencia.com\\\/fr\\\/lieu\\\/#faq-question-1677141999143\",\"position\":5,\"url\":\"https:\\\/\\\/neststylevalencia.com\\\/fr\\\/lieu\\\/#faq-question-1677141999143\",\"name\":\"Parking and interest information\",\"answerCount\":1,\"acceptedAnswer\":{\"@type\":\"Answer\",\"text\":\"<br\\\/>We always recommend using the <strong>public transport<\\\/strong> to reach our hotel or taxi. You can also get to our hotel by car. We have an agreement with <strong>Parking del Palau S.A<\\\/strong>.<br\\\/>186 parking spaces.<br\\\/>20\u20ac \\\/ day.<br\\\/>Calle de las islas canarias, 12.<br\\\/>Val\u00e8ncia, Comunidad Valenciana 46023, ES<br\\\/>+34 963374169<br\\\/>We accept payments in cash and card.<br\\\/><br\\\/><a href=\\\"https:\\\/\\\/goo.gl\\\/maps\\\/PMaSoz2G7UKAnNNaA\\\" target=\\\"_blank\\\" rel=\\\"noreferrer noopener\\\">Here you can see the address of the Parking and how to get there.<\\\/a><br\\\/><br\\\/>\",\"inLanguage\":\"fr-FR\"},\"inLanguage\":\"fr-FR\"}]}<\/script>\n<!-- \/ Yoast SEO plugin. -->","yoast_head_json":{"title":"Emplacement Nest Style Hotel Valencia. H\u00f4tel sur Avenida del Puerto","description":"Emplacement Nest Style Hotel Valencia. H\u00f4tel situ\u00e9 sur l'Avenida del Puerto, \u00e0 7 minutes \u00e0 pied du c\u00e9l\u00e8bre jardin Turia de Valence.","robots":{"index":"index","follow":"follow","max-snippet":"max-snippet:-1","max-image-preview":"max-image-preview:large","max-video-preview":"max-video-preview:-1"},"canonical":"https:\/\/neststylevalencia.com\/fr\/lieu\/","og_locale":"fr_FR","og_type":"article","og_title":"Emplacement Nest Style Hotel Valencia. H\u00f4tel sur Avenida del Puerto","og_description":"Emplacement Nest Style Hotel Valencia. H\u00f4tel situ\u00e9 sur l'Avenida del Puerto, \u00e0 7 minutes \u00e0 pied du c\u00e9l\u00e8bre jardin Turia de Valence.","og_url":"https:\/\/neststylevalencia.com\/fr\/lieu\/","og_site_name":"Nest Style Valencia","article_publisher":"https:\/\/www.facebook.com\/NestStyleValenciaHotel\/","article_modified_time":"2024-05-24T09:10:09+00:00","og_image":[{"width":719,"height":1080,"url":"https:\/\/neststylevalencia.com\/wp-content\/uploads\/2019\/08\/02common-areas-nest-style-valencia-2019.jpg","type":"image\/jpeg"}],"twitter_card":"summary_large_image","twitter_site":"@neststylevlc","twitter_misc":{"Dur\u00e9e de lecture estim\u00e9e":"4 minutes"},"schema":{"@context":"https:\/\/schema.org","@graph":[{"@type":["WebPage","FAQPage"],"@id":"https:\/\/neststylevalencia.com\/fr\/lieu\/","url":"https:\/\/neststylevalencia.com\/fr\/lieu\/","name":"Emplacement Nest Style Hotel Valencia. H\u00f4tel sur Avenida del Puerto","isPartOf":{"@id":"https:\/\/neststylevalencia.com\/fr\/#website"},"primaryImageOfPage":{"@id":"https:\/\/neststylevalencia.com\/fr\/lieu\/#primaryimage"},"image":{"@id":"https:\/\/neststylevalencia.com\/fr\/lieu\/#primaryimage"},"thumbnailUrl":"https:\/\/neststylevalencia.com\/wp-content\/uploads\/2019\/08\/02common-areas-nest-style-valencia-2019.jpg","datePublished":"2019-07-18T11:53:59+00:00","dateModified":"2024-05-24T09:10:09+00:00","description":"Emplacement Nest Style Hotel Valencia. H\u00f4tel situ\u00e9 sur l'Avenida del Puerto, \u00e0 7 minutes \u00e0 pied du c\u00e9l\u00e8bre jardin Turia de Valence.","mainEntity":[{"@id":"https:\/\/neststylevalencia.com\/fr\/lieu\/#faq-question-1677141630615"},{"@id":"https:\/\/neststylevalencia.com\/fr\/lieu\/#faq-question-1677141916936"},{"@id":"https:\/\/neststylevalencia.com\/fr\/lieu\/#faq-question-1677141949128"},{"@id":"https:\/\/neststylevalencia.com\/fr\/lieu\/#faq-question-1677141999143"}],"inLanguage":"fr-FR","potentialAction":[{"@type":"ReadAction","target":["https:\/\/neststylevalencia.com\/fr\/lieu\/"]}]},{"@type":"ImageObject","inLanguage":"fr-FR","@id":"https:\/\/neststylevalencia.com\/fr\/lieu\/#primaryimage","url":"https:\/\/neststylevalencia.com\/wp-content\/uploads\/2019\/08\/02common-areas-nest-style-valencia-2019.jpg","contentUrl":"https:\/\/neststylevalencia.com\/wp-content\/uploads\/2019\/08\/02common-areas-nest-style-valencia-2019.jpg","width":719,"height":1080,"caption":"Location Nest Style Valencia Hotel"},{"@type":"WebSite","@id":"https:\/\/neststylevalencia.com\/fr\/#website","url":"https:\/\/neststylevalencia.com\/fr\/","name":"Nest Style Valencia","description":"El\u00e9gance et simplicit\u00e9","publisher":{"@id":"https:\/\/neststylevalencia.com\/fr\/#organization"},"alternateName":"Nest Style Valencia Hotel","potentialAction":[{"@type":"SearchAction","target":{"@type":"EntryPoint","urlTemplate":"https:\/\/neststylevalencia.com\/fr\/?s={search_term_string}"},"query-input":{"@type":"PropertyValueSpecification","valueRequired":true,"valueName":"search_term_string"}}],"inLanguage":"fr-FR"},{"@type":"Organization","@id":"https:\/\/neststylevalencia.com\/fr\/#organization","name":"Nest Style Valencia","alternateName":"Nest Style Valencia Hotel","url":"https:\/\/neststylevalencia.com\/fr\/","logo":{"@type":"ImageObject","inLanguage":"fr-FR","@id":"https:\/\/neststylevalencia.com\/fr\/#\/schema\/logo\/image\/","url":"https:\/\/neststylevalencia.com\/wp-content\/uploads\/2019\/07\/logo-web-nest-style-valencia-2019.jpg","contentUrl":"https:\/\/neststylevalencia.com\/wp-content\/uploads\/2019\/07\/logo-web-nest-style-valencia-2019.jpg","width":1200,"height":1200,"caption":"Nest Style Valencia"},"image":{"@id":"https:\/\/neststylevalencia.com\/fr\/#\/schema\/logo\/image\/"},"sameAs":["https:\/\/www.facebook.com\/NestStyleValenciaHotel\/","https:\/\/x.com\/neststylevlc","https:\/\/www.instagram.com\/neststylevalencia\/","https:\/\/www.linkedin.com\/company\/nest-style-valencia-hotel\/","https:\/\/www.youtube.com\/@neststylevalenciahotel","https:\/\/www.tripadvisor.com\/Hotel_Review-g187529-d18379474-Reviews-Nest_Style_Hotel_Valencia-Valencia_Province_of_Valencia_Valencian_Country.html","https:\/\/snapchat.com\/add\/neststylevlc","https:\/\/vk.com\/neststylevalenciahotel","https:\/\/g.page\/NestStyleHotelValencia\/","https:\/\/www.tiktok.com\/@neststylevalenciahotel"]},{"@type":"Question","@id":"https:\/\/neststylevalencia.com\/fr\/lieu\/#faq-question-1677141630615","position":1,"url":"https:\/\/neststylevalencia.com\/fr\/lieu\/#faq-question-1677141630615","name":"How to get to from manises airport?","answerCount":1,"acceptedAnswer":{"@type":"Answer","text":"To get to the hotel from the airport, the fastest way is taking the subway line n\u00ba 5, which is within the airport, to the Amistat stop, and walk 10 minutes to the Port N\u00ba. 77.<br\/>The last metro from the airport leaves around 23:45.<br\/>We offer airport shuttle for only 28\u20ac.<br\/>In order to book this service, contact us 24h before.<br\/>","inLanguage":"fr-FR"},"inLanguage":"fr-FR"},{"@type":"Question","@id":"https:\/\/neststylevalencia.com\/fr\/lieu\/#faq-question-1677141916936","position":2,"url":"https:\/\/neststylevalencia.com\/fr\/lieu\/#faq-question-1677141916936","name":"How to get from the joaquin sorolla train station?","answerCount":1,"acceptedAnswer":{"@type":"Answer","text":"In case the train leaves you at the Joaqu\u00edn Sorolla station, we inform you that you can take a free minibus to the north station. From the north station, to reach the hotel you can take the metro line n\u00ba5 from X\u00e0tiva station to Amistat and walk 10 minutes to Avinguda del Port n\u00ba77.<br\/><br\/>You can also take bus number 4 that will leave you on Avinguda del Port, right in front of the hotel (bus stop Port-Riu Escalona).<br\/>","inLanguage":"fr-FR"},"inLanguage":"fr-FR"},{"@type":"Question","@id":"https:\/\/neststylevalencia.com\/fr\/lieu\/#faq-question-1677141949128","position":3,"url":"https:\/\/neststylevalencia.com\/fr\/lieu\/#faq-question-1677141949128","name":"How to get from the bus station?","answerCount":1,"acceptedAnswer":{"@type":"Answer","text":"The most convenient route is by taking the bus n\u00ba 92, which can be taken at Avenida Pio XII \u2013 Tirso de molina (5 min walk from the station) to the Port \u2013 Riu Escalona stop, just in front of the hotel.<br\/>","inLanguage":"fr-FR"},"inLanguage":"fr-FR"},{"@type":"Question","@id":"https:\/\/neststylevalencia.com\/fr\/lieu\/#faq-question-1677141999143","position":5,"url":"https:\/\/neststylevalencia.com\/fr\/lieu\/#faq-question-1677141999143","name":"Parking and interest information","answerCount":1,"acceptedAnswer":{"@type":"Answer","text":"<br\/>We always recommend using the <strong>public transport<\/strong> to reach our hotel or taxi. You can also get to our hotel by car. We have an agreement with <strong>Parking del Palau S.A<\/strong>.<br\/>186 parking spaces.<br\/>20\u20ac \/ day.<br\/>Calle de las islas canarias, 12.<br\/>Val\u00e8ncia, Comunidad Valenciana 46023, ES<br\/>+34 963374169<br\/>We accept payments in cash and card.<br\/><br\/><a href=\"https:\/\/goo.gl\/maps\/PMaSoz2G7UKAnNNaA\" target=\"_blank\" rel=\"noreferrer noopener\">Here you can see the address of the Parking and how to get there.<\/a><br\/><br\/>","inLanguage":"fr-FR"},"inLanguage":"fr-FR"}]}},"_links":{"self":[{"href":"https:\/\/neststylevalencia.com\/fr\/wp-json\/wp\/v2\/pages\/2841","targetHints":{"allow":["GET"]}}],"collection":[{"href":"https:\/\/neststylevalencia.com\/fr\/wp-json\/wp\/v2\/pages"}],"about":[{"href":"https:\/\/neststylevalencia.com\/fr\/wp-json\/wp\/v2\/types\/page"}],"author":[{"embeddable":true,"href":"https:\/\/neststylevalencia.com\/fr\/wp-json\/wp\/v2\/users\/7"}],"replies":[{"embeddable":true,"href":"https:\/\/neststylevalencia.com\/fr\/wp-json\/wp\/v2\/comments?post=2841"}],"version-history":[{"count":0,"href":"https:\/\/neststylevalencia.com\/fr\/wp-json\/wp\/v2\/pages\/2841\/revisions"}],"wp:featuredmedia":[{"embeddable":true,"href":"https:\/\/neststylevalencia.com\/fr\/wp-json\/wp\/v2\/media\/1303"}],"wp:attachment":[{"href":"https:\/\/neststylevalencia.com\/fr\/wp-json\/wp\/v2\/media?parent=2841"}],"curies":[{"name":"wp","href":"https:\/\/api.w.org\/{rel}","templated":true}]}}