{"id":2886,"date":"2019-11-19T08:53:59","date_gmt":"2019-11-19T08:53:59","guid":{"rendered":"https:\/\/neststylevalencia.com\/reviews-ratings\/"},"modified":"2024-05-24T08:57:10","modified_gmt":"2024-05-24T08:57:10","slug":"commentaires-evaluations","status":"publish","type":"page","link":"https:\/\/neststylevalencia.com\/fr\/commentaires-evaluations\/","title":{"rendered":"Commentaires"},"content":{"rendered":"\n<script src=\"https:\/\/apps.elfsight.com\/p\/platform.js\" defer=\"\"><\/script>\r\n<div class=\"elfsight-app-6e897e2e-7f4b-4223-90ee-d430b18dddb7\"><\/div>\n\n<div style=\"height:149px\" aria-hidden=\"true\" class=\"wp-block-spacer\"><\/div>\n\n<h2 class=\"wp-block-heading\">Bienvenue \u00e0 Nest Style Valencia &#8211; Des exp\u00e9riences inoubliables t&rsquo;attendent<\/h2>\n\n<p>Chez Nest Style Valencia, nous nous effor\u00e7ons de fournir un service exceptionnel et de cr\u00e9er des exp\u00e9riences m\u00e9morables pour nos clients. Nous comprenons l&rsquo;importance des commentaires, des \u00e9valuations et des opinions des invit\u00e9s, et nous sommes fiers des commentaires positifs que nous recevons.<\/p>\n\n<div style=\"height:100px\" aria-hidden=\"true\" class=\"wp-block-spacer\"><\/div>\n\n<div class=\"wp-block-essential-blocks-advanced-image\"><div class=\"eb-parent-wrapper eb-parent-eb-advanced-image-wznqkl0 \"><figure class=\"eb-advanced-image-wrapper eb-advanced-image-wznqkl0 img-style-rounded caption-style-1 caption-horizontal-center caption-vertical-bottom bottom zoom-in\" data-id=\"eb-advanced-image-wznqkl0\"><div class=\"image-wrapper\"><img decoding=\"async\" src=\"https:\/\/neststylevalencia.com\/wp-content\/uploads\/2019\/11\/faqs-nest-style-valencia-hotel.jpg\" alt=\"Faqs Nest Style Valencia Hotel\"\/><\/div><\/figure><\/div><\/div>\r\n\n<div style=\"height:100px\" aria-hidden=\"true\" class=\"wp-block-spacer\"><\/div>\n\n<h2 class=\"wp-block-heading\">Pourquoi choisir Nest Style Valencia ?<\/h2>\n\n<ol class=\"wp-block-list\">\n<li>Une hospitalit\u00e9 sans pareille: Notre \u00e9quipe d\u00e9vou\u00e9e se surpasse pour assurer ton <a href=\"https:\/\/neststylevalencia.com\/fr\/valencia-hotel\/\">confort<\/a> et ta satisfaction tout au long de ton s\u00e9jour. De l&rsquo;enregistrement personnalis\u00e9 \u00e0 l&rsquo;assistance attentive, nous sommes l\u00e0 pour rendre ton exp\u00e9rience vraiment exceptionnelle.<\/li>\n\n\n\n<li>Des h\u00e9bergements de charme \u00e9l\u00e9gants: Immerge-toi dans nos chambres et suites bien pens\u00e9es, o\u00f9 l&rsquo;\u00e9l\u00e9gance moderne rencontre le confort. Chaque espace est soigneusement s\u00e9lectionn\u00e9 pour offrir une ambiance unique, garantissant un s\u00e9jour relaxant et agr\u00e9able.<\/li>\n\n\n\n<li><a href=\"https:\/\/g.page\/NestStyleHotelValencia?share\">Emplacement de choix<\/a>: Situ\u00e9 au c\u0153ur de Valence, notre h\u00f4tel offre un acc\u00e8s facile aux principales attractions de la ville, \u00e0 sa vie nocturne anim\u00e9e et \u00e0 ses sites culturels. Explore les rues enchanteresses, laisse-toi tenter par la cuisine locale, ou impr\u00e8gne-toi simplement de l&rsquo;atmosph\u00e8re vibrante qui nous entoure.<\/li>\n<\/ol>\n\n<h2 class=\"wp-block-heading\">Commentaires des invit\u00e9s: La voix de la satisfaction<\/h2>\n\n<p>Nous sommes fiers de partager les exp\u00e9riences de nos pr\u00e9cieux invit\u00e9s \u00e0 travers leurs critiques et leurs \u00e9valuations. Notre engagement \u00e0 fournir un service exceptionnel et \u00e0 cr\u00e9er des souvenirs inoubliables se refl\u00e8te dans leurs mots.<\/p>\n\n<p>Voici quelques t\u00e9moignages de nos invit\u00e9s satisfaits:<\/p>\n\n<ul class=\"wp-block-list\">\n<li>\u00ab\u00a0Je n&rsquo;aurais pas pu demander un meilleur s\u00e9jour. Le personnel \u00e9tait sympathique, la chambre \u00e9tait immacul\u00e9e et l&#8217;emplacement \u00e9tait parfait. Hautement recommand\u00e9 !\u00a0\u00bb &#8211; John D.<\/li>\n\n\n\n<li>\u00ab\u00a0D\u00e8s mon arriv\u00e9e, je me suis sentie accueillie et prise en charge. L&rsquo;attention port\u00e9e aux d\u00e9tails et le service personnalis\u00e9 ont d\u00e9pass\u00e9 mes attentes. Cet h\u00f4tel sait vraiment comment te faire sentir sp\u00e9cial.\u00a0\u00bb &#8211; Sarah L.<\/li>\n\n\n\n<li>\u00ab\u00a0L&rsquo;exp\u00e9rience globale a \u00e9t\u00e9 exceptionnelle. Les chambres \u00e9taient spacieuses, d\u00e9cor\u00e9es avec go\u00fbt, et les \u00e9quipements fournis \u00e9taient de premier ordre. J&rsquo;ai h\u00e2te de revenir !\u00a0\u00bb &#8211; Michael S.<\/li>\n<\/ul>\n\n<h2 class=\"wp-block-heading\">Partage ton exp\u00e9rience!<\/h2>\n\n<p>Nous appr\u00e9cions ton opinion et nous aimerions avoir des nouvelles de ton s\u00e9jour au Nest Style Valencia. Tes commentaires nous aident \u00e0 nous am\u00e9liorer et \u00e0 faire en sorte que chaque invit\u00e9 vive une exp\u00e9rience m\u00e9morable. Partage tes pens\u00e9es, \u00e9value ton s\u00e9jour et fais-nous savoir comment nous pouvons rendre ta prochaine visite encore meilleure.<\/p>\n\n<h2 class=\"wp-block-heading\">R\u00e9serve ton s\u00e9jour aujourd&rsquo;hui<\/h2>\n\n<p>Ne passe pas \u00e0 c\u00f4t\u00e9 d&rsquo;un s\u00e9jour inoubliable au Nest Style Valencia.<\/p>\n\n<p>Fais ta r\u00e9servation maintenant et d\u00e9couvre le m\u00e9lange parfait de confort, de style et de service exceptionnel.<\/p>\n","protected":false},"excerpt":{"rendered":"<p>Commentaires et \u00e9valuation Nest Style Valencia Hotel \u2b50\u2b50\u2b50 Commentaires mis \u00e0 jour. De vraies notes de vrais invit\u00e9s. Voir les commentaires des voyageurs et de bonnes affaires pour Nest Style Hotel. Nos clients disent: \u00ab\u00a0Bright nouvel h\u00f4tel et moderne ! Situ\u00e9 dans un bon quartier, chambres confortables. Prix raisonnables. Personnel exceptionnel tr\u00e8s poli et sympathique, j&rsquo;ai eu l&rsquo;impression que je rendais visite \u00e0 de vieux amis\u00a0\u00bb<\/p>\n","protected":false},"author":7,"featured_media":1251,"parent":0,"menu_order":0,"comment_status":"closed","ping_status":"closed","template":"","meta":{"footnotes":""},"class_list":["post-2886","page","type-page","status-publish","has-post-thumbnail","hentry"],"yoast_head":"<!-- This site is optimized with the Yoast SEO plugin v27.4 - https:\/\/yoast.com\/product\/yoast-seo-wordpress\/ -->\n<title>Avis et \u00e9valuations Nest Style Valencia \u2b50\u2b50\u2b50\u2b50 Avis actualis\u00e9s<\/title>\n<meta name=\"description\" content=\"Commentaires et \u00e9valuation Nest Style Valencia Hotel \u2b50\u2b50\u2b50 Commentaires mis \u00e0 jour. De vraies notes de vrais invit\u00e9s. Voir les avis des voyageurs\" \/>\n<meta name=\"robots\" content=\"index, follow, max-snippet:-1, max-image-preview:large, max-video-preview:-1\" \/>\n<link rel=\"canonical\" href=\"https:\/\/neststylevalencia.com\/fr\/commentaires-evaluations\/\" \/>\n<meta property=\"og:locale\" content=\"fr_FR\" \/>\n<meta property=\"og:type\" content=\"article\" \/>\n<meta property=\"og:title\" content=\"Avis et \u00e9valuations Nest Style Valencia \u2b50\u2b50\u2b50\u2b50 Avis actualis\u00e9s\" \/>\n<meta property=\"og:description\" content=\"Commentaires et \u00e9valuation Nest Style Valencia Hotel \u2b50\u2b50\u2b50 Commentaires mis \u00e0 jour. De vraies notes de vrais invit\u00e9s. Voir les avis des voyageurs\" \/>\n<meta property=\"og:url\" content=\"https:\/\/neststylevalencia.com\/fr\/commentaires-evaluations\/\" \/>\n<meta property=\"og:site_name\" content=\"Nest Style Valencia\" \/>\n<meta property=\"article:publisher\" content=\"https:\/\/www.facebook.com\/NestStyleValenciaHotel\/\" \/>\n<meta property=\"article:modified_time\" content=\"2024-05-24T08:57:10+00:00\" \/>\n<meta property=\"og:image\" content=\"https:\/\/neststylevalencia.com\/wp-content\/uploads\/2019\/08\/01yellow-room-12-nest-style-valencia-2019.jpg\" \/>\n\t<meta property=\"og:image:width\" content=\"754\" \/>\n\t<meta property=\"og:image:height\" content=\"1080\" \/>\n\t<meta property=\"og:image:type\" content=\"image\/jpeg\" \/>\n<meta name=\"twitter:card\" content=\"summary_large_image\" \/>\n<meta name=\"twitter:site\" content=\"@neststylevlc\" \/>\n<meta name=\"twitter:label1\" content=\"Dur\u00e9e de lecture estim\u00e9e\" \/>\n\t<meta name=\"twitter:data1\" content=\"3 minutes\" \/>\n<script type=\"application\/ld+json\" class=\"yoast-schema-graph\">{\"@context\":\"https:\\\/\\\/schema.org\",\"@graph\":[{\"@type\":\"WebPage\",\"@id\":\"https:\\\/\\\/neststylevalencia.com\\\/fr\\\/commentaires-evaluations\\\/\",\"url\":\"https:\\\/\\\/neststylevalencia.com\\\/fr\\\/commentaires-evaluations\\\/\",\"name\":\"Avis et \u00e9valuations Nest Style Valencia \u2b50\u2b50\u2b50\u2b50 Avis actualis\u00e9s\",\"isPartOf\":{\"@id\":\"https:\\\/\\\/neststylevalencia.com\\\/fr\\\/#website\"},\"primaryImageOfPage\":{\"@id\":\"https:\\\/\\\/neststylevalencia.com\\\/fr\\\/commentaires-evaluations\\\/#primaryimage\"},\"image\":{\"@id\":\"https:\\\/\\\/neststylevalencia.com\\\/fr\\\/commentaires-evaluations\\\/#primaryimage\"},\"thumbnailUrl\":\"https:\\\/\\\/neststylevalencia.com\\\/wp-content\\\/uploads\\\/2019\\\/08\\\/01yellow-room-12-nest-style-valencia-2019.jpg\",\"datePublished\":\"2019-11-19T08:53:59+00:00\",\"dateModified\":\"2024-05-24T08:57:10+00:00\",\"description\":\"Commentaires et \u00e9valuation Nest Style Valencia Hotel \u2b50\u2b50\u2b50 Commentaires mis \u00e0 jour. De vraies notes de vrais invit\u00e9s. Voir les avis des voyageurs\",\"inLanguage\":\"fr-FR\",\"potentialAction\":[{\"@type\":\"ReadAction\",\"target\":[\"https:\\\/\\\/neststylevalencia.com\\\/fr\\\/commentaires-evaluations\\\/\"]}]},{\"@type\":\"ImageObject\",\"inLanguage\":\"fr-FR\",\"@id\":\"https:\\\/\\\/neststylevalencia.com\\\/fr\\\/commentaires-evaluations\\\/#primaryimage\",\"url\":\"https:\\\/\\\/neststylevalencia.com\\\/wp-content\\\/uploads\\\/2019\\\/08\\\/01yellow-room-12-nest-style-valencia-2019.jpg\",\"contentUrl\":\"https:\\\/\\\/neststylevalencia.com\\\/wp-content\\\/uploads\\\/2019\\\/08\\\/01yellow-room-12-nest-style-valencia-2019.jpg\",\"width\":754,\"height\":1080,\"caption\":\"Nest Style Valencia Hotel, a hotel with elegance and simplicity\"},{\"@type\":\"WebSite\",\"@id\":\"https:\\\/\\\/neststylevalencia.com\\\/fr\\\/#website\",\"url\":\"https:\\\/\\\/neststylevalencia.com\\\/fr\\\/\",\"name\":\"Nest Style Valencia\",\"description\":\"El\u00e9gance et simplicit\u00e9\",\"publisher\":{\"@id\":\"https:\\\/\\\/neststylevalencia.com\\\/fr\\\/#organization\"},\"alternateName\":\"Nest Style Valencia Hotel\",\"potentialAction\":[{\"@type\":\"SearchAction\",\"target\":{\"@type\":\"EntryPoint\",\"urlTemplate\":\"https:\\\/\\\/neststylevalencia.com\\\/fr\\\/?s={search_term_string}\"},\"query-input\":{\"@type\":\"PropertyValueSpecification\",\"valueRequired\":true,\"valueName\":\"search_term_string\"}}],\"inLanguage\":\"fr-FR\"},{\"@type\":\"Organization\",\"@id\":\"https:\\\/\\\/neststylevalencia.com\\\/fr\\\/#organization\",\"name\":\"Nest Style Valencia\",\"alternateName\":\"Nest Style Valencia Hotel\",\"url\":\"https:\\\/\\\/neststylevalencia.com\\\/fr\\\/\",\"logo\":{\"@type\":\"ImageObject\",\"inLanguage\":\"fr-FR\",\"@id\":\"https:\\\/\\\/neststylevalencia.com\\\/fr\\\/#\\\/schema\\\/logo\\\/image\\\/\",\"url\":\"https:\\\/\\\/neststylevalencia.com\\\/wp-content\\\/uploads\\\/2019\\\/07\\\/logo-web-nest-style-valencia-2019.jpg\",\"contentUrl\":\"https:\\\/\\\/neststylevalencia.com\\\/wp-content\\\/uploads\\\/2019\\\/07\\\/logo-web-nest-style-valencia-2019.jpg\",\"width\":1200,\"height\":1200,\"caption\":\"Nest Style Valencia\"},\"image\":{\"@id\":\"https:\\\/\\\/neststylevalencia.com\\\/fr\\\/#\\\/schema\\\/logo\\\/image\\\/\"},\"sameAs\":[\"https:\\\/\\\/www.facebook.com\\\/NestStyleValenciaHotel\\\/\",\"https:\\\/\\\/x.com\\\/neststylevlc\",\"https:\\\/\\\/www.instagram.com\\\/neststylevalencia\\\/\",\"https:\\\/\\\/www.linkedin.com\\\/company\\\/nest-style-valencia-hotel\\\/\",\"https:\\\/\\\/www.youtube.com\\\/@neststylevalenciahotel\",\"https:\\\/\\\/www.tripadvisor.com\\\/Hotel_Review-g187529-d18379474-Reviews-Nest_Style_Hotel_Valencia-Valencia_Province_of_Valencia_Valencian_Country.html\",\"https:\\\/\\\/snapchat.com\\\/add\\\/neststylevlc\",\"https:\\\/\\\/vk.com\\\/neststylevalenciahotel\",\"https:\\\/\\\/g.page\\\/NestStyleHotelValencia\\\/\",\"https:\\\/\\\/www.tiktok.com\\\/@neststylevalenciahotel\"]}]}<\/script>\n<!-- \/ Yoast SEO plugin. -->","yoast_head_json":{"title":"Avis et \u00e9valuations Nest Style Valencia \u2b50\u2b50\u2b50\u2b50 Avis actualis\u00e9s","description":"Commentaires et \u00e9valuation Nest Style Valencia Hotel \u2b50\u2b50\u2b50 Commentaires mis \u00e0 jour. De vraies notes de vrais invit\u00e9s. Voir les avis des voyageurs","robots":{"index":"index","follow":"follow","max-snippet":"max-snippet:-1","max-image-preview":"max-image-preview:large","max-video-preview":"max-video-preview:-1"},"canonical":"https:\/\/neststylevalencia.com\/fr\/commentaires-evaluations\/","og_locale":"fr_FR","og_type":"article","og_title":"Avis et \u00e9valuations Nest Style Valencia \u2b50\u2b50\u2b50\u2b50 Avis actualis\u00e9s","og_description":"Commentaires et \u00e9valuation Nest Style Valencia Hotel \u2b50\u2b50\u2b50 Commentaires mis \u00e0 jour. De vraies notes de vrais invit\u00e9s. Voir les avis des voyageurs","og_url":"https:\/\/neststylevalencia.com\/fr\/commentaires-evaluations\/","og_site_name":"Nest Style Valencia","article_publisher":"https:\/\/www.facebook.com\/NestStyleValenciaHotel\/","article_modified_time":"2024-05-24T08:57:10+00:00","og_image":[{"width":754,"height":1080,"url":"https:\/\/neststylevalencia.com\/wp-content\/uploads\/2019\/08\/01yellow-room-12-nest-style-valencia-2019.jpg","type":"image\/jpeg"}],"twitter_card":"summary_large_image","twitter_site":"@neststylevlc","twitter_misc":{"Dur\u00e9e de lecture estim\u00e9e":"3 minutes"},"schema":{"@context":"https:\/\/schema.org","@graph":[{"@type":"WebPage","@id":"https:\/\/neststylevalencia.com\/fr\/commentaires-evaluations\/","url":"https:\/\/neststylevalencia.com\/fr\/commentaires-evaluations\/","name":"Avis et \u00e9valuations Nest Style Valencia \u2b50\u2b50\u2b50\u2b50 Avis actualis\u00e9s","isPartOf":{"@id":"https:\/\/neststylevalencia.com\/fr\/#website"},"primaryImageOfPage":{"@id":"https:\/\/neststylevalencia.com\/fr\/commentaires-evaluations\/#primaryimage"},"image":{"@id":"https:\/\/neststylevalencia.com\/fr\/commentaires-evaluations\/#primaryimage"},"thumbnailUrl":"https:\/\/neststylevalencia.com\/wp-content\/uploads\/2019\/08\/01yellow-room-12-nest-style-valencia-2019.jpg","datePublished":"2019-11-19T08:53:59+00:00","dateModified":"2024-05-24T08:57:10+00:00","description":"Commentaires et \u00e9valuation Nest Style Valencia Hotel \u2b50\u2b50\u2b50 Commentaires mis \u00e0 jour. De vraies notes de vrais invit\u00e9s. Voir les avis des voyageurs","inLanguage":"fr-FR","potentialAction":[{"@type":"ReadAction","target":["https:\/\/neststylevalencia.com\/fr\/commentaires-evaluations\/"]}]},{"@type":"ImageObject","inLanguage":"fr-FR","@id":"https:\/\/neststylevalencia.com\/fr\/commentaires-evaluations\/#primaryimage","url":"https:\/\/neststylevalencia.com\/wp-content\/uploads\/2019\/08\/01yellow-room-12-nest-style-valencia-2019.jpg","contentUrl":"https:\/\/neststylevalencia.com\/wp-content\/uploads\/2019\/08\/01yellow-room-12-nest-style-valencia-2019.jpg","width":754,"height":1080,"caption":"Nest Style Valencia Hotel, a hotel with elegance and simplicity"},{"@type":"WebSite","@id":"https:\/\/neststylevalencia.com\/fr\/#website","url":"https:\/\/neststylevalencia.com\/fr\/","name":"Nest Style Valencia","description":"El\u00e9gance et simplicit\u00e9","publisher":{"@id":"https:\/\/neststylevalencia.com\/fr\/#organization"},"alternateName":"Nest Style Valencia Hotel","potentialAction":[{"@type":"SearchAction","target":{"@type":"EntryPoint","urlTemplate":"https:\/\/neststylevalencia.com\/fr\/?s={search_term_string}"},"query-input":{"@type":"PropertyValueSpecification","valueRequired":true,"valueName":"search_term_string"}}],"inLanguage":"fr-FR"},{"@type":"Organization","@id":"https:\/\/neststylevalencia.com\/fr\/#organization","name":"Nest Style Valencia","alternateName":"Nest Style Valencia Hotel","url":"https:\/\/neststylevalencia.com\/fr\/","logo":{"@type":"ImageObject","inLanguage":"fr-FR","@id":"https:\/\/neststylevalencia.com\/fr\/#\/schema\/logo\/image\/","url":"https:\/\/neststylevalencia.com\/wp-content\/uploads\/2019\/07\/logo-web-nest-style-valencia-2019.jpg","contentUrl":"https:\/\/neststylevalencia.com\/wp-content\/uploads\/2019\/07\/logo-web-nest-style-valencia-2019.jpg","width":1200,"height":1200,"caption":"Nest Style Valencia"},"image":{"@id":"https:\/\/neststylevalencia.com\/fr\/#\/schema\/logo\/image\/"},"sameAs":["https:\/\/www.facebook.com\/NestStyleValenciaHotel\/","https:\/\/x.com\/neststylevlc","https:\/\/www.instagram.com\/neststylevalencia\/","https:\/\/www.linkedin.com\/company\/nest-style-valencia-hotel\/","https:\/\/www.youtube.com\/@neststylevalenciahotel","https:\/\/www.tripadvisor.com\/Hotel_Review-g187529-d18379474-Reviews-Nest_Style_Hotel_Valencia-Valencia_Province_of_Valencia_Valencian_Country.html","https:\/\/snapchat.com\/add\/neststylevlc","https:\/\/vk.com\/neststylevalenciahotel","https:\/\/g.page\/NestStyleHotelValencia\/","https:\/\/www.tiktok.com\/@neststylevalenciahotel"]}]}},"_links":{"self":[{"href":"https:\/\/neststylevalencia.com\/fr\/wp-json\/wp\/v2\/pages\/2886","targetHints":{"allow":["GET"]}}],"collection":[{"href":"https:\/\/neststylevalencia.com\/fr\/wp-json\/wp\/v2\/pages"}],"about":[{"href":"https:\/\/neststylevalencia.com\/fr\/wp-json\/wp\/v2\/types\/page"}],"author":[{"embeddable":true,"href":"https:\/\/neststylevalencia.com\/fr\/wp-json\/wp\/v2\/users\/7"}],"replies":[{"embeddable":true,"href":"https:\/\/neststylevalencia.com\/fr\/wp-json\/wp\/v2\/comments?post=2886"}],"version-history":[{"count":0,"href":"https:\/\/neststylevalencia.com\/fr\/wp-json\/wp\/v2\/pages\/2886\/revisions"}],"wp:featuredmedia":[{"embeddable":true,"href":"https:\/\/neststylevalencia.com\/fr\/wp-json\/wp\/v2\/media\/1251"}],"wp:attachment":[{"href":"https:\/\/neststylevalencia.com\/fr\/wp-json\/wp\/v2\/media?parent=2886"}],"curies":[{"name":"wp","href":"https:\/\/api.w.org\/{rel}","templated":true}]}}