{"id":2915,"date":"2019-09-24T22:16:19","date_gmt":"2019-09-24T22:16:19","guid":{"rendered":"https:\/\/neststylevalencia.com\/photo-gallery\/"},"modified":"2024-04-02T13:37:25","modified_gmt":"2024-04-02T13:37:25","slug":"galerie-photos","status":"publish","type":"page","link":"https:\/\/neststylevalencia.com\/fr\/galerie-photos\/","title":{"rendered":"Galerie de photos"},"content":{"rendered":"\n<h1 class=\"wp-block-heading has-text-align-center\">D\u00e9couvrir le Charme de l&rsquo;H\u00f4tel Nest Style Valencia \u00e0 travers la Photographie<\/h1>\n\n<p>Bienvenue dans la galerie de photos de l&rsquo;H\u00f4tel Nest Style Valencia. Ici, vous pouvez avoir un aper\u00e7u des exp\u00e9riences uniques qui vous attendent dans notre magnifique h\u00f4tel au c\u0153ur de Valencia.<\/p>\n\n<h2 class=\"wp-block-heading\">Des vues \u00e9poustouflantes de l&rsquo;H\u00f4tel Nest Style Valencia<\/h2>\n\n<p>Notre collection de photos de haute qualit\u00e9 met en valeur l&rsquo;architecture moderne et le design chic qui d\u00e9finissent l&rsquo;H\u00f4tel Nest Style Valencia.<\/p>\n\n<p>De nos chambres confortables \u00e0 nos salles de r\u00e9union bien \u00e9quip\u00e9es, chaque image offre une perspective unique de nos commodit\u00e9s.<\/p>\n\n<h2 class=\"wp-block-heading\">Des <a href=\"https:\/\/neststylevalencia.com\/fr\/chambres\/\">chambres parfaites<\/a> en images<\/h2>\n\n<p>\u00c0 travers l&rsquo;objectif, vous pouvez explorer notre gamme de chambres, chacune pens\u00e9e pour offrir confort et luxe \u00e0 nos h\u00f4tes. Les int\u00e9rieurs modernes et minimalistes que l&rsquo;on voit sur nos photographies capturent l&rsquo;essence de Nest Style Valencia.<\/p>\n\n<h2 class=\"wp-block-heading\">Des services spectaculaires en images<\/h2>\n\n<p>Plongez dans le monde du luxe avec des images de nos services complets. De la piscine rafra\u00eechissante \u00e0 notre salle de sport ultra-moderne, nos photos offrent un aper\u00e7u des exp\u00e9riences qui rendent l&rsquo;H\u00f4tel Nest Style Valencia unique.<\/p>\n\n<h2 class=\"wp-block-heading\">Valencia &#8211; Une ville vibrante<\/h2>\n\n<p>Notre galerie comprend \u00e9galement des photos qui capturent la vie vibrante de la ville de <a href=\"https:\/\/neststylevalencia.com\/fr\/blog\/\">Valencia<\/a>. Ces images vous invitent \u00e0 d\u00e9couvrir le charme de la ville, offrant un aper\u00e7u de la mani\u00e8re dont votre s\u00e9jour \u00e0 l&rsquo;H\u00f4tel Nest Style Valencia peut \u00eatre une porte d&rsquo;entr\u00e9e pour explorer cette ville passionnante.<\/p>\n\n<p>Vivez l&rsquo;exp\u00e9rience de l&rsquo;H\u00f4tel Nest Style Valencia \u00e0 travers notre objectif. Chaque image offre un aper\u00e7u du confort distinctif, du style et du luxe qui vous attendent.<\/p>\n\n<p>Pr\u00eat \u00e0 vivre cette exp\u00e9rience par vous-m\u00eame? <a href=\"https:\/\/neststylevalencia.com\/fr\/reservez-nest-style-hotel-valencia\/\">R\u00e9servez votre s\u00e9jour d\u00e8s aujourd&rsquo;hui !<\/a><\/p>\n","protected":false},"excerpt":{"rendered":"<p>Galerie de photos Nest Style Hotel Valencia. \u00c9l\u00e9gance et simplicit\u00e9, souci du d\u00e9tail et professionnalisme du personnel, tr\u00e8s bon emplacement.<\/p>\n","protected":false},"author":7,"featured_media":991,"parent":0,"menu_order":0,"comment_status":"closed","ping_status":"closed","template":"","meta":{"footnotes":""},"class_list":["post-2915","page","type-page","status-publish","has-post-thumbnail","hentry"],"yoast_head":"<!-- This site is optimized with the Yoast SEO plugin v27.4 - https:\/\/yoast.com\/product\/yoast-seo-wordpress\/ -->\n<title>Galerie de photos Nest Style Hotel Valencia. Passion et design<\/title>\n<meta name=\"description\" content=\"Galerie de photos Nest Style Hotel Valencia. Passion et design, attention aux d\u00e9tails et professionnalisme du personnel, tr\u00e8s bon emplacement.\" \/>\n<meta name=\"robots\" content=\"index, follow, max-snippet:-1, max-image-preview:large, max-video-preview:-1\" \/>\n<link rel=\"canonical\" href=\"https:\/\/neststylevalencia.com\/fr\/galerie-photos\/\" \/>\n<meta property=\"og:locale\" content=\"fr_FR\" \/>\n<meta property=\"og:type\" content=\"article\" \/>\n<meta property=\"og:title\" content=\"Galerie de photos Nest Style Hotel Valencia. Passion et design\" \/>\n<meta property=\"og:description\" content=\"Galerie de photos Nest Style Hotel Valencia. Passion et design, attention aux d\u00e9tails et professionnalisme du personnel, tr\u00e8s bon emplacement.\" \/>\n<meta property=\"og:url\" content=\"https:\/\/neststylevalencia.com\/fr\/galerie-photos\/\" \/>\n<meta property=\"og:site_name\" content=\"Nest Style Valencia\" \/>\n<meta property=\"article:publisher\" content=\"https:\/\/www.facebook.com\/NestStyleValenciaHotel\/\" \/>\n<meta property=\"article:modified_time\" content=\"2024-04-02T13:37:25+00:00\" \/>\n<meta property=\"og:image\" content=\"https:\/\/neststylevalencia.com\/wp-content\/uploads\/2019\/08\/03red-room-06-nest-style-valencia-2019.jpg\" \/>\n\t<meta property=\"og:image:width\" content=\"1619\" \/>\n\t<meta property=\"og:image:height\" content=\"1080\" \/>\n\t<meta property=\"og:image:type\" content=\"image\/jpeg\" \/>\n<meta name=\"twitter:card\" content=\"summary_large_image\" \/>\n<meta name=\"twitter:site\" content=\"@neststylevlc\" \/>\n<meta name=\"twitter:label1\" content=\"Dur\u00e9e de lecture estim\u00e9e\" \/>\n\t<meta name=\"twitter:data1\" content=\"1 minute\" \/>\n<script type=\"application\/ld+json\" class=\"yoast-schema-graph\">{\"@context\":\"https:\\\/\\\/schema.org\",\"@graph\":[{\"@type\":\"WebPage\",\"@id\":\"https:\\\/\\\/neststylevalencia.com\\\/fr\\\/galerie-photos\\\/\",\"url\":\"https:\\\/\\\/neststylevalencia.com\\\/fr\\\/galerie-photos\\\/\",\"name\":\"Galerie de photos Nest Style Hotel Valencia. Passion et design\",\"isPartOf\":{\"@id\":\"https:\\\/\\\/neststylevalencia.com\\\/fr\\\/#website\"},\"primaryImageOfPage\":{\"@id\":\"https:\\\/\\\/neststylevalencia.com\\\/fr\\\/galerie-photos\\\/#primaryimage\"},\"image\":{\"@id\":\"https:\\\/\\\/neststylevalencia.com\\\/fr\\\/galerie-photos\\\/#primaryimage\"},\"thumbnailUrl\":\"https:\\\/\\\/neststylevalencia.com\\\/wp-content\\\/uploads\\\/2019\\\/08\\\/03red-room-06-nest-style-valencia-2019.jpg\",\"datePublished\":\"2019-09-24T22:16:19+00:00\",\"dateModified\":\"2024-04-02T13:37:25+00:00\",\"description\":\"Galerie de photos Nest Style Hotel Valencia. Passion et design, attention aux d\u00e9tails et professionnalisme du personnel, tr\u00e8s bon emplacement.\",\"inLanguage\":\"fr-FR\",\"potentialAction\":[{\"@type\":\"ReadAction\",\"target\":[\"https:\\\/\\\/neststylevalencia.com\\\/fr\\\/galerie-photos\\\/\"]}]},{\"@type\":\"ImageObject\",\"inLanguage\":\"fr-FR\",\"@id\":\"https:\\\/\\\/neststylevalencia.com\\\/fr\\\/galerie-photos\\\/#primaryimage\",\"url\":\"https:\\\/\\\/neststylevalencia.com\\\/wp-content\\\/uploads\\\/2019\\\/08\\\/03red-room-06-nest-style-valencia-2019.jpg\",\"contentUrl\":\"https:\\\/\\\/neststylevalencia.com\\\/wp-content\\\/uploads\\\/2019\\\/08\\\/03red-room-06-nest-style-valencia-2019.jpg\",\"width\":1619,\"height\":1080,\"caption\":\"Photo Gallery Nest Style Valencia Hostel\"},{\"@type\":\"WebSite\",\"@id\":\"https:\\\/\\\/neststylevalencia.com\\\/fr\\\/#website\",\"url\":\"https:\\\/\\\/neststylevalencia.com\\\/fr\\\/\",\"name\":\"Nest Style Valencia\",\"description\":\"El\u00e9gance et simplicit\u00e9\",\"publisher\":{\"@id\":\"https:\\\/\\\/neststylevalencia.com\\\/fr\\\/#organization\"},\"alternateName\":\"Nest Style Valencia Hotel\",\"potentialAction\":[{\"@type\":\"SearchAction\",\"target\":{\"@type\":\"EntryPoint\",\"urlTemplate\":\"https:\\\/\\\/neststylevalencia.com\\\/fr\\\/?s={search_term_string}\"},\"query-input\":{\"@type\":\"PropertyValueSpecification\",\"valueRequired\":true,\"valueName\":\"search_term_string\"}}],\"inLanguage\":\"fr-FR\"},{\"@type\":\"Organization\",\"@id\":\"https:\\\/\\\/neststylevalencia.com\\\/fr\\\/#organization\",\"name\":\"Nest Style Valencia\",\"alternateName\":\"Nest Style Valencia Hotel\",\"url\":\"https:\\\/\\\/neststylevalencia.com\\\/fr\\\/\",\"logo\":{\"@type\":\"ImageObject\",\"inLanguage\":\"fr-FR\",\"@id\":\"https:\\\/\\\/neststylevalencia.com\\\/fr\\\/#\\\/schema\\\/logo\\\/image\\\/\",\"url\":\"https:\\\/\\\/neststylevalencia.com\\\/wp-content\\\/uploads\\\/2019\\\/07\\\/logo-web-nest-style-valencia-2019.jpg\",\"contentUrl\":\"https:\\\/\\\/neststylevalencia.com\\\/wp-content\\\/uploads\\\/2019\\\/07\\\/logo-web-nest-style-valencia-2019.jpg\",\"width\":1200,\"height\":1200,\"caption\":\"Nest Style Valencia\"},\"image\":{\"@id\":\"https:\\\/\\\/neststylevalencia.com\\\/fr\\\/#\\\/schema\\\/logo\\\/image\\\/\"},\"sameAs\":[\"https:\\\/\\\/www.facebook.com\\\/NestStyleValenciaHotel\\\/\",\"https:\\\/\\\/x.com\\\/neststylevlc\",\"https:\\\/\\\/www.instagram.com\\\/neststylevalencia\\\/\",\"https:\\\/\\\/www.linkedin.com\\\/company\\\/nest-style-valencia-hotel\\\/\",\"https:\\\/\\\/www.youtube.com\\\/@neststylevalenciahotel\",\"https:\\\/\\\/www.tripadvisor.com\\\/Hotel_Review-g187529-d18379474-Reviews-Nest_Style_Hotel_Valencia-Valencia_Province_of_Valencia_Valencian_Country.html\",\"https:\\\/\\\/snapchat.com\\\/add\\\/neststylevlc\",\"https:\\\/\\\/vk.com\\\/neststylevalenciahotel\",\"https:\\\/\\\/g.page\\\/NestStyleHotelValencia\\\/\",\"https:\\\/\\\/www.tiktok.com\\\/@neststylevalenciahotel\"]}]}<\/script>\n<!-- \/ Yoast SEO plugin. -->","yoast_head_json":{"title":"Galerie de photos Nest Style Hotel Valencia. Passion et design","description":"Galerie de photos Nest Style Hotel Valencia. Passion et design, attention aux d\u00e9tails et professionnalisme du personnel, tr\u00e8s bon emplacement.","robots":{"index":"index","follow":"follow","max-snippet":"max-snippet:-1","max-image-preview":"max-image-preview:large","max-video-preview":"max-video-preview:-1"},"canonical":"https:\/\/neststylevalencia.com\/fr\/galerie-photos\/","og_locale":"fr_FR","og_type":"article","og_title":"Galerie de photos Nest Style Hotel Valencia. Passion et design","og_description":"Galerie de photos Nest Style Hotel Valencia. Passion et design, attention aux d\u00e9tails et professionnalisme du personnel, tr\u00e8s bon emplacement.","og_url":"https:\/\/neststylevalencia.com\/fr\/galerie-photos\/","og_site_name":"Nest Style Valencia","article_publisher":"https:\/\/www.facebook.com\/NestStyleValenciaHotel\/","article_modified_time":"2024-04-02T13:37:25+00:00","og_image":[{"width":1619,"height":1080,"url":"https:\/\/neststylevalencia.com\/wp-content\/uploads\/2019\/08\/03red-room-06-nest-style-valencia-2019.jpg","type":"image\/jpeg"}],"twitter_card":"summary_large_image","twitter_site":"@neststylevlc","twitter_misc":{"Dur\u00e9e de lecture estim\u00e9e":"1 minute"},"schema":{"@context":"https:\/\/schema.org","@graph":[{"@type":"WebPage","@id":"https:\/\/neststylevalencia.com\/fr\/galerie-photos\/","url":"https:\/\/neststylevalencia.com\/fr\/galerie-photos\/","name":"Galerie de photos Nest Style Hotel Valencia. Passion et design","isPartOf":{"@id":"https:\/\/neststylevalencia.com\/fr\/#website"},"primaryImageOfPage":{"@id":"https:\/\/neststylevalencia.com\/fr\/galerie-photos\/#primaryimage"},"image":{"@id":"https:\/\/neststylevalencia.com\/fr\/galerie-photos\/#primaryimage"},"thumbnailUrl":"https:\/\/neststylevalencia.com\/wp-content\/uploads\/2019\/08\/03red-room-06-nest-style-valencia-2019.jpg","datePublished":"2019-09-24T22:16:19+00:00","dateModified":"2024-04-02T13:37:25+00:00","description":"Galerie de photos Nest Style Hotel Valencia. Passion et design, attention aux d\u00e9tails et professionnalisme du personnel, tr\u00e8s bon emplacement.","inLanguage":"fr-FR","potentialAction":[{"@type":"ReadAction","target":["https:\/\/neststylevalencia.com\/fr\/galerie-photos\/"]}]},{"@type":"ImageObject","inLanguage":"fr-FR","@id":"https:\/\/neststylevalencia.com\/fr\/galerie-photos\/#primaryimage","url":"https:\/\/neststylevalencia.com\/wp-content\/uploads\/2019\/08\/03red-room-06-nest-style-valencia-2019.jpg","contentUrl":"https:\/\/neststylevalencia.com\/wp-content\/uploads\/2019\/08\/03red-room-06-nest-style-valencia-2019.jpg","width":1619,"height":1080,"caption":"Photo Gallery Nest Style Valencia Hostel"},{"@type":"WebSite","@id":"https:\/\/neststylevalencia.com\/fr\/#website","url":"https:\/\/neststylevalencia.com\/fr\/","name":"Nest Style Valencia","description":"El\u00e9gance et simplicit\u00e9","publisher":{"@id":"https:\/\/neststylevalencia.com\/fr\/#organization"},"alternateName":"Nest Style Valencia Hotel","potentialAction":[{"@type":"SearchAction","target":{"@type":"EntryPoint","urlTemplate":"https:\/\/neststylevalencia.com\/fr\/?s={search_term_string}"},"query-input":{"@type":"PropertyValueSpecification","valueRequired":true,"valueName":"search_term_string"}}],"inLanguage":"fr-FR"},{"@type":"Organization","@id":"https:\/\/neststylevalencia.com\/fr\/#organization","name":"Nest Style Valencia","alternateName":"Nest Style Valencia Hotel","url":"https:\/\/neststylevalencia.com\/fr\/","logo":{"@type":"ImageObject","inLanguage":"fr-FR","@id":"https:\/\/neststylevalencia.com\/fr\/#\/schema\/logo\/image\/","url":"https:\/\/neststylevalencia.com\/wp-content\/uploads\/2019\/07\/logo-web-nest-style-valencia-2019.jpg","contentUrl":"https:\/\/neststylevalencia.com\/wp-content\/uploads\/2019\/07\/logo-web-nest-style-valencia-2019.jpg","width":1200,"height":1200,"caption":"Nest Style Valencia"},"image":{"@id":"https:\/\/neststylevalencia.com\/fr\/#\/schema\/logo\/image\/"},"sameAs":["https:\/\/www.facebook.com\/NestStyleValenciaHotel\/","https:\/\/x.com\/neststylevlc","https:\/\/www.instagram.com\/neststylevalencia\/","https:\/\/www.linkedin.com\/company\/nest-style-valencia-hotel\/","https:\/\/www.youtube.com\/@neststylevalenciahotel","https:\/\/www.tripadvisor.com\/Hotel_Review-g187529-d18379474-Reviews-Nest_Style_Hotel_Valencia-Valencia_Province_of_Valencia_Valencian_Country.html","https:\/\/snapchat.com\/add\/neststylevlc","https:\/\/vk.com\/neststylevalenciahotel","https:\/\/g.page\/NestStyleHotelValencia\/","https:\/\/www.tiktok.com\/@neststylevalenciahotel"]}]}},"_links":{"self":[{"href":"https:\/\/neststylevalencia.com\/fr\/wp-json\/wp\/v2\/pages\/2915","targetHints":{"allow":["GET"]}}],"collection":[{"href":"https:\/\/neststylevalencia.com\/fr\/wp-json\/wp\/v2\/pages"}],"about":[{"href":"https:\/\/neststylevalencia.com\/fr\/wp-json\/wp\/v2\/types\/page"}],"author":[{"embeddable":true,"href":"https:\/\/neststylevalencia.com\/fr\/wp-json\/wp\/v2\/users\/7"}],"replies":[{"embeddable":true,"href":"https:\/\/neststylevalencia.com\/fr\/wp-json\/wp\/v2\/comments?post=2915"}],"version-history":[{"count":0,"href":"https:\/\/neststylevalencia.com\/fr\/wp-json\/wp\/v2\/pages\/2915\/revisions"}],"wp:featuredmedia":[{"embeddable":true,"href":"https:\/\/neststylevalencia.com\/fr\/wp-json\/wp\/v2\/media\/991"}],"wp:attachment":[{"href":"https:\/\/neststylevalencia.com\/fr\/wp-json\/wp\/v2\/media?parent=2915"}],"curies":[{"name":"wp","href":"https:\/\/api.w.org\/{rel}","templated":true}]}}