{"id":2922,"date":"2019-06-10T10:55:28","date_gmt":"2019-06-10T10:55:28","guid":{"rendered":"https:\/\/neststylevalencia.com\/privacy-policy\/"},"modified":"2024-05-16T14:00:52","modified_gmt":"2024-05-16T14:00:52","slug":"politique-confidentialite","status":"publish","type":"page","link":"https:\/\/neststylevalencia.com\/fr\/politique-confidentialite\/","title":{"rendered":"Politique de confidentialit\u00e9"},"content":{"rendered":"\n<h2 class=\"wp-block-heading\">1. Qui est responsable du traitement de vos donn\u00e9es ?<\/h2>\n\n<ul class=\"wp-block-list\">\n<li>Its corporate name is: <a href=\"https:\/\/neststylevalencia.com\/fr\/\" target=\"_blank\" rel=\"noreferrer noopener\">77 LUXURY SUITES VALENCIA S.L<\/a>.<\/li>\n\n\n\n<li>CIF\/NIF\/NIE is: B98895303<\/li>\n\n\n\n<li>Its registered office is at: Avenida del Puerto 77.<\/li>\n\n\n\n<li>Phone: +34 960 69 40 10<\/li>\n\n\n\n<li>Email:\u00a0<a href=\"mailto:reception@neststylevalencia.com\">reception@neststylevalencia.com<\/a><\/li>\n<\/ul>\n\n<h2 class=\"wp-block-heading\">2. What kind of data do we have about you and how did we obtain it?<\/h2>\n\n<p>Les cat\u00e9gories de donn\u00e9es personnelles que nous traitons \u00e0 partir des clients et des fournisseurs sont :<\/p>\n\n<ul class=\"wp-block-list\">\n<li>I. Donn\u00e9es d&rsquo;identification<\/li>\n\n\n\n<li>II. Postal or electronic addresses<\/li>\n\n\n\n<li>III. Informations commerciales<\/li>\n\n\n\n<li>IV. Donn\u00e9es \u00e9conomiques et de transaction<\/li>\n\n\n\n<li>V. Navigation data<\/li>\n\n\n\n<li>VI. Donn\u00e9es sp\u00e9cialement prot\u00e9g\u00e9es : sant\u00e9, dans le cas des employ\u00e9s<\/li>\n\n\n\n<li>VII. Image\/voice<\/li>\n<\/ul>\n\n<p>Nous avons obtenu toutes les donn\u00e9es susmentionn\u00e9es soit directement aupr\u00e8s de toi en soumettant une offre commerciale, une proposition contractuelle, etc. soit aupr\u00e8s de ton entreprise en nous fournissant les donn\u00e9es d&rsquo;identification et autres informations n\u00e9cessaires \u00e0 la r\u00e9alisation de l&rsquo;objet de la relation contractuelle entre les parties.<\/p>\n\n<p>Il est de ton devoir ou de celui de ton entreprise de nous fournir les donn\u00e9es mises \u00e0 jour en cas de changement.<\/p>\n\n<h2 class=\"wp-block-heading\">3. \u00c0 quelles fins traitons-nous tes donn\u00e9es ?<\/h2>\n\n<p>Nous traitons les donn\u00e9es qui nous sont fournies par les personnes concern\u00e9es afin de g\u00e9rer diverses activit\u00e9s d\u00e9coulant de proc\u00e9dures sp\u00e9cifiques men\u00e9es dans le domaine de la vente, du service apr\u00e8s-vente, de la gestion des fournisseurs, de la qualit\u00e9 des services, etc. Ainsi, nous utiliserons tes donn\u00e9es pour effectuer l&rsquo;une des actions suivantes :<\/p>\n\n<ul class=\"wp-block-list\">\n<li>Prestation des services demand\u00e9s ou livraison du produit achet\u00e9.<\/li>\n\n\n\n<li>Envoi des informations demand\u00e9es par le biais du formulaire de contact de notre site Internet ou de tout autre moyen de contact avec notre soci\u00e9t\u00e9.<\/li>\n\n\n\n<li>To provide both potential customers and our customers with offers of products and services of interest to them.<\/li>\n\n\n\n<li>Pour effectuer la gestion administrative, fiscale et comptable de nos clients et\/ou fournisseurs.<\/li>\n\n\n\n<li>Conduct satisfaction surveys, market research, etc. in order to provide you with the most suitable offers and optimized quality of service, etc.<\/li>\n\n\n\n<li>Gestion du travail des employ\u00e9s.<\/li>\n<\/ul>\n\n<p>To carry out any of these purposes, electronic means such as email, WhatsApp, etc. may be used.<\/p>\n\n<h2 class=\"wp-block-heading\">4. Combien de temps conserverons-nous tes donn\u00e9es ?<\/h2>\n\n<p>Les donn\u00e9es personnelles relatives aux personnes physiques li\u00e9es aux clients potentiels, aux clients et aux fournisseurs que nous collectons par le biais des diff\u00e9rents formulaires de contact et\/ou de collecte d&rsquo;informations (y compris les donn\u00e9es collect\u00e9es par le biais des cookies, le cas \u00e9ch\u00e9ant) seront conserv\u00e9es jusqu&rsquo;\u00e0 ce que leur suppression soit demand\u00e9e par la personne concern\u00e9e.<\/p>\n\n<p>Les donn\u00e9es fournies par nos clients et fournisseurs seront conserv\u00e9es tant que la relation commerciale entre les parties est maintenue, en respectant dans tous les cas les dur\u00e9es l\u00e9gales minimales de conservation en fonction de l&rsquo;objet.<\/p>\n\n<p>Les donn\u00e9es des employ\u00e9s seront conserv\u00e9es aussi longtemps que la relation de travail est maintenue et, en tout \u00e9tat de cause, selon les dispositions de la l\u00e9gislation du travail \u00e0 cet effet.<\/p>\n\n<p>Dans le cas des images obtenues par le syst\u00e8me de vid\u00e9osurveillance, le d\u00e9lai de conservation de celles-ci sera de 1 mois, conform\u00e9ment aux dispositions de l&rsquo;article 22.3 de la LOPDGDD, \u00e0 moins qu&rsquo;elles ne doivent \u00eatre conserv\u00e9es pour \u00eatre remises aux autorit\u00e9s comp\u00e9tentes.<\/p>\n\n<p>Dans tous les cas, nous conserverons tes donn\u00e9es personnelles pendant la p\u00e9riode raisonnablement n\u00e9cessaire en tenant compte de nos besoins pour r\u00e9pondre aux questions qui se posent ou r\u00e9soudre les probl\u00e8mes, apporter des am\u00e9liorations, activer de nouveaux services et nous conformer aux exigences de la l\u00e9gislation applicable.<\/p>\n\n<p>Cela signifie que nous pouvons conserver vos donn\u00e9es \u00e0 caract\u00e8re personnel pendant une p\u00e9riode raisonnable, m\u00eame apr\u00e8s que vous avez cess\u00e9 d&rsquo;utiliser nos produits ou que vous avez cess\u00e9 d&rsquo;utiliser ce site web. Apr\u00e8s cette p\u00e9riode, vos donn\u00e9es personnelles seront supprim\u00e9es de tous nos syst\u00e8mes.<\/p>\n\n<h2 class=\"wp-block-heading\">5. Quel est le fondement de la l\u00e9gitimit\u00e9 du traitement de tes donn\u00e9es ?<\/h2>\n\n<p>Selon le type de traitement des donn\u00e9es, la base de l\u00e9gitimit\u00e9 est la suivante :<\/p>\n\n<figure class=\"wp-block-table\"><table><tbody><tr><td><strong>TREATMENT<\/strong><\/td><td><strong>BASE DE L\u00c9GITIMIT\u00c9<\/strong><\/td><\/tr><tr><td><strong>Gestion comptable:<\/strong> gestion de la facturation avec les clients et\/ou les fournisseurs<\/td><td>Maintenance, development, and control of the contractual relationship between the parties<\/td><\/tr><tr><td><strong>Gestion fiscale:<\/strong> application des retenues, des primes, etc.<\/td><td>Maintien, d\u00e9veloppement et contr\u00f4le de la relation contractuelle entre les parties ; respect des obligations l\u00e9gales.<\/td><\/tr><tr><td><strong>Gestion administrative:<\/strong> gestion logistique, entrep\u00f4t, livraisons aux clients, r\u00e9ception des marchandises, etc.<\/td><td>Maintenance, development, and control of the contractual relationship between the parties<\/td><\/tr><tr><td><strong>Marketing:<\/strong>Commercial actions about our products or services aimed at our customers or those people who have requested information regarding our products and services in the past, including conducting satisfaction surveys for our customers.<\/td><td>Avec le consentement libre et non \u00e9quivoque de l&rsquo;int\u00e9ress\u00e9 (clients potentiels), nous d\u00e9clarons que le retrait de ce consentement ne peut en aucun cas conditionner l&rsquo;ex\u00e9cution du contrat entre les parties ; l&rsquo;int\u00e9r\u00eat l\u00e9gitime de l&rsquo;entreprise dans la promotion et la commercialisation de produits ou services similaires \u00e0 ceux obtenus ou demand\u00e9s par les int\u00e9ress\u00e9s dans le pass\u00e9.<\/td><\/tr><tr><td><strong>Si vous \u00eates salari\u00e9, pour Travail-Gestion:<\/strong> gestion administrative, comptable et fiscale des salari\u00e9s.&#13;\n<strong>Gestion de l&rsquo;enregistrement des journ\u00e9es de travail:<\/strong> heure de d\u00e9but et de fin de journ\u00e9e, ainsi que les heures suppl\u00e9mentaires.<\/td><td>Ex\u00e9cution d&rsquo;un contrat de travail. Respect de la l\u00e9gislation<\/td><\/tr><tr><td><strong>Images\/voix<\/strong> des travailleurs : publication image\/voix sur le site internet de l&rsquo;entreprise site internet de l&rsquo;entreprise, livres de l&rsquo;entreprise, RRSS afin de faire le afin de sensibiliser la main-d&rsquo;\u0153uvre.<\/td><td>Consentement expr\u00e8s de la partie int\u00e9ress\u00e9e.<\/td><\/tr><\/tbody><\/table><\/figure>\n\n<p>Dans le cas o\u00f9 tu ne fournirais pas tes donn\u00e9es personnelles, nous ne pourrons pas ex\u00e9cuter ton contrat, remplir tes obligations l\u00e9gales ou celles des autorit\u00e9s publiques.<\/p>\n\n<h2 class=\"wp-block-heading\">6. A qui tes donn\u00e9es seront-elles communiqu\u00e9es ?<\/h2>\n\n<p>Nous ne transmettrons pas tes donn\u00e9es personnelles \u00e0 une entreprise tierce qui a l&rsquo;intention de les utiliser pour ses activit\u00e9s de marketing direct, sauf si tu nous as express\u00e9ment autoris\u00e9s \u00e0 le faire.<\/p>\n\n<p>Nous t&rsquo;informons que nous pouvons fournir tes donn\u00e9es personnelles aux agences gouvernementales et aux autorit\u00e9s comp\u00e9tentes dans les cas o\u00f9 nous sommes l\u00e9galement tenus de le faire ou dans les cas o\u00f9, agissant de bonne foi, nous pensons qu&rsquo;une telle action est raisonnablement n\u00e9cessaire pour se conformer \u00e0 la proc\u00e9dure l\u00e9gale ; pour r\u00e9pondre \u00e0 toute r\u00e9clamation ou demande l\u00e9gale ; ou pour prot\u00e9ger les droits de l&rsquo;entreprise ou de ses clients et du public en g\u00e9n\u00e9ral.<\/p>\n\n<p>Nous t&rsquo;informons que tes donn\u00e9es ne seront pas transf\u00e9r\u00e9es ou communiqu\u00e9es \u00e0 des tiers, l&rsquo;entreprise est seule responsable de leur traitement et de leur garde.<\/p>\n\n<p>Nous fournirons tes donn\u00e9es personnelles \u00e0 des tiers (par exemple, des fournisseurs de services Internet qui nous aident \u00e0 administrer notre site Web ou \u00e0 r\u00e9aliser des services sous contrat, des soci\u00e9t\u00e9s d&rsquo;assistance et de maintenance informatique, des soci\u00e9t\u00e9s de logistique, des cabinets de conseil en fiscalit\u00e9 et en comptabilit\u00e9, etc.)<\/p>\n\n<p>En tout \u00e9tat de cause, ces tiers doivent \u00e0 tout moment maintenir les m\u00eames niveaux de s\u00e9curit\u00e9 que nous en ce qui concerne tes donn\u00e9es personnelles et, le cas \u00e9ch\u00e9ant, seront li\u00e9s par des engagements l\u00e9gaux \u00e0 garder tes donn\u00e9es personnelles priv\u00e9es et s\u00e9curis\u00e9es, et aussi \u00e0 n&rsquo;utiliser les informations que selon des instructions sp\u00e9cifiques de l&rsquo;entreprise.<\/p>\n\n<h2 class=\"wp-block-heading\">7. Transferts de donn\u00e9es vers des pays tiers?<\/h2>\n\n<p>Aucun transfert de donn\u00e9es vers des pays tiers n&rsquo;est pr\u00e9vu.<\/p>\n\n<h2 class=\"wp-block-heading\">8. Quels sont tes droits en tant que personne concern\u00e9e ?<\/h2>\n\n<p>Toute personne a le droit d&rsquo;obtenir la confirmation que nous traitons ou non les donn\u00e9es personnelles qui la concernent.<\/p>\n\n<p>Les personnes concern\u00e9es peuvent notamment demander le droit d&rsquo;acc\u00e9der \u00e0 leurs donn\u00e9es personnelles, ainsi que de les recevoir dans un format commun et lisible par machine si le traitement est effectu\u00e9 par voie \u00e9lectronique (droit \u00e0 la portabilit\u00e9).<\/p>\n\n<p>De m\u00eame, les int\u00e9ress\u00e9s peuvent demander le droit de rectifier les donn\u00e9es inexactes ou, le cas \u00e9ch\u00e9ant, demander leur suppression lorsque, entre autres raisons, les donn\u00e9es ne sont plus n\u00e9cessaires aux fins pour lesquelles elles ont \u00e9t\u00e9 collect\u00e9es.<\/p>\n\n<p>En outre, dans certaines circonstances, les personnes concern\u00e9es peuvent demander la limitation du traitement de leurs donn\u00e9es, ou dans certaines circonstances et pour des raisons li\u00e9es \u00e0 leur situation particuli\u00e8re, les personnes concern\u00e9es peuvent exercer leur droit d&rsquo;opposition au traitement de leurs donn\u00e9es. Nous cesserons de traiter les donn\u00e9es, sauf pour des raisons l\u00e9gitimes imp\u00e9rieuses, ou pour l&rsquo;exercice ou la d\u00e9fense d&rsquo;\u00e9ventuelles r\u00e9clamations ou dans les exceptions \u00e9tablies dans la r\u00e9glementation applicable.<\/p>\n\n<p>Nous t&rsquo;informons \u00e9galement que tu as le droit de retirer tes consentements donn\u00e9s \u00e0 tout moment, sans que cela n&rsquo;affecte la l\u00e9galit\u00e9 du traitement fond\u00e9 sur le consentement avant son retrait.<\/p>\n\n<p>De m\u00eame, l&rsquo;Utilisateur est inform\u00e9 qu&rsquo;il peut \u00e0 tout moment exercer les droits susmentionn\u00e9s en nous \u00e9crivant aux coordonn\u00e9es indiqu\u00e9es au point 1, en joignant une copie de sa carte d&rsquo;identit\u00e9.<\/p>\n\n<p>Tu as \u00e9galement le droit de d\u00e9poser une plainte aupr\u00e8s de l&rsquo;Agence espagnole de protection des donn\u00e9es, notamment lorsque tu n&rsquo;as pas obtenu satisfaction dans l&rsquo;exercice de tes droits.<\/p>\n\n<p><a href=\"http:\/\/www.agpd.es\/portalwebAGPD\/index-ides-idphp.php\" target=\"_blank\" rel=\"noreferrer noopener\">Agence espagnole de protection des donn\u00e9es<\/a><\/p>\n\n<p>D&rsquo;autre part, conform\u00e9ment aux dispositions de la loi 34\/2002, du 11 juillet 2002, sur les services de la soci\u00e9t\u00e9 de l&rsquo;information et le commerce \u00e9lectronique, nous nous engageons \u00e0 ne pas envoyer d&rsquo;informations commerciales si tu nous l&rsquo;as fait savoir.<\/p>\n\n<div style=\"height:100px\" aria-hidden=\"true\" class=\"wp-block-spacer\"><\/div>\n\n<figure data-wp-context=\"{&quot;imageId&quot;:&quot;69e8ee9f0c6c6&quot;}\" data-wp-interactive=\"core\/image\" data-wp-key=\"69e8ee9f0c6c6\" class=\"wp-block-image aligncenter size-full wp-lightbox-container\"><img fetchpriority=\"high\" decoding=\"async\" width=\"1619\" height=\"1080\" data-wp-class--hide=\"state.isContentHidden\" data-wp-class--show=\"state.isContentVisible\" data-wp-init=\"callbacks.setButtonStyles\" data-wp-on--click=\"actions.showLightbox\" data-wp-on--load=\"callbacks.setButtonStyles\" data-wp-on-window--resize=\"callbacks.setButtonStyles\" src=\"https:\/\/neststylevalencia.com\/wp-content\/uploads\/2019\/10\/40common-areas-nest-style-valencia-2019.jpg\" alt=\"Privacy policy Nest Style Valencia\" class=\"wp-image-2488\" srcset=\"https:\/\/neststylevalencia.com\/wp-content\/uploads\/2019\/10\/40common-areas-nest-style-valencia-2019.jpg 1619w, https:\/\/neststylevalencia.com\/wp-content\/uploads\/2019\/10\/40common-areas-nest-style-valencia-2019-300x200.jpg 300w, https:\/\/neststylevalencia.com\/wp-content\/uploads\/2019\/10\/40common-areas-nest-style-valencia-2019-1024x683.jpg 1024w, https:\/\/neststylevalencia.com\/wp-content\/uploads\/2019\/10\/40common-areas-nest-style-valencia-2019-768x512.jpg 768w, https:\/\/neststylevalencia.com\/wp-content\/uploads\/2019\/10\/40common-areas-nest-style-valencia-2019-1536x1025.jpg 1536w\" sizes=\"(max-width: 1619px) 100vw, 1619px\" \/><button\n\t\t\tclass=\"lightbox-trigger\"\n\t\t\ttype=\"button\"\n\t\t\taria-haspopup=\"dialog\"\n\t\t\taria-label=\"Agrandir\"\n\t\t\tdata-wp-init=\"callbacks.initTriggerButton\"\n\t\t\tdata-wp-on--click=\"actions.showLightbox\"\n\t\t\tdata-wp-style--right=\"state.imageButtonRight\"\n\t\t\tdata-wp-style--top=\"state.imageButtonTop\"\n\t\t>\n\t\t\t<svg xmlns=\"http:\/\/www.w3.org\/2000\/svg\" width=\"12\" height=\"12\" fill=\"none\" viewBox=\"0 0 12 12\">\n\t\t\t\t<path fill=\"#fff\" d=\"M2 0a2 2 0 0 0-2 2v2h1.5V2a.5.5 0 0 1 .5-.5h2V0H2Zm2 10.5H2a.5.5 0 0 1-.5-.5V8H0v2a2 2 0 0 0 2 2h2v-1.5ZM8 12v-1.5h2a.5.5 0 0 0 .5-.5V8H12v2a2 2 0 0 1-2 2H8Zm2-12a2 2 0 0 1 2 2v2h-1.5V2a.5.5 0 0 0-.5-.5H8V0h2Z\" \/>\n\t\t\t<\/svg>\n\t\t<\/button><figcaption class=\"wp-element-caption\">Privacy policy Nest Style Valencia<\/figcaption><\/figure>\n","protected":false},"excerpt":{"rendered":"<p>Politique de confidentialit\u00e9, politique de cookies et normes de qualit\u00e9. Conform\u00e9ment \u00e0 l&rsquo;actuel r\u00e8glement (UE) 2016\/679, nous informons que les donn\u00e9es personnelles.<\/p>\n","protected":false},"author":7,"featured_media":2489,"parent":0,"menu_order":0,"comment_status":"closed","ping_status":"closed","template":"","meta":{"footnotes":""},"class_list":["post-2922","page","type-page","status-publish","has-post-thumbnail","hentry"],"yoast_head":"<!-- This site is optimized with the Yoast SEO plugin v27.4 - https:\/\/yoast.com\/product\/yoast-seo-wordpress\/ -->\n<title>Politique de confidentialit\u00e9 Nest Style Valencia<\/title>\n<meta name=\"description\" content=\"Privacy policy, cookie policy and quality standards. In accordance with the current Regulation (EU) 2016\/679\" \/>\n<meta name=\"robots\" content=\"index, follow, max-snippet:-1, max-image-preview:large, max-video-preview:-1\" \/>\n<link rel=\"canonical\" href=\"https:\/\/neststylevalencia.com\/fr\/politique-confidentialite\/\" \/>\n<meta property=\"og:locale\" content=\"fr_FR\" \/>\n<meta property=\"og:type\" content=\"article\" \/>\n<meta property=\"og:title\" content=\"Politique de confidentialit\u00e9 Nest Style Valencia\" \/>\n<meta property=\"og:description\" content=\"Privacy policy, cookie policy and quality standards. In accordance with the current Regulation (EU) 2016\/679\" \/>\n<meta property=\"og:url\" content=\"https:\/\/neststylevalencia.com\/fr\/politique-confidentialite\/\" \/>\n<meta property=\"og:site_name\" content=\"Nest Style Valencia\" \/>\n<meta property=\"article:publisher\" content=\"https:\/\/www.facebook.com\/NestStyleValenciaHotel\/\" \/>\n<meta property=\"article:modified_time\" content=\"2024-05-16T14:00:52+00:00\" \/>\n<meta property=\"og:image\" content=\"https:\/\/neststylevalencia.com\/wp-content\/uploads\/2019\/10\/40common-areas-nest-style-valencia-2019.jpg\" \/>\n\t<meta property=\"og:image:width\" content=\"1619\" \/>\n\t<meta property=\"og:image:height\" content=\"1080\" \/>\n\t<meta property=\"og:image:type\" content=\"image\/jpeg\" \/>\n<meta name=\"twitter:card\" content=\"summary_large_image\" \/>\n<meta name=\"twitter:site\" content=\"@neststylevlc\" \/>\n<meta name=\"twitter:label1\" content=\"Dur\u00e9e de lecture estim\u00e9e\" \/>\n\t<meta name=\"twitter:data1\" content=\"9 minutes\" \/>\n<script type=\"application\/ld+json\" class=\"yoast-schema-graph\">{\"@context\":\"https:\\\/\\\/schema.org\",\"@graph\":[{\"@type\":\"WebPage\",\"@id\":\"https:\\\/\\\/neststylevalencia.com\\\/fr\\\/politique-confidentialite\\\/\",\"url\":\"https:\\\/\\\/neststylevalencia.com\\\/fr\\\/politique-confidentialite\\\/\",\"name\":\"Politique de confidentialit\u00e9 Nest Style Valencia\",\"isPartOf\":{\"@id\":\"https:\\\/\\\/neststylevalencia.com\\\/fr\\\/#website\"},\"primaryImageOfPage\":{\"@id\":\"https:\\\/\\\/neststylevalencia.com\\\/fr\\\/politique-confidentialite\\\/#primaryimage\"},\"image\":{\"@id\":\"https:\\\/\\\/neststylevalencia.com\\\/fr\\\/politique-confidentialite\\\/#primaryimage\"},\"thumbnailUrl\":\"https:\\\/\\\/neststylevalencia.com\\\/wp-content\\\/uploads\\\/2019\\\/10\\\/40common-areas-nest-style-valencia-2019.jpg\",\"datePublished\":\"2019-06-10T10:55:28+00:00\",\"dateModified\":\"2024-05-16T14:00:52+00:00\",\"description\":\"Privacy policy, cookie policy and quality standards. In accordance with the current Regulation (EU) 2016\\\/679\",\"inLanguage\":\"fr-FR\",\"potentialAction\":[{\"@type\":\"ReadAction\",\"target\":[\"https:\\\/\\\/neststylevalencia.com\\\/fr\\\/politique-confidentialite\\\/\"]}]},{\"@type\":\"ImageObject\",\"inLanguage\":\"fr-FR\",\"@id\":\"https:\\\/\\\/neststylevalencia.com\\\/fr\\\/politique-confidentialite\\\/#primaryimage\",\"url\":\"https:\\\/\\\/neststylevalencia.com\\\/wp-content\\\/uploads\\\/2019\\\/10\\\/40common-areas-nest-style-valencia-2019.jpg\",\"contentUrl\":\"https:\\\/\\\/neststylevalencia.com\\\/wp-content\\\/uploads\\\/2019\\\/10\\\/40common-areas-nest-style-valencia-2019.jpg\",\"width\":1619,\"height\":1080,\"caption\":\"Privacy policy Nest Style Valencia\"},{\"@type\":\"WebSite\",\"@id\":\"https:\\\/\\\/neststylevalencia.com\\\/fr\\\/#website\",\"url\":\"https:\\\/\\\/neststylevalencia.com\\\/fr\\\/\",\"name\":\"Nest Style Valencia\",\"description\":\"El\u00e9gance et simplicit\u00e9\",\"publisher\":{\"@id\":\"https:\\\/\\\/neststylevalencia.com\\\/fr\\\/#organization\"},\"alternateName\":\"Nest Style Valencia Hotel\",\"potentialAction\":[{\"@type\":\"SearchAction\",\"target\":{\"@type\":\"EntryPoint\",\"urlTemplate\":\"https:\\\/\\\/neststylevalencia.com\\\/fr\\\/?s={search_term_string}\"},\"query-input\":{\"@type\":\"PropertyValueSpecification\",\"valueRequired\":true,\"valueName\":\"search_term_string\"}}],\"inLanguage\":\"fr-FR\"},{\"@type\":\"Organization\",\"@id\":\"https:\\\/\\\/neststylevalencia.com\\\/fr\\\/#organization\",\"name\":\"Nest Style Valencia\",\"alternateName\":\"Nest Style Valencia Hotel\",\"url\":\"https:\\\/\\\/neststylevalencia.com\\\/fr\\\/\",\"logo\":{\"@type\":\"ImageObject\",\"inLanguage\":\"fr-FR\",\"@id\":\"https:\\\/\\\/neststylevalencia.com\\\/fr\\\/#\\\/schema\\\/logo\\\/image\\\/\",\"url\":\"https:\\\/\\\/neststylevalencia.com\\\/wp-content\\\/uploads\\\/2019\\\/07\\\/logo-web-nest-style-valencia-2019.jpg\",\"contentUrl\":\"https:\\\/\\\/neststylevalencia.com\\\/wp-content\\\/uploads\\\/2019\\\/07\\\/logo-web-nest-style-valencia-2019.jpg\",\"width\":1200,\"height\":1200,\"caption\":\"Nest Style Valencia\"},\"image\":{\"@id\":\"https:\\\/\\\/neststylevalencia.com\\\/fr\\\/#\\\/schema\\\/logo\\\/image\\\/\"},\"sameAs\":[\"https:\\\/\\\/www.facebook.com\\\/NestStyleValenciaHotel\\\/\",\"https:\\\/\\\/x.com\\\/neststylevlc\",\"https:\\\/\\\/www.instagram.com\\\/neststylevalencia\\\/\",\"https:\\\/\\\/www.linkedin.com\\\/company\\\/nest-style-valencia-hotel\\\/\",\"https:\\\/\\\/www.youtube.com\\\/@neststylevalenciahotel\",\"https:\\\/\\\/www.tripadvisor.com\\\/Hotel_Review-g187529-d18379474-Reviews-Nest_Style_Hotel_Valencia-Valencia_Province_of_Valencia_Valencian_Country.html\",\"https:\\\/\\\/snapchat.com\\\/add\\\/neststylevlc\",\"https:\\\/\\\/vk.com\\\/neststylevalenciahotel\",\"https:\\\/\\\/g.page\\\/NestStyleHotelValencia\\\/\",\"https:\\\/\\\/www.tiktok.com\\\/@neststylevalenciahotel\"]}]}<\/script>\n<!-- \/ Yoast SEO plugin. -->","yoast_head_json":{"title":"Politique de confidentialit\u00e9 Nest Style Valencia","description":"Privacy policy, cookie policy and quality standards. In accordance with the current Regulation (EU) 2016\/679","robots":{"index":"index","follow":"follow","max-snippet":"max-snippet:-1","max-image-preview":"max-image-preview:large","max-video-preview":"max-video-preview:-1"},"canonical":"https:\/\/neststylevalencia.com\/fr\/politique-confidentialite\/","og_locale":"fr_FR","og_type":"article","og_title":"Politique de confidentialit\u00e9 Nest Style Valencia","og_description":"Privacy policy, cookie policy and quality standards. In accordance with the current Regulation (EU) 2016\/679","og_url":"https:\/\/neststylevalencia.com\/fr\/politique-confidentialite\/","og_site_name":"Nest Style Valencia","article_publisher":"https:\/\/www.facebook.com\/NestStyleValenciaHotel\/","article_modified_time":"2024-05-16T14:00:52+00:00","og_image":[{"width":1619,"height":1080,"url":"https:\/\/neststylevalencia.com\/wp-content\/uploads\/2019\/10\/40common-areas-nest-style-valencia-2019.jpg","type":"image\/jpeg"}],"twitter_card":"summary_large_image","twitter_site":"@neststylevlc","twitter_misc":{"Dur\u00e9e de lecture estim\u00e9e":"9 minutes"},"schema":{"@context":"https:\/\/schema.org","@graph":[{"@type":"WebPage","@id":"https:\/\/neststylevalencia.com\/fr\/politique-confidentialite\/","url":"https:\/\/neststylevalencia.com\/fr\/politique-confidentialite\/","name":"Politique de confidentialit\u00e9 Nest Style Valencia","isPartOf":{"@id":"https:\/\/neststylevalencia.com\/fr\/#website"},"primaryImageOfPage":{"@id":"https:\/\/neststylevalencia.com\/fr\/politique-confidentialite\/#primaryimage"},"image":{"@id":"https:\/\/neststylevalencia.com\/fr\/politique-confidentialite\/#primaryimage"},"thumbnailUrl":"https:\/\/neststylevalencia.com\/wp-content\/uploads\/2019\/10\/40common-areas-nest-style-valencia-2019.jpg","datePublished":"2019-06-10T10:55:28+00:00","dateModified":"2024-05-16T14:00:52+00:00","description":"Privacy policy, cookie policy and quality standards. In accordance with the current Regulation (EU) 2016\/679","inLanguage":"fr-FR","potentialAction":[{"@type":"ReadAction","target":["https:\/\/neststylevalencia.com\/fr\/politique-confidentialite\/"]}]},{"@type":"ImageObject","inLanguage":"fr-FR","@id":"https:\/\/neststylevalencia.com\/fr\/politique-confidentialite\/#primaryimage","url":"https:\/\/neststylevalencia.com\/wp-content\/uploads\/2019\/10\/40common-areas-nest-style-valencia-2019.jpg","contentUrl":"https:\/\/neststylevalencia.com\/wp-content\/uploads\/2019\/10\/40common-areas-nest-style-valencia-2019.jpg","width":1619,"height":1080,"caption":"Privacy policy Nest Style Valencia"},{"@type":"WebSite","@id":"https:\/\/neststylevalencia.com\/fr\/#website","url":"https:\/\/neststylevalencia.com\/fr\/","name":"Nest Style Valencia","description":"El\u00e9gance et simplicit\u00e9","publisher":{"@id":"https:\/\/neststylevalencia.com\/fr\/#organization"},"alternateName":"Nest Style Valencia Hotel","potentialAction":[{"@type":"SearchAction","target":{"@type":"EntryPoint","urlTemplate":"https:\/\/neststylevalencia.com\/fr\/?s={search_term_string}"},"query-input":{"@type":"PropertyValueSpecification","valueRequired":true,"valueName":"search_term_string"}}],"inLanguage":"fr-FR"},{"@type":"Organization","@id":"https:\/\/neststylevalencia.com\/fr\/#organization","name":"Nest Style Valencia","alternateName":"Nest Style Valencia Hotel","url":"https:\/\/neststylevalencia.com\/fr\/","logo":{"@type":"ImageObject","inLanguage":"fr-FR","@id":"https:\/\/neststylevalencia.com\/fr\/#\/schema\/logo\/image\/","url":"https:\/\/neststylevalencia.com\/wp-content\/uploads\/2019\/07\/logo-web-nest-style-valencia-2019.jpg","contentUrl":"https:\/\/neststylevalencia.com\/wp-content\/uploads\/2019\/07\/logo-web-nest-style-valencia-2019.jpg","width":1200,"height":1200,"caption":"Nest Style Valencia"},"image":{"@id":"https:\/\/neststylevalencia.com\/fr\/#\/schema\/logo\/image\/"},"sameAs":["https:\/\/www.facebook.com\/NestStyleValenciaHotel\/","https:\/\/x.com\/neststylevlc","https:\/\/www.instagram.com\/neststylevalencia\/","https:\/\/www.linkedin.com\/company\/nest-style-valencia-hotel\/","https:\/\/www.youtube.com\/@neststylevalenciahotel","https:\/\/www.tripadvisor.com\/Hotel_Review-g187529-d18379474-Reviews-Nest_Style_Hotel_Valencia-Valencia_Province_of_Valencia_Valencian_Country.html","https:\/\/snapchat.com\/add\/neststylevlc","https:\/\/vk.com\/neststylevalenciahotel","https:\/\/g.page\/NestStyleHotelValencia\/","https:\/\/www.tiktok.com\/@neststylevalenciahotel"]}]}},"_links":{"self":[{"href":"https:\/\/neststylevalencia.com\/fr\/wp-json\/wp\/v2\/pages\/2922","targetHints":{"allow":["GET"]}}],"collection":[{"href":"https:\/\/neststylevalencia.com\/fr\/wp-json\/wp\/v2\/pages"}],"about":[{"href":"https:\/\/neststylevalencia.com\/fr\/wp-json\/wp\/v2\/types\/page"}],"author":[{"embeddable":true,"href":"https:\/\/neststylevalencia.com\/fr\/wp-json\/wp\/v2\/users\/7"}],"replies":[{"embeddable":true,"href":"https:\/\/neststylevalencia.com\/fr\/wp-json\/wp\/v2\/comments?post=2922"}],"version-history":[{"count":0,"href":"https:\/\/neststylevalencia.com\/fr\/wp-json\/wp\/v2\/pages\/2922\/revisions"}],"wp:featuredmedia":[{"embeddable":true,"href":"https:\/\/neststylevalencia.com\/fr\/wp-json\/wp\/v2\/media\/2489"}],"wp:attachment":[{"href":"https:\/\/neststylevalencia.com\/fr\/wp-json\/wp\/v2\/media?parent=2922"}],"curies":[{"name":"wp","href":"https:\/\/api.w.org\/{rel}","templated":true}]}}