{"id":2928,"date":"2019-05-23T13:17:04","date_gmt":"2019-05-23T13:17:04","guid":{"rendered":"https:\/\/neststylevalencia.com\/amenities\/"},"modified":"2024-05-24T09:02:14","modified_gmt":"2024-05-24T09:02:14","slug":"services","status":"publish","type":"page","link":"https:\/\/neststylevalencia.com\/fr\/services\/","title":{"rendered":"Services"},"content":{"rendered":"\n<h2 class=\"wp-block-heading\">Nos services<\/h2>\n\n<ul class=\"wp-block-list\">\n<li>Les plus populaires parmi nos invit\u00e9s.<\/li>\n\n\n\n<li>Il y a un WI-Fi \u00e0 haut d\u00e9bit &#8211; Gratuit<\/li>\n\n\n\n<li>Chambres familiales<\/li>\n\n\n\n<li>Service de bar<\/li>\n\n\n\n<li>Climatisation<\/li>\n\n\n\n<li>Chambres insonoris\u00e9es<\/li>\n\n\n\n<li>Chambres adapt\u00e9es pour les personnes \u00e0 mobilit\u00e9 r\u00e9duite<\/li>\n\n\n\n<li>24 R\u00e9ception<\/li>\n\n\n\n<li>Ascenseur<\/li>\n\n\n\n<li>Chambres non-fumeurs<\/li>\n\n\n\n<li>Chauffe-eau par a\u00e9rothermie<\/li>\n\n\n\n<li>Services suppl\u00e9mentaires<\/li>\n\n\n\n<li>Option de vente de billets pour les lieux d&rsquo;int\u00e9r\u00eat<\/li>\n\n\n\n<li>Nous n&rsquo;acceptons pas les animaux de compagnie<\/li>\n\n\n\n<li>Alimentation et boissons<\/li>\n\n\n\n<li>Caf\u00e9 de l&rsquo;h\u00f4tel<\/li>\n\n\n\n<li>Bouteilles d&rsquo;eau. Pour acheter<\/li>\n\n\n\n<li>Vin\/ Champagne. Pour acheter<\/li>\n\n\n\n<li>Bar.<\/li>\n\n\n\n<li>Petit-d\u00e9jeuner buffet continental<\/li>\n\n\n\n<li>Pr\u00e8s des supermarch\u00e9s locaux<\/li>\n\n\n\n<li>Nous parlons votre langue<\/li>\n\n\n\n<li>Service en chambre<\/li>\n\n\n\n<li>Ordinateur invit\u00e9<\/li>\n\n\n\n<li>Consigne \u00e0 bagages<\/li>\n\n\n\n<li>R\u00e9ception 24 heures<\/li>\n\n\n\n<li>Chambres familiales<\/li>\n\n\n\n<li>Adapt\u00e9 aux personnes \u00e0 mobilit\u00e9 r\u00e9duite<\/li>\n\n\n\n<li>Cash<\/li>\n\n\n\n<li>VISA<\/li>\n\n\n\n<li>Master Card<\/li>\n\n\n\n<li>Virement bancaire<\/li>\n\n\n\n<li>Cha\u00eenes de t\u00e9l\u00e9vision pour les enfants.<\/li>\n\n\n\n<li>Nettoyage quotidien de nos installations<\/li>\n\n\n\n<li>Chambres insonoris\u00e9es<\/li>\n\n\n\n<li>Il est interdit de fumer dans tout le b\u00e2timent<\/li>\n\n\n\n<li>Coffre-fort<\/li>\n\n\n\n<li>Ascenseur<\/li>\n\n\n\n<li>Programme<\/li>\n\n\n\n<li>Arriv\u00e9e \u00e0 partir de 14h00<\/li>\n\n\n\n<li>Acc\u00e8s par carte aux chambres<\/li>\n\n\n\n<li>R\u00e9frig\u00e9rateur dans toutes nos chambres<\/li>\n\n\n\n<li>Climatisation pour l&rsquo;\u00e9t\u00e9<\/li>\n\n\n\n<li>Service de blanchisserie<\/li>\n\n\n\n<li>Location de scooters<\/li>\n<\/ul>\n\n<h2 class=\"wp-block-heading\">Les raisons de r\u00e9server \u00e0\u00a0<a href=\"https:\/\/g.page\/NestStyleHotelValencia?share\" target=\"_blank\" rel=\"noreferrer noopener\">Nest Style Valencia<\/a><\/h2>\n\n<h3 class=\"wp-block-heading\">Des prix imbattables<\/h3>\n\n<p>Le meilleur prix, sans frais de r\u00e9servation. Notre prix est le prix officiel<\/p>\n\n<h3 class=\"wp-block-heading\">Confirmation imm\u00e9diate<\/h3>\n\n<p>Vous recevrez un courriel de confirmation et vous pourrez g\u00e9rer votre r\u00e9servation en ligne.<\/p>\n\n<h3 class=\"wp-block-heading\">Personnel multilingue<\/h3>\n\n<p>Notre personnel parle plus de 3 langues et sera en mesure de vous aider dans tous les domaines.<\/p>\n\n<h3 class=\"wp-block-heading\">R\u00e9servation s\u00e9curis\u00e9e<\/h3>\n\n<p>Nous accordons une grande importance \u00e0 la protection de vos informations. Vos transactions sont effectu\u00e9es via la technologie SSL<\/p>\n\n<ul class=\"wp-block-list\">\n<li>Nous acceptons les demandes sp\u00e9ciales.<\/li>\n\n\n\n<li>Enregistrement \u00e0 partir de 14h00<\/li>\n\n\n\n<li>D\u00e9part jusqu&rsquo;\u00e0 11h00<\/li>\n\n\n\n<li>Les politiques d&rsquo;annulation peuvent varier en fonction des dates choisies.<\/li>\n\n\n\n<li>Les enfants jusqu&rsquo;\u00e0 2 ans peuvent s\u00e9journer GRATUITEMENT. Nous avons des berceaux et ils sont soumis \u00e0 la disponibilit\u00e9<\/li>\n\n\n\n<li>Restriction d&rsquo;\u00e2ge. \u00c2ge minimum pour l&rsquo;enregistrement : 18 ans<\/li>\n\n\n\n<li>Les animaux de compagnie, quels qu&rsquo;ils soient, ne sont pas autoris\u00e9s.<\/li>\n\n\n\n<li>Nous acceptons les paiements en esp\u00e8ces, par VISA ou MasterCard.<\/li>\n<\/ul>\n\n<h4 class=\"wp-block-heading\">Une attention personnalis\u00e9e aux d\u00e9tails<\/h4>\n\n<h4 class=\"wp-block-heading\">Chambres au design original<\/h4>\n\n<h4 class=\"wp-block-heading\">Un emplacement id\u00e9al \u00e0 Valence<\/h4>\n\n<h4 class=\"wp-block-heading\">Chambres spacieuses et confortables<\/h4>\n\n<h4 class=\"wp-block-heading\">Installations \u00e9cologiques<\/h4>\n\n<h4 class=\"wp-block-heading\">Toujours le meilleur prix en ligne<\/h4>\n\n<h2 class=\"wp-block-heading\">Lorsque vous r\u00e9servez dans Nest Style, vous devez en tenir compte.<\/h2>\n\n<ul class=\"wp-block-list\">\n<li>La r\u00e9glementation nous oblige \u00e0 <strong>ne pas accepter<\/strong> les clients de moins de 18 ans s&rsquo;ils ne sont pas accompagn\u00e9s d&rsquo;un adulte.<\/li>\n\n\n\n<li>Vous devez pr\u00e9senter une pi\u00e8ce d&rsquo;identit\u00e9 ou un passeport en cours de validit\u00e9 lors de l&rsquo;enregistrement.<\/li>\n\n\n\n<li>Des conditions sp\u00e9ciales pour les groupes s&rsquo;appliquent pour les r\u00e9servations de 10 personnes ou plus. Nous vous recommandons de contacter directement notre d\u00e9partement des groupes en envoyant un courriel \u00e0 <a href=\"mailto:groups@feetuphostels.com\">groups@feetuphostels.com<\/a>. Nous prendrons contact avec vous dans les plus brefs d\u00e9lais.<\/li>\n\n\n\n<li>Nous acceptons les paiements en esp\u00e8ces, VISA, MasterCard et les virements bancaires.<\/li>\n<\/ul>\n\n<h3 class=\"wp-block-heading\"><strong>Lorsque vous r\u00e9servez dans Nest Style Valencia, vous devez tenir compte de l&rsquo;horaire :<\/strong><\/h3>\n\n<ul class=\"wp-block-list\">\n<li><strong>L&rsquo;enregistrement se fait \u00e0 partir de<\/strong>.\u00a014:00.<\/li>\n\n\n\n<li><strong>Le check-out est jusqu&rsquo;\u00e0<\/strong>.\u00a011:00.<\/li>\n\n\n\n<li><strong>D\u00e9part tardif.\u00a0<\/strong> Si c&rsquo;est une heure, c&rsquo;est gratuit et sous r\u00e9serve de disponibilit\u00e9.<\/li>\n\n\n\n<li>Le petit-d\u00e9jeuner est servi de 08h00 \u00e0 11h00.<\/li>\n\n\n\n<li>Le petit-d\u00e9jeuner co\u00fbte 7\u20ac pour les adultes et 5\u20ac pour les enfants.<\/li>\n\n\n\n<li>Si vous avez besoin d&rsquo;aide pour savoir comment vous rendre au Nest Style Hotel Valencia, vous pouvez <a href=\"https:\/\/neststylevalencia.com\/fr\/lieu\/\">le voir ici<\/a>.<\/li>\n<\/ul>\n\n<h2 class=\"wp-block-heading\">Politique d&rsquo;annulation. <\/h2>\n\n<ul class=\"wp-block-list\">\n<li><strong>Non-remboursable:<\/strong> 100% du montant total sera factur\u00e9 lors de la r\u00e9servation.<\/li>\n\n\n\n<li><strong>Tarif standard:<\/strong> Vous pouvez annuler gratuitement jusqu&rsquo;\u00e0 2 jours avant l&rsquo;arriv\u00e9e. En cas d&rsquo;annulation en dehors de cette p\u00e9riode, la premi\u00e8re nuit sera factur\u00e9e.<\/li>\n\n\n\n<li><strong>Non pr\u00e9sentation:<\/strong> En cas de non-pr\u00e9sentation, la premi\u00e8re nuit de la r\u00e9servation sera factur\u00e9e.<\/li>\n\n\n\n<li><strong>*Dans tous les cas, les frais seront effectu\u00e9s dans la devise du pays d&rsquo;origine de la r\u00e9servation.<\/strong><\/li>\n<\/ul>\n\n<figure class=\"wp-block-image size-full\"><img fetchpriority=\"high\" decoding=\"async\" width=\"1619\" height=\"1080\" src=\"https:\/\/neststylevalencia.com\/wp-content\/uploads\/2019\/08\/07common-areas-nest-style-valencia-2019.jpg\" alt=\"Services Nest Style Valencia\" class=\"wp-image-1322\" srcset=\"https:\/\/neststylevalencia.com\/wp-content\/uploads\/2019\/08\/07common-areas-nest-style-valencia-2019.jpg 1619w, https:\/\/neststylevalencia.com\/wp-content\/uploads\/2019\/08\/07common-areas-nest-style-valencia-2019-300x200.jpg 300w, https:\/\/neststylevalencia.com\/wp-content\/uploads\/2019\/08\/07common-areas-nest-style-valencia-2019-768x512.jpg 768w, https:\/\/neststylevalencia.com\/wp-content\/uploads\/2019\/08\/07common-areas-nest-style-valencia-2019-1024x683.jpg 1024w, https:\/\/neststylevalencia.com\/wp-content\/uploads\/2019\/08\/07common-areas-nest-style-valencia-2019-219x146.jpg 219w, https:\/\/neststylevalencia.com\/wp-content\/uploads\/2019\/08\/07common-areas-nest-style-valencia-2019-50x33.jpg 50w, https:\/\/neststylevalencia.com\/wp-content\/uploads\/2019\/08\/07common-areas-nest-style-valencia-2019-112x75.jpg 112w\" sizes=\"(max-width: 1619px) 100vw, 1619px\" \/><figcaption class=\"wp-element-caption\">Services Nest Style Valencia<\/figcaption><\/figure>\n","protected":false},"excerpt":{"rendered":"<p>Services Nest Style Hotel Valencia. H\u00f4tel avec des services de qualit\u00e9 \u00e0 Valence au meilleur prix de la ville. Wifi gratuit, climatisation et armoires dans toutes les chambres. Des prix imbattables, toujours le meilleur prix, pas de frais de r\u00e9servation. Notre prix est le prix officiel. Confirmation imm\u00e9diate et vous recevrez un e-mail de confirmation et vous pouvez g\u00e9rer votre r\u00e9servation en ligne. Personnel multilingue, toute notre \u00e9quipe parle plus de 3 langues et pourra vous aider. R\u00e9servation s\u00e9curis\u00e9e. Nous nous soucions beaucoup de prendre soin de vos informations et de les prot\u00e9ger<\/p>\n","protected":false},"author":7,"featured_media":1371,"parent":0,"menu_order":0,"comment_status":"closed","ping_status":"closed","template":"","meta":{"footnotes":""},"class_list":["post-2928","page","type-page","status-publish","has-post-thumbnail","hentry"],"yoast_head":"<!-- This site is optimized with the Yoast SEO plugin v27.4 - https:\/\/yoast.com\/product\/yoast-seo-wordpress\/ -->\n<title>Services Nest Style Hotel Valencia. H\u00f4tel avec des services de qualit\u00e9<\/title>\n<meta name=\"description\" content=\"Services Nest Style Hotel Valencia. H\u00f4tel avec des services de qualit\u00e9 \u00e0 Valence au meilleur prix de la ville. Wifi gratuit, air conditionn\u00e9\" \/>\n<meta name=\"robots\" content=\"index, follow, max-snippet:-1, max-image-preview:large, max-video-preview:-1\" \/>\n<link rel=\"canonical\" href=\"https:\/\/neststylevalencia.com\/fr\/services\/\" \/>\n<meta property=\"og:locale\" content=\"fr_FR\" \/>\n<meta property=\"og:type\" content=\"article\" \/>\n<meta property=\"og:title\" content=\"Services Nest Style Hotel Valencia. H\u00f4tel avec des services de qualit\u00e9\" \/>\n<meta property=\"og:description\" content=\"Services Nest Style Hotel Valencia. H\u00f4tel avec des services de qualit\u00e9 \u00e0 Valence au meilleur prix de la ville. Wifi gratuit, air conditionn\u00e9\" \/>\n<meta property=\"og:url\" content=\"https:\/\/neststylevalencia.com\/fr\/services\/\" \/>\n<meta property=\"og:site_name\" content=\"Nest Style Valencia\" \/>\n<meta property=\"article:publisher\" content=\"https:\/\/www.facebook.com\/NestStyleValenciaHotel\/\" \/>\n<meta property=\"article:modified_time\" content=\"2024-05-24T09:02:14+00:00\" \/>\n<meta property=\"og:image\" content=\"https:\/\/neststylevalencia.com\/wp-content\/uploads\/2019\/08\/19common-areas-nest-style-valencia-2019.jpg\" \/>\n\t<meta property=\"og:image:width\" content=\"1619\" \/>\n\t<meta property=\"og:image:height\" content=\"1080\" \/>\n\t<meta property=\"og:image:type\" content=\"image\/jpeg\" \/>\n<meta name=\"twitter:card\" content=\"summary_large_image\" \/>\n<meta name=\"twitter:site\" content=\"@neststylevlc\" \/>\n<meta name=\"twitter:label1\" content=\"Dur\u00e9e de lecture estim\u00e9e\" \/>\n\t<meta name=\"twitter:data1\" content=\"3 minutes\" \/>\n<script type=\"application\/ld+json\" class=\"yoast-schema-graph\">{\"@context\":\"https:\\\/\\\/schema.org\",\"@graph\":[{\"@type\":\"WebPage\",\"@id\":\"https:\\\/\\\/neststylevalencia.com\\\/fr\\\/services\\\/\",\"url\":\"https:\\\/\\\/neststylevalencia.com\\\/fr\\\/services\\\/\",\"name\":\"Services Nest Style Hotel Valencia. H\u00f4tel avec des services de qualit\u00e9\",\"isPartOf\":{\"@id\":\"https:\\\/\\\/neststylevalencia.com\\\/fr\\\/#website\"},\"primaryImageOfPage\":{\"@id\":\"https:\\\/\\\/neststylevalencia.com\\\/fr\\\/services\\\/#primaryimage\"},\"image\":{\"@id\":\"https:\\\/\\\/neststylevalencia.com\\\/fr\\\/services\\\/#primaryimage\"},\"thumbnailUrl\":\"https:\\\/\\\/neststylevalencia.com\\\/wp-content\\\/uploads\\\/2019\\\/08\\\/19common-areas-nest-style-valencia-2019.jpg\",\"datePublished\":\"2019-05-23T13:17:04+00:00\",\"dateModified\":\"2024-05-24T09:02:14+00:00\",\"description\":\"Services Nest Style Hotel Valencia. H\u00f4tel avec des services de qualit\u00e9 \u00e0 Valence au meilleur prix de la ville. Wifi gratuit, air conditionn\u00e9\",\"inLanguage\":\"fr-FR\",\"potentialAction\":[{\"@type\":\"ReadAction\",\"target\":[\"https:\\\/\\\/neststylevalencia.com\\\/fr\\\/services\\\/\"]}]},{\"@type\":\"ImageObject\",\"inLanguage\":\"fr-FR\",\"@id\":\"https:\\\/\\\/neststylevalencia.com\\\/fr\\\/services\\\/#primaryimage\",\"url\":\"https:\\\/\\\/neststylevalencia.com\\\/wp-content\\\/uploads\\\/2019\\\/08\\\/19common-areas-nest-style-valencia-2019.jpg\",\"contentUrl\":\"https:\\\/\\\/neststylevalencia.com\\\/wp-content\\\/uploads\\\/2019\\\/08\\\/19common-areas-nest-style-valencia-2019.jpg\",\"width\":1619,\"height\":1080,\"caption\":\"Breakfast\"},{\"@type\":\"WebSite\",\"@id\":\"https:\\\/\\\/neststylevalencia.com\\\/fr\\\/#website\",\"url\":\"https:\\\/\\\/neststylevalencia.com\\\/fr\\\/\",\"name\":\"Nest Style Valencia\",\"description\":\"El\u00e9gance et simplicit\u00e9\",\"publisher\":{\"@id\":\"https:\\\/\\\/neststylevalencia.com\\\/fr\\\/#organization\"},\"alternateName\":\"Nest Style Valencia Hotel\",\"potentialAction\":[{\"@type\":\"SearchAction\",\"target\":{\"@type\":\"EntryPoint\",\"urlTemplate\":\"https:\\\/\\\/neststylevalencia.com\\\/fr\\\/?s={search_term_string}\"},\"query-input\":{\"@type\":\"PropertyValueSpecification\",\"valueRequired\":true,\"valueName\":\"search_term_string\"}}],\"inLanguage\":\"fr-FR\"},{\"@type\":\"Organization\",\"@id\":\"https:\\\/\\\/neststylevalencia.com\\\/fr\\\/#organization\",\"name\":\"Nest Style Valencia\",\"alternateName\":\"Nest Style Valencia Hotel\",\"url\":\"https:\\\/\\\/neststylevalencia.com\\\/fr\\\/\",\"logo\":{\"@type\":\"ImageObject\",\"inLanguage\":\"fr-FR\",\"@id\":\"https:\\\/\\\/neststylevalencia.com\\\/fr\\\/#\\\/schema\\\/logo\\\/image\\\/\",\"url\":\"https:\\\/\\\/neststylevalencia.com\\\/wp-content\\\/uploads\\\/2019\\\/07\\\/logo-web-nest-style-valencia-2019.jpg\",\"contentUrl\":\"https:\\\/\\\/neststylevalencia.com\\\/wp-content\\\/uploads\\\/2019\\\/07\\\/logo-web-nest-style-valencia-2019.jpg\",\"width\":1200,\"height\":1200,\"caption\":\"Nest Style Valencia\"},\"image\":{\"@id\":\"https:\\\/\\\/neststylevalencia.com\\\/fr\\\/#\\\/schema\\\/logo\\\/image\\\/\"},\"sameAs\":[\"https:\\\/\\\/www.facebook.com\\\/NestStyleValenciaHotel\\\/\",\"https:\\\/\\\/x.com\\\/neststylevlc\",\"https:\\\/\\\/www.instagram.com\\\/neststylevalencia\\\/\",\"https:\\\/\\\/www.linkedin.com\\\/company\\\/nest-style-valencia-hotel\\\/\",\"https:\\\/\\\/www.youtube.com\\\/@neststylevalenciahotel\",\"https:\\\/\\\/www.tripadvisor.com\\\/Hotel_Review-g187529-d18379474-Reviews-Nest_Style_Hotel_Valencia-Valencia_Province_of_Valencia_Valencian_Country.html\",\"https:\\\/\\\/snapchat.com\\\/add\\\/neststylevlc\",\"https:\\\/\\\/vk.com\\\/neststylevalenciahotel\",\"https:\\\/\\\/g.page\\\/NestStyleHotelValencia\\\/\",\"https:\\\/\\\/www.tiktok.com\\\/@neststylevalenciahotel\"]}]}<\/script>\n<!-- \/ Yoast SEO plugin. -->","yoast_head_json":{"title":"Services Nest Style Hotel Valencia. H\u00f4tel avec des services de qualit\u00e9","description":"Services Nest Style Hotel Valencia. H\u00f4tel avec des services de qualit\u00e9 \u00e0 Valence au meilleur prix de la ville. Wifi gratuit, air conditionn\u00e9","robots":{"index":"index","follow":"follow","max-snippet":"max-snippet:-1","max-image-preview":"max-image-preview:large","max-video-preview":"max-video-preview:-1"},"canonical":"https:\/\/neststylevalencia.com\/fr\/services\/","og_locale":"fr_FR","og_type":"article","og_title":"Services Nest Style Hotel Valencia. H\u00f4tel avec des services de qualit\u00e9","og_description":"Services Nest Style Hotel Valencia. H\u00f4tel avec des services de qualit\u00e9 \u00e0 Valence au meilleur prix de la ville. Wifi gratuit, air conditionn\u00e9","og_url":"https:\/\/neststylevalencia.com\/fr\/services\/","og_site_name":"Nest Style Valencia","article_publisher":"https:\/\/www.facebook.com\/NestStyleValenciaHotel\/","article_modified_time":"2024-05-24T09:02:14+00:00","og_image":[{"width":1619,"height":1080,"url":"https:\/\/neststylevalencia.com\/wp-content\/uploads\/2019\/08\/19common-areas-nest-style-valencia-2019.jpg","type":"image\/jpeg"}],"twitter_card":"summary_large_image","twitter_site":"@neststylevlc","twitter_misc":{"Dur\u00e9e de lecture estim\u00e9e":"3 minutes"},"schema":{"@context":"https:\/\/schema.org","@graph":[{"@type":"WebPage","@id":"https:\/\/neststylevalencia.com\/fr\/services\/","url":"https:\/\/neststylevalencia.com\/fr\/services\/","name":"Services Nest Style Hotel Valencia. H\u00f4tel avec des services de qualit\u00e9","isPartOf":{"@id":"https:\/\/neststylevalencia.com\/fr\/#website"},"primaryImageOfPage":{"@id":"https:\/\/neststylevalencia.com\/fr\/services\/#primaryimage"},"image":{"@id":"https:\/\/neststylevalencia.com\/fr\/services\/#primaryimage"},"thumbnailUrl":"https:\/\/neststylevalencia.com\/wp-content\/uploads\/2019\/08\/19common-areas-nest-style-valencia-2019.jpg","datePublished":"2019-05-23T13:17:04+00:00","dateModified":"2024-05-24T09:02:14+00:00","description":"Services Nest Style Hotel Valencia. H\u00f4tel avec des services de qualit\u00e9 \u00e0 Valence au meilleur prix de la ville. Wifi gratuit, air conditionn\u00e9","inLanguage":"fr-FR","potentialAction":[{"@type":"ReadAction","target":["https:\/\/neststylevalencia.com\/fr\/services\/"]}]},{"@type":"ImageObject","inLanguage":"fr-FR","@id":"https:\/\/neststylevalencia.com\/fr\/services\/#primaryimage","url":"https:\/\/neststylevalencia.com\/wp-content\/uploads\/2019\/08\/19common-areas-nest-style-valencia-2019.jpg","contentUrl":"https:\/\/neststylevalencia.com\/wp-content\/uploads\/2019\/08\/19common-areas-nest-style-valencia-2019.jpg","width":1619,"height":1080,"caption":"Breakfast"},{"@type":"WebSite","@id":"https:\/\/neststylevalencia.com\/fr\/#website","url":"https:\/\/neststylevalencia.com\/fr\/","name":"Nest Style Valencia","description":"El\u00e9gance et simplicit\u00e9","publisher":{"@id":"https:\/\/neststylevalencia.com\/fr\/#organization"},"alternateName":"Nest Style Valencia Hotel","potentialAction":[{"@type":"SearchAction","target":{"@type":"EntryPoint","urlTemplate":"https:\/\/neststylevalencia.com\/fr\/?s={search_term_string}"},"query-input":{"@type":"PropertyValueSpecification","valueRequired":true,"valueName":"search_term_string"}}],"inLanguage":"fr-FR"},{"@type":"Organization","@id":"https:\/\/neststylevalencia.com\/fr\/#organization","name":"Nest Style Valencia","alternateName":"Nest Style Valencia Hotel","url":"https:\/\/neststylevalencia.com\/fr\/","logo":{"@type":"ImageObject","inLanguage":"fr-FR","@id":"https:\/\/neststylevalencia.com\/fr\/#\/schema\/logo\/image\/","url":"https:\/\/neststylevalencia.com\/wp-content\/uploads\/2019\/07\/logo-web-nest-style-valencia-2019.jpg","contentUrl":"https:\/\/neststylevalencia.com\/wp-content\/uploads\/2019\/07\/logo-web-nest-style-valencia-2019.jpg","width":1200,"height":1200,"caption":"Nest Style Valencia"},"image":{"@id":"https:\/\/neststylevalencia.com\/fr\/#\/schema\/logo\/image\/"},"sameAs":["https:\/\/www.facebook.com\/NestStyleValenciaHotel\/","https:\/\/x.com\/neststylevlc","https:\/\/www.instagram.com\/neststylevalencia\/","https:\/\/www.linkedin.com\/company\/nest-style-valencia-hotel\/","https:\/\/www.youtube.com\/@neststylevalenciahotel","https:\/\/www.tripadvisor.com\/Hotel_Review-g187529-d18379474-Reviews-Nest_Style_Hotel_Valencia-Valencia_Province_of_Valencia_Valencian_Country.html","https:\/\/snapchat.com\/add\/neststylevlc","https:\/\/vk.com\/neststylevalenciahotel","https:\/\/g.page\/NestStyleHotelValencia\/","https:\/\/www.tiktok.com\/@neststylevalenciahotel"]}]}},"_links":{"self":[{"href":"https:\/\/neststylevalencia.com\/fr\/wp-json\/wp\/v2\/pages\/2928","targetHints":{"allow":["GET"]}}],"collection":[{"href":"https:\/\/neststylevalencia.com\/fr\/wp-json\/wp\/v2\/pages"}],"about":[{"href":"https:\/\/neststylevalencia.com\/fr\/wp-json\/wp\/v2\/types\/page"}],"author":[{"embeddable":true,"href":"https:\/\/neststylevalencia.com\/fr\/wp-json\/wp\/v2\/users\/7"}],"replies":[{"embeddable":true,"href":"https:\/\/neststylevalencia.com\/fr\/wp-json\/wp\/v2\/comments?post=2928"}],"version-history":[{"count":0,"href":"https:\/\/neststylevalencia.com\/fr\/wp-json\/wp\/v2\/pages\/2928\/revisions"}],"wp:featuredmedia":[{"embeddable":true,"href":"https:\/\/neststylevalencia.com\/fr\/wp-json\/wp\/v2\/media\/1371"}],"wp:attachment":[{"href":"https:\/\/neststylevalencia.com\/fr\/wp-json\/wp\/v2\/media?parent=2928"}],"curies":[{"name":"wp","href":"https:\/\/api.w.org\/{rel}","templated":true}]}}