{"id":2938,"date":"2019-05-23T13:16:12","date_gmt":"2019-05-23T13:16:12","guid":{"rendered":"https:\/\/neststylevalencia.com\/valencia-hotel\/"},"modified":"2024-04-02T14:30:20","modified_gmt":"2024-04-02T14:30:20","slug":"valencia-hotel","status":"publish","type":"page","link":"https:\/\/neststylevalencia.com\/fr\/valencia-hotel\/","title":{"rendered":"H\u00f4tel Valencia"},"content":{"rendered":"\n<h1 class=\"wp-block-heading has-text-align-center\">H\u00f4tel Valencia \u2b50 Nest Style Hotel Valencia<\/h1>\n\n<h2 class=\"wp-block-heading has-text-align-center\">Bienvenue \u00e0 Nest Style Valencia<\/h2>\n\n<h3 class=\"wp-block-heading\">Vous cherchez un h\u00f4tel, appartement \u00e0 Valence ?<\/h3>\n\n<p>Nous vous pr\u00e9sentons le Nest Style Valencia, un nouveau concept d&rsquo;h\u00f4tel, avec des chambres d\u00e9cor\u00e9es avec des couleurs vives et des finitions soign\u00e9es. Situ\u00e9 sur la centrale Avenida del Puerto 77, \u00e0 quelques m\u00e8tres du c\u00e9l\u00e8bre jardin Turia (ancienne cause du fleuve Turia), de la ville des Arts et des Sciences et de nombreux autres endroits \u00e0 d\u00e9couvrir lors de votre visite \u00e0 Valence.<\/p>\n\n<p>Nos invit\u00e9s parlent de nous et soulignent les points suivants :<\/p>\n\n<h3 class=\"wp-block-heading\">\u00ab\u00a0Le confort et la taille des chambres sont sup\u00e9rieurs \u00e0 ceux d&rsquo;autres h\u00f4tels similaires, l&rsquo;\u00e9l\u00e9gance et la simplicit\u00e9, le souci du d\u00e9tail et le professionnalisme du personnel, tr\u00e8s bon emplacement\u00a0\u00bb<\/h3>\n\n<p><\/p>\n\n<h2 class=\"wp-block-heading\">Nous nous sommes concentr\u00e9s sur les d\u00e9tails<\/h2>\n\n<p>Avec des couleurs vives, des designs propres, clairs et de qualit\u00e9<\/p>\n\n<h2 class=\"wp-block-heading\">Nos services<\/h2>\n\n<p>Ce ne sont que quelques-uns de nos services, r\u00e9servez votre chambre et d\u00e9couvrez tout ce que nous pouvons vous offrir lors de votre s\u00e9jour avec nous \u00e0 Valence<\/p>\n\n<h2 class=\"wp-block-heading\">WiFi haut d\u00e9bit gratuit dans toutes nos installations<\/h2>\n\n<p>Nous pensons que le Wi-Fi gratuit n&rsquo;est pas un plaisir ou un luxe, c&rsquo;est une n\u00e9cessit\u00e9, c&rsquo;est indispensable pour nos clients.<\/p>\n\n<h2 class=\"wp-block-heading\">Service de petit-d\u00e9jeuner sur demande<\/h2>\n\n<p>Petit-d\u00e9jeuner continental, nous avons g\u00e9n\u00e9ralement l&rsquo;une des meilleures critiques du secteur en termes de qualit\u00e9 et de vari\u00e9t\u00e9 de nos petits-d\u00e9jeuners.<\/p>\n\n<h2 class=\"wp-block-heading\">Climatisation automatis\u00e9e dans toutes nos installations<\/h2>\n\n<p>Nous prenons tr\u00e8s au s\u00e9rieux \u00ab\u00a0le confort de nos h\u00f4tes\u00a0\u00bb. Aussi dans chacune de nos chambres<\/p>\n\n<h2 class=\"wp-block-heading\">Service de blanchisserie personnalis\u00e9 \u00e0 la demande de nos clients<\/h2>\n\n<p>Lavage, repassage, s\u00e9chage des v\u00eatements de l&rsquo;h\u00f4tel, ainsi que le service des v\u00eatements des clients, avec un personnel qualifi\u00e9 et des machines ad\u00e9quates<\/p>\n\n<h2 class=\"wp-block-heading\">Service de taxi \/ navette pour tous nos clients<\/h2>\n\n<p>Ne vous inqui\u00e9tez de rien avec notre service de navette a\u00e9roportuaire. Un service confortable, s\u00fbr et avec de bons prix.<\/p>\n\n<h2 class=\"wp-block-heading\">Service de coin affaires pour tous nos invit\u00e9s<\/h2>\n\n<p>Un espace r\u00e9serv\u00e9 au travail, un bureau minimaliste mais enti\u00e8rement \u00e9quip\u00e9 quand vous en avez besoin<\/p>\n\n<h2 class=\"wp-block-heading\"><strong>Des cam\u00e9ras de s\u00e9curit\u00e9 pour une qualit\u00e9 de service optimale<\/strong><\/h2>\n\n<p>La s\u00e9curit\u00e9 de nos clients est garantie contre tout d\u00e9sagr\u00e9ment survenant pendant le s\u00e9jour dans notre h\u00f4tel.<\/p>\n\n<p><\/p>\n\n<p><\/p>\n\n<figure class=\"wp-block-image size-large\"><img fetchpriority=\"high\" decoding=\"async\" width=\"1024\" height=\"577\" src=\"https:\/\/neststylevalencia.com\/wp-content\/uploads\/2019\/11\/header-google-1024x577.jpg\" alt=\"Chambre Nest Style Hotel Valencia\" class=\"wp-image-2774\" srcset=\"https:\/\/neststylevalencia.com\/wp-content\/uploads\/2019\/11\/header-google-1024x577.jpg 1024w, https:\/\/neststylevalencia.com\/wp-content\/uploads\/2019\/11\/header-google-300x169.jpg 300w, https:\/\/neststylevalencia.com\/wp-content\/uploads\/2019\/11\/header-google-768x433.jpg 768w, https:\/\/neststylevalencia.com\/wp-content\/uploads\/2019\/11\/header-google-260x146.jpg 260w, https:\/\/neststylevalencia.com\/wp-content\/uploads\/2019\/11\/header-google-50x28.jpg 50w, https:\/\/neststylevalencia.com\/wp-content\/uploads\/2019\/11\/header-google-133x75.jpg 133w, https:\/\/neststylevalencia.com\/wp-content\/uploads\/2019\/11\/header-google-1200x676.jpg 1200w, https:\/\/neststylevalencia.com\/wp-content\/uploads\/2019\/11\/header-google.jpg 1342w\" sizes=\"(max-width: 1024px) 100vw, 1024px\" \/><figcaption class=\"wp-element-caption\">Nest Style Valencia<\/figcaption><\/figure>\n","protected":false},"excerpt":{"rendered":"<p>H\u00f4tel Valencia \u2b50 Nest Style Valencia. Un nouveau concept d&rsquo;h\u00f4tel \u00e0 Valence. C&rsquo;est l&rsquo;un des h\u00f4tels de la ville qui offre toujours le meilleur prix par rapport aux canaux de r\u00e9servation d\u00e9j\u00e0 c\u00e9l\u00e8bres tels que Booking, Expedia et autres, nous garantissons \u00e9galement que la r\u00e9servation sera rapide et s\u00e9curis\u00e9e en respectant la vie priv\u00e9e de nos clients pendant le processus de r\u00e9servation, confirmation imm\u00e9diate. Chambres de qualit\u00e9 et cadeau de bienvenue.<\/p>\n","protected":false},"author":7,"featured_media":2517,"parent":0,"menu_order":0,"comment_status":"closed","ping_status":"closed","template":"","meta":{"footnotes":""},"class_list":["post-2938","page","type-page","status-publish","has-post-thumbnail","hentry"],"yoast_head":"<!-- This site is optimized with the Yoast SEO plugin v27.4 - https:\/\/yoast.com\/product\/yoast-seo-wordpress\/ -->\n<title>H\u00f4tel Valencia \u2b50 Nest Style Valencia. Un nouveau concept d&#039;h\u00f4tel<\/title>\n<meta name=\"description\" content=\"H\u00f4tel Valencia \u2b50 Nest Style Valencia. Un nouveau concept d&#039;h\u00f4tel \u00e0 Valence, toujours avec le meilleur prix, la r\u00e9servation directe et sans frais suppl\u00e9mentaires.\" \/>\n<meta name=\"robots\" content=\"index, follow, max-snippet:-1, max-image-preview:large, max-video-preview:-1\" \/>\n<link rel=\"canonical\" href=\"https:\/\/neststylevalencia.com\/fr\/valencia-hotel\/\" \/>\n<meta property=\"og:locale\" content=\"fr_FR\" \/>\n<meta property=\"og:type\" content=\"article\" \/>\n<meta property=\"og:title\" content=\"H\u00f4tel Valencia \u2b50 Nest Style Valencia. Un nouveau concept d&#039;h\u00f4tel\" \/>\n<meta property=\"og:description\" content=\"H\u00f4tel Valencia \u2b50 Nest Style Valencia. Un nouveau concept d&#039;h\u00f4tel \u00e0 Valence, toujours avec le meilleur prix, la r\u00e9servation directe et sans frais suppl\u00e9mentaires.\" \/>\n<meta property=\"og:url\" content=\"https:\/\/neststylevalencia.com\/fr\/valencia-hotel\/\" \/>\n<meta property=\"og:site_name\" content=\"Nest Style Valencia\" \/>\n<meta property=\"article:publisher\" content=\"https:\/\/www.facebook.com\/NestStyleValenciaHotel\/\" \/>\n<meta property=\"article:modified_time\" content=\"2024-04-02T14:30:20+00:00\" \/>\n<meta property=\"og:image\" content=\"https:\/\/neststylevalencia.com\/wp-content\/uploads\/2019\/10\/03yellow-room-11-nest-style-valencia-2019.jpg\" \/>\n\t<meta property=\"og:image:width\" content=\"1622\" \/>\n\t<meta property=\"og:image:height\" content=\"1080\" \/>\n\t<meta property=\"og:image:type\" content=\"image\/jpeg\" \/>\n<meta name=\"twitter:card\" content=\"summary_large_image\" \/>\n<meta name=\"twitter:site\" content=\"@neststylevlc\" \/>\n<meta name=\"twitter:label1\" content=\"Dur\u00e9e de lecture estim\u00e9e\" \/>\n\t<meta name=\"twitter:data1\" content=\"2 minutes\" \/>\n<script type=\"application\/ld+json\" class=\"yoast-schema-graph\">{\"@context\":\"https:\\\/\\\/schema.org\",\"@graph\":[{\"@type\":\"WebPage\",\"@id\":\"https:\\\/\\\/neststylevalencia.com\\\/fr\\\/valencia-hotel\\\/\",\"url\":\"https:\\\/\\\/neststylevalencia.com\\\/fr\\\/valencia-hotel\\\/\",\"name\":\"H\u00f4tel Valencia \u2b50 Nest Style Valencia. Un nouveau concept d'h\u00f4tel\",\"isPartOf\":{\"@id\":\"https:\\\/\\\/neststylevalencia.com\\\/fr\\\/#website\"},\"primaryImageOfPage\":{\"@id\":\"https:\\\/\\\/neststylevalencia.com\\\/fr\\\/valencia-hotel\\\/#primaryimage\"},\"image\":{\"@id\":\"https:\\\/\\\/neststylevalencia.com\\\/fr\\\/valencia-hotel\\\/#primaryimage\"},\"thumbnailUrl\":\"https:\\\/\\\/neststylevalencia.com\\\/wp-content\\\/uploads\\\/2019\\\/10\\\/03yellow-room-11-nest-style-valencia-2019.jpg\",\"datePublished\":\"2019-05-23T13:16:12+00:00\",\"dateModified\":\"2024-04-02T14:30:20+00:00\",\"description\":\"H\u00f4tel Valencia \u2b50 Nest Style Valencia. Un nouveau concept d'h\u00f4tel \u00e0 Valence, toujours avec le meilleur prix, la r\u00e9servation directe et sans frais suppl\u00e9mentaires.\",\"inLanguage\":\"fr-FR\",\"potentialAction\":[{\"@type\":\"ReadAction\",\"target\":[\"https:\\\/\\\/neststylevalencia.com\\\/fr\\\/valencia-hotel\\\/\"]}]},{\"@type\":\"ImageObject\",\"inLanguage\":\"fr-FR\",\"@id\":\"https:\\\/\\\/neststylevalencia.com\\\/fr\\\/valencia-hotel\\\/#primaryimage\",\"url\":\"https:\\\/\\\/neststylevalencia.com\\\/wp-content\\\/uploads\\\/2019\\\/10\\\/03yellow-room-11-nest-style-valencia-2019.jpg\",\"contentUrl\":\"https:\\\/\\\/neststylevalencia.com\\\/wp-content\\\/uploads\\\/2019\\\/10\\\/03yellow-room-11-nest-style-valencia-2019.jpg\",\"width\":1622,\"height\":1080,\"caption\":\"Valencia Hotel\"},{\"@type\":\"WebSite\",\"@id\":\"https:\\\/\\\/neststylevalencia.com\\\/fr\\\/#website\",\"url\":\"https:\\\/\\\/neststylevalencia.com\\\/fr\\\/\",\"name\":\"Nest Style Valencia\",\"description\":\"El\u00e9gance et simplicit\u00e9\",\"publisher\":{\"@id\":\"https:\\\/\\\/neststylevalencia.com\\\/fr\\\/#organization\"},\"alternateName\":\"Nest Style Valencia Hotel\",\"potentialAction\":[{\"@type\":\"SearchAction\",\"target\":{\"@type\":\"EntryPoint\",\"urlTemplate\":\"https:\\\/\\\/neststylevalencia.com\\\/fr\\\/?s={search_term_string}\"},\"query-input\":{\"@type\":\"PropertyValueSpecification\",\"valueRequired\":true,\"valueName\":\"search_term_string\"}}],\"inLanguage\":\"fr-FR\"},{\"@type\":\"Organization\",\"@id\":\"https:\\\/\\\/neststylevalencia.com\\\/fr\\\/#organization\",\"name\":\"Nest Style Valencia\",\"alternateName\":\"Nest Style Valencia Hotel\",\"url\":\"https:\\\/\\\/neststylevalencia.com\\\/fr\\\/\",\"logo\":{\"@type\":\"ImageObject\",\"inLanguage\":\"fr-FR\",\"@id\":\"https:\\\/\\\/neststylevalencia.com\\\/fr\\\/#\\\/schema\\\/logo\\\/image\\\/\",\"url\":\"https:\\\/\\\/neststylevalencia.com\\\/wp-content\\\/uploads\\\/2019\\\/07\\\/logo-web-nest-style-valencia-2019.jpg\",\"contentUrl\":\"https:\\\/\\\/neststylevalencia.com\\\/wp-content\\\/uploads\\\/2019\\\/07\\\/logo-web-nest-style-valencia-2019.jpg\",\"width\":1200,\"height\":1200,\"caption\":\"Nest Style Valencia\"},\"image\":{\"@id\":\"https:\\\/\\\/neststylevalencia.com\\\/fr\\\/#\\\/schema\\\/logo\\\/image\\\/\"},\"sameAs\":[\"https:\\\/\\\/www.facebook.com\\\/NestStyleValenciaHotel\\\/\",\"https:\\\/\\\/x.com\\\/neststylevlc\",\"https:\\\/\\\/www.instagram.com\\\/neststylevalencia\\\/\",\"https:\\\/\\\/www.linkedin.com\\\/company\\\/nest-style-valencia-hotel\\\/\",\"https:\\\/\\\/www.youtube.com\\\/@neststylevalenciahotel\",\"https:\\\/\\\/www.tripadvisor.com\\\/Hotel_Review-g187529-d18379474-Reviews-Nest_Style_Hotel_Valencia-Valencia_Province_of_Valencia_Valencian_Country.html\",\"https:\\\/\\\/snapchat.com\\\/add\\\/neststylevlc\",\"https:\\\/\\\/vk.com\\\/neststylevalenciahotel\",\"https:\\\/\\\/g.page\\\/NestStyleHotelValencia\\\/\",\"https:\\\/\\\/www.tiktok.com\\\/@neststylevalenciahotel\"]}]}<\/script>\n<!-- \/ Yoast SEO plugin. -->","yoast_head_json":{"title":"H\u00f4tel Valencia \u2b50 Nest Style Valencia. Un nouveau concept d'h\u00f4tel","description":"H\u00f4tel Valencia \u2b50 Nest Style Valencia. Un nouveau concept d'h\u00f4tel \u00e0 Valence, toujours avec le meilleur prix, la r\u00e9servation directe et sans frais suppl\u00e9mentaires.","robots":{"index":"index","follow":"follow","max-snippet":"max-snippet:-1","max-image-preview":"max-image-preview:large","max-video-preview":"max-video-preview:-1"},"canonical":"https:\/\/neststylevalencia.com\/fr\/valencia-hotel\/","og_locale":"fr_FR","og_type":"article","og_title":"H\u00f4tel Valencia \u2b50 Nest Style Valencia. Un nouveau concept d'h\u00f4tel","og_description":"H\u00f4tel Valencia \u2b50 Nest Style Valencia. Un nouveau concept d'h\u00f4tel \u00e0 Valence, toujours avec le meilleur prix, la r\u00e9servation directe et sans frais suppl\u00e9mentaires.","og_url":"https:\/\/neststylevalencia.com\/fr\/valencia-hotel\/","og_site_name":"Nest Style Valencia","article_publisher":"https:\/\/www.facebook.com\/NestStyleValenciaHotel\/","article_modified_time":"2024-04-02T14:30:20+00:00","og_image":[{"width":1622,"height":1080,"url":"https:\/\/neststylevalencia.com\/wp-content\/uploads\/2019\/10\/03yellow-room-11-nest-style-valencia-2019.jpg","type":"image\/jpeg"}],"twitter_card":"summary_large_image","twitter_site":"@neststylevlc","twitter_misc":{"Dur\u00e9e de lecture estim\u00e9e":"2 minutes"},"schema":{"@context":"https:\/\/schema.org","@graph":[{"@type":"WebPage","@id":"https:\/\/neststylevalencia.com\/fr\/valencia-hotel\/","url":"https:\/\/neststylevalencia.com\/fr\/valencia-hotel\/","name":"H\u00f4tel Valencia \u2b50 Nest Style Valencia. Un nouveau concept d'h\u00f4tel","isPartOf":{"@id":"https:\/\/neststylevalencia.com\/fr\/#website"},"primaryImageOfPage":{"@id":"https:\/\/neststylevalencia.com\/fr\/valencia-hotel\/#primaryimage"},"image":{"@id":"https:\/\/neststylevalencia.com\/fr\/valencia-hotel\/#primaryimage"},"thumbnailUrl":"https:\/\/neststylevalencia.com\/wp-content\/uploads\/2019\/10\/03yellow-room-11-nest-style-valencia-2019.jpg","datePublished":"2019-05-23T13:16:12+00:00","dateModified":"2024-04-02T14:30:20+00:00","description":"H\u00f4tel Valencia \u2b50 Nest Style Valencia. Un nouveau concept d'h\u00f4tel \u00e0 Valence, toujours avec le meilleur prix, la r\u00e9servation directe et sans frais suppl\u00e9mentaires.","inLanguage":"fr-FR","potentialAction":[{"@type":"ReadAction","target":["https:\/\/neststylevalencia.com\/fr\/valencia-hotel\/"]}]},{"@type":"ImageObject","inLanguage":"fr-FR","@id":"https:\/\/neststylevalencia.com\/fr\/valencia-hotel\/#primaryimage","url":"https:\/\/neststylevalencia.com\/wp-content\/uploads\/2019\/10\/03yellow-room-11-nest-style-valencia-2019.jpg","contentUrl":"https:\/\/neststylevalencia.com\/wp-content\/uploads\/2019\/10\/03yellow-room-11-nest-style-valencia-2019.jpg","width":1622,"height":1080,"caption":"Valencia Hotel"},{"@type":"WebSite","@id":"https:\/\/neststylevalencia.com\/fr\/#website","url":"https:\/\/neststylevalencia.com\/fr\/","name":"Nest Style Valencia","description":"El\u00e9gance et simplicit\u00e9","publisher":{"@id":"https:\/\/neststylevalencia.com\/fr\/#organization"},"alternateName":"Nest Style Valencia Hotel","potentialAction":[{"@type":"SearchAction","target":{"@type":"EntryPoint","urlTemplate":"https:\/\/neststylevalencia.com\/fr\/?s={search_term_string}"},"query-input":{"@type":"PropertyValueSpecification","valueRequired":true,"valueName":"search_term_string"}}],"inLanguage":"fr-FR"},{"@type":"Organization","@id":"https:\/\/neststylevalencia.com\/fr\/#organization","name":"Nest Style Valencia","alternateName":"Nest Style Valencia Hotel","url":"https:\/\/neststylevalencia.com\/fr\/","logo":{"@type":"ImageObject","inLanguage":"fr-FR","@id":"https:\/\/neststylevalencia.com\/fr\/#\/schema\/logo\/image\/","url":"https:\/\/neststylevalencia.com\/wp-content\/uploads\/2019\/07\/logo-web-nest-style-valencia-2019.jpg","contentUrl":"https:\/\/neststylevalencia.com\/wp-content\/uploads\/2019\/07\/logo-web-nest-style-valencia-2019.jpg","width":1200,"height":1200,"caption":"Nest Style Valencia"},"image":{"@id":"https:\/\/neststylevalencia.com\/fr\/#\/schema\/logo\/image\/"},"sameAs":["https:\/\/www.facebook.com\/NestStyleValenciaHotel\/","https:\/\/x.com\/neststylevlc","https:\/\/www.instagram.com\/neststylevalencia\/","https:\/\/www.linkedin.com\/company\/nest-style-valencia-hotel\/","https:\/\/www.youtube.com\/@neststylevalenciahotel","https:\/\/www.tripadvisor.com\/Hotel_Review-g187529-d18379474-Reviews-Nest_Style_Hotel_Valencia-Valencia_Province_of_Valencia_Valencian_Country.html","https:\/\/snapchat.com\/add\/neststylevlc","https:\/\/vk.com\/neststylevalenciahotel","https:\/\/g.page\/NestStyleHotelValencia\/","https:\/\/www.tiktok.com\/@neststylevalenciahotel"]}]}},"_links":{"self":[{"href":"https:\/\/neststylevalencia.com\/fr\/wp-json\/wp\/v2\/pages\/2938","targetHints":{"allow":["GET"]}}],"collection":[{"href":"https:\/\/neststylevalencia.com\/fr\/wp-json\/wp\/v2\/pages"}],"about":[{"href":"https:\/\/neststylevalencia.com\/fr\/wp-json\/wp\/v2\/types\/page"}],"author":[{"embeddable":true,"href":"https:\/\/neststylevalencia.com\/fr\/wp-json\/wp\/v2\/users\/7"}],"replies":[{"embeddable":true,"href":"https:\/\/neststylevalencia.com\/fr\/wp-json\/wp\/v2\/comments?post=2938"}],"version-history":[{"count":0,"href":"https:\/\/neststylevalencia.com\/fr\/wp-json\/wp\/v2\/pages\/2938\/revisions"}],"wp:featuredmedia":[{"embeddable":true,"href":"https:\/\/neststylevalencia.com\/fr\/wp-json\/wp\/v2\/media\/2517"}],"wp:attachment":[{"href":"https:\/\/neststylevalencia.com\/fr\/wp-json\/wp\/v2\/media?parent=2938"}],"curies":[{"name":"wp","href":"https:\/\/api.w.org\/{rel}","templated":true}]}}