{"id":3490,"date":"2020-01-21T11:45:12","date_gmt":"2020-01-21T11:45:12","guid":{"rendered":"https:\/\/neststylevalencia.com\/eco-friendly-statement\/"},"modified":"2024-05-16T15:15:47","modified_gmt":"2024-05-16T15:15:47","slug":"declaration-ecologique","status":"publish","type":"page","link":"https:\/\/neststylevalencia.com\/fr\/declaration-ecologique\/","title":{"rendered":"\u00c9cologique \u267b\ufe0f"},"content":{"rendered":"\n<h1 class=\"wp-block-heading has-text-align-center\">D\u00e9claration \u00e9cologique \u267b\ufe0f<\/h1>\n\n<p>C&rsquo;est la d\u00e9claration de respect de l&rsquo;environnement de notre h\u00f4tel Nest Style Valencia. Dans cet \u00e9tablissement, nous g\u00e9rons le recyclage des piles, des ampoules, des bouchons en plastique, ainsi que des d\u00e9chets g\u00e9n\u00e9raux (plastique, papier, verre, d\u00e9chets organiques).<\/p>\n\n<ul class=\"wp-block-list\">\n<li>Nous n&rsquo;utilisons pas de pailles en plastique &#8211; pailles en papier disponibles sur demande.<\/li>\n\n\n\n<li>Nous avons r\u00e9duit le plastique jetable.<\/li>\n\n\n\n<li>Nous utilisons du papier toilette recycl\u00e9.<\/li>\n\n\n\n<li>Nous r\u00e9utilisons le papier d&rsquo;imprimante.<\/li>\n\n\n\n<li>Nous donnons une autre vie au vieux linge de lit.<\/li>\n\n\n\n<li>Nous recyclons les ampoules \u00e9lectriques.<\/li>\n\n\n\n<li>Nous r\u00e9utilisons le papier d&rsquo;imprimante.<\/li>\n\n\n\n<li>Nous avons r\u00e9duit le plastique jetable.<\/li>\n\n\n\n<li>Nous donnons une autre vie au vieux linge de lit.<\/li>\n\n\n\n<li>Nous utilisons l&rsquo;\u00e9nergie a\u00e9rothermique (\u00e9nergie recycl\u00e9e \u00e0 partir de l&rsquo;air ambiant).<\/li>\n\n\n\n<li>Nous utilisons des ampoules LED pour r\u00e9duire la consommation d&rsquo;\u00e9nergie.<\/li>\n\n\n\n<li>Nous utilisons des appareils de classe A ++.<\/li>\n<\/ul>\n\n<p>\u00ab\u00a0Nous n&rsquo;avons qu&rsquo;une seule plan\u00e8te\u00a0\u00bb<\/p>\n\n<p>Le changement commence par de petits gestes<\/p>\n\n<p>Si le temps change, pouvons-nous aussi le faire et en prendre soin ?<\/p>\n\n<figure class=\"wp-block-image size-full\"><img fetchpriority=\"high\" decoding=\"async\" width=\"1920\" height=\"1080\" src=\"https:\/\/neststylevalencia.com\/wp-content\/uploads\/2023\/07\/nest-style-valencia-eco-friendly.jpg\" alt=\"D&#xE9;claration &#xE9;cologique dans le style Nest Valencia\" class=\"wp-image-8860\" srcset=\"https:\/\/neststylevalencia.com\/wp-content\/uploads\/2023\/07\/nest-style-valencia-eco-friendly.jpg 1920w, https:\/\/neststylevalencia.com\/wp-content\/uploads\/2023\/07\/nest-style-valencia-eco-friendly-300x169.jpg 300w, https:\/\/neststylevalencia.com\/wp-content\/uploads\/2023\/07\/nest-style-valencia-eco-friendly-1024x576.jpg 1024w, https:\/\/neststylevalencia.com\/wp-content\/uploads\/2023\/07\/nest-style-valencia-eco-friendly-768x432.jpg 768w, https:\/\/neststylevalencia.com\/wp-content\/uploads\/2023\/07\/nest-style-valencia-eco-friendly-1536x864.jpg 1536w\" sizes=\"(max-width: 1920px) 100vw, 1920px\" \/><\/figure>\n\n<h2 class=\"wp-block-heading\">Engagement en faveur de l&rsquo;environnement | D\u00e9claration sur le respect de l&rsquo;environnement<\/h2>\n\n<p>Nous sommes un <a href=\"https:\/\/neststylevalencia.com\/fr\/blog\/\">h\u00f4tel de Valence<\/a> qui se surpasse pour prot\u00e9ger notre plan\u00e8te. D\u00e9couvrez nos initiatives pour r\u00e9duire notre empreinte carbone et apporter un changement positif dans le monde.<\/p>\n\n<h2 class=\"wp-block-heading\">Dites non aux pailles en plastique.<\/h2>\n\n<p>Dans notre h\u00f4tel, les pailles en plastique appartiennent au pass\u00e9. Nous proposons des pailles en papier uniquement sur demande afin de r\u00e9duire les d\u00e9chets et de prot\u00e9ger nos oc\u00e9ans.<\/p>\n\n<h2 class=\"wp-block-heading\">Moins de plastique jetable.<\/h2>\n\n<p>Nous nous sommes engag\u00e9s \u00e0 r\u00e9duire le plastique jetable dans nos activit\u00e9s quotidiennes et avons mis en \u0153uvre des strat\u00e9gies efficaces \u00e0 cet effet.<\/p>\n\n<h2 class=\"wp-block-heading\">Nous utilisons du papier toilette recycl\u00e9.<\/h2>\n\n<p>Notre h\u00f4tel est fier d&rsquo;utiliser du papier hygi\u00e9nique recycl\u00e9 dans toutes ses toilettes, contribuant ainsi \u00e0 la conservation des ressources naturelles et \u00e0 la protection de nos for\u00eats.<\/p>\n\n<h2 class=\"wp-block-heading\">R\u00e9utilisation du papier d&rsquo;impression.<\/h2>\n\n<p>Nous ne gaspillons pas de papier dans notre h\u00f4tel. Nous r\u00e9utilisons le papier d&rsquo;imprimante pour minimiser notre impact sur l&rsquo;environnement.<\/p>\n\n<h2 class=\"wp-block-heading\">Donner une nouvelle vie \u00e0 la literie ancienne.<\/h2>\n\n<p>Nous ne jetons pas notre ancienne literie. Au contraire, nous leur donnons une nouvelle vie gr\u00e2ce \u00e0 diverses initiatives de recyclage et de r\u00e9utilisation.<\/p>\n\n<h2 class=\"wp-block-heading\">Nous utilisons des ampoules LED.<\/h2>\n\n<p>Pour r\u00e9duire davantage notre consommation d&rsquo;\u00e9nergie, nous utilisons des ampoules LED dans tout l&rsquo;h\u00f4tel.<\/p>\n\n<h2 class=\"wp-block-heading\">Appareils de classe A++.<\/h2>\n\n<p>Tous nos appareils sont de classe A++, ce qui signifie qu&rsquo;ils sont incroyablement \u00e9conomes en \u00e9nergie et qu&rsquo;ils contribuent \u00e0 minimiser notre impact sur l&rsquo;environnement.<\/p>\n\n<p>Avec toutes ces actions, nous d\u00e9montrons qu&rsquo;il est possible de fournir un service de haute qualit\u00e9 tout en prenant soin de notre plan\u00e8te.<\/p>\n\n<p class=\"has-text-align-center\">Rejoignez-nous dans notre voyage vers la durabilit\u00e9. <a href=\"https:\/\/neststylevalencia.com\/fr\/blog\/\">R\u00e9servez votre s\u00e9jour d\u00e8s aujourd&rsquo;hui!<\/a><\/p>\n","protected":false},"excerpt":{"rendered":"<p>Nest Style Hotel Valencia D\u00e9claration \u00e9co-responsable. Dans cet \u00e9tablissement, nous g\u00e9rons le recyclage des piles, des ampoules, des prises en plastique, en plus des d\u00e9chets g\u00e9n\u00e9raux (plastique, papier, verre, d\u00e9chets organiques). Nous n&rsquo;utilisons pas de pailles en plastique &#8211; nous avons des pailles en papier sur demande, nous avons r\u00e9duit le plastique mono-usage, nous utilisons du papier toilette recycl\u00e9, nous r\u00e9utilisons les folios pour l&rsquo;impression, nous donnons une autre vie \u00e0 la vieille literie. Nos installations sont respectueuses de l&rsquo;environnement. Nous utilisons l&rsquo;a\u00e9rothermie (\u00e9nergie recycl\u00e9e de l&rsquo;air ambiant), nous avons des appareils de classe A+, nous utilisons des ampoules LED pour r\u00e9duire les d\u00e9penses \u00e9nerg\u00e9tiques. Nous n&rsquo;avons qu&rsquo;une seule plan\u00e8te et le changement commence par les petits gestes. Si le temps change, changeons-nous aussi pour en prendre soin ?<\/p>\n","protected":false},"author":7,"featured_media":8862,"parent":0,"menu_order":0,"comment_status":"closed","ping_status":"closed","template":"","meta":{"footnotes":""},"class_list":["post-3490","page","type-page","status-publish","has-post-thumbnail","hentry"],"yoast_head":"<!-- This site is optimized with the Yoast SEO plugin v27.5 - https:\/\/yoast.com\/product\/yoast-seo-wordpress\/ -->\n<title>D\u00e9claration \u00e9cologique \u267b\ufe0f par Nest Style Valencia Hotel<\/title>\n<meta name=\"description\" content=\"D\u00e9claration \u00e9co-responsable \u267b\ufe0f par l&#039;h\u00f4tel Nest Style Valencia. Dans cet \u00e9tablissementNous g\u00e9rons le recyclage des piles, des ampoules, des bouchons en plastique\" \/>\n<meta name=\"robots\" content=\"index, follow, max-snippet:-1, max-image-preview:large, max-video-preview:-1\" \/>\n<link rel=\"canonical\" href=\"https:\/\/neststylevalencia.com\/fr\/declaration-ecologique\/\" \/>\n<meta property=\"og:locale\" content=\"fr_FR\" \/>\n<meta property=\"og:type\" content=\"article\" \/>\n<meta property=\"og:title\" content=\"D\u00e9claration \u00e9cologique \u267b\ufe0f par Nest Style Valencia Hotel\" \/>\n<meta property=\"og:description\" content=\"D\u00e9claration \u00e9co-responsable \u267b\ufe0f par l&#039;h\u00f4tel Nest Style Valencia. Dans cet \u00e9tablissementNous g\u00e9rons le recyclage des piles, des ampoules, des bouchons en plastique\" \/>\n<meta property=\"og:url\" content=\"https:\/\/neststylevalencia.com\/fr\/declaration-ecologique\/\" \/>\n<meta property=\"og:site_name\" content=\"Nest Style Valencia\" \/>\n<meta property=\"article:publisher\" content=\"https:\/\/www.facebook.com\/NestStyleValenciaHotel\/\" \/>\n<meta property=\"article:modified_time\" content=\"2024-05-16T15:15:47+00:00\" \/>\n<meta property=\"og:image\" content=\"https:\/\/neststylevalencia.com\/wp-content\/uploads\/2023\/07\/nest-style-valencia-eco-friendly.jpg\" \/>\n\t<meta property=\"og:image:width\" content=\"1920\" \/>\n\t<meta property=\"og:image:height\" content=\"1080\" \/>\n\t<meta property=\"og:image:type\" content=\"image\/jpeg\" \/>\n<meta name=\"twitter:card\" content=\"summary_large_image\" \/>\n<meta name=\"twitter:site\" content=\"@neststylevlc\" \/>\n<meta name=\"twitter:label1\" content=\"Dur\u00e9e de lecture estim\u00e9e\" \/>\n\t<meta name=\"twitter:data1\" content=\"2 minutes\" \/>\n<script type=\"application\/ld+json\" class=\"yoast-schema-graph\">{\"@context\":\"https:\\\/\\\/schema.org\",\"@graph\":[{\"@type\":\"WebPage\",\"@id\":\"https:\\\/\\\/neststylevalencia.com\\\/fr\\\/declaration-ecologique\\\/\",\"url\":\"https:\\\/\\\/neststylevalencia.com\\\/fr\\\/declaration-ecologique\\\/\",\"name\":\"D\u00e9claration \u00e9cologique \u267b\ufe0f par Nest Style Valencia Hotel\",\"isPartOf\":{\"@id\":\"https:\\\/\\\/neststylevalencia.com\\\/fr\\\/#website\"},\"primaryImageOfPage\":{\"@id\":\"https:\\\/\\\/neststylevalencia.com\\\/fr\\\/declaration-ecologique\\\/#primaryimage\"},\"image\":{\"@id\":\"https:\\\/\\\/neststylevalencia.com\\\/fr\\\/declaration-ecologique\\\/#primaryimage\"},\"thumbnailUrl\":\"https:\\\/\\\/neststylevalencia.com\\\/wp-content\\\/uploads\\\/2023\\\/07\\\/nest-style-valencia-eco-friendly.jpg\",\"datePublished\":\"2020-01-21T11:45:12+00:00\",\"dateModified\":\"2024-05-16T15:15:47+00:00\",\"description\":\"D\u00e9claration \u00e9co-responsable \u267b\ufe0f par l'h\u00f4tel Nest Style Valencia. Dans cet \u00e9tablissementNous g\u00e9rons le recyclage des piles, des ampoules, des bouchons en plastique\",\"inLanguage\":\"fr-FR\",\"potentialAction\":[{\"@type\":\"ReadAction\",\"target\":[\"https:\\\/\\\/neststylevalencia.com\\\/fr\\\/declaration-ecologique\\\/\"]}]},{\"@type\":\"ImageObject\",\"inLanguage\":\"fr-FR\",\"@id\":\"https:\\\/\\\/neststylevalencia.com\\\/fr\\\/declaration-ecologique\\\/#primaryimage\",\"url\":\"https:\\\/\\\/neststylevalencia.com\\\/wp-content\\\/uploads\\\/2023\\\/07\\\/nest-style-valencia-eco-friendly.jpg\",\"contentUrl\":\"https:\\\/\\\/neststylevalencia.com\\\/wp-content\\\/uploads\\\/2023\\\/07\\\/nest-style-valencia-eco-friendly.jpg\",\"width\":1920,\"height\":1080,\"caption\":\"We are eco-friendly\"},{\"@type\":\"WebSite\",\"@id\":\"https:\\\/\\\/neststylevalencia.com\\\/fr\\\/#website\",\"url\":\"https:\\\/\\\/neststylevalencia.com\\\/fr\\\/\",\"name\":\"Nest Style Valencia\",\"description\":\"El\u00e9gance et simplicit\u00e9\",\"publisher\":{\"@id\":\"https:\\\/\\\/neststylevalencia.com\\\/fr\\\/#organization\"},\"alternateName\":\"Nest Style Valencia Hotel\",\"potentialAction\":[{\"@type\":\"SearchAction\",\"target\":{\"@type\":\"EntryPoint\",\"urlTemplate\":\"https:\\\/\\\/neststylevalencia.com\\\/fr\\\/?s={search_term_string}\"},\"query-input\":{\"@type\":\"PropertyValueSpecification\",\"valueRequired\":true,\"valueName\":\"search_term_string\"}}],\"inLanguage\":\"fr-FR\"},{\"@type\":\"Organization\",\"@id\":\"https:\\\/\\\/neststylevalencia.com\\\/fr\\\/#organization\",\"name\":\"Nest Style Valencia\",\"alternateName\":\"Nest Style Valencia Hotel\",\"url\":\"https:\\\/\\\/neststylevalencia.com\\\/fr\\\/\",\"logo\":{\"@type\":\"ImageObject\",\"inLanguage\":\"fr-FR\",\"@id\":\"https:\\\/\\\/neststylevalencia.com\\\/fr\\\/#\\\/schema\\\/logo\\\/image\\\/\",\"url\":\"https:\\\/\\\/neststylevalencia.com\\\/wp-content\\\/uploads\\\/2019\\\/07\\\/logo-web-nest-style-valencia-2019.jpg\",\"contentUrl\":\"https:\\\/\\\/neststylevalencia.com\\\/wp-content\\\/uploads\\\/2019\\\/07\\\/logo-web-nest-style-valencia-2019.jpg\",\"width\":1200,\"height\":1200,\"caption\":\"Nest Style Valencia\"},\"image\":{\"@id\":\"https:\\\/\\\/neststylevalencia.com\\\/fr\\\/#\\\/schema\\\/logo\\\/image\\\/\"},\"sameAs\":[\"https:\\\/\\\/www.facebook.com\\\/NestStyleValenciaHotel\\\/\",\"https:\\\/\\\/x.com\\\/neststylevlc\",\"https:\\\/\\\/www.instagram.com\\\/neststylevalencia\\\/\",\"https:\\\/\\\/www.linkedin.com\\\/company\\\/nest-style-valencia-hotel\\\/\",\"https:\\\/\\\/www.youtube.com\\\/@neststylevalenciahotel\",\"https:\\\/\\\/www.tripadvisor.com\\\/Hotel_Review-g187529-d18379474-Reviews-Nest_Style_Hotel_Valencia-Valencia_Province_of_Valencia_Valencian_Country.html\",\"https:\\\/\\\/snapchat.com\\\/add\\\/neststylevlc\",\"https:\\\/\\\/vk.com\\\/neststylevalenciahotel\",\"https:\\\/\\\/g.page\\\/NestStyleHotelValencia\\\/\",\"https:\\\/\\\/www.tiktok.com\\\/@neststylevalenciahotel\"]}]}<\/script>\n<!-- \/ Yoast SEO plugin. -->","yoast_head_json":{"title":"D\u00e9claration \u00e9cologique \u267b\ufe0f par Nest Style Valencia Hotel","description":"D\u00e9claration \u00e9co-responsable \u267b\ufe0f par l'h\u00f4tel Nest Style Valencia. Dans cet \u00e9tablissementNous g\u00e9rons le recyclage des piles, des ampoules, des bouchons en plastique","robots":{"index":"index","follow":"follow","max-snippet":"max-snippet:-1","max-image-preview":"max-image-preview:large","max-video-preview":"max-video-preview:-1"},"canonical":"https:\/\/neststylevalencia.com\/fr\/declaration-ecologique\/","og_locale":"fr_FR","og_type":"article","og_title":"D\u00e9claration \u00e9cologique \u267b\ufe0f par Nest Style Valencia Hotel","og_description":"D\u00e9claration \u00e9co-responsable \u267b\ufe0f par l'h\u00f4tel Nest Style Valencia. Dans cet \u00e9tablissementNous g\u00e9rons le recyclage des piles, des ampoules, des bouchons en plastique","og_url":"https:\/\/neststylevalencia.com\/fr\/declaration-ecologique\/","og_site_name":"Nest Style Valencia","article_publisher":"https:\/\/www.facebook.com\/NestStyleValenciaHotel\/","article_modified_time":"2024-05-16T15:15:47+00:00","og_image":[{"width":1920,"height":1080,"url":"https:\/\/neststylevalencia.com\/wp-content\/uploads\/2023\/07\/nest-style-valencia-eco-friendly.jpg","type":"image\/jpeg"}],"twitter_card":"summary_large_image","twitter_site":"@neststylevlc","twitter_misc":{"Dur\u00e9e de lecture estim\u00e9e":"2 minutes"},"schema":{"@context":"https:\/\/schema.org","@graph":[{"@type":"WebPage","@id":"https:\/\/neststylevalencia.com\/fr\/declaration-ecologique\/","url":"https:\/\/neststylevalencia.com\/fr\/declaration-ecologique\/","name":"D\u00e9claration \u00e9cologique \u267b\ufe0f par Nest Style Valencia Hotel","isPartOf":{"@id":"https:\/\/neststylevalencia.com\/fr\/#website"},"primaryImageOfPage":{"@id":"https:\/\/neststylevalencia.com\/fr\/declaration-ecologique\/#primaryimage"},"image":{"@id":"https:\/\/neststylevalencia.com\/fr\/declaration-ecologique\/#primaryimage"},"thumbnailUrl":"https:\/\/neststylevalencia.com\/wp-content\/uploads\/2023\/07\/nest-style-valencia-eco-friendly.jpg","datePublished":"2020-01-21T11:45:12+00:00","dateModified":"2024-05-16T15:15:47+00:00","description":"D\u00e9claration \u00e9co-responsable \u267b\ufe0f par l'h\u00f4tel Nest Style Valencia. Dans cet \u00e9tablissementNous g\u00e9rons le recyclage des piles, des ampoules, des bouchons en plastique","inLanguage":"fr-FR","potentialAction":[{"@type":"ReadAction","target":["https:\/\/neststylevalencia.com\/fr\/declaration-ecologique\/"]}]},{"@type":"ImageObject","inLanguage":"fr-FR","@id":"https:\/\/neststylevalencia.com\/fr\/declaration-ecologique\/#primaryimage","url":"https:\/\/neststylevalencia.com\/wp-content\/uploads\/2023\/07\/nest-style-valencia-eco-friendly.jpg","contentUrl":"https:\/\/neststylevalencia.com\/wp-content\/uploads\/2023\/07\/nest-style-valencia-eco-friendly.jpg","width":1920,"height":1080,"caption":"We are eco-friendly"},{"@type":"WebSite","@id":"https:\/\/neststylevalencia.com\/fr\/#website","url":"https:\/\/neststylevalencia.com\/fr\/","name":"Nest Style Valencia","description":"El\u00e9gance et simplicit\u00e9","publisher":{"@id":"https:\/\/neststylevalencia.com\/fr\/#organization"},"alternateName":"Nest Style Valencia Hotel","potentialAction":[{"@type":"SearchAction","target":{"@type":"EntryPoint","urlTemplate":"https:\/\/neststylevalencia.com\/fr\/?s={search_term_string}"},"query-input":{"@type":"PropertyValueSpecification","valueRequired":true,"valueName":"search_term_string"}}],"inLanguage":"fr-FR"},{"@type":"Organization","@id":"https:\/\/neststylevalencia.com\/fr\/#organization","name":"Nest Style Valencia","alternateName":"Nest Style Valencia Hotel","url":"https:\/\/neststylevalencia.com\/fr\/","logo":{"@type":"ImageObject","inLanguage":"fr-FR","@id":"https:\/\/neststylevalencia.com\/fr\/#\/schema\/logo\/image\/","url":"https:\/\/neststylevalencia.com\/wp-content\/uploads\/2019\/07\/logo-web-nest-style-valencia-2019.jpg","contentUrl":"https:\/\/neststylevalencia.com\/wp-content\/uploads\/2019\/07\/logo-web-nest-style-valencia-2019.jpg","width":1200,"height":1200,"caption":"Nest Style Valencia"},"image":{"@id":"https:\/\/neststylevalencia.com\/fr\/#\/schema\/logo\/image\/"},"sameAs":["https:\/\/www.facebook.com\/NestStyleValenciaHotel\/","https:\/\/x.com\/neststylevlc","https:\/\/www.instagram.com\/neststylevalencia\/","https:\/\/www.linkedin.com\/company\/nest-style-valencia-hotel\/","https:\/\/www.youtube.com\/@neststylevalenciahotel","https:\/\/www.tripadvisor.com\/Hotel_Review-g187529-d18379474-Reviews-Nest_Style_Hotel_Valencia-Valencia_Province_of_Valencia_Valencian_Country.html","https:\/\/snapchat.com\/add\/neststylevlc","https:\/\/vk.com\/neststylevalenciahotel","https:\/\/g.page\/NestStyleHotelValencia\/","https:\/\/www.tiktok.com\/@neststylevalenciahotel"]}]}},"_links":{"self":[{"href":"https:\/\/neststylevalencia.com\/fr\/wp-json\/wp\/v2\/pages\/3490","targetHints":{"allow":["GET"]}}],"collection":[{"href":"https:\/\/neststylevalencia.com\/fr\/wp-json\/wp\/v2\/pages"}],"about":[{"href":"https:\/\/neststylevalencia.com\/fr\/wp-json\/wp\/v2\/types\/page"}],"author":[{"embeddable":true,"href":"https:\/\/neststylevalencia.com\/fr\/wp-json\/wp\/v2\/users\/7"}],"replies":[{"embeddable":true,"href":"https:\/\/neststylevalencia.com\/fr\/wp-json\/wp\/v2\/comments?post=3490"}],"version-history":[{"count":0,"href":"https:\/\/neststylevalencia.com\/fr\/wp-json\/wp\/v2\/pages\/3490\/revisions"}],"wp:featuredmedia":[{"embeddable":true,"href":"https:\/\/neststylevalencia.com\/fr\/wp-json\/wp\/v2\/media\/8862"}],"wp:attachment":[{"href":"https:\/\/neststylevalencia.com\/fr\/wp-json\/wp\/v2\/media?parent=3490"}],"curies":[{"name":"wp","href":"https:\/\/api.w.org\/{rel}","templated":true}]}}