{"id":3529,"date":"2020-01-27T13:39:48","date_gmt":"2020-01-27T13:39:48","guid":{"rendered":"https:\/\/neststylevalencia.com\/work-with-us\/"},"modified":"2024-05-24T09:56:45","modified_gmt":"2024-05-24T09:56:45","slug":"travailler-avec-nous","status":"publish","type":"page","link":"https:\/\/neststylevalencia.com\/fr\/travailler-avec-nous\/","title":{"rendered":"Travailler avec nous"},"content":{"rendered":"\n<h2 class=\"wp-block-heading\">Rejoins notre \u00e9quipe &#8211; Opportunit\u00e9s de carri\u00e8re dans notre h\u00f4tel et travaille avec nous.<\/h2>\n\n<p>Tu es \u00e0 la recherche d&rsquo;une carri\u00e8re passionnante dans l&rsquo;industrie h\u00f4teli\u00e8re ? Rejoins notre \u00e9quipe et participe \u00e0 une exp\u00e9rience h\u00f4teli\u00e8re exceptionnelle.<\/p>\n\n<h3 class=\"wp-block-heading\">Travaille avec nous : Fais partie de notre <a href=\"https:\/\/neststylevalencia.com\/fr\/valencia-hotel\/\">h\u00f4tel<\/a><\/h3>\n\n<p>Si tu es passionn\u00e9 par le service \u00e0 la client\u00e8le, que tu as un go\u00fbt impeccable et que tu veux faire partie d&rsquo;une \u00e9quipe qui se consacre \u00e0 offrir des exp\u00e9riences exceptionnelles aux invit\u00e9s, nous aimerions te rencontrer !<\/p>\n\n<h3 class=\"wp-block-heading\">Pourquoi travailler avec nous ?<\/h3>\n\n<p>Nous offrons un environnement de travail dynamique et enrichissant o\u00f9 tu peux t&rsquo;\u00e9panouir professionnellement. Nous valorisons l&rsquo;innovation, le d\u00e9vouement et l&rsquo;engagement envers l&rsquo;excellence. En rejoignant notre \u00e9quipe, tu feras partie d&rsquo;une famille solidaire qui c\u00e9l\u00e8bre ses r\u00e9ussites.<\/p>\n\n<h3 class=\"wp-block-heading\">Positions disponibles<\/h3>\n\n<p>Nous avons une vari\u00e9t\u00e9 de postes disponibles, de la r\u00e9ception et du service \u00e0 la client\u00e8le \u00e0 la cuisine et \u00e0 l&rsquo;entretien m\u00e9nager. Quel que soit ton r\u00f4le, tu joueras un r\u00f4le essentiel dans la cr\u00e9ation d&rsquo;exp\u00e9riences m\u00e9morables pour nos h\u00f4tes.<\/p>\n\n<h3 class=\"wp-block-heading\">Comment postuler ?<\/h3>\n\n<p>Pour postuler \u00e0 nos offres d&#8217;emploi, il te suffit de visiter la section \u00ab\u00a0Opportunit\u00e9s de carri\u00e8re\u00a0\u00bb sur notre site Internet et de remplir le formulaire avec tes informations.<\/p>\n\n<p>Une fois que nous aurons re\u00e7u ta candidature, notre \u00e9quipe des ressources humaines prendra contact avec toi.<\/p>\n\n<h3 class=\"wp-block-heading\">Avantages de travailler avec nous<\/h3>\n\n<p>Nous offrons une gamme d&rsquo;avantages \u00e0 nos employ\u00e9s, y compris des r\u00e9ductions sur le logement, des possibilit\u00e9s de formation continue, un environnement de travail positif, et bien d&rsquo;autres avantages.<\/p>\n\n<h3 class=\"wp-block-heading\">Conclusion<\/h3>\n\n<p>Si tu es pr\u00eat \u00e0 passer \u00e0 la prochaine \u00e9tape de ta carri\u00e8re et que tu souhaites faire partie d&rsquo;une \u00e9quipe qui valorise l&rsquo;excellence, nous t&rsquo;invitons \u00e0 poser ta candidature. Nous avons h\u00e2te de te rencontrer !<\/p>\n\n<figure class=\"wp-block-image size-full\"><img fetchpriority=\"high\" decoding=\"async\" width=\"1024\" height=\"680\" src=\"https:\/\/neststylevalencia.com\/wp-content\/uploads\/2023\/06\/work-with-us-nest-style-valencia.jpg\" alt=\"Travaille avec nous dans Nest Style Valencia\" class=\"wp-image-8082\" srcset=\"https:\/\/neststylevalencia.com\/wp-content\/uploads\/2023\/06\/work-with-us-nest-style-valencia.jpg 1024w, https:\/\/neststylevalencia.com\/wp-content\/uploads\/2023\/06\/work-with-us-nest-style-valencia-300x199.jpg 300w, https:\/\/neststylevalencia.com\/wp-content\/uploads\/2023\/06\/work-with-us-nest-style-valencia-768x510.jpg 768w\" sizes=\"(max-width: 1024px) 100vw, 1024px\" \/><figcaption class=\"wp-element-caption\">Travaille avec nous dans Nest Style Valencia<\/figcaption><\/figure>\n","protected":false},"excerpt":{"rendered":"<p>Rejoins notre \u00e9quipe &#8211; Possibilit\u00e9s de carri\u00e8re dans notre h\u00f4tel et travaille avec nous. Tu es \u00e0 la recherche d&rsquo;une carri\u00e8re passionnante dans le secteur de l&rsquo;h\u00f4tellerie ? Rejoins notre \u00e9quipe et participe \u00e0 une exp\u00e9rience h\u00f4teli\u00e8re exceptionnelle.<\/p>\n","protected":false},"author":7,"featured_media":8084,"parent":0,"menu_order":0,"comment_status":"closed","ping_status":"closed","template":"","meta":{"footnotes":""},"class_list":["post-3529","page","type-page","status-publish","has-post-thumbnail","hentry"],"yoast_head":"<!-- This site is optimized with the Yoast SEO plugin v27.4 - https:\/\/yoast.com\/product\/yoast-seo-wordpress\/ -->\n<title>Travaille avec nous | Rejoins notre \u00e9quipe<\/title>\n<meta name=\"description\" content=\"Travaille avec nous \ud83d\ude80 Tu es \u00e0 la recherche d&#039;une carri\u00e8re passionnante dans le secteur de l&#039;h\u00f4tellerie ? Rejoins notre \u00e9quipe et participe \u00e0 une exp\u00e9rience h\u00f4teli\u00e8re exceptionnelle.\" \/>\n<meta name=\"robots\" content=\"index, follow, max-snippet:-1, max-image-preview:large, max-video-preview:-1\" \/>\n<link rel=\"canonical\" href=\"https:\/\/neststylevalencia.com\/fr\/travailler-avec-nous\/\" \/>\n<meta property=\"og:locale\" content=\"fr_FR\" \/>\n<meta property=\"og:type\" content=\"article\" \/>\n<meta property=\"og:title\" content=\"Travaille avec nous | Rejoins notre \u00e9quipe\" \/>\n<meta property=\"og:description\" content=\"Travaille avec nous \ud83d\ude80 Tu es \u00e0 la recherche d&#039;une carri\u00e8re passionnante dans le secteur de l&#039;h\u00f4tellerie ? Rejoins notre \u00e9quipe et participe \u00e0 une exp\u00e9rience h\u00f4teli\u00e8re exceptionnelle.\" \/>\n<meta property=\"og:url\" content=\"https:\/\/neststylevalencia.com\/fr\/travailler-avec-nous\/\" \/>\n<meta property=\"og:site_name\" content=\"Nest Style Valencia\" \/>\n<meta property=\"article:publisher\" content=\"https:\/\/www.facebook.com\/NestStyleValenciaHotel\/\" \/>\n<meta property=\"article:modified_time\" content=\"2024-05-24T09:56:45+00:00\" \/>\n<meta property=\"og:image\" content=\"https:\/\/neststylevalencia.com\/wp-content\/uploads\/2023\/06\/work-with-us-nest-style-valencia.jpg\" \/>\n\t<meta property=\"og:image:width\" content=\"1024\" \/>\n\t<meta property=\"og:image:height\" content=\"680\" \/>\n\t<meta property=\"og:image:type\" content=\"image\/jpeg\" \/>\n<meta name=\"twitter:card\" content=\"summary_large_image\" \/>\n<meta name=\"twitter:site\" content=\"@neststylevlc\" \/>\n<meta name=\"twitter:label1\" content=\"Dur\u00e9e de lecture estim\u00e9e\" \/>\n\t<meta name=\"twitter:data1\" content=\"2 minutes\" \/>\n<script type=\"application\/ld+json\" class=\"yoast-schema-graph\">{\"@context\":\"https:\\\/\\\/schema.org\",\"@graph\":[{\"@type\":\"WebPage\",\"@id\":\"https:\\\/\\\/neststylevalencia.com\\\/fr\\\/travailler-avec-nous\\\/\",\"url\":\"https:\\\/\\\/neststylevalencia.com\\\/fr\\\/travailler-avec-nous\\\/\",\"name\":\"Travaille avec nous | Rejoins notre \u00e9quipe\",\"isPartOf\":{\"@id\":\"https:\\\/\\\/neststylevalencia.com\\\/fr\\\/#website\"},\"primaryImageOfPage\":{\"@id\":\"https:\\\/\\\/neststylevalencia.com\\\/fr\\\/travailler-avec-nous\\\/#primaryimage\"},\"image\":{\"@id\":\"https:\\\/\\\/neststylevalencia.com\\\/fr\\\/travailler-avec-nous\\\/#primaryimage\"},\"thumbnailUrl\":\"https:\\\/\\\/neststylevalencia.com\\\/wp-content\\\/uploads\\\/2023\\\/06\\\/work-with-us-nest-style-valencia.jpg\",\"datePublished\":\"2020-01-27T13:39:48+00:00\",\"dateModified\":\"2024-05-24T09:56:45+00:00\",\"description\":\"Travaille avec nous \ud83d\ude80 Tu es \u00e0 la recherche d'une carri\u00e8re passionnante dans le secteur de l'h\u00f4tellerie ? Rejoins notre \u00e9quipe et participe \u00e0 une exp\u00e9rience h\u00f4teli\u00e8re exceptionnelle.\",\"inLanguage\":\"fr-FR\",\"potentialAction\":[{\"@type\":\"ReadAction\",\"target\":[\"https:\\\/\\\/neststylevalencia.com\\\/fr\\\/travailler-avec-nous\\\/\"]}]},{\"@type\":\"ImageObject\",\"inLanguage\":\"fr-FR\",\"@id\":\"https:\\\/\\\/neststylevalencia.com\\\/fr\\\/travailler-avec-nous\\\/#primaryimage\",\"url\":\"https:\\\/\\\/neststylevalencia.com\\\/wp-content\\\/uploads\\\/2023\\\/06\\\/work-with-us-nest-style-valencia.jpg\",\"contentUrl\":\"https:\\\/\\\/neststylevalencia.com\\\/wp-content\\\/uploads\\\/2023\\\/06\\\/work-with-us-nest-style-valencia.jpg\",\"width\":1024,\"height\":680,\"caption\":\"Work with us in Nest Style Valencia\"},{\"@type\":\"WebSite\",\"@id\":\"https:\\\/\\\/neststylevalencia.com\\\/fr\\\/#website\",\"url\":\"https:\\\/\\\/neststylevalencia.com\\\/fr\\\/\",\"name\":\"Nest Style Valencia\",\"description\":\"El\u00e9gance et simplicit\u00e9\",\"publisher\":{\"@id\":\"https:\\\/\\\/neststylevalencia.com\\\/fr\\\/#organization\"},\"alternateName\":\"Nest Style Valencia Hotel\",\"potentialAction\":[{\"@type\":\"SearchAction\",\"target\":{\"@type\":\"EntryPoint\",\"urlTemplate\":\"https:\\\/\\\/neststylevalencia.com\\\/fr\\\/?s={search_term_string}\"},\"query-input\":{\"@type\":\"PropertyValueSpecification\",\"valueRequired\":true,\"valueName\":\"search_term_string\"}}],\"inLanguage\":\"fr-FR\"},{\"@type\":\"Organization\",\"@id\":\"https:\\\/\\\/neststylevalencia.com\\\/fr\\\/#organization\",\"name\":\"Nest Style Valencia\",\"alternateName\":\"Nest Style Valencia Hotel\",\"url\":\"https:\\\/\\\/neststylevalencia.com\\\/fr\\\/\",\"logo\":{\"@type\":\"ImageObject\",\"inLanguage\":\"fr-FR\",\"@id\":\"https:\\\/\\\/neststylevalencia.com\\\/fr\\\/#\\\/schema\\\/logo\\\/image\\\/\",\"url\":\"https:\\\/\\\/neststylevalencia.com\\\/wp-content\\\/uploads\\\/2019\\\/07\\\/logo-web-nest-style-valencia-2019.jpg\",\"contentUrl\":\"https:\\\/\\\/neststylevalencia.com\\\/wp-content\\\/uploads\\\/2019\\\/07\\\/logo-web-nest-style-valencia-2019.jpg\",\"width\":1200,\"height\":1200,\"caption\":\"Nest Style Valencia\"},\"image\":{\"@id\":\"https:\\\/\\\/neststylevalencia.com\\\/fr\\\/#\\\/schema\\\/logo\\\/image\\\/\"},\"sameAs\":[\"https:\\\/\\\/www.facebook.com\\\/NestStyleValenciaHotel\\\/\",\"https:\\\/\\\/x.com\\\/neststylevlc\",\"https:\\\/\\\/www.instagram.com\\\/neststylevalencia\\\/\",\"https:\\\/\\\/www.linkedin.com\\\/company\\\/nest-style-valencia-hotel\\\/\",\"https:\\\/\\\/www.youtube.com\\\/@neststylevalenciahotel\",\"https:\\\/\\\/www.tripadvisor.com\\\/Hotel_Review-g187529-d18379474-Reviews-Nest_Style_Hotel_Valencia-Valencia_Province_of_Valencia_Valencian_Country.html\",\"https:\\\/\\\/snapchat.com\\\/add\\\/neststylevlc\",\"https:\\\/\\\/vk.com\\\/neststylevalenciahotel\",\"https:\\\/\\\/g.page\\\/NestStyleHotelValencia\\\/\",\"https:\\\/\\\/www.tiktok.com\\\/@neststylevalenciahotel\"]}]}<\/script>\n<!-- \/ Yoast SEO plugin. -->","yoast_head_json":{"title":"Travaille avec nous | Rejoins notre \u00e9quipe","description":"Travaille avec nous \ud83d\ude80 Tu es \u00e0 la recherche d'une carri\u00e8re passionnante dans le secteur de l'h\u00f4tellerie ? Rejoins notre \u00e9quipe et participe \u00e0 une exp\u00e9rience h\u00f4teli\u00e8re exceptionnelle.","robots":{"index":"index","follow":"follow","max-snippet":"max-snippet:-1","max-image-preview":"max-image-preview:large","max-video-preview":"max-video-preview:-1"},"canonical":"https:\/\/neststylevalencia.com\/fr\/travailler-avec-nous\/","og_locale":"fr_FR","og_type":"article","og_title":"Travaille avec nous | Rejoins notre \u00e9quipe","og_description":"Travaille avec nous \ud83d\ude80 Tu es \u00e0 la recherche d'une carri\u00e8re passionnante dans le secteur de l'h\u00f4tellerie ? Rejoins notre \u00e9quipe et participe \u00e0 une exp\u00e9rience h\u00f4teli\u00e8re exceptionnelle.","og_url":"https:\/\/neststylevalencia.com\/fr\/travailler-avec-nous\/","og_site_name":"Nest Style Valencia","article_publisher":"https:\/\/www.facebook.com\/NestStyleValenciaHotel\/","article_modified_time":"2024-05-24T09:56:45+00:00","og_image":[{"width":1024,"height":680,"url":"https:\/\/neststylevalencia.com\/wp-content\/uploads\/2023\/06\/work-with-us-nest-style-valencia.jpg","type":"image\/jpeg"}],"twitter_card":"summary_large_image","twitter_site":"@neststylevlc","twitter_misc":{"Dur\u00e9e de lecture estim\u00e9e":"2 minutes"},"schema":{"@context":"https:\/\/schema.org","@graph":[{"@type":"WebPage","@id":"https:\/\/neststylevalencia.com\/fr\/travailler-avec-nous\/","url":"https:\/\/neststylevalencia.com\/fr\/travailler-avec-nous\/","name":"Travaille avec nous | Rejoins notre \u00e9quipe","isPartOf":{"@id":"https:\/\/neststylevalencia.com\/fr\/#website"},"primaryImageOfPage":{"@id":"https:\/\/neststylevalencia.com\/fr\/travailler-avec-nous\/#primaryimage"},"image":{"@id":"https:\/\/neststylevalencia.com\/fr\/travailler-avec-nous\/#primaryimage"},"thumbnailUrl":"https:\/\/neststylevalencia.com\/wp-content\/uploads\/2023\/06\/work-with-us-nest-style-valencia.jpg","datePublished":"2020-01-27T13:39:48+00:00","dateModified":"2024-05-24T09:56:45+00:00","description":"Travaille avec nous \ud83d\ude80 Tu es \u00e0 la recherche d'une carri\u00e8re passionnante dans le secteur de l'h\u00f4tellerie ? Rejoins notre \u00e9quipe et participe \u00e0 une exp\u00e9rience h\u00f4teli\u00e8re exceptionnelle.","inLanguage":"fr-FR","potentialAction":[{"@type":"ReadAction","target":["https:\/\/neststylevalencia.com\/fr\/travailler-avec-nous\/"]}]},{"@type":"ImageObject","inLanguage":"fr-FR","@id":"https:\/\/neststylevalencia.com\/fr\/travailler-avec-nous\/#primaryimage","url":"https:\/\/neststylevalencia.com\/wp-content\/uploads\/2023\/06\/work-with-us-nest-style-valencia.jpg","contentUrl":"https:\/\/neststylevalencia.com\/wp-content\/uploads\/2023\/06\/work-with-us-nest-style-valencia.jpg","width":1024,"height":680,"caption":"Work with us in Nest Style Valencia"},{"@type":"WebSite","@id":"https:\/\/neststylevalencia.com\/fr\/#website","url":"https:\/\/neststylevalencia.com\/fr\/","name":"Nest Style Valencia","description":"El\u00e9gance et simplicit\u00e9","publisher":{"@id":"https:\/\/neststylevalencia.com\/fr\/#organization"},"alternateName":"Nest Style Valencia Hotel","potentialAction":[{"@type":"SearchAction","target":{"@type":"EntryPoint","urlTemplate":"https:\/\/neststylevalencia.com\/fr\/?s={search_term_string}"},"query-input":{"@type":"PropertyValueSpecification","valueRequired":true,"valueName":"search_term_string"}}],"inLanguage":"fr-FR"},{"@type":"Organization","@id":"https:\/\/neststylevalencia.com\/fr\/#organization","name":"Nest Style Valencia","alternateName":"Nest Style Valencia Hotel","url":"https:\/\/neststylevalencia.com\/fr\/","logo":{"@type":"ImageObject","inLanguage":"fr-FR","@id":"https:\/\/neststylevalencia.com\/fr\/#\/schema\/logo\/image\/","url":"https:\/\/neststylevalencia.com\/wp-content\/uploads\/2019\/07\/logo-web-nest-style-valencia-2019.jpg","contentUrl":"https:\/\/neststylevalencia.com\/wp-content\/uploads\/2019\/07\/logo-web-nest-style-valencia-2019.jpg","width":1200,"height":1200,"caption":"Nest Style Valencia"},"image":{"@id":"https:\/\/neststylevalencia.com\/fr\/#\/schema\/logo\/image\/"},"sameAs":["https:\/\/www.facebook.com\/NestStyleValenciaHotel\/","https:\/\/x.com\/neststylevlc","https:\/\/www.instagram.com\/neststylevalencia\/","https:\/\/www.linkedin.com\/company\/nest-style-valencia-hotel\/","https:\/\/www.youtube.com\/@neststylevalenciahotel","https:\/\/www.tripadvisor.com\/Hotel_Review-g187529-d18379474-Reviews-Nest_Style_Hotel_Valencia-Valencia_Province_of_Valencia_Valencian_Country.html","https:\/\/snapchat.com\/add\/neststylevlc","https:\/\/vk.com\/neststylevalenciahotel","https:\/\/g.page\/NestStyleHotelValencia\/","https:\/\/www.tiktok.com\/@neststylevalenciahotel"]}]}},"_links":{"self":[{"href":"https:\/\/neststylevalencia.com\/fr\/wp-json\/wp\/v2\/pages\/3529","targetHints":{"allow":["GET"]}}],"collection":[{"href":"https:\/\/neststylevalencia.com\/fr\/wp-json\/wp\/v2\/pages"}],"about":[{"href":"https:\/\/neststylevalencia.com\/fr\/wp-json\/wp\/v2\/types\/page"}],"author":[{"embeddable":true,"href":"https:\/\/neststylevalencia.com\/fr\/wp-json\/wp\/v2\/users\/7"}],"replies":[{"embeddable":true,"href":"https:\/\/neststylevalencia.com\/fr\/wp-json\/wp\/v2\/comments?post=3529"}],"version-history":[{"count":0,"href":"https:\/\/neststylevalencia.com\/fr\/wp-json\/wp\/v2\/pages\/3529\/revisions"}],"wp:featuredmedia":[{"embeddable":true,"href":"https:\/\/neststylevalencia.com\/fr\/wp-json\/wp\/v2\/media\/8084"}],"wp:attachment":[{"href":"https:\/\/neststylevalencia.com\/fr\/wp-json\/wp\/v2\/media?parent=3529"}],"curies":[{"name":"wp","href":"https:\/\/api.w.org\/{rel}","templated":true}]}}