{"id":504,"date":"2019-06-10T10:55:28","date_gmt":"2019-06-10T10:55:28","guid":{"rendered":"https:\/\/neststylevalencia.com\/booking-nest-style-hotel-valencia\/"},"modified":"2024-04-02T13:23:59","modified_gmt":"2024-04-02T13:23:59","slug":"reservez-nest-style-hotel-valencia","status":"publish","type":"page","link":"https:\/\/neststylevalencia.com\/fr\/reservez-nest-style-hotel-valencia\/","title":{"rendered":"R\u00e9servation"},"content":{"rendered":"\n<h1 class=\"wp-block-heading has-text-align-center\">R\u00e9servation Nest Style Valencia<\/h1>\n\n<iframe src=\"https:\/\/feetup-nest-style-dot-feetup-hotels.appspot.com\/\/booking1\/?adultsRoom1=1&#038;language=english\" width=\"100%\" height=\"100%\" style=\"border:0;\"><\/iframe>\r\n","protected":false},"excerpt":{"rendered":"<p>R\u00e9servation Nest Style Hotel Valencia \u2714\ufe0f r\u00e9server une chambre au meilleur prix \u00e0 Valence, sans frais suppl\u00e9mentaires et sans frais cach\u00e9s. R\u00e9servation rapide et s\u00e9curis\u00e9e \u2714\ufe0f s\u00e9curit\u00e9 \ud83d\udd12 \u2b50 \u00e9conomique avec Welcome Pack (bouteille d&rsquo;eau et commodit\u00e9s sp\u00e9ciales) Vues ext\u00e9rieures, mini bar, caf\u00e9 gratuit et th\u00e9. Certaines de nos chambres disposent d&rsquo;un canap\u00e9-lit. R\u00e9servez votre chambre au Nest Style Hotel Valencia et si vous avez besoin d&rsquo;annuler, c&rsquo;est presque toujours gratuit. En cas de Aucun spectacle sera factur\u00e9 les 2 premi\u00e8res nuits du s\u00e9jour<\/p>\n","protected":false},"author":7,"featured_media":2509,"parent":0,"menu_order":0,"comment_status":"closed","ping_status":"open","template":"","meta":{"footnotes":""},"class_list":["post-504","page","type-page","status-publish","has-post-thumbnail","hentry"],"yoast_head":"<!-- This site is optimized with the Yoast SEO plugin v27.4 - https:\/\/yoast.com\/product\/yoast-seo-wordpress\/ -->\n<title>R\u00e9servation Nest Style Valencia. R\u00e9servez une chambre au meilleur prix<\/title>\n<meta name=\"description\" content=\"R\u00e9servation Nest Style Hotel Valencia \u2714\ufe0f r\u00e9servez une chambre au meilleur prix \u00e0 Valence, sans frais suppl\u00e9mentaires et sans co\u00fbts cach\u00e9s.\" \/>\n<meta name=\"robots\" content=\"index, follow, max-snippet:-1, max-image-preview:large, max-video-preview:-1\" \/>\n<link rel=\"canonical\" href=\"https:\/\/neststylevalencia.com\/fr\/reservez-nest-style-hotel-valencia\/\" \/>\n<meta property=\"og:locale\" content=\"fr_FR\" \/>\n<meta property=\"og:type\" content=\"article\" \/>\n<meta property=\"og:title\" content=\"R\u00e9servation Nest Style Valencia. R\u00e9servez une chambre au meilleur prix\" \/>\n<meta property=\"og:description\" content=\"R\u00e9servation Nest Style Hotel Valencia \u2714\ufe0f r\u00e9servez une chambre au meilleur prix \u00e0 Valence, sans frais suppl\u00e9mentaires et sans co\u00fbts cach\u00e9s.\" \/>\n<meta property=\"og:url\" content=\"https:\/\/neststylevalencia.com\/fr\/reservez-nest-style-hotel-valencia\/\" \/>\n<meta property=\"og:site_name\" content=\"Nest Style Valencia\" \/>\n<meta property=\"article:publisher\" content=\"https:\/\/www.facebook.com\/NestStyleValenciaHotel\/\" \/>\n<meta property=\"article:modified_time\" content=\"2024-04-02T13:23:59+00:00\" \/>\n<meta property=\"og:image\" content=\"https:\/\/neststylevalencia.com\/wp-content\/uploads\/2019\/10\/01yellow-room-11-nest-style-valencia-2019.jpg\" \/>\n\t<meta property=\"og:image:width\" content=\"1665\" \/>\n\t<meta property=\"og:image:height\" content=\"1080\" \/>\n\t<meta property=\"og:image:type\" content=\"image\/jpeg\" \/>\n<meta name=\"twitter:card\" content=\"summary_large_image\" \/>\n<meta name=\"twitter:site\" content=\"@neststylevlc\" \/>\n<script type=\"application\/ld+json\" class=\"yoast-schema-graph\">{\"@context\":\"https:\\\/\\\/schema.org\",\"@graph\":[{\"@type\":\"WebPage\",\"@id\":\"https:\\\/\\\/neststylevalencia.com\\\/fr\\\/reservez-nest-style-hotel-valencia\\\/\",\"url\":\"https:\\\/\\\/neststylevalencia.com\\\/fr\\\/reservez-nest-style-hotel-valencia\\\/\",\"name\":\"R\u00e9servation Nest Style Valencia. R\u00e9servez une chambre au meilleur prix\",\"isPartOf\":{\"@id\":\"https:\\\/\\\/neststylevalencia.com\\\/fr\\\/#website\"},\"primaryImageOfPage\":{\"@id\":\"https:\\\/\\\/neststylevalencia.com\\\/fr\\\/reservez-nest-style-hotel-valencia\\\/#primaryimage\"},\"image\":{\"@id\":\"https:\\\/\\\/neststylevalencia.com\\\/fr\\\/reservez-nest-style-hotel-valencia\\\/#primaryimage\"},\"thumbnailUrl\":\"https:\\\/\\\/neststylevalencia.com\\\/wp-content\\\/uploads\\\/2019\\\/10\\\/01yellow-room-11-nest-style-valencia-2019.jpg\",\"datePublished\":\"2019-06-10T10:55:28+00:00\",\"dateModified\":\"2024-04-02T13:23:59+00:00\",\"description\":\"R\u00e9servation Nest Style Hotel Valencia \u2714\ufe0f r\u00e9servez une chambre au meilleur prix \u00e0 Valence, sans frais suppl\u00e9mentaires et sans co\u00fbts cach\u00e9s.\",\"inLanguage\":\"fr-FR\",\"potentialAction\":[{\"@type\":\"ReadAction\",\"target\":[\"https:\\\/\\\/neststylevalencia.com\\\/fr\\\/reservez-nest-style-hotel-valencia\\\/\"]}]},{\"@type\":\"ImageObject\",\"inLanguage\":\"fr-FR\",\"@id\":\"https:\\\/\\\/neststylevalencia.com\\\/fr\\\/reservez-nest-style-hotel-valencia\\\/#primaryimage\",\"url\":\"https:\\\/\\\/neststylevalencia.com\\\/wp-content\\\/uploads\\\/2019\\\/10\\\/01yellow-room-11-nest-style-valencia-2019.jpg\",\"contentUrl\":\"https:\\\/\\\/neststylevalencia.com\\\/wp-content\\\/uploads\\\/2019\\\/10\\\/01yellow-room-11-nest-style-valencia-2019.jpg\",\"width\":1665,\"height\":1080,\"caption\":\"Booking Nest Style Valencia Hotel\"},{\"@type\":\"WebSite\",\"@id\":\"https:\\\/\\\/neststylevalencia.com\\\/fr\\\/#website\",\"url\":\"https:\\\/\\\/neststylevalencia.com\\\/fr\\\/\",\"name\":\"Nest Style Valencia\",\"description\":\"El\u00e9gance et simplicit\u00e9\",\"publisher\":{\"@id\":\"https:\\\/\\\/neststylevalencia.com\\\/fr\\\/#organization\"},\"alternateName\":\"Nest Style Valencia Hotel\",\"potentialAction\":[{\"@type\":\"SearchAction\",\"target\":{\"@type\":\"EntryPoint\",\"urlTemplate\":\"https:\\\/\\\/neststylevalencia.com\\\/fr\\\/?s={search_term_string}\"},\"query-input\":{\"@type\":\"PropertyValueSpecification\",\"valueRequired\":true,\"valueName\":\"search_term_string\"}}],\"inLanguage\":\"fr-FR\"},{\"@type\":\"Organization\",\"@id\":\"https:\\\/\\\/neststylevalencia.com\\\/fr\\\/#organization\",\"name\":\"Nest Style Valencia\",\"alternateName\":\"Nest Style Valencia Hotel\",\"url\":\"https:\\\/\\\/neststylevalencia.com\\\/fr\\\/\",\"logo\":{\"@type\":\"ImageObject\",\"inLanguage\":\"fr-FR\",\"@id\":\"https:\\\/\\\/neststylevalencia.com\\\/fr\\\/#\\\/schema\\\/logo\\\/image\\\/\",\"url\":\"https:\\\/\\\/neststylevalencia.com\\\/wp-content\\\/uploads\\\/2019\\\/07\\\/logo-web-nest-style-valencia-2019.jpg\",\"contentUrl\":\"https:\\\/\\\/neststylevalencia.com\\\/wp-content\\\/uploads\\\/2019\\\/07\\\/logo-web-nest-style-valencia-2019.jpg\",\"width\":1200,\"height\":1200,\"caption\":\"Nest Style Valencia\"},\"image\":{\"@id\":\"https:\\\/\\\/neststylevalencia.com\\\/fr\\\/#\\\/schema\\\/logo\\\/image\\\/\"},\"sameAs\":[\"https:\\\/\\\/www.facebook.com\\\/NestStyleValenciaHotel\\\/\",\"https:\\\/\\\/x.com\\\/neststylevlc\",\"https:\\\/\\\/www.instagram.com\\\/neststylevalencia\\\/\",\"https:\\\/\\\/www.linkedin.com\\\/company\\\/nest-style-valencia-hotel\\\/\",\"https:\\\/\\\/www.youtube.com\\\/@neststylevalenciahotel\",\"https:\\\/\\\/www.tripadvisor.com\\\/Hotel_Review-g187529-d18379474-Reviews-Nest_Style_Hotel_Valencia-Valencia_Province_of_Valencia_Valencian_Country.html\",\"https:\\\/\\\/snapchat.com\\\/add\\\/neststylevlc\",\"https:\\\/\\\/vk.com\\\/neststylevalenciahotel\",\"https:\\\/\\\/g.page\\\/NestStyleHotelValencia\\\/\",\"https:\\\/\\\/www.tiktok.com\\\/@neststylevalenciahotel\"]}]}<\/script>\n<!-- \/ Yoast SEO plugin. -->","yoast_head_json":{"title":"R\u00e9servation Nest Style Valencia. R\u00e9servez une chambre au meilleur prix","description":"R\u00e9servation Nest Style Hotel Valencia \u2714\ufe0f r\u00e9servez une chambre au meilleur prix \u00e0 Valence, sans frais suppl\u00e9mentaires et sans co\u00fbts cach\u00e9s.","robots":{"index":"index","follow":"follow","max-snippet":"max-snippet:-1","max-image-preview":"max-image-preview:large","max-video-preview":"max-video-preview:-1"},"canonical":"https:\/\/neststylevalencia.com\/fr\/reservez-nest-style-hotel-valencia\/","og_locale":"fr_FR","og_type":"article","og_title":"R\u00e9servation Nest Style Valencia. R\u00e9servez une chambre au meilleur prix","og_description":"R\u00e9servation Nest Style Hotel Valencia \u2714\ufe0f r\u00e9servez une chambre au meilleur prix \u00e0 Valence, sans frais suppl\u00e9mentaires et sans co\u00fbts cach\u00e9s.","og_url":"https:\/\/neststylevalencia.com\/fr\/reservez-nest-style-hotel-valencia\/","og_site_name":"Nest Style Valencia","article_publisher":"https:\/\/www.facebook.com\/NestStyleValenciaHotel\/","article_modified_time":"2024-04-02T13:23:59+00:00","og_image":[{"width":1665,"height":1080,"url":"https:\/\/neststylevalencia.com\/wp-content\/uploads\/2019\/10\/01yellow-room-11-nest-style-valencia-2019.jpg","type":"image\/jpeg"}],"twitter_card":"summary_large_image","twitter_site":"@neststylevlc","schema":{"@context":"https:\/\/schema.org","@graph":[{"@type":"WebPage","@id":"https:\/\/neststylevalencia.com\/fr\/reservez-nest-style-hotel-valencia\/","url":"https:\/\/neststylevalencia.com\/fr\/reservez-nest-style-hotel-valencia\/","name":"R\u00e9servation Nest Style Valencia. R\u00e9servez une chambre au meilleur prix","isPartOf":{"@id":"https:\/\/neststylevalencia.com\/fr\/#website"},"primaryImageOfPage":{"@id":"https:\/\/neststylevalencia.com\/fr\/reservez-nest-style-hotel-valencia\/#primaryimage"},"image":{"@id":"https:\/\/neststylevalencia.com\/fr\/reservez-nest-style-hotel-valencia\/#primaryimage"},"thumbnailUrl":"https:\/\/neststylevalencia.com\/wp-content\/uploads\/2019\/10\/01yellow-room-11-nest-style-valencia-2019.jpg","datePublished":"2019-06-10T10:55:28+00:00","dateModified":"2024-04-02T13:23:59+00:00","description":"R\u00e9servation Nest Style Hotel Valencia \u2714\ufe0f r\u00e9servez une chambre au meilleur prix \u00e0 Valence, sans frais suppl\u00e9mentaires et sans co\u00fbts cach\u00e9s.","inLanguage":"fr-FR","potentialAction":[{"@type":"ReadAction","target":["https:\/\/neststylevalencia.com\/fr\/reservez-nest-style-hotel-valencia\/"]}]},{"@type":"ImageObject","inLanguage":"fr-FR","@id":"https:\/\/neststylevalencia.com\/fr\/reservez-nest-style-hotel-valencia\/#primaryimage","url":"https:\/\/neststylevalencia.com\/wp-content\/uploads\/2019\/10\/01yellow-room-11-nest-style-valencia-2019.jpg","contentUrl":"https:\/\/neststylevalencia.com\/wp-content\/uploads\/2019\/10\/01yellow-room-11-nest-style-valencia-2019.jpg","width":1665,"height":1080,"caption":"Booking Nest Style Valencia Hotel"},{"@type":"WebSite","@id":"https:\/\/neststylevalencia.com\/fr\/#website","url":"https:\/\/neststylevalencia.com\/fr\/","name":"Nest Style Valencia","description":"El\u00e9gance et simplicit\u00e9","publisher":{"@id":"https:\/\/neststylevalencia.com\/fr\/#organization"},"alternateName":"Nest Style Valencia Hotel","potentialAction":[{"@type":"SearchAction","target":{"@type":"EntryPoint","urlTemplate":"https:\/\/neststylevalencia.com\/fr\/?s={search_term_string}"},"query-input":{"@type":"PropertyValueSpecification","valueRequired":true,"valueName":"search_term_string"}}],"inLanguage":"fr-FR"},{"@type":"Organization","@id":"https:\/\/neststylevalencia.com\/fr\/#organization","name":"Nest Style Valencia","alternateName":"Nest Style Valencia Hotel","url":"https:\/\/neststylevalencia.com\/fr\/","logo":{"@type":"ImageObject","inLanguage":"fr-FR","@id":"https:\/\/neststylevalencia.com\/fr\/#\/schema\/logo\/image\/","url":"https:\/\/neststylevalencia.com\/wp-content\/uploads\/2019\/07\/logo-web-nest-style-valencia-2019.jpg","contentUrl":"https:\/\/neststylevalencia.com\/wp-content\/uploads\/2019\/07\/logo-web-nest-style-valencia-2019.jpg","width":1200,"height":1200,"caption":"Nest Style Valencia"},"image":{"@id":"https:\/\/neststylevalencia.com\/fr\/#\/schema\/logo\/image\/"},"sameAs":["https:\/\/www.facebook.com\/NestStyleValenciaHotel\/","https:\/\/x.com\/neststylevlc","https:\/\/www.instagram.com\/neststylevalencia\/","https:\/\/www.linkedin.com\/company\/nest-style-valencia-hotel\/","https:\/\/www.youtube.com\/@neststylevalenciahotel","https:\/\/www.tripadvisor.com\/Hotel_Review-g187529-d18379474-Reviews-Nest_Style_Hotel_Valencia-Valencia_Province_of_Valencia_Valencian_Country.html","https:\/\/snapchat.com\/add\/neststylevlc","https:\/\/vk.com\/neststylevalenciahotel","https:\/\/g.page\/NestStyleHotelValencia\/","https:\/\/www.tiktok.com\/@neststylevalenciahotel"]}]}},"_links":{"self":[{"href":"https:\/\/neststylevalencia.com\/fr\/wp-json\/wp\/v2\/pages\/504","targetHints":{"allow":["GET"]}}],"collection":[{"href":"https:\/\/neststylevalencia.com\/fr\/wp-json\/wp\/v2\/pages"}],"about":[{"href":"https:\/\/neststylevalencia.com\/fr\/wp-json\/wp\/v2\/types\/page"}],"author":[{"embeddable":true,"href":"https:\/\/neststylevalencia.com\/fr\/wp-json\/wp\/v2\/users\/7"}],"replies":[{"embeddable":true,"href":"https:\/\/neststylevalencia.com\/fr\/wp-json\/wp\/v2\/comments?post=504"}],"version-history":[{"count":0,"href":"https:\/\/neststylevalencia.com\/fr\/wp-json\/wp\/v2\/pages\/504\/revisions"}],"wp:featuredmedia":[{"embeddable":true,"href":"https:\/\/neststylevalencia.com\/fr\/wp-json\/wp\/v2\/media\/2509"}],"wp:attachment":[{"href":"https:\/\/neststylevalencia.com\/fr\/wp-json\/wp\/v2\/media?parent=504"}],"curies":[{"name":"wp","href":"https:\/\/api.w.org\/{rel}","templated":true}]}}