{"id":550,"date":"2019-08-06T13:46:46","date_gmt":"2019-08-06T13:46:46","guid":{"rendered":"https:\/\/neststylevalencia.com\/sitemap\/"},"modified":"2024-05-24T09:56:14","modified_gmt":"2024-05-24T09:56:14","slug":"sitemap","status":"publish","type":"page","link":"https:\/\/neststylevalencia.com\/fr\/sitemap\/","title":{"rendered":"Plan du site"},"content":{"rendered":"\n<p>Le plan du site de l&rsquo;h\u00f4tel Nest Style Valencia est un outil essentiel qui vous aidera \u00e0 naviguer efficacement sur notre site Web. Non seulement il am\u00e9liore votre exp\u00e9rience d&rsquo;utilisateur, mais il vous permet \u00e9galement de trouver l&rsquo;information que vous recherchez en moins de temps.<\/p>\n\n<h2 class=\"wp-block-heading\">Pages <\/h2>\n\n<ul class=\"wp-block-list\">\n<li><a href=\"https:\/\/neststylevalencia.com\/fr\/bar-menu\/\" target=\"_blank\" rel=\"noreferrer noopener\">Bar Menu Nest Style Valencia Hotel<\/a><\/li>\n\n\n\n<li><a href=\"https:\/\/neststylevalencia.com\/fr\/blog\/\" target=\"_blank\" rel=\"noreferrer noopener\">Blog<\/a><\/li>\n\n\n\n<li><a href=\"https:\/\/neststylevalencia.com\/fr\/travailler-avec-nous\/\" target=\"_blank\" rel=\"noreferrer noopener\">Travaillez avec nous<\/a><\/li>\n\n\n\n<li><a href=\"https:\/\/neststylevalencia.com\/fr\/declaration-ecologique\/\" target=\"_blank\" rel=\"noreferrer noopener\">D\u00e9claration sur le respect de l&rsquo;environnement \u267b\ufe0f<\/a><\/li>\n\n\n\n<li><a href=\"https:\/\/neststylevalencia.com\/fr\/commentaires-evaluations\/\" target=\"_blank\" rel=\"noreferrer noopener\">Critiques et \u00e9valuations \u2b50\u2b50\u2b50\u2b50\u2b50<\/a><\/li>\n\n\n\n<li><a href=\"https:\/\/neststylevalencia.com\/cookies-policy\/\" target=\"_blank\" rel=\"noreferrer noopener\">Politique en mati\u00e8re de cookies Nest Style Hotel Valencia<\/a><\/li>\n\n\n\n<li><a href=\"https:\/\/neststylevalencia.com\/fr\/partners\/\" target=\"_blank\" rel=\"noreferrer noopener\">Partenaires Nest Style Hotel Valencia<\/a><\/li>\n\n\n\n<li><a href=\"https:\/\/neststylevalencia.com\/legal-notices\/\" target=\"_blank\" rel=\"noreferrer noopener\">Avis juridiques<\/a><\/li>\n\n\n\n<li><a href=\"https:\/\/neststylevalencia.com\/fr\/galerie-photos\/\" target=\"_blank\" rel=\"noreferrer noopener\">Galerie de photos<\/a><\/li>\n\n\n\n<li><a href=\"https:\/\/neststylevalencia.com\/fr\/sitemap\/\" target=\"_blank\" rel=\"noreferrer noopener\">Plan du site<\/a><\/li>\n\n\n\n<li><a href=\"https:\/\/neststylevalencia.com\/fr\/lieu\/\" target=\"_blank\" rel=\"noreferrer noopener\">Emplacement Nest Style Hotel Valencia<\/a><\/li>\n\n\n\n<li><a href=\"https:\/\/neststylevalencia.com\/fr\/politique-confidentialite\/\" target=\"_blank\" rel=\"noreferrer noopener\">Politique de confidentialit\u00e9<\/a><\/li>\n\n\n\n<li><a href=\"https:\/\/neststylevalencia.com\/fr\/reservez-nest-style-hotel-valencia\/\" target=\"_blank\" rel=\"noreferrer noopener\">R\u00e9servation<\/a><\/li>\n\n\n\n<li><a href=\"https:\/\/neststylevalencia.com\/fr\/contactez\/\" target=\"_blank\" rel=\"noreferrer noopener\">Contactez Nest Style Hotel Valencia<\/a><\/li>\n\n\n\n<li><a href=\"https:\/\/neststylevalencia.com\/amenities\/\" target=\"_blank\" rel=\"noreferrer noopener\">Services Nest Style Hotel Valencia<\/a><\/li>\n\n\n\n<li><a href=\"https:\/\/neststylevalencia.com\/fr\/chambres\/\" target=\"_blank\" rel=\"noreferrer noopener\">Chambres Nest Style Hotel Valencia<\/a><\/li>\n\n\n\n<li><a href=\"https:\/\/neststylevalencia.com\/fr\/valencia-hotel\/\" target=\"_blank\" rel=\"noreferrer noopener\">H\u00f4tel Valencia \u2b50 Nest Style Hotel Valencia<\/a><\/li>\n\n\n\n<li><a href=\"https:\/\/g.page\/NestStyleHotelValencia\/\" target=\"_blank\" rel=\"noreferrer noopener\">Nest Style Valencia<\/a><\/li>\n<\/ul>\n\n<h2 class=\"wp-block-heading\">Categories<\/h2>\n\n<ul class=\"wp-block-list\">\n<li><a href=\"https:\/\/neststylevalencia.com\/fr\/offres\/\" target=\"_blank\" rel=\"noreferrer noopener\">Offres<\/a><\/li>\n\n\n\n<li><a href=\"https:\/\/neststylevalencia.com\/fr\/blog\/\" target=\"_blank\" rel=\"noreferrer noopener\">Blog<\/a><\/li>\n<\/ul>\n\n<h2 class=\"wp-block-heading\">Posts<\/h2>\n\n<ul class=\"wp-block-list\">\n<li><a href=\"https:\/\/neststylevalencia.com\/fr\/nous-avons-recu-le-prix-innovation-et-qualite-de-la-federation-valencienne-de-lhotellerie-et-de-la-restauration\/\" target=\"_blank\" rel=\"noreferrer noopener\">Nous avons re\u00e7u le prix \u00ab\u00a0Innovation et qualit\u00e9\u00a0\u00bb de la F\u00e9d\u00e9ration valencienne de l&rsquo;h\u00f4tellerie et de la restauration.<\/a><\/li>\n\n\n\n<li><a href=\"https:\/\/neststylevalencia.com\/fr\/services-supplementaires-invites\/\" target=\"_blank\" rel=\"noreferrer noopener\">Services suppl\u00e9mentaires pour nos h\u00f4tes \u00e0 Valence | Extras et mobilit\u00e9<\/a><\/li>\n\n\n\n<li><a href=\"https:\/\/neststylevalencia.com\/romantic-getaway-valentines-day\/\" target=\"_blank\" rel=\"noreferrer noopener\">Escapade romantique pour la Saint-Valentin \u00e0 Valence<\/a><\/li>\n\n\n\n<li><a href=\"https:\/\/neststylevalencia.com\/fr\/offre-pack-romantique-hotel-ideal-surprendre-votre-couple\/\" target=\"_blank\" rel=\"noreferrer noopener\">Offre de pack romantique. H\u00f4tel id\u00e9al \u00e0 Valence pour surprendre votre couple<\/a><\/li>\n\n\n\n<li><a href=\"https:\/\/neststylevalencia.com\/fr\/questions-frequemment-posees-nest-style-valencia-hotel\/\" target=\"_blank\" rel=\"noreferrer noopener\">Questions fr\u00e9quemment pos\u00e9es H\u00f4tel Nest Style Valencia<\/a><\/li>\n<\/ul>\n\n<p><\/p>\n\n<figure class=\"wp-block-image size-full\"><img fetchpriority=\"high\" decoding=\"async\" width=\"1546\" height=\"1080\" src=\"https:\/\/neststylevalencia.com\/wp-content\/uploads\/2019\/10\/39common-areas-nest-style-valencia-2019.jpg\" alt=\"Sitemap Nest Style Valencia\" class=\"wp-image-2484\" srcset=\"https:\/\/neststylevalencia.com\/wp-content\/uploads\/2019\/10\/39common-areas-nest-style-valencia-2019.jpg 1546w, https:\/\/neststylevalencia.com\/wp-content\/uploads\/2019\/10\/39common-areas-nest-style-valencia-2019-300x210.jpg 300w, https:\/\/neststylevalencia.com\/wp-content\/uploads\/2019\/10\/39common-areas-nest-style-valencia-2019-1024x715.jpg 1024w, https:\/\/neststylevalencia.com\/wp-content\/uploads\/2019\/10\/39common-areas-nest-style-valencia-2019-768x537.jpg 768w, https:\/\/neststylevalencia.com\/wp-content\/uploads\/2019\/10\/39common-areas-nest-style-valencia-2019-1536x1073.jpg 1536w\" sizes=\"(max-width: 1546px) 100vw, 1546px\" \/><figcaption class=\"wp-element-caption\">Sitemap Nest Style Valencia<\/figcaption><\/figure>\n\n<h2 class=\"wp-block-heading\">Trouvez rapidement ce dont vous avez besoin<\/h2>\n\n<p>Vous cherchez des informations sur nos chambres ? Vous voulez en savoir plus sur nos services ou nos installations ? L&rsquo;index du site vous donne un aper\u00e7u complet de toutes les sections de notre site web, ce qui vous permet de trouver rapidement ce dont vous avez besoin.<\/p>\n\n<h2 class=\"wp-block-heading\">Am\u00e9liore l&rsquo;accessibilit\u00e9<\/h2>\n\n<p>Le plan du site est un excellent outil d&rsquo;accessibilit\u00e9 qui aide tous les utilisateurs \u00e0 naviguer sur notre site. Que vous connaissiez d\u00e9j\u00e0 notre site ou que vous le visitiez pour la premi\u00e8re fois, le plan du site vous permettra d&rsquo;explorer clairement ce que l&rsquo;h\u00f4tel Nest Style Valencia a \u00e0 vous offrir.<\/p>\n\n<h2 class=\"wp-block-heading\">Restez inform\u00e9<\/h2>\n\n<p>Gr\u00e2ce \u00e0 notre plan du site, vous serez au courant des derni\u00e8res mises \u00e0 jour et des ajouts \u00e0 notre site Web. Que nous ayons ajout\u00e9 de nouveaux services, des promotions ou des informations sur Valence, vous les trouverez rapidement gr\u00e2ce \u00e0 notre plan du site.<\/p>\n\n<p><strong>Conclusion:<\/strong> Au Nest Style Valencia Hotel, nous nous effor\u00e7ons de rendre votre exp\u00e9rience en ligne aussi simple et agr\u00e9able que possible. Que vous planifiez votre prochain voyage ou que vous cherchiez plus d&rsquo;informations sur nos services, le plan du site est un outil indispensable qui vous aidera \u00e0 naviguer efficacement sur notre site Web. Explorez-le d\u00e8s aujourd&rsquo;hui et d\u00e9couvrez tout ce que l&rsquo;h\u00f4tel Nest Style Valencia a \u00e0 vous offrir !<\/p>\n","protected":false},"excerpt":{"rendered":"<p>Plan du site Nest Style Hotel Valencia. L&rsquo;h\u00f4tel le plus agr\u00e9able et le moins cher de Valence. L&rsquo;un des meilleurs h\u00f4tels de Valence. Auberge de jeunesse propre et agr\u00e9able sur l&rsquo;Avenida del Puerto 77<\/p>\n","protected":false},"author":7,"featured_media":2485,"parent":0,"menu_order":0,"comment_status":"closed","ping_status":"closed","template":"","meta":{"footnotes":""},"class_list":["post-550","page","type-page","status-publish","has-post-thumbnail","hentry"],"yoast_head":"<!-- This site is optimized with the Yoast SEO plugin v27.4 - https:\/\/yoast.com\/product\/yoast-seo-wordpress\/ -->\n<title>Plan du site Nest Style Valencia. L&#039;h\u00f4tel le plus agr\u00e9able<\/title>\n<meta name=\"description\" content=\"Plan du site Nest Style Valencia. L&#039;h\u00f4tel le plus agr\u00e9able et le moins cher de Valence. L&#039;un des meilleurs h\u00f4tels de Valence. Auberge de jeunesse propre et agr\u00e9able \u00e0 Valence\" \/>\n<meta name=\"robots\" content=\"index, follow, max-snippet:-1, max-image-preview:large, max-video-preview:-1\" \/>\n<link rel=\"canonical\" href=\"https:\/\/neststylevalencia.com\/fr\/sitemap\/\" \/>\n<meta property=\"og:locale\" content=\"fr_FR\" \/>\n<meta property=\"og:type\" content=\"article\" \/>\n<meta property=\"og:title\" content=\"Plan du site Nest Style Valencia. L&#039;h\u00f4tel le plus agr\u00e9able\" \/>\n<meta property=\"og:description\" content=\"Plan du site Nest Style Valencia. L&#039;h\u00f4tel le plus agr\u00e9able et le moins cher de Valence. L&#039;un des meilleurs h\u00f4tels de Valence. Auberge de jeunesse propre et agr\u00e9able \u00e0 Valence\" \/>\n<meta property=\"og:url\" content=\"https:\/\/neststylevalencia.com\/fr\/sitemap\/\" \/>\n<meta property=\"og:site_name\" content=\"Nest Style Valencia\" \/>\n<meta property=\"article:publisher\" content=\"https:\/\/www.facebook.com\/NestStyleValenciaHotel\/\" \/>\n<meta property=\"article:modified_time\" content=\"2024-05-24T09:56:14+00:00\" \/>\n<meta property=\"og:image\" content=\"https:\/\/neststylevalencia.com\/wp-content\/uploads\/2019\/10\/39common-areas-nest-style-valencia-2019.jpg\" \/>\n\t<meta property=\"og:image:width\" content=\"1546\" \/>\n\t<meta property=\"og:image:height\" content=\"1080\" \/>\n\t<meta property=\"og:image:type\" content=\"image\/jpeg\" \/>\n<meta name=\"twitter:card\" content=\"summary_large_image\" \/>\n<meta name=\"twitter:site\" content=\"@neststylevlc\" \/>\n<meta name=\"twitter:label1\" content=\"Dur\u00e9e de lecture estim\u00e9e\" \/>\n\t<meta name=\"twitter:data1\" content=\"2 minutes\" \/>\n<script type=\"application\/ld+json\" class=\"yoast-schema-graph\">{\"@context\":\"https:\\\/\\\/schema.org\",\"@graph\":[{\"@type\":\"WebPage\",\"@id\":\"https:\\\/\\\/neststylevalencia.com\\\/fr\\\/sitemap\\\/\",\"url\":\"https:\\\/\\\/neststylevalencia.com\\\/fr\\\/sitemap\\\/\",\"name\":\"Plan du site Nest Style Valencia. L'h\u00f4tel le plus agr\u00e9able\",\"isPartOf\":{\"@id\":\"https:\\\/\\\/neststylevalencia.com\\\/fr\\\/#website\"},\"primaryImageOfPage\":{\"@id\":\"https:\\\/\\\/neststylevalencia.com\\\/fr\\\/sitemap\\\/#primaryimage\"},\"image\":{\"@id\":\"https:\\\/\\\/neststylevalencia.com\\\/fr\\\/sitemap\\\/#primaryimage\"},\"thumbnailUrl\":\"https:\\\/\\\/neststylevalencia.com\\\/wp-content\\\/uploads\\\/2019\\\/10\\\/39common-areas-nest-style-valencia-2019.jpg\",\"datePublished\":\"2019-08-06T13:46:46+00:00\",\"dateModified\":\"2024-05-24T09:56:14+00:00\",\"description\":\"Plan du site Nest Style Valencia. L'h\u00f4tel le plus agr\u00e9able et le moins cher de Valence. L'un des meilleurs h\u00f4tels de Valence. Auberge de jeunesse propre et agr\u00e9able \u00e0 Valence\",\"inLanguage\":\"fr-FR\",\"potentialAction\":[{\"@type\":\"ReadAction\",\"target\":[\"https:\\\/\\\/neststylevalencia.com\\\/fr\\\/sitemap\\\/\"]}]},{\"@type\":\"ImageObject\",\"inLanguage\":\"fr-FR\",\"@id\":\"https:\\\/\\\/neststylevalencia.com\\\/fr\\\/sitemap\\\/#primaryimage\",\"url\":\"https:\\\/\\\/neststylevalencia.com\\\/wp-content\\\/uploads\\\/2019\\\/10\\\/39common-areas-nest-style-valencia-2019.jpg\",\"contentUrl\":\"https:\\\/\\\/neststylevalencia.com\\\/wp-content\\\/uploads\\\/2019\\\/10\\\/39common-areas-nest-style-valencia-2019.jpg\",\"width\":1546,\"height\":1080,\"caption\":\"Sitemap Nest Style Valencia\"},{\"@type\":\"WebSite\",\"@id\":\"https:\\\/\\\/neststylevalencia.com\\\/fr\\\/#website\",\"url\":\"https:\\\/\\\/neststylevalencia.com\\\/fr\\\/\",\"name\":\"Nest Style Valencia\",\"description\":\"El\u00e9gance et simplicit\u00e9\",\"publisher\":{\"@id\":\"https:\\\/\\\/neststylevalencia.com\\\/fr\\\/#organization\"},\"alternateName\":\"Nest Style Valencia Hotel\",\"potentialAction\":[{\"@type\":\"SearchAction\",\"target\":{\"@type\":\"EntryPoint\",\"urlTemplate\":\"https:\\\/\\\/neststylevalencia.com\\\/fr\\\/?s={search_term_string}\"},\"query-input\":{\"@type\":\"PropertyValueSpecification\",\"valueRequired\":true,\"valueName\":\"search_term_string\"}}],\"inLanguage\":\"fr-FR\"},{\"@type\":\"Organization\",\"@id\":\"https:\\\/\\\/neststylevalencia.com\\\/fr\\\/#organization\",\"name\":\"Nest Style Valencia\",\"alternateName\":\"Nest Style Valencia Hotel\",\"url\":\"https:\\\/\\\/neststylevalencia.com\\\/fr\\\/\",\"logo\":{\"@type\":\"ImageObject\",\"inLanguage\":\"fr-FR\",\"@id\":\"https:\\\/\\\/neststylevalencia.com\\\/fr\\\/#\\\/schema\\\/logo\\\/image\\\/\",\"url\":\"https:\\\/\\\/neststylevalencia.com\\\/wp-content\\\/uploads\\\/2019\\\/07\\\/logo-web-nest-style-valencia-2019.jpg\",\"contentUrl\":\"https:\\\/\\\/neststylevalencia.com\\\/wp-content\\\/uploads\\\/2019\\\/07\\\/logo-web-nest-style-valencia-2019.jpg\",\"width\":1200,\"height\":1200,\"caption\":\"Nest Style Valencia\"},\"image\":{\"@id\":\"https:\\\/\\\/neststylevalencia.com\\\/fr\\\/#\\\/schema\\\/logo\\\/image\\\/\"},\"sameAs\":[\"https:\\\/\\\/www.facebook.com\\\/NestStyleValenciaHotel\\\/\",\"https:\\\/\\\/x.com\\\/neststylevlc\",\"https:\\\/\\\/www.instagram.com\\\/neststylevalencia\\\/\",\"https:\\\/\\\/www.linkedin.com\\\/company\\\/nest-style-valencia-hotel\\\/\",\"https:\\\/\\\/www.youtube.com\\\/@neststylevalenciahotel\",\"https:\\\/\\\/www.tripadvisor.com\\\/Hotel_Review-g187529-d18379474-Reviews-Nest_Style_Hotel_Valencia-Valencia_Province_of_Valencia_Valencian_Country.html\",\"https:\\\/\\\/snapchat.com\\\/add\\\/neststylevlc\",\"https:\\\/\\\/vk.com\\\/neststylevalenciahotel\",\"https:\\\/\\\/g.page\\\/NestStyleHotelValencia\\\/\",\"https:\\\/\\\/www.tiktok.com\\\/@neststylevalenciahotel\"]}]}<\/script>\n<!-- \/ Yoast SEO plugin. -->","yoast_head_json":{"title":"Plan du site Nest Style Valencia. L'h\u00f4tel le plus agr\u00e9able","description":"Plan du site Nest Style Valencia. L'h\u00f4tel le plus agr\u00e9able et le moins cher de Valence. L'un des meilleurs h\u00f4tels de Valence. Auberge de jeunesse propre et agr\u00e9able \u00e0 Valence","robots":{"index":"index","follow":"follow","max-snippet":"max-snippet:-1","max-image-preview":"max-image-preview:large","max-video-preview":"max-video-preview:-1"},"canonical":"https:\/\/neststylevalencia.com\/fr\/sitemap\/","og_locale":"fr_FR","og_type":"article","og_title":"Plan du site Nest Style Valencia. L'h\u00f4tel le plus agr\u00e9able","og_description":"Plan du site Nest Style Valencia. L'h\u00f4tel le plus agr\u00e9able et le moins cher de Valence. L'un des meilleurs h\u00f4tels de Valence. Auberge de jeunesse propre et agr\u00e9able \u00e0 Valence","og_url":"https:\/\/neststylevalencia.com\/fr\/sitemap\/","og_site_name":"Nest Style Valencia","article_publisher":"https:\/\/www.facebook.com\/NestStyleValenciaHotel\/","article_modified_time":"2024-05-24T09:56:14+00:00","og_image":[{"width":1546,"height":1080,"url":"https:\/\/neststylevalencia.com\/wp-content\/uploads\/2019\/10\/39common-areas-nest-style-valencia-2019.jpg","type":"image\/jpeg"}],"twitter_card":"summary_large_image","twitter_site":"@neststylevlc","twitter_misc":{"Dur\u00e9e de lecture estim\u00e9e":"2 minutes"},"schema":{"@context":"https:\/\/schema.org","@graph":[{"@type":"WebPage","@id":"https:\/\/neststylevalencia.com\/fr\/sitemap\/","url":"https:\/\/neststylevalencia.com\/fr\/sitemap\/","name":"Plan du site Nest Style Valencia. L'h\u00f4tel le plus agr\u00e9able","isPartOf":{"@id":"https:\/\/neststylevalencia.com\/fr\/#website"},"primaryImageOfPage":{"@id":"https:\/\/neststylevalencia.com\/fr\/sitemap\/#primaryimage"},"image":{"@id":"https:\/\/neststylevalencia.com\/fr\/sitemap\/#primaryimage"},"thumbnailUrl":"https:\/\/neststylevalencia.com\/wp-content\/uploads\/2019\/10\/39common-areas-nest-style-valencia-2019.jpg","datePublished":"2019-08-06T13:46:46+00:00","dateModified":"2024-05-24T09:56:14+00:00","description":"Plan du site Nest Style Valencia. L'h\u00f4tel le plus agr\u00e9able et le moins cher de Valence. L'un des meilleurs h\u00f4tels de Valence. Auberge de jeunesse propre et agr\u00e9able \u00e0 Valence","inLanguage":"fr-FR","potentialAction":[{"@type":"ReadAction","target":["https:\/\/neststylevalencia.com\/fr\/sitemap\/"]}]},{"@type":"ImageObject","inLanguage":"fr-FR","@id":"https:\/\/neststylevalencia.com\/fr\/sitemap\/#primaryimage","url":"https:\/\/neststylevalencia.com\/wp-content\/uploads\/2019\/10\/39common-areas-nest-style-valencia-2019.jpg","contentUrl":"https:\/\/neststylevalencia.com\/wp-content\/uploads\/2019\/10\/39common-areas-nest-style-valencia-2019.jpg","width":1546,"height":1080,"caption":"Sitemap Nest Style Valencia"},{"@type":"WebSite","@id":"https:\/\/neststylevalencia.com\/fr\/#website","url":"https:\/\/neststylevalencia.com\/fr\/","name":"Nest Style Valencia","description":"El\u00e9gance et simplicit\u00e9","publisher":{"@id":"https:\/\/neststylevalencia.com\/fr\/#organization"},"alternateName":"Nest Style Valencia Hotel","potentialAction":[{"@type":"SearchAction","target":{"@type":"EntryPoint","urlTemplate":"https:\/\/neststylevalencia.com\/fr\/?s={search_term_string}"},"query-input":{"@type":"PropertyValueSpecification","valueRequired":true,"valueName":"search_term_string"}}],"inLanguage":"fr-FR"},{"@type":"Organization","@id":"https:\/\/neststylevalencia.com\/fr\/#organization","name":"Nest Style Valencia","alternateName":"Nest Style Valencia Hotel","url":"https:\/\/neststylevalencia.com\/fr\/","logo":{"@type":"ImageObject","inLanguage":"fr-FR","@id":"https:\/\/neststylevalencia.com\/fr\/#\/schema\/logo\/image\/","url":"https:\/\/neststylevalencia.com\/wp-content\/uploads\/2019\/07\/logo-web-nest-style-valencia-2019.jpg","contentUrl":"https:\/\/neststylevalencia.com\/wp-content\/uploads\/2019\/07\/logo-web-nest-style-valencia-2019.jpg","width":1200,"height":1200,"caption":"Nest Style Valencia"},"image":{"@id":"https:\/\/neststylevalencia.com\/fr\/#\/schema\/logo\/image\/"},"sameAs":["https:\/\/www.facebook.com\/NestStyleValenciaHotel\/","https:\/\/x.com\/neststylevlc","https:\/\/www.instagram.com\/neststylevalencia\/","https:\/\/www.linkedin.com\/company\/nest-style-valencia-hotel\/","https:\/\/www.youtube.com\/@neststylevalenciahotel","https:\/\/www.tripadvisor.com\/Hotel_Review-g187529-d18379474-Reviews-Nest_Style_Hotel_Valencia-Valencia_Province_of_Valencia_Valencian_Country.html","https:\/\/snapchat.com\/add\/neststylevlc","https:\/\/vk.com\/neststylevalenciahotel","https:\/\/g.page\/NestStyleHotelValencia\/","https:\/\/www.tiktok.com\/@neststylevalenciahotel"]}]}},"_links":{"self":[{"href":"https:\/\/neststylevalencia.com\/fr\/wp-json\/wp\/v2\/pages\/550","targetHints":{"allow":["GET"]}}],"collection":[{"href":"https:\/\/neststylevalencia.com\/fr\/wp-json\/wp\/v2\/pages"}],"about":[{"href":"https:\/\/neststylevalencia.com\/fr\/wp-json\/wp\/v2\/types\/page"}],"author":[{"embeddable":true,"href":"https:\/\/neststylevalencia.com\/fr\/wp-json\/wp\/v2\/users\/7"}],"replies":[{"embeddable":true,"href":"https:\/\/neststylevalencia.com\/fr\/wp-json\/wp\/v2\/comments?post=550"}],"version-history":[{"count":0,"href":"https:\/\/neststylevalencia.com\/fr\/wp-json\/wp\/v2\/pages\/550\/revisions"}],"wp:featuredmedia":[{"embeddable":true,"href":"https:\/\/neststylevalencia.com\/fr\/wp-json\/wp\/v2\/media\/2485"}],"wp:attachment":[{"href":"https:\/\/neststylevalencia.com\/fr\/wp-json\/wp\/v2\/media?parent=550"}],"curies":[{"name":"wp","href":"https:\/\/api.w.org\/{rel}","templated":true}]}}