{"id":701,"date":"2019-05-23T13:16:21","date_gmt":"2019-05-23T13:16:21","guid":{"rendered":"https:\/\/neststylevalencia.com\/rooms\/"},"modified":"2024-05-16T14:00:02","modified_gmt":"2024-05-16T14:00:02","slug":"chambres","status":"publish","type":"page","link":"https:\/\/neststylevalencia.com\/fr\/chambres\/","title":{"rendered":"Chambres"},"content":{"rendered":"\n<h1 class=\"wp-block-heading has-text-align-center\">Chambres Nest Style Valencia<\/h1>\n\n<h2 class=\"wp-block-heading\">Chambre \u00e0 deux lits ou lit double<\/h2>\n\n<p>Ces chambres sont \u00e9quip\u00e9es d&rsquo;un lit king size (1&rsquo;80 x 1&rsquo;90) ou de deux lits simples (90 x 1&rsquo;90) et donnent sur notre jardin int\u00e9rieur ou sur la ville.<\/p>\n\n<ul class=\"wp-block-list\">\n<li>Taille de la chambre : 21-24 m2.<\/li>\n\n\n\n<li>Climatiseur<\/li>\n\n\n\n<li>Smart TV 55\u00ab\u00a0<\/li>\n\n\n\n<li>Coffre-fort dans la chambre<\/li>\n\n\n\n<li>R\u00e9frig\u00e9rateur<\/li>\n\n\n\n<li>Salle de bain compl\u00e8te<\/li>\n\n\n\n<li>1 ou 2 invit\u00e9s<\/li>\n<\/ul>\n\n<h2 class=\"wp-block-heading\">Chambre sup\u00e9rieure \u00e0 deux lits ou lit double<\/h2>\n\n<p>Ces suites sont \u00e9quip\u00e9es d&rsquo;un grand lit (1&rsquo;80 x 1&rsquo;90) ou de deux lits simples (90 x 1&rsquo;90) et donnent sur notre jardin int\u00e9rieur ou sur la ville.<\/p>\n\n<p>Les chambres sup\u00e9rieures sont tr\u00e8s spacieuses et comprennent un pack de bienvenue, du caf\u00e9\/th\u00e9 et un minibar dans la chambre.<\/p>\n\n<ul class=\"wp-block-list\">\n<li>Taille de la chambre : 25-38 m2.<\/li>\n\n\n\n<li>Climatiseur<\/li>\n\n\n\n<li>Smart TV 55\u00ab\u00a0<\/li>\n\n\n\n<li>Coffre-fort dans la chambre<\/li>\n\n\n\n<li>R\u00e9frig\u00e9rateur<\/li>\n\n\n\n<li>Salle de bain compl\u00e8te<\/li>\n\n\n\n<li>1 ou 2 invit\u00e9s<\/li>\n<\/ul>\n\n<h2 class=\"wp-block-heading\">Chambre triple sup\u00e9rieure<\/h2>\n\n<p>Ces suites sont \u00e9quip\u00e9es d&rsquo;un lit double (1&rsquo;80 x 1&rsquo;90) et d&rsquo;un canap\u00e9-lit et donnent sur notre jardin vertical ou sur la ville.<\/p>\n\n<p>Les suites sup\u00e9rieures sont tr\u00e8s spacieuses et comprennent un pack de bienvenue, du caf\u00e9\/th\u00e9 et un minibar dans la chambre.<\/p>\n\n<ul class=\"wp-block-list\">\n<li>Taille de la chambre : 36 m2.<\/li>\n\n\n\n<li>Climatiseur<\/li>\n\n\n\n<li>Smart TV 55\u00ab\u00a0<\/li>\n\n\n\n<li>Coffre-fort dans la chambre<\/li>\n\n\n\n<li>R\u00e9frig\u00e9rateur<\/li>\n\n\n\n<li>Salle de bain compl\u00e8te<\/li>\n\n\n\n<li>1 ou 2 invit\u00e9s<\/li>\n<\/ul>\n\n<h2 class=\"wp-block-heading\">Les meilleures chambres d&rsquo;h\u00f4tel de Valence : Un havre de luxe et de confort<\/h2>\n\n<p>Valence, connue pour sa riche histoire, son architecture \u00e9tonnante et sa sc\u00e8ne <a href=\"https:\/\/neststylevalencia.com\/fr\/blog\/\">culturelle dynamique<\/a>, abrite \u00e9galement certaines des chambres d&rsquo;h\u00f4tel les plus luxueuses et les plus confortables.<\/p>\n\n<p>Que tu sois \u00e0 la recherche d&rsquo;une escapade romantique, de vacances en famille ou d&rsquo;un voyage d&rsquo;affaires, Valence a la chambre d&rsquo;h\u00f4tel parfaite pour toi.<\/p>\n\n<h2 class=\"wp-block-heading\">Luxe et modernit\u00e9<\/h2>\n\n<p>Nos chambres de luxe offrent un m\u00e9lange parfait d&rsquo;\u00e9l\u00e9gance moderne et de confort classique.<\/p>\n\n<p>Avec une d\u00e9coration sophistiqu\u00e9e, une technologie de pointe et des \u00e9quipements de premi\u00e8re qualit\u00e9, ces chambres sont le sanctuaire parfait apr\u00e8s une journ\u00e9e d&rsquo;exploration de la belle <a href=\"https:\/\/www.visitvalencia.com\/en\" target=\"_blank\" rel=\"noreferrer noopener nofollow\">Valencia<\/a>.<\/p>\n","protected":false},"excerpt":{"rendered":"<p>Chambres Nest Style Hotel Valencia. Chambres propres, grandes, color\u00e9es, agr\u00e9ables, confortables et s\u00e9curitaires. Chambres familiales et priv\u00e9es au meilleur prix \u00e0 Valence<\/p>\n","protected":false},"author":7,"featured_media":1638,"parent":0,"menu_order":0,"comment_status":"closed","ping_status":"open","template":"","meta":{"footnotes":""},"class_list":["post-701","page","type-page","status-publish","has-post-thumbnail","hentry"],"yoast_head":"<!-- This site is optimized with the Yoast SEO plugin v27.4 - https:\/\/yoast.com\/product\/yoast-seo-wordpress\/ -->\n<title>Chambres Nest Style Hotel Valencia. Chambres propres<\/title>\n<meta name=\"description\" content=\"Chambres Nest Style Hotel Valencia. Chambres propres, grandes, color\u00e9es, agr\u00e9ables, confortables et s\u00fbres. Chambres familiales et priv\u00e9es\" \/>\n<meta name=\"robots\" content=\"index, follow, max-snippet:-1, max-image-preview:large, max-video-preview:-1\" \/>\n<link rel=\"canonical\" href=\"https:\/\/neststylevalencia.com\/fr\/chambres\/\" \/>\n<meta property=\"og:locale\" content=\"fr_FR\" \/>\n<meta property=\"og:type\" content=\"article\" \/>\n<meta property=\"og:title\" content=\"Chambres Nest Style Hotel Valencia. Chambres propres\" \/>\n<meta property=\"og:description\" content=\"Chambres Nest Style Hotel Valencia. Chambres propres, grandes, color\u00e9es, agr\u00e9ables, confortables et s\u00fbres. Chambres familiales et priv\u00e9es\" \/>\n<meta property=\"og:url\" content=\"https:\/\/neststylevalencia.com\/fr\/chambres\/\" \/>\n<meta property=\"og:site_name\" content=\"Nest Style Valencia\" \/>\n<meta property=\"article:publisher\" content=\"https:\/\/www.facebook.com\/NestStyleValenciaHotel\/\" \/>\n<meta property=\"article:modified_time\" content=\"2024-05-16T14:00:02+00:00\" \/>\n<meta property=\"og:image\" content=\"https:\/\/neststylevalencia.com\/wp-content\/uploads\/2019\/09\/03homepage-neststylevalencia.jpg\" \/>\n\t<meta property=\"og:image:width\" content=\"1920\" \/>\n\t<meta property=\"og:image:height\" content=\"1309\" \/>\n\t<meta property=\"og:image:type\" content=\"image\/jpeg\" \/>\n<meta name=\"twitter:card\" content=\"summary_large_image\" \/>\n<meta name=\"twitter:site\" content=\"@neststylevlc\" \/>\n<meta name=\"twitter:label1\" content=\"Dur\u00e9e de lecture estim\u00e9e\" \/>\n\t<meta name=\"twitter:data1\" content=\"2 minutes\" \/>\n<script type=\"application\/ld+json\" class=\"yoast-schema-graph\">{\"@context\":\"https:\\\/\\\/schema.org\",\"@graph\":[{\"@type\":\"WebPage\",\"@id\":\"https:\\\/\\\/neststylevalencia.com\\\/fr\\\/chambres\\\/\",\"url\":\"https:\\\/\\\/neststylevalencia.com\\\/fr\\\/chambres\\\/\",\"name\":\"Chambres Nest Style Hotel Valencia. Chambres propres\",\"isPartOf\":{\"@id\":\"https:\\\/\\\/neststylevalencia.com\\\/fr\\\/#website\"},\"primaryImageOfPage\":{\"@id\":\"https:\\\/\\\/neststylevalencia.com\\\/fr\\\/chambres\\\/#primaryimage\"},\"image\":{\"@id\":\"https:\\\/\\\/neststylevalencia.com\\\/fr\\\/chambres\\\/#primaryimage\"},\"thumbnailUrl\":\"https:\\\/\\\/neststylevalencia.com\\\/wp-content\\\/uploads\\\/2019\\\/09\\\/03homepage-neststylevalencia.jpg\",\"datePublished\":\"2019-05-23T13:16:21+00:00\",\"dateModified\":\"2024-05-16T14:00:02+00:00\",\"description\":\"Chambres Nest Style Hotel Valencia. Chambres propres, grandes, color\u00e9es, agr\u00e9ables, confortables et s\u00fbres. Chambres familiales et priv\u00e9es\",\"inLanguage\":\"fr-FR\",\"potentialAction\":[{\"@type\":\"ReadAction\",\"target\":[\"https:\\\/\\\/neststylevalencia.com\\\/fr\\\/chambres\\\/\"]}]},{\"@type\":\"ImageObject\",\"inLanguage\":\"fr-FR\",\"@id\":\"https:\\\/\\\/neststylevalencia.com\\\/fr\\\/chambres\\\/#primaryimage\",\"url\":\"https:\\\/\\\/neststylevalencia.com\\\/wp-content\\\/uploads\\\/2019\\\/09\\\/03homepage-neststylevalencia.jpg\",\"contentUrl\":\"https:\\\/\\\/neststylevalencia.com\\\/wp-content\\\/uploads\\\/2019\\\/09\\\/03homepage-neststylevalencia.jpg\",\"width\":1920,\"height\":1309,\"caption\":\"Spacious and comfortable rooms\"},{\"@type\":\"WebSite\",\"@id\":\"https:\\\/\\\/neststylevalencia.com\\\/fr\\\/#website\",\"url\":\"https:\\\/\\\/neststylevalencia.com\\\/fr\\\/\",\"name\":\"Nest Style Valencia\",\"description\":\"El\u00e9gance et simplicit\u00e9\",\"publisher\":{\"@id\":\"https:\\\/\\\/neststylevalencia.com\\\/fr\\\/#organization\"},\"alternateName\":\"Nest Style Valencia Hotel\",\"potentialAction\":[{\"@type\":\"SearchAction\",\"target\":{\"@type\":\"EntryPoint\",\"urlTemplate\":\"https:\\\/\\\/neststylevalencia.com\\\/fr\\\/?s={search_term_string}\"},\"query-input\":{\"@type\":\"PropertyValueSpecification\",\"valueRequired\":true,\"valueName\":\"search_term_string\"}}],\"inLanguage\":\"fr-FR\"},{\"@type\":\"Organization\",\"@id\":\"https:\\\/\\\/neststylevalencia.com\\\/fr\\\/#organization\",\"name\":\"Nest Style Valencia\",\"alternateName\":\"Nest Style Valencia Hotel\",\"url\":\"https:\\\/\\\/neststylevalencia.com\\\/fr\\\/\",\"logo\":{\"@type\":\"ImageObject\",\"inLanguage\":\"fr-FR\",\"@id\":\"https:\\\/\\\/neststylevalencia.com\\\/fr\\\/#\\\/schema\\\/logo\\\/image\\\/\",\"url\":\"https:\\\/\\\/neststylevalencia.com\\\/wp-content\\\/uploads\\\/2019\\\/07\\\/logo-web-nest-style-valencia-2019.jpg\",\"contentUrl\":\"https:\\\/\\\/neststylevalencia.com\\\/wp-content\\\/uploads\\\/2019\\\/07\\\/logo-web-nest-style-valencia-2019.jpg\",\"width\":1200,\"height\":1200,\"caption\":\"Nest Style Valencia\"},\"image\":{\"@id\":\"https:\\\/\\\/neststylevalencia.com\\\/fr\\\/#\\\/schema\\\/logo\\\/image\\\/\"},\"sameAs\":[\"https:\\\/\\\/www.facebook.com\\\/NestStyleValenciaHotel\\\/\",\"https:\\\/\\\/x.com\\\/neststylevlc\",\"https:\\\/\\\/www.instagram.com\\\/neststylevalencia\\\/\",\"https:\\\/\\\/www.linkedin.com\\\/company\\\/nest-style-valencia-hotel\\\/\",\"https:\\\/\\\/www.youtube.com\\\/@neststylevalenciahotel\",\"https:\\\/\\\/www.tripadvisor.com\\\/Hotel_Review-g187529-d18379474-Reviews-Nest_Style_Hotel_Valencia-Valencia_Province_of_Valencia_Valencian_Country.html\",\"https:\\\/\\\/snapchat.com\\\/add\\\/neststylevlc\",\"https:\\\/\\\/vk.com\\\/neststylevalenciahotel\",\"https:\\\/\\\/g.page\\\/NestStyleHotelValencia\\\/\",\"https:\\\/\\\/www.tiktok.com\\\/@neststylevalenciahotel\"]}]}<\/script>\n<!-- \/ Yoast SEO plugin. -->","yoast_head_json":{"title":"Chambres Nest Style Hotel Valencia. Chambres propres","description":"Chambres Nest Style Hotel Valencia. Chambres propres, grandes, color\u00e9es, agr\u00e9ables, confortables et s\u00fbres. Chambres familiales et priv\u00e9es","robots":{"index":"index","follow":"follow","max-snippet":"max-snippet:-1","max-image-preview":"max-image-preview:large","max-video-preview":"max-video-preview:-1"},"canonical":"https:\/\/neststylevalencia.com\/fr\/chambres\/","og_locale":"fr_FR","og_type":"article","og_title":"Chambres Nest Style Hotel Valencia. Chambres propres","og_description":"Chambres Nest Style Hotel Valencia. Chambres propres, grandes, color\u00e9es, agr\u00e9ables, confortables et s\u00fbres. Chambres familiales et priv\u00e9es","og_url":"https:\/\/neststylevalencia.com\/fr\/chambres\/","og_site_name":"Nest Style Valencia","article_publisher":"https:\/\/www.facebook.com\/NestStyleValenciaHotel\/","article_modified_time":"2024-05-16T14:00:02+00:00","og_image":[{"width":1920,"height":1309,"url":"https:\/\/neststylevalencia.com\/wp-content\/uploads\/2019\/09\/03homepage-neststylevalencia.jpg","type":"image\/jpeg"}],"twitter_card":"summary_large_image","twitter_site":"@neststylevlc","twitter_misc":{"Dur\u00e9e de lecture estim\u00e9e":"2 minutes"},"schema":{"@context":"https:\/\/schema.org","@graph":[{"@type":"WebPage","@id":"https:\/\/neststylevalencia.com\/fr\/chambres\/","url":"https:\/\/neststylevalencia.com\/fr\/chambres\/","name":"Chambres Nest Style Hotel Valencia. Chambres propres","isPartOf":{"@id":"https:\/\/neststylevalencia.com\/fr\/#website"},"primaryImageOfPage":{"@id":"https:\/\/neststylevalencia.com\/fr\/chambres\/#primaryimage"},"image":{"@id":"https:\/\/neststylevalencia.com\/fr\/chambres\/#primaryimage"},"thumbnailUrl":"https:\/\/neststylevalencia.com\/wp-content\/uploads\/2019\/09\/03homepage-neststylevalencia.jpg","datePublished":"2019-05-23T13:16:21+00:00","dateModified":"2024-05-16T14:00:02+00:00","description":"Chambres Nest Style Hotel Valencia. Chambres propres, grandes, color\u00e9es, agr\u00e9ables, confortables et s\u00fbres. Chambres familiales et priv\u00e9es","inLanguage":"fr-FR","potentialAction":[{"@type":"ReadAction","target":["https:\/\/neststylevalencia.com\/fr\/chambres\/"]}]},{"@type":"ImageObject","inLanguage":"fr-FR","@id":"https:\/\/neststylevalencia.com\/fr\/chambres\/#primaryimage","url":"https:\/\/neststylevalencia.com\/wp-content\/uploads\/2019\/09\/03homepage-neststylevalencia.jpg","contentUrl":"https:\/\/neststylevalencia.com\/wp-content\/uploads\/2019\/09\/03homepage-neststylevalencia.jpg","width":1920,"height":1309,"caption":"Spacious and comfortable rooms"},{"@type":"WebSite","@id":"https:\/\/neststylevalencia.com\/fr\/#website","url":"https:\/\/neststylevalencia.com\/fr\/","name":"Nest Style Valencia","description":"El\u00e9gance et simplicit\u00e9","publisher":{"@id":"https:\/\/neststylevalencia.com\/fr\/#organization"},"alternateName":"Nest Style Valencia Hotel","potentialAction":[{"@type":"SearchAction","target":{"@type":"EntryPoint","urlTemplate":"https:\/\/neststylevalencia.com\/fr\/?s={search_term_string}"},"query-input":{"@type":"PropertyValueSpecification","valueRequired":true,"valueName":"search_term_string"}}],"inLanguage":"fr-FR"},{"@type":"Organization","@id":"https:\/\/neststylevalencia.com\/fr\/#organization","name":"Nest Style Valencia","alternateName":"Nest Style Valencia Hotel","url":"https:\/\/neststylevalencia.com\/fr\/","logo":{"@type":"ImageObject","inLanguage":"fr-FR","@id":"https:\/\/neststylevalencia.com\/fr\/#\/schema\/logo\/image\/","url":"https:\/\/neststylevalencia.com\/wp-content\/uploads\/2019\/07\/logo-web-nest-style-valencia-2019.jpg","contentUrl":"https:\/\/neststylevalencia.com\/wp-content\/uploads\/2019\/07\/logo-web-nest-style-valencia-2019.jpg","width":1200,"height":1200,"caption":"Nest Style Valencia"},"image":{"@id":"https:\/\/neststylevalencia.com\/fr\/#\/schema\/logo\/image\/"},"sameAs":["https:\/\/www.facebook.com\/NestStyleValenciaHotel\/","https:\/\/x.com\/neststylevlc","https:\/\/www.instagram.com\/neststylevalencia\/","https:\/\/www.linkedin.com\/company\/nest-style-valencia-hotel\/","https:\/\/www.youtube.com\/@neststylevalenciahotel","https:\/\/www.tripadvisor.com\/Hotel_Review-g187529-d18379474-Reviews-Nest_Style_Hotel_Valencia-Valencia_Province_of_Valencia_Valencian_Country.html","https:\/\/snapchat.com\/add\/neststylevlc","https:\/\/vk.com\/neststylevalenciahotel","https:\/\/g.page\/NestStyleHotelValencia\/","https:\/\/www.tiktok.com\/@neststylevalenciahotel"]}]}},"_links":{"self":[{"href":"https:\/\/neststylevalencia.com\/fr\/wp-json\/wp\/v2\/pages\/701","targetHints":{"allow":["GET"]}}],"collection":[{"href":"https:\/\/neststylevalencia.com\/fr\/wp-json\/wp\/v2\/pages"}],"about":[{"href":"https:\/\/neststylevalencia.com\/fr\/wp-json\/wp\/v2\/types\/page"}],"author":[{"embeddable":true,"href":"https:\/\/neststylevalencia.com\/fr\/wp-json\/wp\/v2\/users\/7"}],"replies":[{"embeddable":true,"href":"https:\/\/neststylevalencia.com\/fr\/wp-json\/wp\/v2\/comments?post=701"}],"version-history":[{"count":0,"href":"https:\/\/neststylevalencia.com\/fr\/wp-json\/wp\/v2\/pages\/701\/revisions"}],"wp:featuredmedia":[{"embeddable":true,"href":"https:\/\/neststylevalencia.com\/fr\/wp-json\/wp\/v2\/media\/1638"}],"wp:attachment":[{"href":"https:\/\/neststylevalencia.com\/fr\/wp-json\/wp\/v2\/media?parent=701"}],"curies":[{"name":"wp","href":"https:\/\/api.w.org\/{rel}","templated":true}]}}