{"id":2064,"date":"2019-06-10T10:55:28","date_gmt":"2019-06-10T10:55:28","guid":{"rendered":"https:\/\/neststylevalencia.com\/privacy-policy\/"},"modified":"2024-05-16T13:57:32","modified_gmt":"2024-05-16T13:57:32","slug":"informativa-privacy","status":"publish","type":"page","link":"https:\/\/neststylevalencia.com\/it\/informativa-privacy\/","title":{"rendered":"Informativa sulla privacy"},"content":{"rendered":"\n<h2 class=\"wp-block-heading\">1. Chi \u00e8 responsabile del trattamento dei vostri dati?<\/h2>\n\n<ul class=\"wp-block-list\">\n<li>La sua ragione sociale \u00e8: <a href=\"https:\/\/neststylevalencia.com\/it\/\" target=\"_blank\" rel=\"noreferrer noopener\">77 LUXURY SUITES VALENCIA S.L<\/a>.<\/li>\n\n\n\n<li>CIF\/NIF\/NIE is: B98895303<\/li>\n\n\n\n<li>Its registered office is at: Avenida del Puerto 77.<\/li>\n\n\n\n<li>Phone: +34 960 69 40 10<\/li>\n\n\n\n<li>Email:\u00a0<a href=\"mailto:reception@neststylevalencia.com\">reception@neststylevalencia.com<\/a><\/li>\n<\/ul>\n\n<h2 class=\"wp-block-heading\">2. Che tipo di dati abbiamo su di voi e come li abbiamo ottenuti?<\/h2>\n\n<p>Le categorie di dati personali che trattiamo da clienti e fornitori sono:<\/p>\n\n<ul class=\"wp-block-list\">\n<li>I. Dati di identificazione<\/li>\n\n\n\n<li>II. Indirizzi postali o elettronici<\/li>\n\n\n\n<li>III. Informazioni commerciali<\/li>\n\n\n\n<li>IV. Dati economici e sulle transazioni<\/li>\n\n\n\n<li>V. Dati di navigazione<\/li>\n\n\n\n<li>VI. Specially protected data: health, in the case of employees<\/li>\n\n\n\n<li>VII. Immagine\/voce<\/li>\n<\/ul>\n\n<p>Abbiamo ottenuto tutti i dati di cui sopra direttamente da te, presentandoti un&#8217;offerta commerciale, una proposta contrattuale, ecc. o dalla tua azienda, fornendoci i dati identificativi e le altre informazioni necessarie per realizzare lo scopo del rapporto contrattuale tra le parti.<\/p>\n\n<p>Sar\u00e0 obbligo dell&#8217;utente o della sua azienda fornirci i dati aggiornati in caso di modifiche.<\/p>\n\n<h2 class=\"wp-block-heading\">3. Per quali finalit\u00e0 trattiamo i tuoi dati?<\/h2>\n\n<p>Trattiamo i dati che ci vengono forniti dagli interessati per gestire varie attivit\u00e0 derivanti da procedure specifiche svolte nel campo delle vendite, dell&#8217;assistenza post-vendita, della gestione dei fornitori, della qualit\u00e0 dei servizi, ecc. In questo modo, utilizzeremo i tuoi dati per svolgere una delle seguenti azioni:<\/p>\n\n<ul class=\"wp-block-list\">\n<li>Fornitura dei servizi richiesti o consegna del prodotto acquistato.<\/li>\n\n\n\n<li>Inviando le informazioni richieste attraverso il modulo di contatto sul nostro sito web o qualsiasi altro mezzo di contatto con la nostra azienda.<\/li>\n\n\n\n<li>Per fornire ai potenziali clienti e ai nostri clienti offerte di prodotti e servizi di loro interesse.<\/li>\n\n\n\n<li>Per effettuare la gestione amministrativa, fiscale e contabile dei nostri clienti e\/o fornitori.<\/li>\n\n\n\n<li>Condurre indagini di soddisfazione, ricerche di mercato, ecc. al fine di fornirti le offerte pi\u00f9 adatte e una qualit\u00e0 del servizio ottimizzata, ecc.<\/li>\n\n\n\n<li>Gestione del lavoro dei dipendenti.<\/li>\n<\/ul>\n\n<p>Per realizzare uno di questi scopi, possono essere utilizzati mezzi elettronici come e-mail, WhatsApp, ecc.<\/p>\n\n<h2 class=\"wp-block-heading\">4. Per quanto tempo conserveremo i vostri dati?<\/h2>\n\n<p>I dati personali relativi a persone legate a potenziali clienti, clienti e fornitori che raccogliamo attraverso i vari moduli di contatto e\/o raccolta di informazioni (compresi i dati raccolti attraverso i cookie, se applicabili) saranno conservati fino a quando la loro cancellazione non sar\u00e0 richiesta dall&#8217;interessato.<\/p>\n\n<p>I dati forniti dai nostri clienti e fornitori saranno conservati per tutta la durata del rapporto commerciale tra le parti, rispettando in ogni caso i periodi minimi di conservazione previsti dalla legge in base all&#8217;oggetto.<\/p>\n\n<p>I dati dei dipendenti saranno conservati per tutto il tempo in cui il rapporto di lavoro sar\u00e0 mantenuto e comunque, come in ogni caso, secondo le disposizioni della legislazione del lavoro in materia.<\/p>\n\n<p>Nel caso di immagini ottenute dal sistema di videosorveglianza, il periodo di conservazione delle stesse sar\u00e0 di 1 mese, in conformit\u00e0 alle disposizioni dell&#8217;articolo 22.3 del LOPDGDD, a meno che non debbano essere conservate per la consegna alle autorit\u00e0 competenti.<\/p>\n\n<p>In ogni caso, conserveremo i tuoi dati personali per il periodo di tempo ragionevolmente necessario, tenendo conto delle nostre esigenze di rispondere a questioni che si presentano o risolvere problemi, apportare miglioramenti, attivare nuovi servizi e rispettare i requisiti della legislazione applicabile.<\/p>\n\n<p>Ci\u00f2 significa che possiamo conservare i tuoi dati personali per un periodo di tempo ragionevole anche dopo che hai smesso di usare i nostri prodotti o hai smesso di usare questo sito web. Al termine di questo periodo, i tuoi dati personali saranno cancellati da tutti i nostri sistemi.<\/p>\n\n<h2 class=\"wp-block-heading\">5. Qual \u00e8 la base di legittimit\u00e0 per il trattamento dei tuoi dati?<\/h2>\n\n<p>A seconda del tipo di trattamento dei dati, la base di legittimit\u00e0 \u00e8 la seguente:<\/p>\n\n<figure class=\"wp-block-table\"><table><tbody><tr><td><strong>TRATTAMENTO<\/strong><\/td><td><strong>LEGITIMATION BASIS<\/strong><\/td><\/tr><tr><td><strong>Accounting Management:\u00a0<\/strong>billing management with clients and\/or suppliers<\/td><td>Mantenimento, sviluppo e controllo del rapporto contrattuale tra le parti<\/td><\/tr><tr><td><strong>Gestione fiscale:<\/strong> applicazione di ritenute, bonus, ecc.<\/td><td>Mantenimento, sviluppo e controllo del rapporto contrattuale tra le parti; adempimento degli obblighi di legge.<\/td><\/tr><tr><td><strong>Gestione amministrativa:<\/strong> gestione della logistica, del magazzino, delle consegne ai clienti, del ricevimento delle merci, ecc.<\/td><td>Mantenimento, sviluppo e controllo del rapporto contrattuale tra le parti<\/td><\/tr><tr><td><strong>Marketing:<\/strong> Azioni commerciali sui nostri prodotti o servizi rivolte ai nostri clienti o alle persone che hanno richiesto informazioni sui nostri prodotti e servizi in passato, compresa la conduzione di sondaggi sulla soddisfazione dei nostri clienti.<\/td><td>Con il consenso libero e inequivocabile dell&#8217;interessato (potenziale cliente), si precisa che la revoca di tale consenso non potr\u00e0 in alcun caso condizionare l&#8217;esecuzione del contratto tra le parti; il legittimo interesse della societ\u00e0 alla promozione e commercializzazione di prodotti o servizi analoghi a quelli ottenuti o richiesti dagli interessati in passato.<\/td><\/tr><tr><td><strong>Se siete un dipendente, per Labor-Management: <\/strong>gestione amministrativa, contabile e fiscale dei dipendenti.&#13;\n<strong>Gestione della registrazione delle giornate lavorative:<\/strong>start and end time of the day, as well as overtime.<\/td><td>Esecuzione di un contratto di lavoro. Conformit\u00e0 legale<\/td><\/tr><tr><td><strong>Immagini\/voce<\/strong> dei lavoratori: pubblicazione di immagini\/voce sul sito web dell&#8217;azienda, libri aziendali, RRSS per sensibilizzare la forza lavoro.<\/td><td>Consenso esplicito della parte interessata.<\/td><\/tr><\/tbody><\/table><\/figure>\n\n<p>Nel caso in cui tu non fornisca i tuoi dati personali, non saremo in grado di eseguire il tuo contratto, di adempiere ai tuoi obblighi legali o a quelli delle autorit\u00e0 pubbliche.<\/p>\n\n<h2 class=\"wp-block-heading\">6. A chi saranno comunicati i tuoi dati?<\/h2>\n\n<p>Non trasmetteremo i tuoi dati personali a societ\u00e0 terze che intendono utilizzarli per le loro attivit\u00e0 di marketing diretto, a meno che tu non ci abbia espressamente autorizzato a farlo.<\/p>\n\n<p>Ti informiamo che potremmo fornire i tuoi dati personali ad agenzie governative e autorit\u00e0 competenti nei casi in cui siamo obbligati per legge a farlo o nei casi in cui, agendo in buona fede, riteniamo che tale azione sia ragionevolmente necessaria per ottemperare ad un procedimento legale; per rispondere a qualsiasi reclamo o richiesta legale; o per proteggere i diritti dell&#8217;azienda o dei suoi clienti e del pubblico in generale.<\/p>\n\n<p>Ti informiamo che i tuoi dati non saranno trasferiti o comunicati a terzi; l&#8217;azienda \u00e8 l&#8217;unica responsabile del loro trattamento e della loro custodia.<\/p>\n\n<p>Forniremo i tuoi dati personali a terzi (ad esempio, provider di servizi Internet che ci aiutano ad amministrare il nostro sito web o a svolgere i servizi previsti dal contratto, societ\u00e0 di assistenza e manutenzione informatica, societ\u00e0 di logistica, consulenti fiscali e contabili, ecc.)<\/p>\n\n<p>In ogni caso, queste terze parti devono mantenere sempre gli stessi livelli di sicurezza che noi adottiamo in relazione ai tuoi dati personali e, ove necessario, saranno vincolate da impegni legali a mantenere i tuoi dati personali privati e sicuri, nonch\u00e9 a utilizzare le informazioni solo in base a specifiche istruzioni dell&#8217;azienda.<\/p>\n\n<h2 class=\"wp-block-heading\">7. Trasferimenti di dati verso paesi terzi?<\/h2>\n\n<p>Non \u00e8 previsto il trasferimento dei dati a paesi terzi.<\/p>\n\n<h2 class=\"wp-block-heading\">8. Quali sono i tuoi diritti di interessato?<\/h2>\n\n<p>Chiunque ha il diritto di ottenere conferma se stiamo trattando o meno i dati personali che lo riguardano.<\/p>\n\n<p>In particolare, gli interessati possono richiedere il diritto di accesso ai propri dati personali, nonch\u00e9 di riceverli in un formato comune e leggibile meccanicamente se il trattamento \u00e8 effettuato con mezzi elettronici (diritto alla portabilit\u00e0).<\/p>\n\n<p>Allo stesso modo, gli interessati possono richiedere il diritto di rettificare i dati inesatti o, se del caso, richiederne la cancellazione quando, tra le altre ragioni, i dati non sono pi\u00f9 necessari per le finalit\u00e0 per cui sono stati raccolti.<\/p>\n\n<p>Inoltre, in determinate circostanze, gli interessati possono richiedere la limitazione del trattamento dei loro dati o, in determinate circostanze e per motivi legati alla loro particolare situazione, possono esercitare il diritto di opporsi al trattamento dei loro dati. Interromperemo il trattamento dei dati, ad eccezione di impellenti motivi legittimi, dell&#8217;esercizio o della difesa di eventuali diritti o delle eccezioni previste dalla normativa vigente.<\/p>\n\n<p>Ti informiamo inoltre che hai il diritto di revocare il consenso prestato in qualsiasi momento, senza pregiudicare la liceit\u00e0 del trattamento basato sul consenso prima della sua revoca.<\/p>\n\n<p>Allo stesso modo, l&#8217;Utente \u00e8 informato del fatto che in qualsiasi momento pu\u00f2 esercitare i diritti sopra menzionati scrivendoci ai recapiti indicati al punto 1, allegando una copia della sua carta d&#8217;identit\u00e0.<\/p>\n\n<p>Hai anche il diritto di presentare un reclamo all&#8217;Agenzia Spagnola per la Protezione dei Dati, soprattutto se non hai ottenuto soddisfazione nell&#8217;esercizio dei tuoi diritti.<\/p>\n\n<p><a href=\"http:\/\/www.agpd.es\/portalwebAGPD\/index-ides-idphp.php\" target=\"_blank\" rel=\"noreferrer noopener\">Agenzia spagnola per la protezione dei dati<\/a><\/p>\n\n<p>D&#8217;altra parte, in conformit\u00e0 con le disposizioni della Legge 34\/2002, dell&#8217;11 luglio 2002, sui Servizi della Societ\u00e0 dell&#8217;Informazione e del Commercio Elettronico, ci impegniamo a non inviare informazioni commerciali se l&#8217;utente ce lo ha comunicato.<\/p>\n\n<div style=\"height:100px\" aria-hidden=\"true\" class=\"wp-block-spacer\"><\/div>\n\n<figure data-wp-context=\"{&quot;imageId&quot;:&quot;69e8ee9248ddf&quot;}\" data-wp-interactive=\"core\/image\" data-wp-key=\"69e8ee9248ddf\" class=\"wp-block-image aligncenter size-full wp-lightbox-container\"><img fetchpriority=\"high\" decoding=\"async\" width=\"1619\" height=\"1080\" data-wp-class--hide=\"state.isContentHidden\" data-wp-class--show=\"state.isContentVisible\" data-wp-init=\"callbacks.setButtonStyles\" data-wp-on--click=\"actions.showLightbox\" data-wp-on--load=\"callbacks.setButtonStyles\" data-wp-on-window--resize=\"callbacks.setButtonStyles\" src=\"https:\/\/neststylevalencia.com\/wp-content\/uploads\/2019\/10\/40common-areas-nest-style-valencia-2019.jpg\" alt=\"Privacy policy Nest Style Valencia\" class=\"wp-image-2488\" srcset=\"https:\/\/neststylevalencia.com\/wp-content\/uploads\/2019\/10\/40common-areas-nest-style-valencia-2019.jpg 1619w, https:\/\/neststylevalencia.com\/wp-content\/uploads\/2019\/10\/40common-areas-nest-style-valencia-2019-300x200.jpg 300w, https:\/\/neststylevalencia.com\/wp-content\/uploads\/2019\/10\/40common-areas-nest-style-valencia-2019-1024x683.jpg 1024w, https:\/\/neststylevalencia.com\/wp-content\/uploads\/2019\/10\/40common-areas-nest-style-valencia-2019-768x512.jpg 768w, https:\/\/neststylevalencia.com\/wp-content\/uploads\/2019\/10\/40common-areas-nest-style-valencia-2019-1536x1025.jpg 1536w\" sizes=\"(max-width: 1619px) 100vw, 1619px\" \/><button\n\t\t\tclass=\"lightbox-trigger\"\n\t\t\ttype=\"button\"\n\t\t\taria-haspopup=\"dialog\"\n\t\t\taria-label=\"Ingrandisci\"\n\t\t\tdata-wp-init=\"callbacks.initTriggerButton\"\n\t\t\tdata-wp-on--click=\"actions.showLightbox\"\n\t\t\tdata-wp-style--right=\"state.imageButtonRight\"\n\t\t\tdata-wp-style--top=\"state.imageButtonTop\"\n\t\t>\n\t\t\t<svg xmlns=\"http:\/\/www.w3.org\/2000\/svg\" width=\"12\" height=\"12\" fill=\"none\" viewBox=\"0 0 12 12\">\n\t\t\t\t<path fill=\"#fff\" d=\"M2 0a2 2 0 0 0-2 2v2h1.5V2a.5.5 0 0 1 .5-.5h2V0H2Zm2 10.5H2a.5.5 0 0 1-.5-.5V8H0v2a2 2 0 0 0 2 2h2v-1.5ZM8 12v-1.5h2a.5.5 0 0 0 .5-.5V8H12v2a2 2 0 0 1-2 2H8Zm2-12a2 2 0 0 1 2 2v2h-1.5V2a.5.5 0 0 0-.5-.5H8V0h2Z\" \/>\n\t\t\t<\/svg>\n\t\t<\/button><figcaption class=\"wp-element-caption\">Privacy policy Nest Style Valencia<\/figcaption><\/figure>\n","protected":false},"excerpt":{"rendered":"<p>Informativa sulla privacy, cookie policy e standard di qualit\u00e0. In conformit\u00e0 al vigente Regolamento (UE) 2016\/679, si informa che i dati personali<\/p>\n","protected":false},"author":7,"featured_media":2490,"parent":0,"menu_order":0,"comment_status":"closed","ping_status":"closed","template":"","meta":{"footnotes":""},"class_list":["post-2064","page","type-page","status-publish","has-post-thumbnail","hentry"],"yoast_head":"<!-- This site is optimized with the Yoast SEO plugin v27.4 - https:\/\/yoast.com\/product\/yoast-seo-wordpress\/ -->\n<title>Informativa sulla privacy https:\/\/neststylevalencia.com Nest Style Valencia<\/title>\n<meta name=\"description\" content=\"Informativa sulla privacy, politica dei cookie e standard di qualit\u00e0. Conformemente all&#039;attuale regolamento (UE) 2016\/679, informiamo che i dati personali\" \/>\n<meta name=\"robots\" content=\"index, follow, max-snippet:-1, max-image-preview:large, max-video-preview:-1\" \/>\n<link rel=\"canonical\" href=\"https:\/\/neststylevalencia.com\/it\/informativa-privacy\/\" \/>\n<meta property=\"og:locale\" content=\"it_IT\" \/>\n<meta property=\"og:type\" content=\"article\" \/>\n<meta property=\"og:title\" content=\"Informativa sulla privacy https:\/\/neststylevalencia.com Nest Style Valencia\" \/>\n<meta property=\"og:description\" content=\"Informativa sulla privacy, politica dei cookie e standard di qualit\u00e0. Conformemente all&#039;attuale regolamento (UE) 2016\/679, informiamo che i dati personali\" \/>\n<meta property=\"og:url\" content=\"https:\/\/neststylevalencia.com\/it\/informativa-privacy\/\" \/>\n<meta property=\"og:site_name\" content=\"Nest Style Valencia\" \/>\n<meta property=\"article:publisher\" content=\"https:\/\/www.facebook.com\/NestStyleValenciaHotel\/\" \/>\n<meta property=\"article:modified_time\" content=\"2024-05-16T13:57:32+00:00\" \/>\n<meta property=\"og:image\" content=\"https:\/\/neststylevalencia.com\/wp-content\/uploads\/2019\/10\/40common-areas-nest-style-valencia-2019.jpg\" \/>\n\t<meta property=\"og:image:width\" content=\"1619\" \/>\n\t<meta property=\"og:image:height\" content=\"1080\" \/>\n\t<meta property=\"og:image:type\" content=\"image\/jpeg\" \/>\n<meta name=\"twitter:card\" content=\"summary_large_image\" \/>\n<meta name=\"twitter:site\" content=\"@neststylevlc\" \/>\n<meta name=\"twitter:label1\" content=\"Tempo di lettura stimato\" \/>\n\t<meta name=\"twitter:data1\" content=\"7 minuti\" \/>\n<script type=\"application\/ld+json\" class=\"yoast-schema-graph\">{\"@context\":\"https:\\\/\\\/schema.org\",\"@graph\":[{\"@type\":\"WebPage\",\"@id\":\"https:\\\/\\\/neststylevalencia.com\\\/it\\\/informativa-privacy\\\/\",\"url\":\"https:\\\/\\\/neststylevalencia.com\\\/it\\\/informativa-privacy\\\/\",\"name\":\"Informativa sulla privacy https:\\\/\\\/neststylevalencia.com Nest Style Valencia\",\"isPartOf\":{\"@id\":\"https:\\\/\\\/neststylevalencia.com\\\/it\\\/#website\"},\"primaryImageOfPage\":{\"@id\":\"https:\\\/\\\/neststylevalencia.com\\\/it\\\/informativa-privacy\\\/#primaryimage\"},\"image\":{\"@id\":\"https:\\\/\\\/neststylevalencia.com\\\/it\\\/informativa-privacy\\\/#primaryimage\"},\"thumbnailUrl\":\"https:\\\/\\\/neststylevalencia.com\\\/wp-content\\\/uploads\\\/2019\\\/10\\\/40common-areas-nest-style-valencia-2019.jpg\",\"datePublished\":\"2019-06-10T10:55:28+00:00\",\"dateModified\":\"2024-05-16T13:57:32+00:00\",\"description\":\"Informativa sulla privacy, politica dei cookie e standard di qualit\u00e0. Conformemente all'attuale regolamento (UE) 2016\\\/679, informiamo che i dati personali\",\"inLanguage\":\"it-IT\",\"potentialAction\":[{\"@type\":\"ReadAction\",\"target\":[\"https:\\\/\\\/neststylevalencia.com\\\/it\\\/informativa-privacy\\\/\"]}]},{\"@type\":\"ImageObject\",\"inLanguage\":\"it-IT\",\"@id\":\"https:\\\/\\\/neststylevalencia.com\\\/it\\\/informativa-privacy\\\/#primaryimage\",\"url\":\"https:\\\/\\\/neststylevalencia.com\\\/wp-content\\\/uploads\\\/2019\\\/10\\\/40common-areas-nest-style-valencia-2019.jpg\",\"contentUrl\":\"https:\\\/\\\/neststylevalencia.com\\\/wp-content\\\/uploads\\\/2019\\\/10\\\/40common-areas-nest-style-valencia-2019.jpg\",\"width\":1619,\"height\":1080,\"caption\":\"Privacy policy Nest Style Valencia\"},{\"@type\":\"WebSite\",\"@id\":\"https:\\\/\\\/neststylevalencia.com\\\/it\\\/#website\",\"url\":\"https:\\\/\\\/neststylevalencia.com\\\/it\\\/\",\"name\":\"Nest Style Valencia\",\"description\":\"Eleganza e semplicit\u00e0\",\"publisher\":{\"@id\":\"https:\\\/\\\/neststylevalencia.com\\\/it\\\/#organization\"},\"alternateName\":\"Nest Style Valencia Hotel\",\"potentialAction\":[{\"@type\":\"SearchAction\",\"target\":{\"@type\":\"EntryPoint\",\"urlTemplate\":\"https:\\\/\\\/neststylevalencia.com\\\/it\\\/?s={search_term_string}\"},\"query-input\":{\"@type\":\"PropertyValueSpecification\",\"valueRequired\":true,\"valueName\":\"search_term_string\"}}],\"inLanguage\":\"it-IT\"},{\"@type\":\"Organization\",\"@id\":\"https:\\\/\\\/neststylevalencia.com\\\/it\\\/#organization\",\"name\":\"Nest Style Valencia\",\"alternateName\":\"Nest Style Valencia Hotel\",\"url\":\"https:\\\/\\\/neststylevalencia.com\\\/it\\\/\",\"logo\":{\"@type\":\"ImageObject\",\"inLanguage\":\"it-IT\",\"@id\":\"https:\\\/\\\/neststylevalencia.com\\\/it\\\/#\\\/schema\\\/logo\\\/image\\\/\",\"url\":\"https:\\\/\\\/neststylevalencia.com\\\/wp-content\\\/uploads\\\/2019\\\/07\\\/logo-web-nest-style-valencia-2019.jpg\",\"contentUrl\":\"https:\\\/\\\/neststylevalencia.com\\\/wp-content\\\/uploads\\\/2019\\\/07\\\/logo-web-nest-style-valencia-2019.jpg\",\"width\":1200,\"height\":1200,\"caption\":\"Nest Style Valencia\"},\"image\":{\"@id\":\"https:\\\/\\\/neststylevalencia.com\\\/it\\\/#\\\/schema\\\/logo\\\/image\\\/\"},\"sameAs\":[\"https:\\\/\\\/www.facebook.com\\\/NestStyleValenciaHotel\\\/\",\"https:\\\/\\\/x.com\\\/neststylevlc\",\"https:\\\/\\\/www.instagram.com\\\/neststylevalencia\\\/\",\"https:\\\/\\\/www.linkedin.com\\\/company\\\/nest-style-valencia-hotel\\\/\",\"https:\\\/\\\/www.youtube.com\\\/@neststylevalenciahotel\",\"https:\\\/\\\/www.tripadvisor.com\\\/Hotel_Review-g187529-d18379474-Reviews-Nest_Style_Hotel_Valencia-Valencia_Province_of_Valencia_Valencian_Country.html\",\"https:\\\/\\\/snapchat.com\\\/add\\\/neststylevlc\",\"https:\\\/\\\/vk.com\\\/neststylevalenciahotel\",\"https:\\\/\\\/g.page\\\/NestStyleHotelValencia\\\/\",\"https:\\\/\\\/www.tiktok.com\\\/@neststylevalenciahotel\"]}]}<\/script>\n<!-- \/ Yoast SEO plugin. -->","yoast_head_json":{"title":"Informativa sulla privacy https:\/\/neststylevalencia.com Nest Style Valencia","description":"Informativa sulla privacy, politica dei cookie e standard di qualit\u00e0. Conformemente all'attuale regolamento (UE) 2016\/679, informiamo che i dati personali","robots":{"index":"index","follow":"follow","max-snippet":"max-snippet:-1","max-image-preview":"max-image-preview:large","max-video-preview":"max-video-preview:-1"},"canonical":"https:\/\/neststylevalencia.com\/it\/informativa-privacy\/","og_locale":"it_IT","og_type":"article","og_title":"Informativa sulla privacy https:\/\/neststylevalencia.com Nest Style Valencia","og_description":"Informativa sulla privacy, politica dei cookie e standard di qualit\u00e0. Conformemente all'attuale regolamento (UE) 2016\/679, informiamo che i dati personali","og_url":"https:\/\/neststylevalencia.com\/it\/informativa-privacy\/","og_site_name":"Nest Style Valencia","article_publisher":"https:\/\/www.facebook.com\/NestStyleValenciaHotel\/","article_modified_time":"2024-05-16T13:57:32+00:00","og_image":[{"width":1619,"height":1080,"url":"https:\/\/neststylevalencia.com\/wp-content\/uploads\/2019\/10\/40common-areas-nest-style-valencia-2019.jpg","type":"image\/jpeg"}],"twitter_card":"summary_large_image","twitter_site":"@neststylevlc","twitter_misc":{"Tempo di lettura stimato":"7 minuti"},"schema":{"@context":"https:\/\/schema.org","@graph":[{"@type":"WebPage","@id":"https:\/\/neststylevalencia.com\/it\/informativa-privacy\/","url":"https:\/\/neststylevalencia.com\/it\/informativa-privacy\/","name":"Informativa sulla privacy https:\/\/neststylevalencia.com Nest Style Valencia","isPartOf":{"@id":"https:\/\/neststylevalencia.com\/it\/#website"},"primaryImageOfPage":{"@id":"https:\/\/neststylevalencia.com\/it\/informativa-privacy\/#primaryimage"},"image":{"@id":"https:\/\/neststylevalencia.com\/it\/informativa-privacy\/#primaryimage"},"thumbnailUrl":"https:\/\/neststylevalencia.com\/wp-content\/uploads\/2019\/10\/40common-areas-nest-style-valencia-2019.jpg","datePublished":"2019-06-10T10:55:28+00:00","dateModified":"2024-05-16T13:57:32+00:00","description":"Informativa sulla privacy, politica dei cookie e standard di qualit\u00e0. Conformemente all'attuale regolamento (UE) 2016\/679, informiamo che i dati personali","inLanguage":"it-IT","potentialAction":[{"@type":"ReadAction","target":["https:\/\/neststylevalencia.com\/it\/informativa-privacy\/"]}]},{"@type":"ImageObject","inLanguage":"it-IT","@id":"https:\/\/neststylevalencia.com\/it\/informativa-privacy\/#primaryimage","url":"https:\/\/neststylevalencia.com\/wp-content\/uploads\/2019\/10\/40common-areas-nest-style-valencia-2019.jpg","contentUrl":"https:\/\/neststylevalencia.com\/wp-content\/uploads\/2019\/10\/40common-areas-nest-style-valencia-2019.jpg","width":1619,"height":1080,"caption":"Privacy policy Nest Style Valencia"},{"@type":"WebSite","@id":"https:\/\/neststylevalencia.com\/it\/#website","url":"https:\/\/neststylevalencia.com\/it\/","name":"Nest Style Valencia","description":"Eleganza e semplicit\u00e0","publisher":{"@id":"https:\/\/neststylevalencia.com\/it\/#organization"},"alternateName":"Nest Style Valencia Hotel","potentialAction":[{"@type":"SearchAction","target":{"@type":"EntryPoint","urlTemplate":"https:\/\/neststylevalencia.com\/it\/?s={search_term_string}"},"query-input":{"@type":"PropertyValueSpecification","valueRequired":true,"valueName":"search_term_string"}}],"inLanguage":"it-IT"},{"@type":"Organization","@id":"https:\/\/neststylevalencia.com\/it\/#organization","name":"Nest Style Valencia","alternateName":"Nest Style Valencia Hotel","url":"https:\/\/neststylevalencia.com\/it\/","logo":{"@type":"ImageObject","inLanguage":"it-IT","@id":"https:\/\/neststylevalencia.com\/it\/#\/schema\/logo\/image\/","url":"https:\/\/neststylevalencia.com\/wp-content\/uploads\/2019\/07\/logo-web-nest-style-valencia-2019.jpg","contentUrl":"https:\/\/neststylevalencia.com\/wp-content\/uploads\/2019\/07\/logo-web-nest-style-valencia-2019.jpg","width":1200,"height":1200,"caption":"Nest Style Valencia"},"image":{"@id":"https:\/\/neststylevalencia.com\/it\/#\/schema\/logo\/image\/"},"sameAs":["https:\/\/www.facebook.com\/NestStyleValenciaHotel\/","https:\/\/x.com\/neststylevlc","https:\/\/www.instagram.com\/neststylevalencia\/","https:\/\/www.linkedin.com\/company\/nest-style-valencia-hotel\/","https:\/\/www.youtube.com\/@neststylevalenciahotel","https:\/\/www.tripadvisor.com\/Hotel_Review-g187529-d18379474-Reviews-Nest_Style_Hotel_Valencia-Valencia_Province_of_Valencia_Valencian_Country.html","https:\/\/snapchat.com\/add\/neststylevlc","https:\/\/vk.com\/neststylevalenciahotel","https:\/\/g.page\/NestStyleHotelValencia\/","https:\/\/www.tiktok.com\/@neststylevalenciahotel"]}]}},"_links":{"self":[{"href":"https:\/\/neststylevalencia.com\/it\/wp-json\/wp\/v2\/pages\/2064","targetHints":{"allow":["GET"]}}],"collection":[{"href":"https:\/\/neststylevalencia.com\/it\/wp-json\/wp\/v2\/pages"}],"about":[{"href":"https:\/\/neststylevalencia.com\/it\/wp-json\/wp\/v2\/types\/page"}],"author":[{"embeddable":true,"href":"https:\/\/neststylevalencia.com\/it\/wp-json\/wp\/v2\/users\/7"}],"replies":[{"embeddable":true,"href":"https:\/\/neststylevalencia.com\/it\/wp-json\/wp\/v2\/comments?post=2064"}],"version-history":[{"count":0,"href":"https:\/\/neststylevalencia.com\/it\/wp-json\/wp\/v2\/pages\/2064\/revisions"}],"wp:featuredmedia":[{"embeddable":true,"href":"https:\/\/neststylevalencia.com\/it\/wp-json\/wp\/v2\/media\/2490"}],"wp:attachment":[{"href":"https:\/\/neststylevalencia.com\/it\/wp-json\/wp\/v2\/media?parent=2064"}],"curies":[{"name":"wp","href":"https:\/\/api.w.org\/{rel}","templated":true}]}}