{"id":2075,"date":"2019-07-18T11:53:59","date_gmt":"2019-07-18T11:53:59","guid":{"rendered":"https:\/\/neststylevalencia.com\/location\/"},"modified":"2024-05-24T09:09:27","modified_gmt":"2024-05-24T09:09:27","slug":"posizione","status":"publish","type":"page","link":"https:\/\/neststylevalencia.com\/it\/posizione\/","title":{"rendered":"Posizione"},"content":{"rendered":"\n<h2 class=\"wp-block-heading\">Informazioni sulla zona.<\/h2>\n\n<p>Il nostro hotel si trova nel quartiere<a href=\"https:\/\/www.google.com\/maps\/place\/Camins+al+Grau,+Valencia\/\" target=\"_blank\" rel=\"noopener\"> Camins al Grau di Valencia<\/a>, a 15 minuti a piedi dalla Citt\u00e0 delle Arti e delle Scienze, a 35 minuti dal Porto di Valencia e a 5 minuti dai Giardini del Turia. Pu\u00f2 anche raggiungere la spiaggia di Malvarrosa a piedi e scoprire il Paseo Mar\u00edtimo.<\/p>\n\n<h2 class=\"wp-block-heading\">I nostri ospiti precedenti hanno apprezzato la zona, erano alla ricerca di sole, spiaggia e aree ricreative da godere in coppia.<\/h2>\n\n<p>L&#8217;area si caratterizza per essere una delle zone pi\u00f9 pittoresche e cosmopolite della citt\u00e0. Dispone di strade larghe, aree giardino, passaggi pedonali con ampi marciapiedi, oltre a una pista ciclabile. Dispone anche di aree di parcheggio speciali dove \u00e8 possibile noleggiare biciclette pubbliche.<\/p>\n\n<h2 class=\"wp-block-heading\">Luoghi che non pu\u00f2 perdere.<\/h2>\n\n<h3 class=\"wp-block-heading\">L&#8217;Agor\u00e0 di Valencia<\/h3>\n\n<p>\u00c8 uno degli edifici emblematici della citt\u00e0. Costruito per ospitare i tornei di tennis di Valencia<\/p>\n\n<h3 class=\"wp-block-heading\">Giardino Turia<\/h3>\n\n<p>Costruito sull&#8217;antico letto del fiume Turia, un&#8217;ampia area verde piena di vita che colpisce tutti coloro che la visitano.<\/p>\n\n<h3 class=\"wp-block-heading\">Citt\u00e0 delle Arti e delle Scienze di Valencia<\/h3>\n\n<p>Il famoso complesso di edifici progettato dall&#8217;architetto Santiago Calatrava. Non si pu\u00f2 lasciare la citt\u00e0 senza aver visitato questo luogo.<\/p>\n\n<h3 class=\"wp-block-heading\">Parco Gulliver<\/h3>\n\n<p>Un parco per bambini pieno di scivoli, nascondigli, alberi e area ricreativa dove si divertiranno molto. (Consigliato)<\/p>\n\n<h2 class=\"wp-block-heading\">Luoghi vicini.<\/h2>\n\n<h3 class=\"wp-block-heading\">Punti di riferimento pi\u00f9 vicini:*<\/h3>\n\n<ul class=\"wp-block-list\">\n<li>Stazione della metropolitana Amistat a 0,5 km di distanza<\/li>\n\n\n\n<li>Gulliver 0,7 km di distanza<\/li>\n\n\n\n<li>Stazione della metropolitana Aragon a 0,8 km<\/li>\n\n\n\n<li>Stazione della metropolitana Ayora a 0,8 km<\/li>\n\n\n\n<li>Museo Fallas di Valencia 0,9 km di distanza<\/li>\n\n\n\n<li>Citt\u00e0 delle Arti e delle Scienze 1,3 km di distanza<\/li>\n\n\n\n<li>Stadio Mestalla Valencia Football Club a 1,1 km di distanza<\/li>\n\n\n\n<li>Centro commerciale Aqua a 1,2 km di distanza<\/li>\n\n\n\n<li>Giardini di Turia 0,7 km di distanza<\/li>\n<\/ul>\n\n<h3 class=\"wp-block-heading\">Gli aeroporti pi\u00f9 vicini<\/h3>\n\n<ul class=\"wp-block-list\">\n<li>Aeroporto di Valencia a 10,8 km<\/li>\n\n\n\n<li>Aeroporto di Castellon a 89,8 km<\/li>\n<\/ul>\n\n<h2 class=\"wp-block-heading\">I punti di riferimento pi\u00f9 popolari*<\/h2>\n\n<ul class=\"wp-block-list\">\n<li>Oceanografico a 1,6 km di distanza<\/li>\n\n\n\n<li>Giardini di Monforte 1,6 km di distanza<\/li>\n\n\n\n<li>Porto di Valencia a 2 km<\/li>\n\n\n\n<li>Museo Nazionale della Ceramica e delle Arti Decorative Gonz\u00e1lez Mart\u00ed. A 2 km di distanza<\/li>\n\n\n\n<li>Stazione ferroviaria di Valencia Nord 2,1 km<\/li>\n\n\n\n<li>Basilica de la Virgen de los Desamparados a 2,2 km di distanza<\/li>\n\n\n\n<li>Mercato Centrale di Valencia a 2,4 km<\/li>\n\n\n\n<li>Chiesa di San Nicola a 2,5 km<\/li>\n\n\n\n<li>Giardino botanico di Valencia a 3 km<\/li>\n\n\n\n<li>Bioparc Valencia a 5,2 km<\/li>\n<\/ul>\n\n<p><\/p>\n\n<ul class=\"wp-block-list\">\n<li>Ci troviamo a breve distanza dalla spiaggia.<\/li>\n\n\n\n<li><a href=\"https:\/\/neststylevalencia.com\/it\/servizi-aggiuntivi-per-gli-ospiti\/\">Vicino ai servizi di noleggio biciclette<\/a><\/li>\n\n\n\n<li>Molto vicino al centro della citt\u00e0<\/li>\n\n\n\n<li>In una delle vie pi\u00f9 conosciute<\/li>\n\n\n\n<li>A pochi passi dai famosi Giardini del Turia<\/li>\n<\/ul>\n\n<p><\/p>\n\n<figure class=\"wp-block-image size-full\"><img fetchpriority=\"high\" decoding=\"async\" width=\"1200\" height=\"800\" src=\"https:\/\/neststylevalencia.com\/wp-content\/uploads\/2019\/07\/agora-valencia.jpg\" alt=\"Agor&#xE0; Valencia\" class=\"wp-image-390\" srcset=\"https:\/\/neststylevalencia.com\/wp-content\/uploads\/2019\/07\/agora-valencia.jpg 1200w, https:\/\/neststylevalencia.com\/wp-content\/uploads\/2019\/07\/agora-valencia-300x200.jpg 300w, https:\/\/neststylevalencia.com\/wp-content\/uploads\/2019\/07\/agora-valencia-1024x683.jpg 1024w, https:\/\/neststylevalencia.com\/wp-content\/uploads\/2019\/07\/agora-valencia-768x512.jpg 768w\" sizes=\"(max-width: 1200px) 100vw, 1200px\" \/><figcaption class=\"wp-element-caption\">Agor\u00e0 Valencia<\/figcaption><\/figure>\n\n<h1 class=\"wp-block-heading has-text-align-center\">Come ottenere Nest Style Valencia<\/h1>\n\n<p><\/p>\n\n<div class=\"schema-faq wp-block-yoast-faq-block\">\r\n<div id=\"faq-question-1677141630615\" class=\"schema-faq-section\">\r\n\r\n<strong class=\"schema-faq-question\">Come arrivare dall&#8217;aeroporto di Manises?<\/strong>\r\n<p class=\"schema-faq-answer\">Per raggiungere l&#8217;hotel dall&#8217;aeroporto, il modo pi\u00f9 veloce \u00e8 prendere la linea metropolitana n\u00ba 5, che si trova all&#8217;interno dell&#8217;aeroporto, fino alla fermata Amistat, e camminare per 10 minuti fino al Porto N\u00ba. 77.\r\nL&#8217;ultima metropolitana dall&#8217;aeroporto parte intorno alle 23:45.\r\nOffriamo la navetta aeroportuale a soli 28\u20ac.\r\nPer prenotare questo servizio, ci contatti 24 ore prima di.<\/p>\r\n\r\n<\/div>\r\n<div id=\"faq-question-1677141916936\" class=\"schema-faq-section\">\r\n\r\n<strong class=\"schema-faq-question\">Come arrivare dalla stazione ferroviaria Joaquin Sorolla?<\/strong>\r\n<p class=\"schema-faq-answer\">Se il treno la lascia alla stazione Joaqu\u00edn Sorolla, la informiamo che pu\u00f2 prendere un minibus gratuito per la stazione nord. Dalla stazione nord, per raggiungere l&#8217;hotel pu\u00f2 prendere la linea metropolitana n\u00ba5 dalla stazione X\u00e0tiva ad Amistat e camminare per 10 minuti fino ad Avinguda del Port n\u00ba77.\r\n\r\nPu\u00f2 anche prendere l&#8217;autobus numero 4 che la lascer\u00e0 su Avinguda del Port, proprio di fronte all&#8217;hotel (fermata Port-Riu Escalona).<\/p>\r\n\r\n<\/div>\r\n<div id=\"faq-question-1677141949128\" class=\"schema-faq-section\">\r\n\r\n<strong class=\"schema-faq-question\">Come arrivare dalla stazione degli autobus?<\/strong>\r\n<p class=\"schema-faq-answer\">Il percorso pi\u00f9 comodo \u00e8 prendere l&#8217;autobus n\u00ba 92, che pu\u00f2 essere preso in Avenida Pio XII &#8211; Tirso de molina (5 minuti a piedi dalla stazione) fino alla fermata Port &#8211; Riu Escalona, proprio di fronte all&#8217;hotel.<\/p>\r\n\r\n<\/div>\r\n<div id=\"faq-question-1677141746672\" class=\"schema-faq-section\">\r\n\r\n<strong class=\"schema-faq-question\">Come arrivare dalla stazione ferroviaria di Valencia (stazione nord)?<\/strong>\r\n<p class=\"schema-faq-answer\"><\/p>\r\n\r\n<\/div>\r\n<div id=\"faq-question-1677141999143\" class=\"schema-faq-section\">\r\n\r\n<strong class=\"schema-faq-question\">Informazioni sul parcheggio e sugli interessi<\/strong>\r\n<p class=\"schema-faq-answer\">\r\nConsigliamo sempre di utilizzare i <strong>trasporti pubblici<\/strong> per raggiungere il nostro hotel o il taxi. Pu\u00f2 anche raggiungere il nostro hotel in auto. Abbiamo un accordo con <strong>Parking del Palau S.A.<\/strong>.\r\n186 posti auto.\r\n20\u20ac \/ day.\r\nCalle de las islas canarias, 12.\r\nVal\u00e8ncia, Comunidad Valenciana 46023, ES\r\n+34 963374169\r\nAccettiamo pagamenti in contanti e con carta.\r\n\r\n<a href=\"https:\/\/goo.gl\/maps\/PMaSoz2G7UKAnNNaA\" target=\"_blank\" rel=\"noreferrer noopener\">Qui pu\u00f2 vedere l&#8217;indirizzo del parcheggio e come arrivarci.<\/a>\r\n\r\n<\/p>\r\n\r\n<\/div>\r\n<\/div>\n","protected":false},"excerpt":{"rendered":"<p>Posizione Nest Style Hotel Valencia. Hotel su Avenida del Puerto 7 minuti a piedi dal famoso Giardino Turia di Valencia e 1o minuti dalla spiaggia di Malvarrosa di Valencia<\/p>\n","protected":false},"author":7,"featured_media":1304,"parent":0,"menu_order":0,"comment_status":"closed","ping_status":"closed","template":"","meta":{"footnotes":""},"class_list":["post-2075","page","type-page","status-publish","has-post-thumbnail","hentry"],"yoast_head":"<!-- This site is optimized with the Yoast SEO plugin v27.4 - https:\/\/yoast.com\/product\/yoast-seo-wordpress\/ -->\n<title>Posizione Nest Style Hotel Valencia. Hotel su Avenida del Puerto<\/title>\n<meta name=\"description\" content=\"Posizione Nest Style Hotel Valencia. L&#039;hotel si trova in Avenida del Puerto, a 7 minuti a piedi dal famoso Giardino del Turia di Valencia e a 1 minuto dalla spiaggia.\" \/>\n<meta name=\"robots\" content=\"index, follow, max-snippet:-1, max-image-preview:large, max-video-preview:-1\" \/>\n<link rel=\"canonical\" href=\"https:\/\/neststylevalencia.com\/it\/posizione\/\" \/>\n<meta property=\"og:locale\" content=\"it_IT\" \/>\n<meta property=\"og:type\" content=\"article\" \/>\n<meta property=\"og:title\" content=\"Posizione Nest Style Hotel Valencia. Hotel su Avenida del Puerto\" \/>\n<meta property=\"og:description\" content=\"Posizione Nest Style Hotel Valencia. L&#039;hotel si trova in Avenida del Puerto, a 7 minuti a piedi dal famoso Giardino del Turia di Valencia e a 1 minuto dalla spiaggia.\" \/>\n<meta property=\"og:url\" content=\"https:\/\/neststylevalencia.com\/it\/posizione\/\" \/>\n<meta property=\"og:site_name\" content=\"Nest Style Valencia\" \/>\n<meta property=\"article:publisher\" content=\"https:\/\/www.facebook.com\/NestStyleValenciaHotel\/\" \/>\n<meta property=\"article:modified_time\" content=\"2024-05-24T09:09:27+00:00\" \/>\n<meta property=\"og:image\" content=\"https:\/\/neststylevalencia.com\/wp-content\/uploads\/2019\/08\/02common-areas-nest-style-valencia-2019.jpg\" \/>\n\t<meta property=\"og:image:width\" content=\"719\" \/>\n\t<meta property=\"og:image:height\" content=\"1080\" \/>\n\t<meta property=\"og:image:type\" content=\"image\/jpeg\" \/>\n<meta name=\"twitter:card\" content=\"summary_large_image\" \/>\n<meta name=\"twitter:site\" content=\"@neststylevlc\" \/>\n<meta name=\"twitter:label1\" content=\"Tempo di lettura stimato\" \/>\n\t<meta name=\"twitter:data1\" content=\"4 minuti\" \/>\n<script type=\"application\/ld+json\" class=\"yoast-schema-graph\">{\"@context\":\"https:\\\/\\\/schema.org\",\"@graph\":[{\"@type\":[\"WebPage\",\"FAQPage\"],\"@id\":\"https:\\\/\\\/neststylevalencia.com\\\/it\\\/posizione\\\/\",\"url\":\"https:\\\/\\\/neststylevalencia.com\\\/it\\\/posizione\\\/\",\"name\":\"Posizione Nest Style Hotel Valencia. Hotel su Avenida del Puerto\",\"isPartOf\":{\"@id\":\"https:\\\/\\\/neststylevalencia.com\\\/it\\\/#website\"},\"primaryImageOfPage\":{\"@id\":\"https:\\\/\\\/neststylevalencia.com\\\/it\\\/posizione\\\/#primaryimage\"},\"image\":{\"@id\":\"https:\\\/\\\/neststylevalencia.com\\\/it\\\/posizione\\\/#primaryimage\"},\"thumbnailUrl\":\"https:\\\/\\\/neststylevalencia.com\\\/wp-content\\\/uploads\\\/2019\\\/08\\\/02common-areas-nest-style-valencia-2019.jpg\",\"datePublished\":\"2019-07-18T11:53:59+00:00\",\"dateModified\":\"2024-05-24T09:09:27+00:00\",\"description\":\"Posizione Nest Style Hotel Valencia. L'hotel si trova in Avenida del Puerto, a 7 minuti a piedi dal famoso Giardino del Turia di Valencia e a 1 minuto dalla spiaggia.\",\"mainEntity\":[{\"@id\":\"https:\\\/\\\/neststylevalencia.com\\\/it\\\/posizione\\\/#faq-question-1677141630615\"},{\"@id\":\"https:\\\/\\\/neststylevalencia.com\\\/it\\\/posizione\\\/#faq-question-1677141916936\"},{\"@id\":\"https:\\\/\\\/neststylevalencia.com\\\/it\\\/posizione\\\/#faq-question-1677141949128\"},{\"@id\":\"https:\\\/\\\/neststylevalencia.com\\\/it\\\/posizione\\\/#faq-question-1677141999143\"}],\"inLanguage\":\"it-IT\",\"potentialAction\":[{\"@type\":\"ReadAction\",\"target\":[\"https:\\\/\\\/neststylevalencia.com\\\/it\\\/posizione\\\/\"]}]},{\"@type\":\"ImageObject\",\"inLanguage\":\"it-IT\",\"@id\":\"https:\\\/\\\/neststylevalencia.com\\\/it\\\/posizione\\\/#primaryimage\",\"url\":\"https:\\\/\\\/neststylevalencia.com\\\/wp-content\\\/uploads\\\/2019\\\/08\\\/02common-areas-nest-style-valencia-2019.jpg\",\"contentUrl\":\"https:\\\/\\\/neststylevalencia.com\\\/wp-content\\\/uploads\\\/2019\\\/08\\\/02common-areas-nest-style-valencia-2019.jpg\",\"width\":719,\"height\":1080,\"caption\":\"Location Nest Style Valencia Hotel\"},{\"@type\":\"WebSite\",\"@id\":\"https:\\\/\\\/neststylevalencia.com\\\/it\\\/#website\",\"url\":\"https:\\\/\\\/neststylevalencia.com\\\/it\\\/\",\"name\":\"Nest Style Valencia\",\"description\":\"Eleganza e semplicit\u00e0\",\"publisher\":{\"@id\":\"https:\\\/\\\/neststylevalencia.com\\\/it\\\/#organization\"},\"alternateName\":\"Nest Style Valencia Hotel\",\"potentialAction\":[{\"@type\":\"SearchAction\",\"target\":{\"@type\":\"EntryPoint\",\"urlTemplate\":\"https:\\\/\\\/neststylevalencia.com\\\/it\\\/?s={search_term_string}\"},\"query-input\":{\"@type\":\"PropertyValueSpecification\",\"valueRequired\":true,\"valueName\":\"search_term_string\"}}],\"inLanguage\":\"it-IT\"},{\"@type\":\"Organization\",\"@id\":\"https:\\\/\\\/neststylevalencia.com\\\/it\\\/#organization\",\"name\":\"Nest Style Valencia\",\"alternateName\":\"Nest Style Valencia Hotel\",\"url\":\"https:\\\/\\\/neststylevalencia.com\\\/it\\\/\",\"logo\":{\"@type\":\"ImageObject\",\"inLanguage\":\"it-IT\",\"@id\":\"https:\\\/\\\/neststylevalencia.com\\\/it\\\/#\\\/schema\\\/logo\\\/image\\\/\",\"url\":\"https:\\\/\\\/neststylevalencia.com\\\/wp-content\\\/uploads\\\/2019\\\/07\\\/logo-web-nest-style-valencia-2019.jpg\",\"contentUrl\":\"https:\\\/\\\/neststylevalencia.com\\\/wp-content\\\/uploads\\\/2019\\\/07\\\/logo-web-nest-style-valencia-2019.jpg\",\"width\":1200,\"height\":1200,\"caption\":\"Nest Style Valencia\"},\"image\":{\"@id\":\"https:\\\/\\\/neststylevalencia.com\\\/it\\\/#\\\/schema\\\/logo\\\/image\\\/\"},\"sameAs\":[\"https:\\\/\\\/www.facebook.com\\\/NestStyleValenciaHotel\\\/\",\"https:\\\/\\\/x.com\\\/neststylevlc\",\"https:\\\/\\\/www.instagram.com\\\/neststylevalencia\\\/\",\"https:\\\/\\\/www.linkedin.com\\\/company\\\/nest-style-valencia-hotel\\\/\",\"https:\\\/\\\/www.youtube.com\\\/@neststylevalenciahotel\",\"https:\\\/\\\/www.tripadvisor.com\\\/Hotel_Review-g187529-d18379474-Reviews-Nest_Style_Hotel_Valencia-Valencia_Province_of_Valencia_Valencian_Country.html\",\"https:\\\/\\\/snapchat.com\\\/add\\\/neststylevlc\",\"https:\\\/\\\/vk.com\\\/neststylevalenciahotel\",\"https:\\\/\\\/g.page\\\/NestStyleHotelValencia\\\/\",\"https:\\\/\\\/www.tiktok.com\\\/@neststylevalenciahotel\"]},{\"@type\":\"Question\",\"@id\":\"https:\\\/\\\/neststylevalencia.com\\\/it\\\/posizione\\\/#faq-question-1677141630615\",\"position\":1,\"url\":\"https:\\\/\\\/neststylevalencia.com\\\/it\\\/posizione\\\/#faq-question-1677141630615\",\"name\":\"How to get to from manises airport?\",\"answerCount\":1,\"acceptedAnswer\":{\"@type\":\"Answer\",\"text\":\"To get to the hotel from the airport, the fastest way is taking the subway line n\u00ba 5, which is within the airport, to the Amistat stop, and walk 10 minutes to the Port N\u00ba. 77.<br\\\/>The last metro from the airport leaves around 23:45.<br\\\/>We offer airport shuttle for only 28\u20ac.<br\\\/>In order to book this service, contact us 24h before.<br\\\/>\",\"inLanguage\":\"it-IT\"},\"inLanguage\":\"it-IT\"},{\"@type\":\"Question\",\"@id\":\"https:\\\/\\\/neststylevalencia.com\\\/it\\\/posizione\\\/#faq-question-1677141916936\",\"position\":2,\"url\":\"https:\\\/\\\/neststylevalencia.com\\\/it\\\/posizione\\\/#faq-question-1677141916936\",\"name\":\"How to get from the joaquin sorolla train station?\",\"answerCount\":1,\"acceptedAnswer\":{\"@type\":\"Answer\",\"text\":\"In case the train leaves you at the Joaqu\u00edn Sorolla station, we inform you that you can take a free minibus to the north station. From the north station, to reach the hotel you can take the metro line n\u00ba5 from X\u00e0tiva station to Amistat and walk 10 minutes to Avinguda del Port n\u00ba77.<br\\\/><br\\\/>You can also take bus number 4 that will leave you on Avinguda del Port, right in front of the hotel (bus stop Port-Riu Escalona).<br\\\/>\",\"inLanguage\":\"it-IT\"},\"inLanguage\":\"it-IT\"},{\"@type\":\"Question\",\"@id\":\"https:\\\/\\\/neststylevalencia.com\\\/it\\\/posizione\\\/#faq-question-1677141949128\",\"position\":3,\"url\":\"https:\\\/\\\/neststylevalencia.com\\\/it\\\/posizione\\\/#faq-question-1677141949128\",\"name\":\"How to get from the bus station?\",\"answerCount\":1,\"acceptedAnswer\":{\"@type\":\"Answer\",\"text\":\"The most convenient route is by taking the bus n\u00ba 92, which can be taken at Avenida Pio XII \u2013 Tirso de molina (5 min walk from the station) to the Port \u2013 Riu Escalona stop, just in front of the hotel.<br\\\/>\",\"inLanguage\":\"it-IT\"},\"inLanguage\":\"it-IT\"},{\"@type\":\"Question\",\"@id\":\"https:\\\/\\\/neststylevalencia.com\\\/it\\\/posizione\\\/#faq-question-1677141999143\",\"position\":5,\"url\":\"https:\\\/\\\/neststylevalencia.com\\\/it\\\/posizione\\\/#faq-question-1677141999143\",\"name\":\"Parking and interest information\",\"answerCount\":1,\"acceptedAnswer\":{\"@type\":\"Answer\",\"text\":\"<br\\\/>We always recommend using the <strong>public transport<\\\/strong> to reach our hotel or taxi. You can also get to our hotel by car. We have an agreement with <strong>Parking del Palau S.A<\\\/strong>.<br\\\/>186 parking spaces.<br\\\/>20\u20ac \\\/ day.<br\\\/>Calle de las islas canarias, 12.<br\\\/>Val\u00e8ncia, Comunidad Valenciana 46023, ES<br\\\/>+34 963374169<br\\\/>We accept payments in cash and card.<br\\\/><br\\\/><a href=\\\"https:\\\/\\\/goo.gl\\\/maps\\\/PMaSoz2G7UKAnNNaA\\\" target=\\\"_blank\\\" rel=\\\"noreferrer noopener\\\">Here you can see the address of the Parking and how to get there.<\\\/a><br\\\/><br\\\/>\",\"inLanguage\":\"it-IT\"},\"inLanguage\":\"it-IT\"}]}<\/script>\n<!-- \/ Yoast SEO plugin. -->","yoast_head_json":{"title":"Posizione Nest Style Hotel Valencia. Hotel su Avenida del Puerto","description":"Posizione Nest Style Hotel Valencia. L'hotel si trova in Avenida del Puerto, a 7 minuti a piedi dal famoso Giardino del Turia di Valencia e a 1 minuto dalla spiaggia.","robots":{"index":"index","follow":"follow","max-snippet":"max-snippet:-1","max-image-preview":"max-image-preview:large","max-video-preview":"max-video-preview:-1"},"canonical":"https:\/\/neststylevalencia.com\/it\/posizione\/","og_locale":"it_IT","og_type":"article","og_title":"Posizione Nest Style Hotel Valencia. Hotel su Avenida del Puerto","og_description":"Posizione Nest Style Hotel Valencia. L'hotel si trova in Avenida del Puerto, a 7 minuti a piedi dal famoso Giardino del Turia di Valencia e a 1 minuto dalla spiaggia.","og_url":"https:\/\/neststylevalencia.com\/it\/posizione\/","og_site_name":"Nest Style Valencia","article_publisher":"https:\/\/www.facebook.com\/NestStyleValenciaHotel\/","article_modified_time":"2024-05-24T09:09:27+00:00","og_image":[{"width":719,"height":1080,"url":"https:\/\/neststylevalencia.com\/wp-content\/uploads\/2019\/08\/02common-areas-nest-style-valencia-2019.jpg","type":"image\/jpeg"}],"twitter_card":"summary_large_image","twitter_site":"@neststylevlc","twitter_misc":{"Tempo di lettura stimato":"4 minuti"},"schema":{"@context":"https:\/\/schema.org","@graph":[{"@type":["WebPage","FAQPage"],"@id":"https:\/\/neststylevalencia.com\/it\/posizione\/","url":"https:\/\/neststylevalencia.com\/it\/posizione\/","name":"Posizione Nest Style Hotel Valencia. Hotel su Avenida del Puerto","isPartOf":{"@id":"https:\/\/neststylevalencia.com\/it\/#website"},"primaryImageOfPage":{"@id":"https:\/\/neststylevalencia.com\/it\/posizione\/#primaryimage"},"image":{"@id":"https:\/\/neststylevalencia.com\/it\/posizione\/#primaryimage"},"thumbnailUrl":"https:\/\/neststylevalencia.com\/wp-content\/uploads\/2019\/08\/02common-areas-nest-style-valencia-2019.jpg","datePublished":"2019-07-18T11:53:59+00:00","dateModified":"2024-05-24T09:09:27+00:00","description":"Posizione Nest Style Hotel Valencia. L'hotel si trova in Avenida del Puerto, a 7 minuti a piedi dal famoso Giardino del Turia di Valencia e a 1 minuto dalla spiaggia.","mainEntity":[{"@id":"https:\/\/neststylevalencia.com\/it\/posizione\/#faq-question-1677141630615"},{"@id":"https:\/\/neststylevalencia.com\/it\/posizione\/#faq-question-1677141916936"},{"@id":"https:\/\/neststylevalencia.com\/it\/posizione\/#faq-question-1677141949128"},{"@id":"https:\/\/neststylevalencia.com\/it\/posizione\/#faq-question-1677141999143"}],"inLanguage":"it-IT","potentialAction":[{"@type":"ReadAction","target":["https:\/\/neststylevalencia.com\/it\/posizione\/"]}]},{"@type":"ImageObject","inLanguage":"it-IT","@id":"https:\/\/neststylevalencia.com\/it\/posizione\/#primaryimage","url":"https:\/\/neststylevalencia.com\/wp-content\/uploads\/2019\/08\/02common-areas-nest-style-valencia-2019.jpg","contentUrl":"https:\/\/neststylevalencia.com\/wp-content\/uploads\/2019\/08\/02common-areas-nest-style-valencia-2019.jpg","width":719,"height":1080,"caption":"Location Nest Style Valencia Hotel"},{"@type":"WebSite","@id":"https:\/\/neststylevalencia.com\/it\/#website","url":"https:\/\/neststylevalencia.com\/it\/","name":"Nest Style Valencia","description":"Eleganza e semplicit\u00e0","publisher":{"@id":"https:\/\/neststylevalencia.com\/it\/#organization"},"alternateName":"Nest Style Valencia Hotel","potentialAction":[{"@type":"SearchAction","target":{"@type":"EntryPoint","urlTemplate":"https:\/\/neststylevalencia.com\/it\/?s={search_term_string}"},"query-input":{"@type":"PropertyValueSpecification","valueRequired":true,"valueName":"search_term_string"}}],"inLanguage":"it-IT"},{"@type":"Organization","@id":"https:\/\/neststylevalencia.com\/it\/#organization","name":"Nest Style Valencia","alternateName":"Nest Style Valencia Hotel","url":"https:\/\/neststylevalencia.com\/it\/","logo":{"@type":"ImageObject","inLanguage":"it-IT","@id":"https:\/\/neststylevalencia.com\/it\/#\/schema\/logo\/image\/","url":"https:\/\/neststylevalencia.com\/wp-content\/uploads\/2019\/07\/logo-web-nest-style-valencia-2019.jpg","contentUrl":"https:\/\/neststylevalencia.com\/wp-content\/uploads\/2019\/07\/logo-web-nest-style-valencia-2019.jpg","width":1200,"height":1200,"caption":"Nest Style Valencia"},"image":{"@id":"https:\/\/neststylevalencia.com\/it\/#\/schema\/logo\/image\/"},"sameAs":["https:\/\/www.facebook.com\/NestStyleValenciaHotel\/","https:\/\/x.com\/neststylevlc","https:\/\/www.instagram.com\/neststylevalencia\/","https:\/\/www.linkedin.com\/company\/nest-style-valencia-hotel\/","https:\/\/www.youtube.com\/@neststylevalenciahotel","https:\/\/www.tripadvisor.com\/Hotel_Review-g187529-d18379474-Reviews-Nest_Style_Hotel_Valencia-Valencia_Province_of_Valencia_Valencian_Country.html","https:\/\/snapchat.com\/add\/neststylevlc","https:\/\/vk.com\/neststylevalenciahotel","https:\/\/g.page\/NestStyleHotelValencia\/","https:\/\/www.tiktok.com\/@neststylevalenciahotel"]},{"@type":"Question","@id":"https:\/\/neststylevalencia.com\/it\/posizione\/#faq-question-1677141630615","position":1,"url":"https:\/\/neststylevalencia.com\/it\/posizione\/#faq-question-1677141630615","name":"How to get to from manises airport?","answerCount":1,"acceptedAnswer":{"@type":"Answer","text":"To get to the hotel from the airport, the fastest way is taking the subway line n\u00ba 5, which is within the airport, to the Amistat stop, and walk 10 minutes to the Port N\u00ba. 77.<br\/>The last metro from the airport leaves around 23:45.<br\/>We offer airport shuttle for only 28\u20ac.<br\/>In order to book this service, contact us 24h before.<br\/>","inLanguage":"it-IT"},"inLanguage":"it-IT"},{"@type":"Question","@id":"https:\/\/neststylevalencia.com\/it\/posizione\/#faq-question-1677141916936","position":2,"url":"https:\/\/neststylevalencia.com\/it\/posizione\/#faq-question-1677141916936","name":"How to get from the joaquin sorolla train station?","answerCount":1,"acceptedAnswer":{"@type":"Answer","text":"In case the train leaves you at the Joaqu\u00edn Sorolla station, we inform you that you can take a free minibus to the north station. From the north station, to reach the hotel you can take the metro line n\u00ba5 from X\u00e0tiva station to Amistat and walk 10 minutes to Avinguda del Port n\u00ba77.<br\/><br\/>You can also take bus number 4 that will leave you on Avinguda del Port, right in front of the hotel (bus stop Port-Riu Escalona).<br\/>","inLanguage":"it-IT"},"inLanguage":"it-IT"},{"@type":"Question","@id":"https:\/\/neststylevalencia.com\/it\/posizione\/#faq-question-1677141949128","position":3,"url":"https:\/\/neststylevalencia.com\/it\/posizione\/#faq-question-1677141949128","name":"How to get from the bus station?","answerCount":1,"acceptedAnswer":{"@type":"Answer","text":"The most convenient route is by taking the bus n\u00ba 92, which can be taken at Avenida Pio XII \u2013 Tirso de molina (5 min walk from the station) to the Port \u2013 Riu Escalona stop, just in front of the hotel.<br\/>","inLanguage":"it-IT"},"inLanguage":"it-IT"},{"@type":"Question","@id":"https:\/\/neststylevalencia.com\/it\/posizione\/#faq-question-1677141999143","position":5,"url":"https:\/\/neststylevalencia.com\/it\/posizione\/#faq-question-1677141999143","name":"Parking and interest information","answerCount":1,"acceptedAnswer":{"@type":"Answer","text":"<br\/>We always recommend using the <strong>public transport<\/strong> to reach our hotel or taxi. You can also get to our hotel by car. We have an agreement with <strong>Parking del Palau S.A<\/strong>.<br\/>186 parking spaces.<br\/>20\u20ac \/ day.<br\/>Calle de las islas canarias, 12.<br\/>Val\u00e8ncia, Comunidad Valenciana 46023, ES<br\/>+34 963374169<br\/>We accept payments in cash and card.<br\/><br\/><a href=\"https:\/\/goo.gl\/maps\/PMaSoz2G7UKAnNNaA\" target=\"_blank\" rel=\"noreferrer noopener\">Here you can see the address of the Parking and how to get there.<\/a><br\/><br\/>","inLanguage":"it-IT"},"inLanguage":"it-IT"}]}},"_links":{"self":[{"href":"https:\/\/neststylevalencia.com\/it\/wp-json\/wp\/v2\/pages\/2075","targetHints":{"allow":["GET"]}}],"collection":[{"href":"https:\/\/neststylevalencia.com\/it\/wp-json\/wp\/v2\/pages"}],"about":[{"href":"https:\/\/neststylevalencia.com\/it\/wp-json\/wp\/v2\/types\/page"}],"author":[{"embeddable":true,"href":"https:\/\/neststylevalencia.com\/it\/wp-json\/wp\/v2\/users\/7"}],"replies":[{"embeddable":true,"href":"https:\/\/neststylevalencia.com\/it\/wp-json\/wp\/v2\/comments?post=2075"}],"version-history":[{"count":0,"href":"https:\/\/neststylevalencia.com\/it\/wp-json\/wp\/v2\/pages\/2075\/revisions"}],"wp:featuredmedia":[{"embeddable":true,"href":"https:\/\/neststylevalencia.com\/it\/wp-json\/wp\/v2\/media\/1304"}],"wp:attachment":[{"href":"https:\/\/neststylevalencia.com\/it\/wp-json\/wp\/v2\/media?parent=2075"}],"curies":[{"name":"wp","href":"https:\/\/api.w.org\/{rel}","templated":true}]}}