{"id":2222,"date":"2019-09-25T11:09:03","date_gmt":"2019-09-25T11:09:03","guid":{"rendered":"https:\/\/neststylevalencia.com\/terms-conditions\/"},"modified":"2024-05-24T09:08:43","modified_gmt":"2024-05-24T09:08:43","slug":"note-legali","status":"publish","type":"page","link":"https:\/\/neststylevalencia.com\/it\/note-legali\/","title":{"rendered":"Note legali"},"content":{"rendered":"\n<h2 class=\"wp-block-heading\">1. Scopo e accettazione.<\/h2>\n\n<p>La presente nota legale regola l&#8217;utilizzo del sito web <a href=\"https:\/\/nesthostelsvalencia.com\/it\/\" target=\"_blank\" rel=\"noreferrer noopener\">https:\/\/neststylevalencia.com\/<\/a> (di seguito, IL WEB), di propriet\u00e0 di 77 LUXURY SUITES VALENCIA. S.L. (di seguito, IL PROPRIETARIO DEL WEB).<\/p>\n\n<p>La navigazione sul sito web del PROPRIETARIO DEL WEB attribuisce la condizione di utente dello stesso e implica l&#8217;accettazione piena e senza riserve di tutte le disposizioni incluse nel presente Avviso legale, che pu\u00f2 essere modificato.<\/p>\n\n<p>The user undertakes to make correct use of the website in accordance with the law, good faith, public order, traffic uses, and this Legal Notice. The user will respond to THE OWNER OF THE WEBSITE or to third parties, for any damages that may be caused as a result of a breach of said obligation.<\/p>\n\n<h2 class=\"wp-block-heading\">2. Identificazione e comunicazione.<\/h2>\n\n<p>IL PROPRIETARIO DEL WEB, in conformit\u00e0 con la legge 34\/2002, dell&#8217;11 luglio, sui servizi della societ\u00e0 dell&#8217;informazione e del commercio elettronico, informa che:<\/p>\n\n<ul class=\"wp-block-list\">\n<li>La sua ragione sociale \u00e8: 77 LUXURY SUITES VALENCIA. S.L.<\/li>\n\n\n\n<li>CIF\/NIF\/NIE is: B98895303<\/li>\n\n\n\n<li>La sua sede legale si trova a: Avd. del Puerto n\u00ba 7746021 VALENCIA<\/li>\n\n\n\n<li>Registered in the Mercantile Registry of: VALENCIA, VOLUME 9055, BOOK 6339, FOLIO 37, SECTION 8, SHEET V-134583, INSCRIPTION 1\u00aa.<\/li>\n\n\n\n<li>Telefono: <a href=\"tel:+34960694010\" target=\"_blank\" rel=\"noreferrer noopener\">+34 960 69 40 10<\/a><\/li>\n\n\n\n<li>Email: <a href=\"mailto:reception@neststylevalencia.com\">reception@neststylevalencia.com<\/a><\/li>\n<\/ul>\n\n<h2 class=\"wp-block-heading\">3. Comunicazioni.<\/h2>\n\n<p>Tutte le notifiche e le comunicazioni tra gli utenti e il PROPRIETARIO DEL WEB saranno considerate efficaci, a tutti gli effetti, quando vengono effettuate tramite posta o qualsiasi altro mezzo indicato di seguito:<\/p>\n\n<ul class=\"wp-block-list\">\n<li>Telefono: <a href=\"tel:+34960694010\" target=\"_blank\" rel=\"noreferrer noopener\">+34 960 69 40 10<\/a><\/li>\n\n\n\n<li>Email: <a href=\"mailto:reception@neststylevalencia.com\">reception@neststylevalencia.com<\/a><\/li>\n<\/ul>\n\n<h2 class=\"wp-block-heading\">4. Condizioni di accesso e utilizzo.<\/h2>\n\n<p>Il sito web e i suoi servizi sono di libero accesso, tuttavia il PROPRIETARIO DEL WEB condiziona l&#8217;utilizzo di alcuni dei servizi offerti sul suo sito web alla previa compilazione del modulo corrispondente.<\/p>\n\n<p>L&#8217;utente garantisce l&#8217;autenticit\u00e0 e l&#8217;attualit\u00e0 di tutti i dati comunicati al PROPRIETARIO DEL SITO e sar\u00e0 l&#8217;unico responsabile di eventuali dichiarazioni false o inesatte.<\/p>\n\n<p>L&#8217;utente si impegna espressamente a fare un uso appropriato dei contenuti e dei servizi del PROPRIETARIO DEL WEB e a non utilizzarli, tra l&#8217;altro, per:<\/p>\n\n<ul class=\"wp-block-list\">\n<li>Diffondere contenuti criminali, violenti, pornografici, razzisti, xenofobi, offensivi, che incitano al terrorismo o, in generale, contrari alla legge o all&#8217;ordine pubblico.<\/li>\n\n\n\n<li>Introdurre virus informatici nella rete o compiere azioni che possano alterare, rovinare, interrompere o generare errori o danni a documenti elettronici, dati o sistemi fisici e logici del PROPRIETARIO DEL SITO WEB o di terzi; nonch\u00e9 ostacolare l&#8217;accesso di altri utenti al sito web e ai suoi servizi attraverso il consumo massiccio di risorse informatiche con cui il PROPRIETARIO DEL WEB fornisce i suoi servizi.<\/li>\n\n\n\n<li>Tentare di accedere agli account e-mail di altri utenti o alle aree riservate dei sistemi informatici del PROPRIETARIO DEL SITO WEB o di terzi e, se del caso, estrarre informazioni.<\/li>\n\n\n\n<li>Violare i diritti di propriet\u00e0 intellettuale o industriale, nonch\u00e9 violare la riservatezza delle informazioni del PROPRIETARIO DEL SITO WEB o di terzi.<\/li>\n\n\n\n<li>Impersonare l&#8217;identit\u00e0 di un altro utente, dell&#8217;amministrazione pubblica o di una terza parte.<\/li>\n\n\n\n<li>Riprodurre, copiare, distribuire, mettere a disposizione, o qualsiasi altra forma di comunicazione pubblica, trasformare o modificare i contenuti, a meno che non abbia l&#8217;autorizzazione del titolare dei diritti corrispondenti, o ci\u00f2 sia legalmente consentito.<\/li>\n\n\n\n<li>Raccogliere dati a scopo pubblicitario e inviare pubblicit\u00e0 di qualsiasi tipo e comunicazioni a scopo di vendita o di altro tipo di natura commerciale senza la sua preventiva richiesta o consenso.<\/li>\n<\/ul>\n\n<h2 class=\"wp-block-heading\">5. Propriet\u00e0 intellettuale e industriale.<\/h2>\n\n<p>Tutti i contenuti del sito web, quali testi, fotografie, grafici, immagini, icone, tecnologia, software, nonch\u00e9 il suo design grafico e i codici sorgente, costituiscono un&#8217;opera la cui propriet\u00e0 appartiene al PROPRIETARIO DEL WEB, senza che si intenda trasferito all&#8217;utente alcun diritto di sfruttamento su di essi al di l\u00e0 di quanto strettamente necessario per il corretto utilizzo del web.<\/p>\n\n<p>In breve, gli utenti che accedono a questo sito web possono visualizzarne i contenuti e farne, se del caso, copie private autorizzate, a condizione che gli elementi riprodotti non vengano successivamente trasferiti a terzi, n\u00e9 installati su server collegati in rete, n\u00e9 siano soggetti ad alcun tipo di sfruttamento.<\/p>\n\n<p>Allo stesso modo, tutti i marchi, i nomi commerciali o i segni distintivi di qualsiasi tipo che compaiono sul sito web sono di propriet\u00e0 del PROPRIETARIO DEL WEB, senza che sia inteso che l&#8217;uso o l&#8217;accesso ad essi attribuisca all&#8217;utente alcun diritto su di essi.<\/p>\n\n<p>\u00c8 vietata la distribuzione, la modifica, la cessione o la comunicazione pubblica dei contenuti e qualsiasi altro atto non espressamente autorizzato dal titolare dei diritti di sfruttamento.<\/p>\n\n<h2 class=\"wp-block-heading\">6. Collegamenti ipertestuali.<\/h2>\n\n<p>La creazione di un collegamento ipertestuale non implica in alcun caso l\u2019esistenza di relazioni tra IL PROPRIETARIO DEL WEB e il proprietario del sito web in cui \u00e8 stato creato, n\u00e9 l\u2019accettazione e l\u2019approvazione da parte del PROPRIETARIO DEL WEB dei suoi contenuti o servizi.<\/p>\n\n<p>Chi intende stabilire un collegamento ipertestuale deve preventivamente richiedere l\u2019autorizzazione scritta al PROPRIETARIO DEL WEB.<\/p>\n\n<p>In ogni caso, il collegamento ipertestuale consentir\u00e0 solo l\u2019accesso alla home page o alla pagina iniziale del nostro sito web; allo stesso modo, \u00e8 necessario astenersi dal fare dichiarazioni o indicazioni false, imprecise o inesatte sul PROPRIETARIO DEL WEB, o includere contenuti illegali, contrari ai buoni costumi e all\u2019ordine pubblico.<\/p>\n\n<p>Il PROPRIETARIO DEL SITO non \u00e8 responsabile dell&#8217;uso che ogni utente fa dei materiali messi a disposizione su questo sito o delle azioni compiute sulla base di essi.<\/p>\n\n<p>Nei collegamenti ipertestuali ad altri luoghi, come nel caso dei social network, IL PROPRIETARIO DEL WEB non eserciter\u00e0 alcun controllo su questi luoghi e contenuti, non si assumer\u00e0 alcuna responsabilit\u00e0 per i contenuti di qualsiasi link appartenente ad altri siti web esterni, n\u00e9 garantir\u00e0 la tecnica di disponibilit\u00e0, la qualit\u00e0, l&#8217;affidabilit\u00e0, l&#8217;accuratezza, l&#8217;ampiezza, la veridicit\u00e0 e la validit\u00e0 di qualsiasi materiale o informazione contenuta in qualsiasi di questi collegamenti ipertestuali o altri siti Internet.<\/p>\n\n<h2 class=\"wp-block-heading\">7. Esclusione di garanzie e responsabilit\u00e0.<\/h2>\n\n<p>Il contenuto di questo sito web \u00e8 di natura generale e ha uno scopo puramente informativo, senza garantire pienamente l&#8217;accesso a tutti i contenuti, n\u00e9 la loro completezza, correttezza, validit\u00e0 o tempestivit\u00e0, n\u00e9 la loro idoneit\u00e0 o utilit\u00e0 per uno scopo specifico.<\/p>\n\n<p>IL PROPRIETARIO DEL WEB esclude, nella misura consentita dalla legge, qualsiasi responsabilit\u00e0 per danni di qualsiasi natura derivanti da:<\/p>\n\n<ul class=\"wp-block-list\">\n<li>L&#8217;impossibilit\u00e0 di accedere al sito web o la mancanza di veridicit\u00e0, accuratezza, completezza e\/o tempestivit\u00e0 dei contenuti, cos\u00ec come l&#8217;esistenza di vizi e difetti di ogni tipo dei contenuti trasmessi, diffusi, memorizzati, resi disponibili, a cui si \u00e8 acceduto attraverso il sito web o i servizi offerti.<\/li>\n\n\n\n<li>La presenza di virus o altri elementi nel contenuto che possono causare alterazioni nei sistemi informatici, nei documenti elettronici o nei dati degli utenti.<\/li>\n\n\n\n<li>L&#8217;inosservanza delle leggi, della buona fede, dell&#8217;ordine pubblico, degli usi del traffico e del presente avviso legale come conseguenza di un uso scorretto del sito web. In particolare, e a titolo esemplificativo, IL PROPRIETARIO DEL WEB non \u00e8 responsabile delle azioni di terzi che violano i diritti di propriet\u00e0 intellettuale e industriale, i segreti aziendali, i diritti all&#8217;onore, la privacy personale e familiare e l&#8217;immagine stessa, nonch\u00e9 le norme sulla concorrenza sleale e la pubblicit\u00e0 illecita.<\/li>\n<\/ul>\n\n<p>Allo stesso modo, IL PROPRIETARIO DEL WEB declina ogni responsabilit\u00e0 riguardo alle informazioni che si trovano al di fuori di questo sito web e che non sono gestite direttamente dal nostro webmaster.<\/p>\n\n<p>La funzione dei link che appaiono su questo sito web \u00e8 esclusivamente quella di informare l&#8217;utente sull&#8217;esistenza di altre fonti in grado di ampliare i contenuti offerti da questo sito web.<\/p>\n\n<p>Il PROPRIETARIO DEL SITO non garantisce n\u00e9 si assume la responsabilit\u00e0 del funzionamento o dell&#8217;accessibilit\u00e0 dei siti collegati, n\u00e9 suggerisce, invita o raccomanda la visita ad essi, pertanto non sar\u00e0 responsabile del risultato ottenuto.<\/p>\n\n<p>Il PROPRIETARIO DEL WEB non \u00e8 responsabile della creazione di collegamenti ipertestuali da parte di terzi.<\/p>\n\n<h2 class=\"wp-block-heading\">8. Procedura in caso di svolgimento di attivit\u00e0 illegali.<\/h2>\n\n<p>Qualora IL PROPRIETARIO DEL WEB venga a conoscenza dell&#8217;utilizzo dei servizi web per attivit\u00e0 lesive dei diritti o che costituiscono atti illeciti, adotter\u00e0 le misure necessarie per reprimere ed eliminare tali attivit\u00e0, riservandosi il diritto di avviare azioni legali.<\/p>\n\n<p>Nel caso in cui un utente o un terzo ritenga che esistano fatti o circostanze che rivelino la natura illecita dell&#8217;uso di qualsiasi contenuto e\/o dell&#8217;esecuzione di qualsiasi attivit\u00e0 sulle pagine web incluse o accessibili attraverso il sito web, dovr\u00e0 inviare una notifica al PROPRIETARIO DEL WEB identificandosi debitamente, specificando le presunte infrazioni.<\/p>\n\n<h2 class=\"wp-block-heading\">9. <a href=\"https:\/\/neststylevalencia.com\/it\/blog\/\">Pubblicazioni<\/a>.<\/h2>\n\n<p>Le informazioni amministrative fornite attraverso il sito web non sostituiscono la pubblicit\u00e0 legale delle leggi, dei regolamenti, dei piani, delle disposizioni generali e degli atti che devono essere pubblicati formalmente sui giornali ufficiali delle amministrazioni pubbliche, che costituiscono l&#8217;unico strumento che ne attesta l&#8217;autenticit\u00e0 e il contenuto.<\/p>\n\n<p>Le informazioni disponibili su questo sito web devono essere intese come una guida, senza che abbiano validit\u00e0 legale.<\/p>\n\n<h2 class=\"wp-block-heading\">10. Legislazione e giurisdizione applicabili.<\/h2>\n\n<p>Il presente Avviso legale \u00e8 disciplinato dalla legge spagnola. Le parti accettano di sottoporsi alla giurisdizione delle Corti e dei Tribunali ad esse corrispondenti in base alla legislazione procedurale applicabile.<\/p>\n\n<p><\/p>\n\n<figure class=\"wp-block-image aligncenter size-full\"><img fetchpriority=\"high\" decoding=\"async\" width=\"720\" height=\"1080\" src=\"https:\/\/neststylevalencia.com\/wp-content\/uploads\/2019\/08\/12common-areas-nest-style-valencia-2019.jpg\" alt=\"Avvisi legali\" class=\"wp-image-1342\" srcset=\"https:\/\/neststylevalencia.com\/wp-content\/uploads\/2019\/08\/12common-areas-nest-style-valencia-2019.jpg 720w, https:\/\/neststylevalencia.com\/wp-content\/uploads\/2019\/08\/12common-areas-nest-style-valencia-2019-200x300.jpg 200w, https:\/\/neststylevalencia.com\/wp-content\/uploads\/2019\/08\/12common-areas-nest-style-valencia-2019-683x1024.jpg 683w, https:\/\/neststylevalencia.com\/wp-content\/uploads\/2019\/08\/12common-areas-nest-style-valencia-2019-97x146.jpg 97w, https:\/\/neststylevalencia.com\/wp-content\/uploads\/2019\/08\/12common-areas-nest-style-valencia-2019-33x50.jpg 33w, https:\/\/neststylevalencia.com\/wp-content\/uploads\/2019\/08\/12common-areas-nest-style-valencia-2019-50x75.jpg 50w\" sizes=\"(max-width: 720px) 100vw, 720px\" \/><\/figure>\n","protected":false},"excerpt":{"rendered":"<p>Questa nota legale regola l&#8217;uso del sito neststylevalencia.com (qui di seguito, THE WEB), che \u00e8 il proprietario 77 LUXURY SUITES VALENCIA SL (qui di seguito, IL PROPRIETARIO DEL WEB). La navigazione del sito web di THE OWNER OF THE WEB attribuisce la condizione dell&#8217;utente e implica l&#8217;accettazione completa e senza riserve di ciascuna delle disposizioni incluse nella presente Nota Legale, che pu\u00f2 essere modificata. L&#8217;utente si impegna a fare un uso corretto del sito web in conformit\u00e0 con le leggi, buona fede, ordine pubblico, usi del traffico e la presente nota legale. L&#8217;utente sar\u00e0 responsabile di THE OWNER OF THE WEB o di terzi, per eventuali danni che possono essere causati a seguito di violazione di tale obbligo.<\/p>\n","protected":false},"author":7,"featured_media":636,"parent":0,"menu_order":0,"comment_status":"closed","ping_status":"closed","template":"","meta":{"footnotes":""},"class_list":["post-2222","page","type-page","status-publish","has-post-thumbnail","hentry"],"yoast_head":"<!-- This site is optimized with the Yoast SEO plugin v27.4 - https:\/\/yoast.com\/product\/yoast-seo-wordpress\/ -->\n<title>Avvertenze legali. Condizioni di utilizzo, finalit\u00e0<\/title>\n<meta name=\"description\" content=\"Avvertenze legali. Termini e condizioni di utilizzo, finalit\u00e0 e accettazione degli utenti. L&#039;utente \u00e8 tenuto a fare un uso corretto del sito web\" \/>\n<meta name=\"robots\" content=\"index, follow, max-snippet:-1, max-image-preview:large, max-video-preview:-1\" \/>\n<link rel=\"canonical\" href=\"https:\/\/neststylevalencia.com\/it\/note-legali\/\" \/>\n<meta property=\"og:locale\" content=\"it_IT\" \/>\n<meta property=\"og:type\" content=\"article\" \/>\n<meta property=\"og:title\" content=\"Avvertenze legali. Condizioni di utilizzo, finalit\u00e0\" \/>\n<meta property=\"og:description\" content=\"Avvertenze legali. Termini e condizioni di utilizzo, finalit\u00e0 e accettazione degli utenti. L&#039;utente \u00e8 tenuto a fare un uso corretto del sito web\" \/>\n<meta property=\"og:url\" content=\"https:\/\/neststylevalencia.com\/it\/note-legali\/\" \/>\n<meta property=\"og:site_name\" content=\"Nest Style Valencia\" \/>\n<meta property=\"article:publisher\" content=\"https:\/\/www.facebook.com\/NestStyleValenciaHotel\/\" \/>\n<meta property=\"article:modified_time\" content=\"2024-05-24T09:08:43+00:00\" \/>\n<meta property=\"og:image\" content=\"https:\/\/neststylevalencia.com\/wp-content\/uploads\/2019\/08\/19nest-style-valencia-2019.jpg\" \/>\n\t<meta property=\"og:image:width\" content=\"720\" \/>\n\t<meta property=\"og:image:height\" content=\"1080\" \/>\n\t<meta property=\"og:image:type\" content=\"image\/jpeg\" \/>\n<meta name=\"twitter:card\" content=\"summary_large_image\" \/>\n<meta name=\"twitter:site\" content=\"@neststylevlc\" \/>\n<meta name=\"twitter:label1\" content=\"Tempo di lettura stimato\" \/>\n\t<meta name=\"twitter:data1\" content=\"8 minuti\" \/>\n<script type=\"application\/ld+json\" class=\"yoast-schema-graph\">{\"@context\":\"https:\\\/\\\/schema.org\",\"@graph\":[{\"@type\":\"WebPage\",\"@id\":\"https:\\\/\\\/neststylevalencia.com\\\/it\\\/note-legali\\\/\",\"url\":\"https:\\\/\\\/neststylevalencia.com\\\/it\\\/note-legali\\\/\",\"name\":\"Avvertenze legali. Condizioni di utilizzo, finalit\u00e0\",\"isPartOf\":{\"@id\":\"https:\\\/\\\/neststylevalencia.com\\\/it\\\/#website\"},\"primaryImageOfPage\":{\"@id\":\"https:\\\/\\\/neststylevalencia.com\\\/it\\\/note-legali\\\/#primaryimage\"},\"image\":{\"@id\":\"https:\\\/\\\/neststylevalencia.com\\\/it\\\/note-legali\\\/#primaryimage\"},\"thumbnailUrl\":\"https:\\\/\\\/neststylevalencia.com\\\/wp-content\\\/uploads\\\/2019\\\/08\\\/19nest-style-valencia-2019.jpg\",\"datePublished\":\"2019-09-25T11:09:03+00:00\",\"dateModified\":\"2024-05-24T09:08:43+00:00\",\"description\":\"Avvertenze legali. Termini e condizioni di utilizzo, finalit\u00e0 e accettazione degli utenti. L'utente \u00e8 tenuto a fare un uso corretto del sito web\",\"inLanguage\":\"it-IT\",\"potentialAction\":[{\"@type\":\"ReadAction\",\"target\":[\"https:\\\/\\\/neststylevalencia.com\\\/it\\\/note-legali\\\/\"]}]},{\"@type\":\"ImageObject\",\"inLanguage\":\"it-IT\",\"@id\":\"https:\\\/\\\/neststylevalencia.com\\\/it\\\/note-legali\\\/#primaryimage\",\"url\":\"https:\\\/\\\/neststylevalencia.com\\\/wp-content\\\/uploads\\\/2019\\\/08\\\/19nest-style-valencia-2019.jpg\",\"contentUrl\":\"https:\\\/\\\/neststylevalencia.com\\\/wp-content\\\/uploads\\\/2019\\\/08\\\/19nest-style-valencia-2019.jpg\",\"width\":720,\"height\":1080,\"caption\":\"Our reception\"},{\"@type\":\"WebSite\",\"@id\":\"https:\\\/\\\/neststylevalencia.com\\\/it\\\/#website\",\"url\":\"https:\\\/\\\/neststylevalencia.com\\\/it\\\/\",\"name\":\"Nest Style Valencia\",\"description\":\"Eleganza e semplicit\u00e0\",\"publisher\":{\"@id\":\"https:\\\/\\\/neststylevalencia.com\\\/it\\\/#organization\"},\"alternateName\":\"Nest Style Valencia Hotel\",\"potentialAction\":[{\"@type\":\"SearchAction\",\"target\":{\"@type\":\"EntryPoint\",\"urlTemplate\":\"https:\\\/\\\/neststylevalencia.com\\\/it\\\/?s={search_term_string}\"},\"query-input\":{\"@type\":\"PropertyValueSpecification\",\"valueRequired\":true,\"valueName\":\"search_term_string\"}}],\"inLanguage\":\"it-IT\"},{\"@type\":\"Organization\",\"@id\":\"https:\\\/\\\/neststylevalencia.com\\\/it\\\/#organization\",\"name\":\"Nest Style Valencia\",\"alternateName\":\"Nest Style Valencia Hotel\",\"url\":\"https:\\\/\\\/neststylevalencia.com\\\/it\\\/\",\"logo\":{\"@type\":\"ImageObject\",\"inLanguage\":\"it-IT\",\"@id\":\"https:\\\/\\\/neststylevalencia.com\\\/it\\\/#\\\/schema\\\/logo\\\/image\\\/\",\"url\":\"https:\\\/\\\/neststylevalencia.com\\\/wp-content\\\/uploads\\\/2019\\\/07\\\/logo-web-nest-style-valencia-2019.jpg\",\"contentUrl\":\"https:\\\/\\\/neststylevalencia.com\\\/wp-content\\\/uploads\\\/2019\\\/07\\\/logo-web-nest-style-valencia-2019.jpg\",\"width\":1200,\"height\":1200,\"caption\":\"Nest Style Valencia\"},\"image\":{\"@id\":\"https:\\\/\\\/neststylevalencia.com\\\/it\\\/#\\\/schema\\\/logo\\\/image\\\/\"},\"sameAs\":[\"https:\\\/\\\/www.facebook.com\\\/NestStyleValenciaHotel\\\/\",\"https:\\\/\\\/x.com\\\/neststylevlc\",\"https:\\\/\\\/www.instagram.com\\\/neststylevalencia\\\/\",\"https:\\\/\\\/www.linkedin.com\\\/company\\\/nest-style-valencia-hotel\\\/\",\"https:\\\/\\\/www.youtube.com\\\/@neststylevalenciahotel\",\"https:\\\/\\\/www.tripadvisor.com\\\/Hotel_Review-g187529-d18379474-Reviews-Nest_Style_Hotel_Valencia-Valencia_Province_of_Valencia_Valencian_Country.html\",\"https:\\\/\\\/snapchat.com\\\/add\\\/neststylevlc\",\"https:\\\/\\\/vk.com\\\/neststylevalenciahotel\",\"https:\\\/\\\/g.page\\\/NestStyleHotelValencia\\\/\",\"https:\\\/\\\/www.tiktok.com\\\/@neststylevalenciahotel\"]}]}<\/script>\n<!-- \/ Yoast SEO plugin. -->","yoast_head_json":{"title":"Avvertenze legali. Condizioni di utilizzo, finalit\u00e0","description":"Avvertenze legali. Termini e condizioni di utilizzo, finalit\u00e0 e accettazione degli utenti. L'utente \u00e8 tenuto a fare un uso corretto del sito web","robots":{"index":"index","follow":"follow","max-snippet":"max-snippet:-1","max-image-preview":"max-image-preview:large","max-video-preview":"max-video-preview:-1"},"canonical":"https:\/\/neststylevalencia.com\/it\/note-legali\/","og_locale":"it_IT","og_type":"article","og_title":"Avvertenze legali. Condizioni di utilizzo, finalit\u00e0","og_description":"Avvertenze legali. Termini e condizioni di utilizzo, finalit\u00e0 e accettazione degli utenti. L'utente \u00e8 tenuto a fare un uso corretto del sito web","og_url":"https:\/\/neststylevalencia.com\/it\/note-legali\/","og_site_name":"Nest Style Valencia","article_publisher":"https:\/\/www.facebook.com\/NestStyleValenciaHotel\/","article_modified_time":"2024-05-24T09:08:43+00:00","og_image":[{"width":720,"height":1080,"url":"https:\/\/neststylevalencia.com\/wp-content\/uploads\/2019\/08\/19nest-style-valencia-2019.jpg","type":"image\/jpeg"}],"twitter_card":"summary_large_image","twitter_site":"@neststylevlc","twitter_misc":{"Tempo di lettura stimato":"8 minuti"},"schema":{"@context":"https:\/\/schema.org","@graph":[{"@type":"WebPage","@id":"https:\/\/neststylevalencia.com\/it\/note-legali\/","url":"https:\/\/neststylevalencia.com\/it\/note-legali\/","name":"Avvertenze legali. Condizioni di utilizzo, finalit\u00e0","isPartOf":{"@id":"https:\/\/neststylevalencia.com\/it\/#website"},"primaryImageOfPage":{"@id":"https:\/\/neststylevalencia.com\/it\/note-legali\/#primaryimage"},"image":{"@id":"https:\/\/neststylevalencia.com\/it\/note-legali\/#primaryimage"},"thumbnailUrl":"https:\/\/neststylevalencia.com\/wp-content\/uploads\/2019\/08\/19nest-style-valencia-2019.jpg","datePublished":"2019-09-25T11:09:03+00:00","dateModified":"2024-05-24T09:08:43+00:00","description":"Avvertenze legali. Termini e condizioni di utilizzo, finalit\u00e0 e accettazione degli utenti. L'utente \u00e8 tenuto a fare un uso corretto del sito web","inLanguage":"it-IT","potentialAction":[{"@type":"ReadAction","target":["https:\/\/neststylevalencia.com\/it\/note-legali\/"]}]},{"@type":"ImageObject","inLanguage":"it-IT","@id":"https:\/\/neststylevalencia.com\/it\/note-legali\/#primaryimage","url":"https:\/\/neststylevalencia.com\/wp-content\/uploads\/2019\/08\/19nest-style-valencia-2019.jpg","contentUrl":"https:\/\/neststylevalencia.com\/wp-content\/uploads\/2019\/08\/19nest-style-valencia-2019.jpg","width":720,"height":1080,"caption":"Our reception"},{"@type":"WebSite","@id":"https:\/\/neststylevalencia.com\/it\/#website","url":"https:\/\/neststylevalencia.com\/it\/","name":"Nest Style Valencia","description":"Eleganza e semplicit\u00e0","publisher":{"@id":"https:\/\/neststylevalencia.com\/it\/#organization"},"alternateName":"Nest Style Valencia Hotel","potentialAction":[{"@type":"SearchAction","target":{"@type":"EntryPoint","urlTemplate":"https:\/\/neststylevalencia.com\/it\/?s={search_term_string}"},"query-input":{"@type":"PropertyValueSpecification","valueRequired":true,"valueName":"search_term_string"}}],"inLanguage":"it-IT"},{"@type":"Organization","@id":"https:\/\/neststylevalencia.com\/it\/#organization","name":"Nest Style Valencia","alternateName":"Nest Style Valencia Hotel","url":"https:\/\/neststylevalencia.com\/it\/","logo":{"@type":"ImageObject","inLanguage":"it-IT","@id":"https:\/\/neststylevalencia.com\/it\/#\/schema\/logo\/image\/","url":"https:\/\/neststylevalencia.com\/wp-content\/uploads\/2019\/07\/logo-web-nest-style-valencia-2019.jpg","contentUrl":"https:\/\/neststylevalencia.com\/wp-content\/uploads\/2019\/07\/logo-web-nest-style-valencia-2019.jpg","width":1200,"height":1200,"caption":"Nest Style Valencia"},"image":{"@id":"https:\/\/neststylevalencia.com\/it\/#\/schema\/logo\/image\/"},"sameAs":["https:\/\/www.facebook.com\/NestStyleValenciaHotel\/","https:\/\/x.com\/neststylevlc","https:\/\/www.instagram.com\/neststylevalencia\/","https:\/\/www.linkedin.com\/company\/nest-style-valencia-hotel\/","https:\/\/www.youtube.com\/@neststylevalenciahotel","https:\/\/www.tripadvisor.com\/Hotel_Review-g187529-d18379474-Reviews-Nest_Style_Hotel_Valencia-Valencia_Province_of_Valencia_Valencian_Country.html","https:\/\/snapchat.com\/add\/neststylevlc","https:\/\/vk.com\/neststylevalenciahotel","https:\/\/g.page\/NestStyleHotelValencia\/","https:\/\/www.tiktok.com\/@neststylevalenciahotel"]}]}},"_links":{"self":[{"href":"https:\/\/neststylevalencia.com\/it\/wp-json\/wp\/v2\/pages\/2222","targetHints":{"allow":["GET"]}}],"collection":[{"href":"https:\/\/neststylevalencia.com\/it\/wp-json\/wp\/v2\/pages"}],"about":[{"href":"https:\/\/neststylevalencia.com\/it\/wp-json\/wp\/v2\/types\/page"}],"author":[{"embeddable":true,"href":"https:\/\/neststylevalencia.com\/it\/wp-json\/wp\/v2\/users\/7"}],"replies":[{"embeddable":true,"href":"https:\/\/neststylevalencia.com\/it\/wp-json\/wp\/v2\/comments?post=2222"}],"version-history":[{"count":0,"href":"https:\/\/neststylevalencia.com\/it\/wp-json\/wp\/v2\/pages\/2222\/revisions"}],"wp:featuredmedia":[{"embeddable":true,"href":"https:\/\/neststylevalencia.com\/it\/wp-json\/wp\/v2\/media\/636"}],"wp:attachment":[{"href":"https:\/\/neststylevalencia.com\/it\/wp-json\/wp\/v2\/media?parent=2222"}],"curies":[{"name":"wp","href":"https:\/\/api.w.org\/{rel}","templated":true}]}}