{"id":2226,"date":"2019-05-23T13:17:04","date_gmt":"2019-05-23T13:17:04","guid":{"rendered":"https:\/\/neststylevalencia.com\/amenities\/"},"modified":"2024-05-24T09:01:24","modified_gmt":"2024-05-24T09:01:24","slug":"servizi","status":"publish","type":"page","link":"https:\/\/neststylevalencia.com\/it\/servizi\/","title":{"rendered":"Servizi"},"content":{"rendered":"\n<h2 class=\"wp-block-heading\">I nostri servizi<\/h2>\n\n<ul class=\"wp-block-list\">\n<li>I pi\u00f9 apprezzati dai nostri ospiti.<\/li>\n\n\n\n<li>C&#8217;\u00e8 una connessione WI-Fi ad alta velocit\u00e0 &#8211; gratuita<\/li>\n\n\n\n<li>Camere per famiglie<\/li>\n\n\n\n<li>Servizio bar<\/li>\n\n\n\n<li>Aria condizionata<\/li>\n\n\n\n<li>Camere insonorizzate<\/li>\n\n\n\n<li>Camere adattate per gli ospiti a mobilit\u00e0 ridotta<\/li>\n\n\n\n<li>24 Ricezione<\/li>\n\n\n\n<li>Ascensore<\/li>\n\n\n\n<li>Camere non fumatori<\/li>\n\n\n\n<li>Scaldabagni per aerotermia<\/li>\n\n\n\n<li>Servizi extra<\/li>\n\n\n\n<li>Possibilit\u00e0 di vendita di biglietti per i luoghi di interesse<\/li>\n\n\n\n<li>Non accettiamo animali domestici<\/li>\n\n\n\n<li>Cibo e bevande<\/li>\n\n\n\n<li>Caffetteria dell&#8217;hotel<\/li>\n\n\n\n<li>Bottiglie d&#8217;acqua. Per acquistare<\/li>\n\n\n\n<li>Vino\/ Champagne. Per acquistare<\/li>\n\n\n\n<li>Bar.<\/li>\n\n\n\n<li>Colazione continentale a buffet<\/li>\n\n\n\n<li>Vicino ai supermercati locali<\/li>\n\n\n\n<li>Parliamo la vostra lingua<\/li>\n\n\n\n<li>Servizio in camera<\/li>\n\n\n\n<li>Computer ospite<\/li>\n\n\n\n<li>Deposito bagagli<\/li>\n\n\n\n<li>24 ricezione<\/li>\n\n\n\n<li>Camere per famiglie<\/li>\n\n\n\n<li>Adattato alle persone con mobilit\u00e0 ridotta<\/li>\n\n\n\n<li>Cash<\/li>\n\n\n\n<li>VISA<\/li>\n\n\n\n<li>Master Card<\/li>\n\n\n\n<li>Bonifico bancario<\/li>\n\n\n\n<li>Canali TV per bambini.<\/li>\n\n\n\n<li>Pulizia quotidiana delle nostre strutture<\/li>\n\n\n\n<li>Camere insonorizzate<\/li>\n\n\n\n<li>\u00c8 vietato fumare in tutto l&#8217;edificio<\/li>\n\n\n\n<li>Cassetta di sicurezza<\/li>\n\n\n\n<li>Ascensore<\/li>\n\n\n\n<li>Programma<\/li>\n\n\n\n<li>Check in dalle 14:00<\/li>\n\n\n\n<li>Accesso alle camere con tessera<\/li>\n\n\n\n<li>Frigorifero in tutte le camere<\/li>\n\n\n\n<li>Aria condizionata per l&#8217;estate<\/li>\n\n\n\n<li>Servizio di lavanderia<\/li>\n\n\n\n<li>Noleggio scooter<\/li>\n<\/ul>\n\n<h2 class=\"wp-block-heading\">Motivi per prenotare al <a href=\"https:\/\/g.page\/NestStyleHotelValencia?share\" target=\"_blank\" rel=\"noreferrer noopener\">Nest Style Valencia<\/a><\/h2>\n\n<h3 class=\"wp-block-heading\">Prezzi imbattibili<\/h3>\n\n<p>Il miglior prezzo, senza spese di prenotazione. Il nostro prezzo \u00e8 quello ufficiale<\/p>\n\n<h3 class=\"wp-block-heading\">Conferma immediata<\/h3>\n\n<p>Riceverete un&#8217;e-mail di conferma e potrete gestire la vostra prenotazione online.<\/p>\n\n<h3 class=\"wp-block-heading\">Personale multilingue<\/h3>\n\n<p>Il nostro personale parla pi\u00f9 di 3 lingue e sar\u00e0 in grado di aiutarvi per qualsiasi cosa.<\/p>\n\n<h3 class=\"wp-block-heading\">Prenotazione sicura<\/h3>\n\n<p>Ci teniamo molto a proteggere le vostre informazioni. Le vostre transazioni sono effettuate tramite tecnologia SSL<\/p>\n\n<ul class=\"wp-block-list\">\n<li>Accettiamo richieste speciali.<\/li>\n\n\n\n<li>Check-in dalle 14:00<\/li>\n\n\n\n<li>Check-out fino alle 11:00<\/li>\n\n\n\n<li>Le politiche di cancellazione possono variare a seconda delle date selezionate.<\/li>\n\n\n\n<li>I bambini fino a 2 anni possono soggiornare GRATIS. Abbiamo culle e sono soggette a disponibilit\u00e0<\/li>\n\n\n\n<li>Limiti di et\u00e0. Et\u00e0 minima per il check-in: 18 anni<\/li>\n\n\n\n<li>Non sono ammessi animali domestici di alcun tipo.<\/li>\n\n\n\n<li>Si accettano pagamenti in contanti, VISA o MasterCard<\/li>\n<\/ul>\n\n<h4 class=\"wp-block-heading\">Attenzione personalizzata ai dettagli<\/h4>\n\n<h4 class=\"wp-block-heading\">Camere dal design originale<\/h4>\n\n<h4 class=\"wp-block-heading\">Un&#8217;ottima posizione a Valencia<\/h4>\n\n<h4 class=\"wp-block-heading\">Camere ampie e confortevoli<\/h4>\n\n<h4 class=\"wp-block-heading\">Strutture eco-compatibili<\/h4>\n\n<h4 class=\"wp-block-heading\">Sempre il miglior prezzo online<\/h4>\n\n<h2 class=\"wp-block-heading\">Quando prenotate in Nest Style dovete tenerne conto.<\/h2>\n\n<ul class=\"wp-block-list\">\n<li>Per regolamento siamo obbligati a <strong>non accettare<\/strong> ospiti di et\u00e0 inferiore ai 18 anni se non accompagnati da un adulto.<\/li>\n\n\n\n<li>Al momento del check-in \u00e8 necessario presentare un documento d&#8217;identit\u00e0 o un passaporto valido.<\/li>\n\n\n\n<li>Per le prenotazioni di 10 o pi\u00f9 persone si applicano condizioni speciali per i gruppi. Vi consigliamo di contattare direttamente il nostro reparto gruppi inviando un&#8217;e-mail all&#8217;indirizzo <a href=\"mailto:groups@feetuphostels.com\">groups@feetuphostels.com<\/a>. Ci metteremo in contatto con voi il pi\u00f9 rapidamente possibile.<\/li>\n\n\n\n<li>Accettiamo pagamenti in contanti, VISA, MasterCard e bonifico bancario.<\/li>\n<\/ul>\n\n<h3 class=\"wp-block-heading\"><strong>Quando prenotate un soggiorno presso il Nest Style Valencia, dovete tenere conto del calendario:<\/strong><\/h3>\n\n<ul class=\"wp-block-list\">\n<li><strong>Check-in a partire<\/strong> da.\u00a014:00.<\/li>\n\n\n\n<li><strong>Check-out fino alle<\/strong>.\u00a011:00.<\/li>\n\n\n\n<li><strong>Check-out tardivo.<\/strong>\u00a0 Se si tratta di un&#8217;ora \u00e8 gratuita e soggetta a disponibilit\u00e0.<\/li>\n\n\n\n<li>La colazione si svolge dalle 08:00 alle 11:00.<\/li>\n\n\n\n<li>La colazione costa 7 \u20ac per gli adulti e 5 \u20ac per i bambini.<\/li>\n\n\n\n<li>Se avete bisogno di aiuto su come arrivare al Nest Style Hotel Valencia, p<a href=\"https:\/\/neststylevalencia.com\/it\/posizione\/\">otete vederlo qui<\/a>.<\/li>\n<\/ul>\n\n<h2 class=\"wp-block-heading\">Politica di cancellazione.<\/h2>\n\n<ul class=\"wp-block-list\">\n<li><strong>Non rimborsabile:<\/strong>\u00a0Il 100% dell&#8217;importo totale sar\u00e0 addebitato al momento della prenotazione.<\/li>\n\n\n\n<li><strong>Tariffa standard:<\/strong>\u00a0\u00c8 possibile cancellare gratuitamente fino a 2 giorni prima dell&#8217;arrivo. In caso di cancellazione al di fuori di tale periodo, verr\u00e0 addebitato il costo della prima notte. \ud83d\ude09<\/li>\n\n\n\n<li><strong>No show:<\/strong> In caso di mancata presentazione, verr\u00e0 addebitata la prima notte della prenotazione.<\/li>\n\n\n\n<li><strong>*In tutti i casi, gli addebiti saranno effettuati nella valuta del paese di origine della prenotazione.<\/strong><\/li>\n<\/ul>\n\n<figure class=\"wp-block-image size-full\"><img fetchpriority=\"high\" decoding=\"async\" width=\"1619\" height=\"1080\" src=\"https:\/\/neststylevalencia.com\/wp-content\/uploads\/2019\/08\/07common-areas-nest-style-valencia-2019.jpg\" alt=\"Servizi Nest Style Valencia\" class=\"wp-image-1322\" srcset=\"https:\/\/neststylevalencia.com\/wp-content\/uploads\/2019\/08\/07common-areas-nest-style-valencia-2019.jpg 1619w, https:\/\/neststylevalencia.com\/wp-content\/uploads\/2019\/08\/07common-areas-nest-style-valencia-2019-300x200.jpg 300w, https:\/\/neststylevalencia.com\/wp-content\/uploads\/2019\/08\/07common-areas-nest-style-valencia-2019-768x512.jpg 768w, https:\/\/neststylevalencia.com\/wp-content\/uploads\/2019\/08\/07common-areas-nest-style-valencia-2019-1024x683.jpg 1024w, https:\/\/neststylevalencia.com\/wp-content\/uploads\/2019\/08\/07common-areas-nest-style-valencia-2019-219x146.jpg 219w, https:\/\/neststylevalencia.com\/wp-content\/uploads\/2019\/08\/07common-areas-nest-style-valencia-2019-50x33.jpg 50w, https:\/\/neststylevalencia.com\/wp-content\/uploads\/2019\/08\/07common-areas-nest-style-valencia-2019-112x75.jpg 112w\" sizes=\"(max-width: 1619px) 100vw, 1619px\" \/><figcaption class=\"wp-element-caption\">Servizi Nest Style Valencia<\/figcaption><\/figure>\n","protected":false},"excerpt":{"rendered":"<p>Servizi Nest Style Hotel Valencia. Hotel con servizi di qualit\u00e0 a Valencia al miglior prezzo in citt\u00e0. Wifi gratuito, aria condizionata e armadi in tutte le camere. Prezzi imbattibili, sempre il miglior prezzo, senza costi di prenotazione. Il nostro prezzo \u00e8 quello ufficiale. Conferma immediata e riceverai un&#8217;e-mail di conferma e potrai gestire la tua prenotazione online. Personale multilingue, tutto il nostro team parla pi\u00f9 di 3 lingue e sar\u00e0 in grado di aiutarvi. Prenotazione sicura. Ci preoccupiamo molto di prenderci cura e proteggere le tue informazioni<\/p>\n","protected":false},"author":7,"featured_media":1372,"parent":0,"menu_order":0,"comment_status":"closed","ping_status":"closed","template":"","meta":{"footnotes":""},"class_list":["post-2226","page","type-page","status-publish","has-post-thumbnail","hentry"],"yoast_head":"<!-- This site is optimized with the Yoast SEO plugin v27.4 - https:\/\/yoast.com\/product\/yoast-seo-wordpress\/ -->\n<title>Servizi Nest Style Hotel Valencia. Hotel con servizi di qualit\u00e0<\/title>\n<meta name=\"description\" content=\"Servizi Nest Style Hotel Valencia. Hotel con servizi di qualit\u00e0 a Valencia al miglior prezzo della citt\u00e0. Wifi gratuito, aria condizionata\" \/>\n<meta name=\"robots\" content=\"index, follow, max-snippet:-1, max-image-preview:large, max-video-preview:-1\" \/>\n<link rel=\"canonical\" href=\"https:\/\/neststylevalencia.com\/it\/servizi\/\" \/>\n<meta property=\"og:locale\" content=\"it_IT\" \/>\n<meta property=\"og:type\" content=\"article\" \/>\n<meta property=\"og:title\" content=\"Servizi Nest Style Hotel Valencia. Hotel con servizi di qualit\u00e0\" \/>\n<meta property=\"og:description\" content=\"Servizi Nest Style Hotel Valencia. Hotel con servizi di qualit\u00e0 a Valencia al miglior prezzo della citt\u00e0. Wifi gratuito, aria condizionata\" \/>\n<meta property=\"og:url\" content=\"https:\/\/neststylevalencia.com\/it\/servizi\/\" \/>\n<meta property=\"og:site_name\" content=\"Nest Style Valencia\" \/>\n<meta property=\"article:publisher\" content=\"https:\/\/www.facebook.com\/NestStyleValenciaHotel\/\" \/>\n<meta property=\"article:modified_time\" content=\"2024-05-24T09:01:24+00:00\" \/>\n<meta property=\"og:image\" content=\"https:\/\/neststylevalencia.com\/wp-content\/uploads\/2019\/08\/19common-areas-nest-style-valencia-2019.jpg\" \/>\n\t<meta property=\"og:image:width\" content=\"1619\" \/>\n\t<meta property=\"og:image:height\" content=\"1080\" \/>\n\t<meta property=\"og:image:type\" content=\"image\/jpeg\" \/>\n<meta name=\"twitter:card\" content=\"summary_large_image\" \/>\n<meta name=\"twitter:site\" content=\"@neststylevlc\" \/>\n<meta name=\"twitter:label1\" content=\"Tempo di lettura stimato\" \/>\n\t<meta name=\"twitter:data1\" content=\"3 minuti\" \/>\n<script type=\"application\/ld+json\" class=\"yoast-schema-graph\">{\"@context\":\"https:\\\/\\\/schema.org\",\"@graph\":[{\"@type\":\"WebPage\",\"@id\":\"https:\\\/\\\/neststylevalencia.com\\\/it\\\/servizi\\\/\",\"url\":\"https:\\\/\\\/neststylevalencia.com\\\/it\\\/servizi\\\/\",\"name\":\"Servizi Nest Style Hotel Valencia. Hotel con servizi di qualit\u00e0\",\"isPartOf\":{\"@id\":\"https:\\\/\\\/neststylevalencia.com\\\/it\\\/#website\"},\"primaryImageOfPage\":{\"@id\":\"https:\\\/\\\/neststylevalencia.com\\\/it\\\/servizi\\\/#primaryimage\"},\"image\":{\"@id\":\"https:\\\/\\\/neststylevalencia.com\\\/it\\\/servizi\\\/#primaryimage\"},\"thumbnailUrl\":\"https:\\\/\\\/neststylevalencia.com\\\/wp-content\\\/uploads\\\/2019\\\/08\\\/19common-areas-nest-style-valencia-2019.jpg\",\"datePublished\":\"2019-05-23T13:17:04+00:00\",\"dateModified\":\"2024-05-24T09:01:24+00:00\",\"description\":\"Servizi Nest Style Hotel Valencia. Hotel con servizi di qualit\u00e0 a Valencia al miglior prezzo della citt\u00e0. Wifi gratuito, aria condizionata\",\"inLanguage\":\"it-IT\",\"potentialAction\":[{\"@type\":\"ReadAction\",\"target\":[\"https:\\\/\\\/neststylevalencia.com\\\/it\\\/servizi\\\/\"]}]},{\"@type\":\"ImageObject\",\"inLanguage\":\"it-IT\",\"@id\":\"https:\\\/\\\/neststylevalencia.com\\\/it\\\/servizi\\\/#primaryimage\",\"url\":\"https:\\\/\\\/neststylevalencia.com\\\/wp-content\\\/uploads\\\/2019\\\/08\\\/19common-areas-nest-style-valencia-2019.jpg\",\"contentUrl\":\"https:\\\/\\\/neststylevalencia.com\\\/wp-content\\\/uploads\\\/2019\\\/08\\\/19common-areas-nest-style-valencia-2019.jpg\",\"width\":1619,\"height\":1080,\"caption\":\"Breakfast\"},{\"@type\":\"WebSite\",\"@id\":\"https:\\\/\\\/neststylevalencia.com\\\/it\\\/#website\",\"url\":\"https:\\\/\\\/neststylevalencia.com\\\/it\\\/\",\"name\":\"Nest Style Valencia\",\"description\":\"Eleganza e semplicit\u00e0\",\"publisher\":{\"@id\":\"https:\\\/\\\/neststylevalencia.com\\\/it\\\/#organization\"},\"alternateName\":\"Nest Style Valencia Hotel\",\"potentialAction\":[{\"@type\":\"SearchAction\",\"target\":{\"@type\":\"EntryPoint\",\"urlTemplate\":\"https:\\\/\\\/neststylevalencia.com\\\/it\\\/?s={search_term_string}\"},\"query-input\":{\"@type\":\"PropertyValueSpecification\",\"valueRequired\":true,\"valueName\":\"search_term_string\"}}],\"inLanguage\":\"it-IT\"},{\"@type\":\"Organization\",\"@id\":\"https:\\\/\\\/neststylevalencia.com\\\/it\\\/#organization\",\"name\":\"Nest Style Valencia\",\"alternateName\":\"Nest Style Valencia Hotel\",\"url\":\"https:\\\/\\\/neststylevalencia.com\\\/it\\\/\",\"logo\":{\"@type\":\"ImageObject\",\"inLanguage\":\"it-IT\",\"@id\":\"https:\\\/\\\/neststylevalencia.com\\\/it\\\/#\\\/schema\\\/logo\\\/image\\\/\",\"url\":\"https:\\\/\\\/neststylevalencia.com\\\/wp-content\\\/uploads\\\/2019\\\/07\\\/logo-web-nest-style-valencia-2019.jpg\",\"contentUrl\":\"https:\\\/\\\/neststylevalencia.com\\\/wp-content\\\/uploads\\\/2019\\\/07\\\/logo-web-nest-style-valencia-2019.jpg\",\"width\":1200,\"height\":1200,\"caption\":\"Nest Style Valencia\"},\"image\":{\"@id\":\"https:\\\/\\\/neststylevalencia.com\\\/it\\\/#\\\/schema\\\/logo\\\/image\\\/\"},\"sameAs\":[\"https:\\\/\\\/www.facebook.com\\\/NestStyleValenciaHotel\\\/\",\"https:\\\/\\\/x.com\\\/neststylevlc\",\"https:\\\/\\\/www.instagram.com\\\/neststylevalencia\\\/\",\"https:\\\/\\\/www.linkedin.com\\\/company\\\/nest-style-valencia-hotel\\\/\",\"https:\\\/\\\/www.youtube.com\\\/@neststylevalenciahotel\",\"https:\\\/\\\/www.tripadvisor.com\\\/Hotel_Review-g187529-d18379474-Reviews-Nest_Style_Hotel_Valencia-Valencia_Province_of_Valencia_Valencian_Country.html\",\"https:\\\/\\\/snapchat.com\\\/add\\\/neststylevlc\",\"https:\\\/\\\/vk.com\\\/neststylevalenciahotel\",\"https:\\\/\\\/g.page\\\/NestStyleHotelValencia\\\/\",\"https:\\\/\\\/www.tiktok.com\\\/@neststylevalenciahotel\"]}]}<\/script>\n<!-- \/ Yoast SEO plugin. -->","yoast_head_json":{"title":"Servizi Nest Style Hotel Valencia. Hotel con servizi di qualit\u00e0","description":"Servizi Nest Style Hotel Valencia. Hotel con servizi di qualit\u00e0 a Valencia al miglior prezzo della citt\u00e0. Wifi gratuito, aria condizionata","robots":{"index":"index","follow":"follow","max-snippet":"max-snippet:-1","max-image-preview":"max-image-preview:large","max-video-preview":"max-video-preview:-1"},"canonical":"https:\/\/neststylevalencia.com\/it\/servizi\/","og_locale":"it_IT","og_type":"article","og_title":"Servizi Nest Style Hotel Valencia. Hotel con servizi di qualit\u00e0","og_description":"Servizi Nest Style Hotel Valencia. Hotel con servizi di qualit\u00e0 a Valencia al miglior prezzo della citt\u00e0. Wifi gratuito, aria condizionata","og_url":"https:\/\/neststylevalencia.com\/it\/servizi\/","og_site_name":"Nest Style Valencia","article_publisher":"https:\/\/www.facebook.com\/NestStyleValenciaHotel\/","article_modified_time":"2024-05-24T09:01:24+00:00","og_image":[{"width":1619,"height":1080,"url":"https:\/\/neststylevalencia.com\/wp-content\/uploads\/2019\/08\/19common-areas-nest-style-valencia-2019.jpg","type":"image\/jpeg"}],"twitter_card":"summary_large_image","twitter_site":"@neststylevlc","twitter_misc":{"Tempo di lettura stimato":"3 minuti"},"schema":{"@context":"https:\/\/schema.org","@graph":[{"@type":"WebPage","@id":"https:\/\/neststylevalencia.com\/it\/servizi\/","url":"https:\/\/neststylevalencia.com\/it\/servizi\/","name":"Servizi Nest Style Hotel Valencia. Hotel con servizi di qualit\u00e0","isPartOf":{"@id":"https:\/\/neststylevalencia.com\/it\/#website"},"primaryImageOfPage":{"@id":"https:\/\/neststylevalencia.com\/it\/servizi\/#primaryimage"},"image":{"@id":"https:\/\/neststylevalencia.com\/it\/servizi\/#primaryimage"},"thumbnailUrl":"https:\/\/neststylevalencia.com\/wp-content\/uploads\/2019\/08\/19common-areas-nest-style-valencia-2019.jpg","datePublished":"2019-05-23T13:17:04+00:00","dateModified":"2024-05-24T09:01:24+00:00","description":"Servizi Nest Style Hotel Valencia. Hotel con servizi di qualit\u00e0 a Valencia al miglior prezzo della citt\u00e0. Wifi gratuito, aria condizionata","inLanguage":"it-IT","potentialAction":[{"@type":"ReadAction","target":["https:\/\/neststylevalencia.com\/it\/servizi\/"]}]},{"@type":"ImageObject","inLanguage":"it-IT","@id":"https:\/\/neststylevalencia.com\/it\/servizi\/#primaryimage","url":"https:\/\/neststylevalencia.com\/wp-content\/uploads\/2019\/08\/19common-areas-nest-style-valencia-2019.jpg","contentUrl":"https:\/\/neststylevalencia.com\/wp-content\/uploads\/2019\/08\/19common-areas-nest-style-valencia-2019.jpg","width":1619,"height":1080,"caption":"Breakfast"},{"@type":"WebSite","@id":"https:\/\/neststylevalencia.com\/it\/#website","url":"https:\/\/neststylevalencia.com\/it\/","name":"Nest Style Valencia","description":"Eleganza e semplicit\u00e0","publisher":{"@id":"https:\/\/neststylevalencia.com\/it\/#organization"},"alternateName":"Nest Style Valencia Hotel","potentialAction":[{"@type":"SearchAction","target":{"@type":"EntryPoint","urlTemplate":"https:\/\/neststylevalencia.com\/it\/?s={search_term_string}"},"query-input":{"@type":"PropertyValueSpecification","valueRequired":true,"valueName":"search_term_string"}}],"inLanguage":"it-IT"},{"@type":"Organization","@id":"https:\/\/neststylevalencia.com\/it\/#organization","name":"Nest Style Valencia","alternateName":"Nest Style Valencia Hotel","url":"https:\/\/neststylevalencia.com\/it\/","logo":{"@type":"ImageObject","inLanguage":"it-IT","@id":"https:\/\/neststylevalencia.com\/it\/#\/schema\/logo\/image\/","url":"https:\/\/neststylevalencia.com\/wp-content\/uploads\/2019\/07\/logo-web-nest-style-valencia-2019.jpg","contentUrl":"https:\/\/neststylevalencia.com\/wp-content\/uploads\/2019\/07\/logo-web-nest-style-valencia-2019.jpg","width":1200,"height":1200,"caption":"Nest Style Valencia"},"image":{"@id":"https:\/\/neststylevalencia.com\/it\/#\/schema\/logo\/image\/"},"sameAs":["https:\/\/www.facebook.com\/NestStyleValenciaHotel\/","https:\/\/x.com\/neststylevlc","https:\/\/www.instagram.com\/neststylevalencia\/","https:\/\/www.linkedin.com\/company\/nest-style-valencia-hotel\/","https:\/\/www.youtube.com\/@neststylevalenciahotel","https:\/\/www.tripadvisor.com\/Hotel_Review-g187529-d18379474-Reviews-Nest_Style_Hotel_Valencia-Valencia_Province_of_Valencia_Valencian_Country.html","https:\/\/snapchat.com\/add\/neststylevlc","https:\/\/vk.com\/neststylevalenciahotel","https:\/\/g.page\/NestStyleHotelValencia\/","https:\/\/www.tiktok.com\/@neststylevalenciahotel"]}]}},"_links":{"self":[{"href":"https:\/\/neststylevalencia.com\/it\/wp-json\/wp\/v2\/pages\/2226","targetHints":{"allow":["GET"]}}],"collection":[{"href":"https:\/\/neststylevalencia.com\/it\/wp-json\/wp\/v2\/pages"}],"about":[{"href":"https:\/\/neststylevalencia.com\/it\/wp-json\/wp\/v2\/types\/page"}],"author":[{"embeddable":true,"href":"https:\/\/neststylevalencia.com\/it\/wp-json\/wp\/v2\/users\/7"}],"replies":[{"embeddable":true,"href":"https:\/\/neststylevalencia.com\/it\/wp-json\/wp\/v2\/comments?post=2226"}],"version-history":[{"count":0,"href":"https:\/\/neststylevalencia.com\/it\/wp-json\/wp\/v2\/pages\/2226\/revisions"}],"wp:featuredmedia":[{"embeddable":true,"href":"https:\/\/neststylevalencia.com\/it\/wp-json\/wp\/v2\/media\/1372"}],"wp:attachment":[{"href":"https:\/\/neststylevalencia.com\/it\/wp-json\/wp\/v2\/media?parent=2226"}],"curies":[{"name":"wp","href":"https:\/\/api.w.org\/{rel}","templated":true}]}}