{"id":2247,"date":"2019-05-23T13:16:12","date_gmt":"2019-05-23T13:16:12","guid":{"rendered":"https:\/\/neststylevalencia.com\/valencia-hotel\/"},"modified":"2024-04-02T14:30:01","modified_gmt":"2024-04-02T14:30:01","slug":"hotel-valencia","status":"publish","type":"page","link":"https:\/\/neststylevalencia.com\/it\/hotel-valencia\/","title":{"rendered":"Hotel Valencia"},"content":{"rendered":"\n<h1 class=\"wp-block-heading has-text-align-center\">Hotel Valencia \u2b50 Nest Style Hotel Valencia<\/h1>\n\n<h2 class=\"wp-block-heading has-text-align-center\">Benvenuto a Nest Style Valencia<\/h2>\n\n<h3 class=\"wp-block-heading\">Sta cercando un hotel per il suo soggiorno a Valencia?<\/h3>\n\n<p>Le presentiamo il Nest Style Valencia, un nuovo concetto di hotel, con camere decorate con colori vivaci e finiture di pregio. Situato nella centrale <a href=\"https:\/\/neststylevalencia.com\/it\/posizione\/\" target=\"_blank\" rel=\"noopener\">Avenida del Puerto 77<\/a>, a pochi metri dal famoso Giardino del Turia (Antica causa del fiume Turia), dalla citt\u00e0 delle Arti e delle Scienze e da molti altri luoghi da scoprire durante la sua visita a Valencia.<\/p>\n\n<p>I nostri ospiti parlano di noi e sottolineano quanto segue:<\/p>\n\n<h3 class=\"wp-block-heading\">&#8220;Il comfort e le dimensioni delle camere sono superiori a quelle di altri hotel simili, l&#8217;eleganza e la semplicit\u00e0, l&#8217;attenzione ai dettagli e la professionalit\u00e0 del personale, l&#8217;ottima posizione.&#8221;<\/h3>\n\n<p><\/p>\n\n<h2 class=\"wp-block-heading\">Ci siamo concentrati sui dettagli<\/h2>\n\n<p>Con colori vivaci, disegni puliti, chiari e di qualit\u00e0.<\/p>\n\n<h2 class=\"wp-block-heading\">I nostri servizi<\/h2>\n\n<p>Questi sono solo alcuni dei nostri servizi, prenoti la sua camera e scopra tutto quello che possiamo offrirle durante il suo soggiorno con noi a Valencia.<\/p>\n\n<h2 class=\"wp-block-heading\">WiFi ad alta velocit\u00e0 gratuito in tutte le nostre strutture<\/h2>\n\n<p>Riteniamo che il Wi-Fi gratuito non sia un piacere o un lusso, ma una necessit\u00e0, un&#8217;esigenza per i nostri clienti.<\/p>\n\n<h2 class=\"wp-block-heading\">Servizio di prima colazione su richiesta<\/h2>\n\n<p>Colazione continentale, di solito abbiamo una delle migliori recensioni del settore in termini di qualit\u00e0 e variet\u00e0 delle nostre colazioni.<\/p>\n\n<h2 class=\"wp-block-heading\">Aria condizionata automatizzata in tutte le nostre strutture<\/h2>\n\n<p>Prendiamo molto sul serio il &#8220;comfort dei nostri ospiti&#8221;. Anche in ciascuna delle nostre camere<\/p>\n\n<h2 class=\"wp-block-heading\">Servizio di lavanderia personalizzato su richiesta dei nostri ospiti<\/h2>\n\n<p>Lavaggio, stiratura, asciugatura dei vestiti dell&#8217;hotel, cos\u00ec come il servizio di abbigliamento degli ospiti, con personale qualificato e macchinari adeguati.<\/p>\n\n<h2 class=\"wp-block-heading\">Servizio taxi \/ navetta per tutti i nostri ospiti<\/h2>\n\n<p>Non si preoccupi di nulla con il nostro servizio di navetta aeroportuale. Un servizio comodo, sicuro e a prezzi vantaggiosi.<\/p>\n\n<h2 class=\"wp-block-heading\">Servizio di business corner per tutti i nostri ospiti<\/h2>\n\n<p>Un&#8217;area riservata al lavoro, un ufficio minimalista ma completamente attrezzato quando ne ha bisogno.<\/p>\n\n<h2 class=\"wp-block-heading\">Telecamere di sicurezza per la massima qualit\u00e0 del servizio<\/h2>\n\n<p>La sicurezza dei nostri ospiti \u00e8 garantita contro qualsiasi inconveniente che si verifichi durante il soggiorno nel nostro hotel.<\/p>\n\n<p><\/p>\n\n<p><\/p>\n\n<figure class=\"wp-block-image size-large\"><img fetchpriority=\"high\" decoding=\"async\" width=\"1024\" height=\"577\" src=\"https:\/\/neststylevalencia.com\/wp-content\/uploads\/2019\/11\/header-google-1024x577.jpg\" alt=\"Camera Nest Style Hotel Valencia\" class=\"wp-image-2774\" srcset=\"https:\/\/neststylevalencia.com\/wp-content\/uploads\/2019\/11\/header-google-1024x577.jpg 1024w, https:\/\/neststylevalencia.com\/wp-content\/uploads\/2019\/11\/header-google-300x169.jpg 300w, https:\/\/neststylevalencia.com\/wp-content\/uploads\/2019\/11\/header-google-768x433.jpg 768w, https:\/\/neststylevalencia.com\/wp-content\/uploads\/2019\/11\/header-google-260x146.jpg 260w, https:\/\/neststylevalencia.com\/wp-content\/uploads\/2019\/11\/header-google-50x28.jpg 50w, https:\/\/neststylevalencia.com\/wp-content\/uploads\/2019\/11\/header-google-133x75.jpg 133w, https:\/\/neststylevalencia.com\/wp-content\/uploads\/2019\/11\/header-google-1200x676.jpg 1200w, https:\/\/neststylevalencia.com\/wp-content\/uploads\/2019\/11\/header-google.jpg 1342w\" sizes=\"(max-width: 1024px) 100vw, 1024px\" \/><figcaption class=\"wp-element-caption\">Nest Style Valencia<\/figcaption><\/figure>\n","protected":false},"excerpt":{"rendered":"<p>Valencia Hotel \u2b50 Nest Style Valencia. Un nuovo concetto di hotel a Valencia. \u00c8 uno degli hotel della citt\u00e0 che offre sempre il miglior prezzo rispetto ai gi\u00e0 famosi canali di prenotazione come Booking, Expedia e altri, garantiamo anche che la prenotazione sar\u00e0 veloce e sicura rispettando la privacy dei nostri clienti durante il processo di prenotazione, conferma immediata. Camere di qualit\u00e0 e regalo di benvenuto.<\/p>\n","protected":false},"author":7,"featured_media":2518,"parent":0,"menu_order":0,"comment_status":"closed","ping_status":"closed","template":"","meta":{"footnotes":""},"class_list":["post-2247","page","type-page","status-publish","has-post-thumbnail","hentry"],"yoast_head":"<!-- This site is optimized with the Yoast SEO plugin v27.4 - https:\/\/yoast.com\/product\/yoast-seo-wordpress\/ -->\n<title>Hotel Valencia \u2b50 Nest Style Valencia. Un nuovo concetto di hotel<\/title>\n<meta name=\"description\" content=\"Hotel Valencia \u2b50 Nest Style Valencia. Un nuovo concetto di hotel a Valencia, sempre al miglior prezzo, con prenotazione diretta e senza costi aggiuntivi per la prenotazione.\" \/>\n<meta name=\"robots\" content=\"index, follow, max-snippet:-1, max-image-preview:large, max-video-preview:-1\" \/>\n<link rel=\"canonical\" href=\"https:\/\/neststylevalencia.com\/it\/hotel-valencia\/\" \/>\n<meta property=\"og:locale\" content=\"it_IT\" \/>\n<meta property=\"og:type\" content=\"article\" \/>\n<meta property=\"og:title\" content=\"Hotel Valencia \u2b50 Nest Style Valencia. Un nuovo concetto di hotel\" \/>\n<meta property=\"og:description\" content=\"Hotel Valencia \u2b50 Nest Style Valencia. Un nuovo concetto di hotel a Valencia, sempre al miglior prezzo, con prenotazione diretta e senza costi aggiuntivi per la prenotazione.\" \/>\n<meta property=\"og:url\" content=\"https:\/\/neststylevalencia.com\/it\/hotel-valencia\/\" \/>\n<meta property=\"og:site_name\" content=\"Nest Style Valencia\" \/>\n<meta property=\"article:publisher\" content=\"https:\/\/www.facebook.com\/NestStyleValenciaHotel\/\" \/>\n<meta property=\"article:modified_time\" content=\"2024-04-02T14:30:01+00:00\" \/>\n<meta property=\"og:image\" content=\"https:\/\/neststylevalencia.com\/wp-content\/uploads\/2019\/10\/03yellow-room-11-nest-style-valencia-2019.jpg\" \/>\n\t<meta property=\"og:image:width\" content=\"1622\" \/>\n\t<meta property=\"og:image:height\" content=\"1080\" \/>\n\t<meta property=\"og:image:type\" content=\"image\/jpeg\" \/>\n<meta name=\"twitter:card\" content=\"summary_large_image\" \/>\n<meta name=\"twitter:site\" content=\"@neststylevlc\" \/>\n<meta name=\"twitter:label1\" content=\"Tempo di lettura stimato\" \/>\n\t<meta name=\"twitter:data1\" content=\"2 minuti\" \/>\n<script type=\"application\/ld+json\" class=\"yoast-schema-graph\">{\"@context\":\"https:\\\/\\\/schema.org\",\"@graph\":[{\"@type\":\"WebPage\",\"@id\":\"https:\\\/\\\/neststylevalencia.com\\\/it\\\/hotel-valencia\\\/\",\"url\":\"https:\\\/\\\/neststylevalencia.com\\\/it\\\/hotel-valencia\\\/\",\"name\":\"Hotel Valencia \u2b50 Nest Style Valencia. Un nuovo concetto di hotel\",\"isPartOf\":{\"@id\":\"https:\\\/\\\/neststylevalencia.com\\\/it\\\/#website\"},\"primaryImageOfPage\":{\"@id\":\"https:\\\/\\\/neststylevalencia.com\\\/it\\\/hotel-valencia\\\/#primaryimage\"},\"image\":{\"@id\":\"https:\\\/\\\/neststylevalencia.com\\\/it\\\/hotel-valencia\\\/#primaryimage\"},\"thumbnailUrl\":\"https:\\\/\\\/neststylevalencia.com\\\/wp-content\\\/uploads\\\/2019\\\/10\\\/03yellow-room-11-nest-style-valencia-2019.jpg\",\"datePublished\":\"2019-05-23T13:16:12+00:00\",\"dateModified\":\"2024-04-02T14:30:01+00:00\",\"description\":\"Hotel Valencia \u2b50 Nest Style Valencia. Un nuovo concetto di hotel a Valencia, sempre al miglior prezzo, con prenotazione diretta e senza costi aggiuntivi per la prenotazione.\",\"inLanguage\":\"it-IT\",\"potentialAction\":[{\"@type\":\"ReadAction\",\"target\":[\"https:\\\/\\\/neststylevalencia.com\\\/it\\\/hotel-valencia\\\/\"]}]},{\"@type\":\"ImageObject\",\"inLanguage\":\"it-IT\",\"@id\":\"https:\\\/\\\/neststylevalencia.com\\\/it\\\/hotel-valencia\\\/#primaryimage\",\"url\":\"https:\\\/\\\/neststylevalencia.com\\\/wp-content\\\/uploads\\\/2019\\\/10\\\/03yellow-room-11-nest-style-valencia-2019.jpg\",\"contentUrl\":\"https:\\\/\\\/neststylevalencia.com\\\/wp-content\\\/uploads\\\/2019\\\/10\\\/03yellow-room-11-nest-style-valencia-2019.jpg\",\"width\":1622,\"height\":1080,\"caption\":\"Valencia Hotel - Nest Style Valencia\"},{\"@type\":\"WebSite\",\"@id\":\"https:\\\/\\\/neststylevalencia.com\\\/it\\\/#website\",\"url\":\"https:\\\/\\\/neststylevalencia.com\\\/it\\\/\",\"name\":\"Nest Style Valencia\",\"description\":\"Eleganza e semplicit\u00e0\",\"publisher\":{\"@id\":\"https:\\\/\\\/neststylevalencia.com\\\/it\\\/#organization\"},\"alternateName\":\"Nest Style Valencia Hotel\",\"potentialAction\":[{\"@type\":\"SearchAction\",\"target\":{\"@type\":\"EntryPoint\",\"urlTemplate\":\"https:\\\/\\\/neststylevalencia.com\\\/it\\\/?s={search_term_string}\"},\"query-input\":{\"@type\":\"PropertyValueSpecification\",\"valueRequired\":true,\"valueName\":\"search_term_string\"}}],\"inLanguage\":\"it-IT\"},{\"@type\":\"Organization\",\"@id\":\"https:\\\/\\\/neststylevalencia.com\\\/it\\\/#organization\",\"name\":\"Nest Style Valencia\",\"alternateName\":\"Nest Style Valencia Hotel\",\"url\":\"https:\\\/\\\/neststylevalencia.com\\\/it\\\/\",\"logo\":{\"@type\":\"ImageObject\",\"inLanguage\":\"it-IT\",\"@id\":\"https:\\\/\\\/neststylevalencia.com\\\/it\\\/#\\\/schema\\\/logo\\\/image\\\/\",\"url\":\"https:\\\/\\\/neststylevalencia.com\\\/wp-content\\\/uploads\\\/2019\\\/07\\\/logo-web-nest-style-valencia-2019.jpg\",\"contentUrl\":\"https:\\\/\\\/neststylevalencia.com\\\/wp-content\\\/uploads\\\/2019\\\/07\\\/logo-web-nest-style-valencia-2019.jpg\",\"width\":1200,\"height\":1200,\"caption\":\"Nest Style Valencia\"},\"image\":{\"@id\":\"https:\\\/\\\/neststylevalencia.com\\\/it\\\/#\\\/schema\\\/logo\\\/image\\\/\"},\"sameAs\":[\"https:\\\/\\\/www.facebook.com\\\/NestStyleValenciaHotel\\\/\",\"https:\\\/\\\/x.com\\\/neststylevlc\",\"https:\\\/\\\/www.instagram.com\\\/neststylevalencia\\\/\",\"https:\\\/\\\/www.linkedin.com\\\/company\\\/nest-style-valencia-hotel\\\/\",\"https:\\\/\\\/www.youtube.com\\\/@neststylevalenciahotel\",\"https:\\\/\\\/www.tripadvisor.com\\\/Hotel_Review-g187529-d18379474-Reviews-Nest_Style_Hotel_Valencia-Valencia_Province_of_Valencia_Valencian_Country.html\",\"https:\\\/\\\/snapchat.com\\\/add\\\/neststylevlc\",\"https:\\\/\\\/vk.com\\\/neststylevalenciahotel\",\"https:\\\/\\\/g.page\\\/NestStyleHotelValencia\\\/\",\"https:\\\/\\\/www.tiktok.com\\\/@neststylevalenciahotel\"]}]}<\/script>\n<!-- \/ Yoast SEO plugin. -->","yoast_head_json":{"title":"Hotel Valencia \u2b50 Nest Style Valencia. Un nuovo concetto di hotel","description":"Hotel Valencia \u2b50 Nest Style Valencia. Un nuovo concetto di hotel a Valencia, sempre al miglior prezzo, con prenotazione diretta e senza costi aggiuntivi per la prenotazione.","robots":{"index":"index","follow":"follow","max-snippet":"max-snippet:-1","max-image-preview":"max-image-preview:large","max-video-preview":"max-video-preview:-1"},"canonical":"https:\/\/neststylevalencia.com\/it\/hotel-valencia\/","og_locale":"it_IT","og_type":"article","og_title":"Hotel Valencia \u2b50 Nest Style Valencia. Un nuovo concetto di hotel","og_description":"Hotel Valencia \u2b50 Nest Style Valencia. Un nuovo concetto di hotel a Valencia, sempre al miglior prezzo, con prenotazione diretta e senza costi aggiuntivi per la prenotazione.","og_url":"https:\/\/neststylevalencia.com\/it\/hotel-valencia\/","og_site_name":"Nest Style Valencia","article_publisher":"https:\/\/www.facebook.com\/NestStyleValenciaHotel\/","article_modified_time":"2024-04-02T14:30:01+00:00","og_image":[{"width":1622,"height":1080,"url":"https:\/\/neststylevalencia.com\/wp-content\/uploads\/2019\/10\/03yellow-room-11-nest-style-valencia-2019.jpg","type":"image\/jpeg"}],"twitter_card":"summary_large_image","twitter_site":"@neststylevlc","twitter_misc":{"Tempo di lettura stimato":"2 minuti"},"schema":{"@context":"https:\/\/schema.org","@graph":[{"@type":"WebPage","@id":"https:\/\/neststylevalencia.com\/it\/hotel-valencia\/","url":"https:\/\/neststylevalencia.com\/it\/hotel-valencia\/","name":"Hotel Valencia \u2b50 Nest Style Valencia. Un nuovo concetto di hotel","isPartOf":{"@id":"https:\/\/neststylevalencia.com\/it\/#website"},"primaryImageOfPage":{"@id":"https:\/\/neststylevalencia.com\/it\/hotel-valencia\/#primaryimage"},"image":{"@id":"https:\/\/neststylevalencia.com\/it\/hotel-valencia\/#primaryimage"},"thumbnailUrl":"https:\/\/neststylevalencia.com\/wp-content\/uploads\/2019\/10\/03yellow-room-11-nest-style-valencia-2019.jpg","datePublished":"2019-05-23T13:16:12+00:00","dateModified":"2024-04-02T14:30:01+00:00","description":"Hotel Valencia \u2b50 Nest Style Valencia. Un nuovo concetto di hotel a Valencia, sempre al miglior prezzo, con prenotazione diretta e senza costi aggiuntivi per la prenotazione.","inLanguage":"it-IT","potentialAction":[{"@type":"ReadAction","target":["https:\/\/neststylevalencia.com\/it\/hotel-valencia\/"]}]},{"@type":"ImageObject","inLanguage":"it-IT","@id":"https:\/\/neststylevalencia.com\/it\/hotel-valencia\/#primaryimage","url":"https:\/\/neststylevalencia.com\/wp-content\/uploads\/2019\/10\/03yellow-room-11-nest-style-valencia-2019.jpg","contentUrl":"https:\/\/neststylevalencia.com\/wp-content\/uploads\/2019\/10\/03yellow-room-11-nest-style-valencia-2019.jpg","width":1622,"height":1080,"caption":"Valencia Hotel - Nest Style Valencia"},{"@type":"WebSite","@id":"https:\/\/neststylevalencia.com\/it\/#website","url":"https:\/\/neststylevalencia.com\/it\/","name":"Nest Style Valencia","description":"Eleganza e semplicit\u00e0","publisher":{"@id":"https:\/\/neststylevalencia.com\/it\/#organization"},"alternateName":"Nest Style Valencia Hotel","potentialAction":[{"@type":"SearchAction","target":{"@type":"EntryPoint","urlTemplate":"https:\/\/neststylevalencia.com\/it\/?s={search_term_string}"},"query-input":{"@type":"PropertyValueSpecification","valueRequired":true,"valueName":"search_term_string"}}],"inLanguage":"it-IT"},{"@type":"Organization","@id":"https:\/\/neststylevalencia.com\/it\/#organization","name":"Nest Style Valencia","alternateName":"Nest Style Valencia Hotel","url":"https:\/\/neststylevalencia.com\/it\/","logo":{"@type":"ImageObject","inLanguage":"it-IT","@id":"https:\/\/neststylevalencia.com\/it\/#\/schema\/logo\/image\/","url":"https:\/\/neststylevalencia.com\/wp-content\/uploads\/2019\/07\/logo-web-nest-style-valencia-2019.jpg","contentUrl":"https:\/\/neststylevalencia.com\/wp-content\/uploads\/2019\/07\/logo-web-nest-style-valencia-2019.jpg","width":1200,"height":1200,"caption":"Nest Style Valencia"},"image":{"@id":"https:\/\/neststylevalencia.com\/it\/#\/schema\/logo\/image\/"},"sameAs":["https:\/\/www.facebook.com\/NestStyleValenciaHotel\/","https:\/\/x.com\/neststylevlc","https:\/\/www.instagram.com\/neststylevalencia\/","https:\/\/www.linkedin.com\/company\/nest-style-valencia-hotel\/","https:\/\/www.youtube.com\/@neststylevalenciahotel","https:\/\/www.tripadvisor.com\/Hotel_Review-g187529-d18379474-Reviews-Nest_Style_Hotel_Valencia-Valencia_Province_of_Valencia_Valencian_Country.html","https:\/\/snapchat.com\/add\/neststylevlc","https:\/\/vk.com\/neststylevalenciahotel","https:\/\/g.page\/NestStyleHotelValencia\/","https:\/\/www.tiktok.com\/@neststylevalenciahotel"]}]}},"_links":{"self":[{"href":"https:\/\/neststylevalencia.com\/it\/wp-json\/wp\/v2\/pages\/2247","targetHints":{"allow":["GET"]}}],"collection":[{"href":"https:\/\/neststylevalencia.com\/it\/wp-json\/wp\/v2\/pages"}],"about":[{"href":"https:\/\/neststylevalencia.com\/it\/wp-json\/wp\/v2\/types\/page"}],"author":[{"embeddable":true,"href":"https:\/\/neststylevalencia.com\/it\/wp-json\/wp\/v2\/users\/7"}],"replies":[{"embeddable":true,"href":"https:\/\/neststylevalencia.com\/it\/wp-json\/wp\/v2\/comments?post=2247"}],"version-history":[{"count":0,"href":"https:\/\/neststylevalencia.com\/it\/wp-json\/wp\/v2\/pages\/2247\/revisions"}],"wp:featuredmedia":[{"embeddable":true,"href":"https:\/\/neststylevalencia.com\/it\/wp-json\/wp\/v2\/media\/2518"}],"wp:attachment":[{"href":"https:\/\/neststylevalencia.com\/it\/wp-json\/wp\/v2\/media?parent=2247"}],"curies":[{"name":"wp","href":"https:\/\/api.w.org\/{rel}","templated":true}]}}