{"id":548,"date":"2019-08-06T13:46:46","date_gmt":"2019-08-06T13:46:46","guid":{"rendered":"https:\/\/neststylevalencia.com\/sitemap\/"},"modified":"2024-05-24T09:14:08","modified_gmt":"2024-05-24T09:14:08","slug":"sitemap","status":"publish","type":"page","link":"https:\/\/neststylevalencia.com\/it\/sitemap\/","title":{"rendered":"Mappa del sito"},"content":{"rendered":"\n<p>La mappa del sito dell&#8217;Hotel Nest Style Valencia \u00e8 uno strumento essenziale che la aiuter\u00e0 a navigare nel nostro sito web in modo efficace. Non solo migliora la sua esperienza di utente, ma le permette anche di trovare le informazioni che sta cercando in minor tempo.<\/p>\n\n<h2 class=\"wp-block-heading\">Pagine <\/h2>\n\n<ul class=\"wp-block-list\">\n<li><a href=\"https:\/\/neststylevalencia.com\/it\/bar-menu\/\" target=\"_blank\" rel=\"noreferrer noopener\">Bar Menu Nest Style Valencia Hotel<\/a><\/li>\n\n\n\n<li><a href=\"https:\/\/neststylevalencia.com\/it\/blog\/\" target=\"_blank\" rel=\"noreferrer noopener\">Blog<\/a><\/li>\n\n\n\n<li><a href=\"https:\/\/neststylevalencia.com\/it\/lavora-con-noi\/\" target=\"_blank\" rel=\"noreferrer noopener\">Lavora con noi<\/a><\/li>\n\n\n\n<li><a href=\"https:\/\/neststylevalencia.com\/it\/dichiarazione-eco-amichevole\/\" target=\"_blank\" rel=\"noreferrer noopener\">Dichiarazione ecologica \u267b\ufe0f<\/a><\/li>\n\n\n\n<li><a href=\"https:\/\/neststylevalencia.com\/it\/recensioni-valutazioni\/\" target=\"_blank\" rel=\"noreferrer noopener\">Recensioni e valutazioni \u2b50\u2b50\u2b50\u2b50\u2b50<\/a><\/li>\n\n\n\n<li><a href=\"https:\/\/neststylevalencia.com\/cookies-policy\/\" target=\"_blank\" rel=\"noreferrer noopener\">Politica sui cookie Nest Style Hotel Valencia<\/a><\/li>\n\n\n\n<li><a href=\"https:\/\/neststylevalencia.com\/it\/partner\/\" target=\"_blank\" rel=\"noreferrer noopener\">Partner Nest Style Hotel Valencia<\/a><\/li>\n\n\n\n<li><a href=\"https:\/\/neststylevalencia.com\/legal-notices\/\" target=\"_blank\" rel=\"noreferrer noopener\">Avvisi legali<\/a><\/li>\n\n\n\n<li><a href=\"https:\/\/neststylevalencia.com\/it\/photo-gallery\/\" target=\"_blank\" rel=\"noreferrer noopener\">Galleria fotografica<\/a><\/li>\n\n\n\n<li><a href=\"https:\/\/neststylevalencia.com\/it\/sitemap\/\" target=\"_blank\" rel=\"noreferrer noopener\">Mappa del sito<\/a><\/li>\n\n\n\n<li><a href=\"https:\/\/neststylevalencia.com\/it\/posizione\/\" target=\"_blank\" rel=\"noreferrer noopener\">Posizione Nest Style Hotel Valencia<\/a><\/li>\n\n\n\n<li><a href=\"https:\/\/neststylevalencia.com\/it\/informativa-privacy\/\" target=\"_blank\" rel=\"noreferrer noopener\">Informativa sulla privacy<\/a><\/li>\n\n\n\n<li><a href=\"https:\/\/neststylevalencia.com\/it\/prenotazione-nest-style-hotel-valencia\/\" target=\"_blank\" rel=\"noreferrer noopener\">Prenotazione<\/a><\/li>\n\n\n\n<li><a href=\"https:\/\/neststylevalencia.com\/it\/contatta\/\" target=\"_blank\" rel=\"noreferrer noopener\">Contatto Nest Style Hotel Valencia<\/a><\/li>\n\n\n\n<li><a href=\"https:\/\/neststylevalencia.com\/amenities\/\" target=\"_blank\" rel=\"noreferrer noopener\">Servizi Nest Style Hotel Valencia<\/a><\/li>\n\n\n\n<li><a href=\"https:\/\/neststylevalencia.com\/it\/camere\/\" target=\"_blank\" rel=\"noreferrer noopener\">Camere Nest Style Hotel Valencia<\/a><\/li>\n\n\n\n<li><a href=\"https:\/\/neststylevalencia.com\/it\/hotel-valencia\/\" target=\"_blank\" rel=\"noreferrer noopener\">Valencia Hotel \u2b50 Nest Style Hotel Valencia<\/a><\/li>\n\n\n\n<li><a href=\"https:\/\/g.page\/NestStyleHotelValencia\/\" target=\"_blank\" rel=\"noreferrer noopener\">Nest Style Valencia<\/a><\/li>\n<\/ul>\n\n<h2 class=\"wp-block-heading\">Categories<\/h2>\n\n<ul class=\"wp-block-list\">\n<li><a href=\"https:\/\/neststylevalencia.com\/it\/offerte\/\" target=\"_blank\" rel=\"noreferrer noopener\">Offerte<\/a><\/li>\n\n\n\n<li><a href=\"https:\/\/neststylevalencia.com\/it\/blog\/\" target=\"_blank\" rel=\"noreferrer noopener\">Blog<\/a><\/li>\n<\/ul>\n\n<h2 class=\"wp-block-heading\">Posts<\/h2>\n\n<ul class=\"wp-block-list\">\n<li><a href=\"https:\/\/neststylevalencia.com\/it\/abbiamo-ricevuto-il-premio-innovazione-e-qualita-dalla-federazione-delle-imprese-alberghiere-e-della-ristorazione-di-valencia\/\" target=\"_blank\" rel=\"noreferrer noopener\">Abbiamo ricevuto il premio &#8220;Innovazione e qualit\u00e0&#8221; dalla Federazione delle imprese alberghiere e della ristorazione di Valencia.<\/a><\/li>\n\n\n\n<li><a href=\"https:\/\/neststylevalencia.com\/it\/servizi-aggiuntivi-per-gli-ospiti\/\" target=\"_blank\" rel=\"noreferrer noopener\">Servizi aggiuntivi per i nostri ospiti a Valencia | Extra e mobilit\u00e0<\/a><\/li>\n\n\n\n<li><a href=\"https:\/\/neststylevalencia.com\/romantic-getaway-valentines-day\/\" target=\"_blank\" rel=\"noreferrer noopener\">Fuga romantica per San Valentino a Valencia<\/a><\/li>\n\n\n\n<li><a href=\"https:\/\/neststylevalencia.com\/it\/offerta-romantica-pacchetto-hotel-ideale-per-sorprendere-tua-coppia\/\" target=\"_blank\" rel=\"noreferrer noopener\">Offerta pacchetto romantico. Hotel ideale a Valencia per sorprendere la sua coppia<\/a><\/li>\n\n\n\n<li><a href=\"https:\/\/neststylevalencia.com\/it\/domande-frequenti-nest-style-valencia-hotel\/\" target=\"_blank\" rel=\"noreferrer noopener\">Domande frequenti sull&#8217;Hotel Nest Style Valencia<\/a><\/li>\n<\/ul>\n\n<p><\/p>\n\n<figure class=\"wp-block-image size-full\"><img fetchpriority=\"high\" decoding=\"async\" width=\"1546\" height=\"1080\" src=\"https:\/\/neststylevalencia.com\/wp-content\/uploads\/2019\/10\/39common-areas-nest-style-valencia-2019.jpg\" alt=\"Sitemap Nest Style Valencia\" class=\"wp-image-2484\" srcset=\"https:\/\/neststylevalencia.com\/wp-content\/uploads\/2019\/10\/39common-areas-nest-style-valencia-2019.jpg 1546w, https:\/\/neststylevalencia.com\/wp-content\/uploads\/2019\/10\/39common-areas-nest-style-valencia-2019-300x210.jpg 300w, https:\/\/neststylevalencia.com\/wp-content\/uploads\/2019\/10\/39common-areas-nest-style-valencia-2019-1024x715.jpg 1024w, https:\/\/neststylevalencia.com\/wp-content\/uploads\/2019\/10\/39common-areas-nest-style-valencia-2019-768x537.jpg 768w, https:\/\/neststylevalencia.com\/wp-content\/uploads\/2019\/10\/39common-areas-nest-style-valencia-2019-1536x1073.jpg 1536w\" sizes=\"(max-width: 1546px) 100vw, 1546px\" \/><figcaption class=\"wp-element-caption\">Sitemap Nest Style Valencia<\/figcaption><\/figure>\n\n<h2 class=\"wp-block-heading\">Trovare rapidamente ci\u00f2 che le serve<\/h2>\n\n<p>Sta cercando informazioni sulle nostre camere? Vuole conoscere i nostri servizi o le nostre strutture? L&#8217;indice del sito le offre una panoramica completa di tutte le sezioni del nostro sito web, permettendole di trovare rapidamente ci\u00f2 di cui ha bisogno.<\/p>\n\n<h2 class=\"wp-block-heading\">Migliora l&#8217;accessibilit\u00e0<\/h2>\n\n<p>La mappa del sito \u00e8 un eccellente strumento di accessibilit\u00e0 che aiuta tutti gli utenti a navigare nel nostro sito web. Sia che abbia familiarit\u00e0 con il nostro sito o che sia la sua prima visita, la mappa del sito le fornir\u00e0 un percorso chiaro per esplorare ci\u00f2 che il Nest Style Valencia Hotel ha da offrire.<\/p>\n\n<h2 class=\"wp-block-heading\">Rimani aggiornato<\/h2>\n\n<p>Con la nostra mappa del sito, sar\u00e0 sempre aggiornato con gli ultimi aggiornamenti e aggiunte al nostro sito web. Se abbiamo aggiunto nuovi servizi, promozioni o informazioni su Valencia, potr\u00e0 trovarli rapidamente grazie alla nostra mappa del sito.<\/p>\n\n<p><strong>Conclusione:<\/strong> Al Nest Style Valencia Hotel, ci impegniamo a rendere la sua esperienza online il pi\u00f9 semplice e piacevole possibile. Che stia pianificando il suo prossimo viaggio o cercando maggiori informazioni sui nostri servizi, la mappa del sito \u00e8 uno strumento indispensabile che la aiuter\u00e0 a navigare nel nostro sito web in modo efficiente. La esplori oggi stesso e scopra tutto ci\u00f2 che il Nest Style Valencia Hotel ha da offrire!<\/p>\n","protected":false},"excerpt":{"rendered":"<p>Mappa del sito Nest Style Hotel Valencia. Hotel bello ed economico a Valencia. Uno dei migliori hotel di Valencia. Ostello pulito e piacevole in Avenida del Puerto 77<\/p>\n","protected":false},"author":7,"featured_media":2486,"parent":0,"menu_order":0,"comment_status":"closed","ping_status":"closed","template":"","meta":{"footnotes":""},"class_list":["post-548","page","type-page","status-publish","has-post-thumbnail","hentry"],"yoast_head":"<!-- This site is optimized with the Yoast SEO plugin v27.4 - https:\/\/yoast.com\/product\/yoast-seo-wordpress\/ -->\n<title>Mappa del sito Nest Style Valencia. Hotel bello ed economico a Valencia<\/title>\n<meta name=\"description\" content=\"Mappa del sito Nest Style Valencia. Hotel bello ed economico a Valencia. Uno dei migliori hotel di Valencia. Ostello pulito e piacevole a Valencia\" \/>\n<meta name=\"robots\" content=\"index, follow, max-snippet:-1, max-image-preview:large, max-video-preview:-1\" \/>\n<link rel=\"canonical\" href=\"https:\/\/neststylevalencia.com\/it\/sitemap\/\" \/>\n<meta property=\"og:locale\" content=\"it_IT\" \/>\n<meta property=\"og:type\" content=\"article\" \/>\n<meta property=\"og:title\" content=\"Mappa del sito Nest Style Valencia. Hotel bello ed economico a Valencia\" \/>\n<meta property=\"og:description\" content=\"Mappa del sito Nest Style Valencia. Hotel bello ed economico a Valencia. Uno dei migliori hotel di Valencia. Ostello pulito e piacevole a Valencia\" \/>\n<meta property=\"og:url\" content=\"https:\/\/neststylevalencia.com\/it\/sitemap\/\" \/>\n<meta property=\"og:site_name\" content=\"Nest Style Valencia\" \/>\n<meta property=\"article:publisher\" content=\"https:\/\/www.facebook.com\/NestStyleValenciaHotel\/\" \/>\n<meta property=\"article:modified_time\" content=\"2024-05-24T09:14:08+00:00\" \/>\n<meta property=\"og:image\" content=\"https:\/\/neststylevalencia.com\/wp-content\/uploads\/2019\/10\/39common-areas-nest-style-valencia-2019.jpg\" \/>\n\t<meta property=\"og:image:width\" content=\"1546\" \/>\n\t<meta property=\"og:image:height\" content=\"1080\" \/>\n\t<meta property=\"og:image:type\" content=\"image\/jpeg\" \/>\n<meta name=\"twitter:card\" content=\"summary_large_image\" \/>\n<meta name=\"twitter:site\" content=\"@neststylevlc\" \/>\n<meta name=\"twitter:label1\" content=\"Tempo di lettura stimato\" \/>\n\t<meta name=\"twitter:data1\" content=\"2 minuti\" \/>\n<script type=\"application\/ld+json\" class=\"yoast-schema-graph\">{\"@context\":\"https:\\\/\\\/schema.org\",\"@graph\":[{\"@type\":\"WebPage\",\"@id\":\"https:\\\/\\\/neststylevalencia.com\\\/it\\\/sitemap\\\/\",\"url\":\"https:\\\/\\\/neststylevalencia.com\\\/it\\\/sitemap\\\/\",\"name\":\"Mappa del sito Nest Style Valencia. Hotel bello ed economico a Valencia\",\"isPartOf\":{\"@id\":\"https:\\\/\\\/neststylevalencia.com\\\/it\\\/#website\"},\"primaryImageOfPage\":{\"@id\":\"https:\\\/\\\/neststylevalencia.com\\\/it\\\/sitemap\\\/#primaryimage\"},\"image\":{\"@id\":\"https:\\\/\\\/neststylevalencia.com\\\/it\\\/sitemap\\\/#primaryimage\"},\"thumbnailUrl\":\"https:\\\/\\\/neststylevalencia.com\\\/wp-content\\\/uploads\\\/2019\\\/10\\\/39common-areas-nest-style-valencia-2019.jpg\",\"datePublished\":\"2019-08-06T13:46:46+00:00\",\"dateModified\":\"2024-05-24T09:14:08+00:00\",\"description\":\"Mappa del sito Nest Style Valencia. Hotel bello ed economico a Valencia. Uno dei migliori hotel di Valencia. Ostello pulito e piacevole a Valencia\",\"inLanguage\":\"it-IT\",\"potentialAction\":[{\"@type\":\"ReadAction\",\"target\":[\"https:\\\/\\\/neststylevalencia.com\\\/it\\\/sitemap\\\/\"]}]},{\"@type\":\"ImageObject\",\"inLanguage\":\"it-IT\",\"@id\":\"https:\\\/\\\/neststylevalencia.com\\\/it\\\/sitemap\\\/#primaryimage\",\"url\":\"https:\\\/\\\/neststylevalencia.com\\\/wp-content\\\/uploads\\\/2019\\\/10\\\/39common-areas-nest-style-valencia-2019.jpg\",\"contentUrl\":\"https:\\\/\\\/neststylevalencia.com\\\/wp-content\\\/uploads\\\/2019\\\/10\\\/39common-areas-nest-style-valencia-2019.jpg\",\"width\":1546,\"height\":1080,\"caption\":\"Sitemap Nest Style Valencia\"},{\"@type\":\"WebSite\",\"@id\":\"https:\\\/\\\/neststylevalencia.com\\\/it\\\/#website\",\"url\":\"https:\\\/\\\/neststylevalencia.com\\\/it\\\/\",\"name\":\"Nest Style Valencia\",\"description\":\"Eleganza e semplicit\u00e0\",\"publisher\":{\"@id\":\"https:\\\/\\\/neststylevalencia.com\\\/it\\\/#organization\"},\"alternateName\":\"Nest Style Valencia Hotel\",\"potentialAction\":[{\"@type\":\"SearchAction\",\"target\":{\"@type\":\"EntryPoint\",\"urlTemplate\":\"https:\\\/\\\/neststylevalencia.com\\\/it\\\/?s={search_term_string}\"},\"query-input\":{\"@type\":\"PropertyValueSpecification\",\"valueRequired\":true,\"valueName\":\"search_term_string\"}}],\"inLanguage\":\"it-IT\"},{\"@type\":\"Organization\",\"@id\":\"https:\\\/\\\/neststylevalencia.com\\\/it\\\/#organization\",\"name\":\"Nest Style Valencia\",\"alternateName\":\"Nest Style Valencia Hotel\",\"url\":\"https:\\\/\\\/neststylevalencia.com\\\/it\\\/\",\"logo\":{\"@type\":\"ImageObject\",\"inLanguage\":\"it-IT\",\"@id\":\"https:\\\/\\\/neststylevalencia.com\\\/it\\\/#\\\/schema\\\/logo\\\/image\\\/\",\"url\":\"https:\\\/\\\/neststylevalencia.com\\\/wp-content\\\/uploads\\\/2019\\\/07\\\/logo-web-nest-style-valencia-2019.jpg\",\"contentUrl\":\"https:\\\/\\\/neststylevalencia.com\\\/wp-content\\\/uploads\\\/2019\\\/07\\\/logo-web-nest-style-valencia-2019.jpg\",\"width\":1200,\"height\":1200,\"caption\":\"Nest Style Valencia\"},\"image\":{\"@id\":\"https:\\\/\\\/neststylevalencia.com\\\/it\\\/#\\\/schema\\\/logo\\\/image\\\/\"},\"sameAs\":[\"https:\\\/\\\/www.facebook.com\\\/NestStyleValenciaHotel\\\/\",\"https:\\\/\\\/x.com\\\/neststylevlc\",\"https:\\\/\\\/www.instagram.com\\\/neststylevalencia\\\/\",\"https:\\\/\\\/www.linkedin.com\\\/company\\\/nest-style-valencia-hotel\\\/\",\"https:\\\/\\\/www.youtube.com\\\/@neststylevalenciahotel\",\"https:\\\/\\\/www.tripadvisor.com\\\/Hotel_Review-g187529-d18379474-Reviews-Nest_Style_Hotel_Valencia-Valencia_Province_of_Valencia_Valencian_Country.html\",\"https:\\\/\\\/snapchat.com\\\/add\\\/neststylevlc\",\"https:\\\/\\\/vk.com\\\/neststylevalenciahotel\",\"https:\\\/\\\/g.page\\\/NestStyleHotelValencia\\\/\",\"https:\\\/\\\/www.tiktok.com\\\/@neststylevalenciahotel\"]}]}<\/script>\n<!-- \/ Yoast SEO plugin. -->","yoast_head_json":{"title":"Mappa del sito Nest Style Valencia. Hotel bello ed economico a Valencia","description":"Mappa del sito Nest Style Valencia. Hotel bello ed economico a Valencia. Uno dei migliori hotel di Valencia. Ostello pulito e piacevole a Valencia","robots":{"index":"index","follow":"follow","max-snippet":"max-snippet:-1","max-image-preview":"max-image-preview:large","max-video-preview":"max-video-preview:-1"},"canonical":"https:\/\/neststylevalencia.com\/it\/sitemap\/","og_locale":"it_IT","og_type":"article","og_title":"Mappa del sito Nest Style Valencia. Hotel bello ed economico a Valencia","og_description":"Mappa del sito Nest Style Valencia. Hotel bello ed economico a Valencia. Uno dei migliori hotel di Valencia. Ostello pulito e piacevole a Valencia","og_url":"https:\/\/neststylevalencia.com\/it\/sitemap\/","og_site_name":"Nest Style Valencia","article_publisher":"https:\/\/www.facebook.com\/NestStyleValenciaHotel\/","article_modified_time":"2024-05-24T09:14:08+00:00","og_image":[{"width":1546,"height":1080,"url":"https:\/\/neststylevalencia.com\/wp-content\/uploads\/2019\/10\/39common-areas-nest-style-valencia-2019.jpg","type":"image\/jpeg"}],"twitter_card":"summary_large_image","twitter_site":"@neststylevlc","twitter_misc":{"Tempo di lettura stimato":"2 minuti"},"schema":{"@context":"https:\/\/schema.org","@graph":[{"@type":"WebPage","@id":"https:\/\/neststylevalencia.com\/it\/sitemap\/","url":"https:\/\/neststylevalencia.com\/it\/sitemap\/","name":"Mappa del sito Nest Style Valencia. Hotel bello ed economico a Valencia","isPartOf":{"@id":"https:\/\/neststylevalencia.com\/it\/#website"},"primaryImageOfPage":{"@id":"https:\/\/neststylevalencia.com\/it\/sitemap\/#primaryimage"},"image":{"@id":"https:\/\/neststylevalencia.com\/it\/sitemap\/#primaryimage"},"thumbnailUrl":"https:\/\/neststylevalencia.com\/wp-content\/uploads\/2019\/10\/39common-areas-nest-style-valencia-2019.jpg","datePublished":"2019-08-06T13:46:46+00:00","dateModified":"2024-05-24T09:14:08+00:00","description":"Mappa del sito Nest Style Valencia. Hotel bello ed economico a Valencia. Uno dei migliori hotel di Valencia. Ostello pulito e piacevole a Valencia","inLanguage":"it-IT","potentialAction":[{"@type":"ReadAction","target":["https:\/\/neststylevalencia.com\/it\/sitemap\/"]}]},{"@type":"ImageObject","inLanguage":"it-IT","@id":"https:\/\/neststylevalencia.com\/it\/sitemap\/#primaryimage","url":"https:\/\/neststylevalencia.com\/wp-content\/uploads\/2019\/10\/39common-areas-nest-style-valencia-2019.jpg","contentUrl":"https:\/\/neststylevalencia.com\/wp-content\/uploads\/2019\/10\/39common-areas-nest-style-valencia-2019.jpg","width":1546,"height":1080,"caption":"Sitemap Nest Style Valencia"},{"@type":"WebSite","@id":"https:\/\/neststylevalencia.com\/it\/#website","url":"https:\/\/neststylevalencia.com\/it\/","name":"Nest Style Valencia","description":"Eleganza e semplicit\u00e0","publisher":{"@id":"https:\/\/neststylevalencia.com\/it\/#organization"},"alternateName":"Nest Style Valencia Hotel","potentialAction":[{"@type":"SearchAction","target":{"@type":"EntryPoint","urlTemplate":"https:\/\/neststylevalencia.com\/it\/?s={search_term_string}"},"query-input":{"@type":"PropertyValueSpecification","valueRequired":true,"valueName":"search_term_string"}}],"inLanguage":"it-IT"},{"@type":"Organization","@id":"https:\/\/neststylevalencia.com\/it\/#organization","name":"Nest Style Valencia","alternateName":"Nest Style Valencia Hotel","url":"https:\/\/neststylevalencia.com\/it\/","logo":{"@type":"ImageObject","inLanguage":"it-IT","@id":"https:\/\/neststylevalencia.com\/it\/#\/schema\/logo\/image\/","url":"https:\/\/neststylevalencia.com\/wp-content\/uploads\/2019\/07\/logo-web-nest-style-valencia-2019.jpg","contentUrl":"https:\/\/neststylevalencia.com\/wp-content\/uploads\/2019\/07\/logo-web-nest-style-valencia-2019.jpg","width":1200,"height":1200,"caption":"Nest Style Valencia"},"image":{"@id":"https:\/\/neststylevalencia.com\/it\/#\/schema\/logo\/image\/"},"sameAs":["https:\/\/www.facebook.com\/NestStyleValenciaHotel\/","https:\/\/x.com\/neststylevlc","https:\/\/www.instagram.com\/neststylevalencia\/","https:\/\/www.linkedin.com\/company\/nest-style-valencia-hotel\/","https:\/\/www.youtube.com\/@neststylevalenciahotel","https:\/\/www.tripadvisor.com\/Hotel_Review-g187529-d18379474-Reviews-Nest_Style_Hotel_Valencia-Valencia_Province_of_Valencia_Valencian_Country.html","https:\/\/snapchat.com\/add\/neststylevlc","https:\/\/vk.com\/neststylevalenciahotel","https:\/\/g.page\/NestStyleHotelValencia\/","https:\/\/www.tiktok.com\/@neststylevalenciahotel"]}]}},"_links":{"self":[{"href":"https:\/\/neststylevalencia.com\/it\/wp-json\/wp\/v2\/pages\/548","targetHints":{"allow":["GET"]}}],"collection":[{"href":"https:\/\/neststylevalencia.com\/it\/wp-json\/wp\/v2\/pages"}],"about":[{"href":"https:\/\/neststylevalencia.com\/it\/wp-json\/wp\/v2\/types\/page"}],"author":[{"embeddable":true,"href":"https:\/\/neststylevalencia.com\/it\/wp-json\/wp\/v2\/users\/7"}],"replies":[{"embeddable":true,"href":"https:\/\/neststylevalencia.com\/it\/wp-json\/wp\/v2\/comments?post=548"}],"version-history":[{"count":0,"href":"https:\/\/neststylevalencia.com\/it\/wp-json\/wp\/v2\/pages\/548\/revisions"}],"wp:featuredmedia":[{"embeddable":true,"href":"https:\/\/neststylevalencia.com\/it\/wp-json\/wp\/v2\/media\/2486"}],"wp:attachment":[{"href":"https:\/\/neststylevalencia.com\/it\/wp-json\/wp\/v2\/media?parent=548"}],"curies":[{"name":"wp","href":"https:\/\/api.w.org\/{rel}","templated":true}]}}