{"id":7329,"date":"2021-06-25T21:23:17","date_gmt":"2021-06-25T21:23:17","guid":{"rendered":"https:\/\/neststylevalencia.com\/bar-menu\/"},"modified":"2024-05-24T08:48:59","modified_gmt":"2024-05-24T08:48:59","slug":"bar-menu","status":"publish","type":"page","link":"https:\/\/neststylevalencia.com\/nl\/bar-menu\/","title":{"rendered":"Bar Men\u00fa"},"content":{"rendered":"\n<h2 class=\"wp-block-heading\">Soft drinks<\/h2>\n\n<ul class=\"wp-block-list\">\n<li>Still Water 50ml: 1,50\u20ac<\/li>\n\n\n\n<li>Still Water 150ml: 2,20\u20ac<\/li>\n\n\n\n<li>Pepsi: 2,50\u20ac<\/li>\n\n\n\n<li>Schweppes Tonic: 2,50\u20ac<\/li>\n\n\n\n<li>Kas Orange: 2,50\u20ac<\/li>\n\n\n\n<li>Kas Lemon 2,50\u20ac<\/li>\n\n\n\n<li>Tropicana Juice: 2,50\u20ac<\/li>\n<\/ul>\n\n<h3 class=\"wp-block-heading\">Beer<\/h3>\n\n<ul class=\"wp-block-list\">\n<li>TURIA: 2,50\u20ac<\/li>\n\n\n\n<li>ALHAMBRA: 2,50\u20ac<\/li>\n\n\n\n<li>DELIRIUM: 4,00\u20ac<\/li>\n<\/ul>\n\n<h3 class=\"wp-block-heading\">Wine<\/h3>\n\n<ul class=\"wp-block-list\">\n<li>Glass of white wine 2cl: 3,50\u20ac<\/li>\n\n\n\n<li>Glass of red wine 2cl: 3,50\u20ac<\/li>\n<\/ul>\n\n<h3 class=\"wp-block-heading\">C\u00f3cteles<\/h3>\n\n<ul class=\"wp-block-list\">\n<li>Mixed drinks 8,00\u20ac<\/li>\n\n\n\n<li>Gin&amp;Tonic 8,00\u20ac<\/li>\n\n\n\n<li>Martini: 7,00\u20ac<\/li>\n\n\n\n<li>Shots: 4,00\u20ac<\/li>\n\n\n\n<li>Bailey&#8217;s: 4,00\u20ac<\/li>\n<\/ul>\n\n<h3 class=\"wp-block-heading\">Snacks<\/h3>\n\n<ul class=\"wp-block-list\">\n<li>Chips: 1,50\u20ac<\/li>\n<\/ul>\n\n<h3 class=\"wp-block-heading\">Nespresso Coffee<\/h3>\n\n<ul class=\"wp-block-list\">\n<li>Caf\u00e9 con leche: 1,80\u20ac<\/li>\n\n\n\n<li>Caf\u00e9 solo: 1,60\u20ac<\/li>\n\n\n\n<li>Espresso: 1,40\u20ac<\/li>\n<\/ul>\n","protected":false},"excerpt":{"rendered":"<p>Water zonder koolzuur 50ml: 1,50\u20ac<br \/>\nWater zonder koolzuur 150ml: 2,20\u20ac<br \/>\nPepsi: 2,50<br \/>\nSchweppes Tonic: 2,50\u20ac<br \/>\nKas Sinaasappel: 2,50<br \/>\nKas Citroen: 2,50<br \/>\nTropicana Sap: 2,50<\/p>\n","protected":false},"author":7,"featured_media":3382,"parent":0,"menu_order":0,"comment_status":"closed","ping_status":"closed","template":"","meta":{"footnotes":""},"class_list":["post-7329","page","type-page","status-publish","has-post-thumbnail","hentry"],"yoast_head":"<!-- This site is optimized with the Yoast SEO plugin v27.4 - https:\/\/yoast.com\/product\/yoast-seo-wordpress\/ -->\n<title>Bar Men\u00fa Nest Style Valencia Hotel<\/title>\n<meta name=\"description\" content=\"Bar Men\u00fa Nest Style Valencia | Frisdranken | Bier | Wijn | C\u00f3cteles | Snack | Nespresso koffie | Continentaal en zakelijk ontbijt\" \/>\n<meta name=\"robots\" content=\"index, follow, max-snippet:-1, max-image-preview:large, max-video-preview:-1\" \/>\n<link rel=\"canonical\" href=\"https:\/\/neststylevalencia.com\/nl\/bar-menu\/\" \/>\n<meta property=\"og:locale\" content=\"nl_NL\" \/>\n<meta property=\"og:type\" content=\"article\" \/>\n<meta property=\"og:title\" content=\"Bar Men\u00fa Nest Style Valencia Hotel\" \/>\n<meta property=\"og:description\" content=\"Bar Men\u00fa Nest Style Valencia | Frisdranken | Bier | Wijn | C\u00f3cteles | Snack | Nespresso koffie | Continentaal en zakelijk ontbijt\" \/>\n<meta property=\"og:url\" content=\"https:\/\/neststylevalencia.com\/nl\/bar-menu\/\" \/>\n<meta property=\"og:site_name\" content=\"Nest Style Valencia\" \/>\n<meta property=\"article:publisher\" content=\"https:\/\/www.facebook.com\/NestStyleValenciaHotel\/\" \/>\n<meta property=\"article:modified_time\" content=\"2024-05-24T08:48:59+00:00\" \/>\n<meta property=\"og:image\" content=\"https:\/\/neststylevalencia.com\/wp-content\/uploads\/2019\/08\/09nest-style-valencia-2019.jpg\" \/>\n\t<meta property=\"og:image:width\" content=\"1619\" \/>\n\t<meta property=\"og:image:height\" content=\"1080\" \/>\n\t<meta property=\"og:image:type\" content=\"image\/jpeg\" \/>\n<meta name=\"twitter:card\" content=\"summary_large_image\" \/>\n<meta name=\"twitter:site\" content=\"@neststylevlc\" \/>\n<meta name=\"twitter:label1\" content=\"Geschatte leestijd\" \/>\n\t<meta name=\"twitter:data1\" content=\"1 minuut\" \/>\n<script type=\"application\/ld+json\" class=\"yoast-schema-graph\">{\"@context\":\"https:\\\/\\\/schema.org\",\"@graph\":[{\"@type\":\"WebPage\",\"@id\":\"https:\\\/\\\/neststylevalencia.com\\\/nl\\\/bar-menu\\\/\",\"url\":\"https:\\\/\\\/neststylevalencia.com\\\/nl\\\/bar-menu\\\/\",\"name\":\"Bar Men\u00fa Nest Style Valencia Hotel\",\"isPartOf\":{\"@id\":\"https:\\\/\\\/neststylevalencia.com\\\/nl\\\/#website\"},\"primaryImageOfPage\":{\"@id\":\"https:\\\/\\\/neststylevalencia.com\\\/nl\\\/bar-menu\\\/#primaryimage\"},\"image\":{\"@id\":\"https:\\\/\\\/neststylevalencia.com\\\/nl\\\/bar-menu\\\/#primaryimage\"},\"thumbnailUrl\":\"https:\\\/\\\/neststylevalencia.com\\\/wp-content\\\/uploads\\\/2019\\\/08\\\/09nest-style-valencia-2019.jpg\",\"datePublished\":\"2021-06-25T21:23:17+00:00\",\"dateModified\":\"2024-05-24T08:48:59+00:00\",\"description\":\"Bar Men\u00fa Nest Style Valencia | Frisdranken | Bier | Wijn | C\u00f3cteles | Snack | Nespresso koffie | Continentaal en zakelijk ontbijt\",\"inLanguage\":\"nl-NL\",\"potentialAction\":[{\"@type\":\"ReadAction\",\"target\":[\"https:\\\/\\\/neststylevalencia.com\\\/nl\\\/bar-menu\\\/\"]}]},{\"@type\":\"ImageObject\",\"inLanguage\":\"nl-NL\",\"@id\":\"https:\\\/\\\/neststylevalencia.com\\\/nl\\\/bar-menu\\\/#primaryimage\",\"url\":\"https:\\\/\\\/neststylevalencia.com\\\/wp-content\\\/uploads\\\/2019\\\/08\\\/09nest-style-valencia-2019.jpg\",\"contentUrl\":\"https:\\\/\\\/neststylevalencia.com\\\/wp-content\\\/uploads\\\/2019\\\/08\\\/09nest-style-valencia-2019.jpg\",\"width\":1619,\"height\":1080,\"caption\":\"Bar Nest Style Valencia\"},{\"@type\":\"WebSite\",\"@id\":\"https:\\\/\\\/neststylevalencia.com\\\/nl\\\/#website\",\"url\":\"https:\\\/\\\/neststylevalencia.com\\\/nl\\\/\",\"name\":\"Nest Style Valencia\",\"description\":\"Elegant en eenvoudig\",\"publisher\":{\"@id\":\"https:\\\/\\\/neststylevalencia.com\\\/nl\\\/#organization\"},\"alternateName\":\"Nest Style Valencia Hotel\",\"potentialAction\":[{\"@type\":\"SearchAction\",\"target\":{\"@type\":\"EntryPoint\",\"urlTemplate\":\"https:\\\/\\\/neststylevalencia.com\\\/nl\\\/?s={search_term_string}\"},\"query-input\":{\"@type\":\"PropertyValueSpecification\",\"valueRequired\":true,\"valueName\":\"search_term_string\"}}],\"inLanguage\":\"nl-NL\"},{\"@type\":\"Organization\",\"@id\":\"https:\\\/\\\/neststylevalencia.com\\\/nl\\\/#organization\",\"name\":\"Nest Style Valencia\",\"alternateName\":\"Nest Style Valencia Hotel\",\"url\":\"https:\\\/\\\/neststylevalencia.com\\\/nl\\\/\",\"logo\":{\"@type\":\"ImageObject\",\"inLanguage\":\"nl-NL\",\"@id\":\"https:\\\/\\\/neststylevalencia.com\\\/nl\\\/#\\\/schema\\\/logo\\\/image\\\/\",\"url\":\"https:\\\/\\\/neststylevalencia.com\\\/wp-content\\\/uploads\\\/2019\\\/07\\\/logo-web-nest-style-valencia-2019.jpg\",\"contentUrl\":\"https:\\\/\\\/neststylevalencia.com\\\/wp-content\\\/uploads\\\/2019\\\/07\\\/logo-web-nest-style-valencia-2019.jpg\",\"width\":1200,\"height\":1200,\"caption\":\"Nest Style Valencia\"},\"image\":{\"@id\":\"https:\\\/\\\/neststylevalencia.com\\\/nl\\\/#\\\/schema\\\/logo\\\/image\\\/\"},\"sameAs\":[\"https:\\\/\\\/www.facebook.com\\\/NestStyleValenciaHotel\\\/\",\"https:\\\/\\\/x.com\\\/neststylevlc\",\"https:\\\/\\\/www.instagram.com\\\/neststylevalencia\\\/\",\"https:\\\/\\\/www.linkedin.com\\\/company\\\/nest-style-valencia-hotel\\\/\",\"https:\\\/\\\/www.youtube.com\\\/@neststylevalenciahotel\",\"https:\\\/\\\/www.tripadvisor.com\\\/Hotel_Review-g187529-d18379474-Reviews-Nest_Style_Hotel_Valencia-Valencia_Province_of_Valencia_Valencian_Country.html\",\"https:\\\/\\\/snapchat.com\\\/add\\\/neststylevlc\",\"https:\\\/\\\/vk.com\\\/neststylevalenciahotel\",\"https:\\\/\\\/g.page\\\/NestStyleHotelValencia\\\/\",\"https:\\\/\\\/www.tiktok.com\\\/@neststylevalenciahotel\"]}]}<\/script>\n<!-- \/ Yoast SEO plugin. -->","yoast_head_json":{"title":"Bar Men\u00fa Nest Style Valencia Hotel","description":"Bar Men\u00fa Nest Style Valencia | Frisdranken | Bier | Wijn | C\u00f3cteles | Snack | Nespresso koffie | Continentaal en zakelijk ontbijt","robots":{"index":"index","follow":"follow","max-snippet":"max-snippet:-1","max-image-preview":"max-image-preview:large","max-video-preview":"max-video-preview:-1"},"canonical":"https:\/\/neststylevalencia.com\/nl\/bar-menu\/","og_locale":"nl_NL","og_type":"article","og_title":"Bar Men\u00fa Nest Style Valencia Hotel","og_description":"Bar Men\u00fa Nest Style Valencia | Frisdranken | Bier | Wijn | C\u00f3cteles | Snack | Nespresso koffie | Continentaal en zakelijk ontbijt","og_url":"https:\/\/neststylevalencia.com\/nl\/bar-menu\/","og_site_name":"Nest Style Valencia","article_publisher":"https:\/\/www.facebook.com\/NestStyleValenciaHotel\/","article_modified_time":"2024-05-24T08:48:59+00:00","og_image":[{"width":1619,"height":1080,"url":"https:\/\/neststylevalencia.com\/wp-content\/uploads\/2019\/08\/09nest-style-valencia-2019.jpg","type":"image\/jpeg"}],"twitter_card":"summary_large_image","twitter_site":"@neststylevlc","twitter_misc":{"Geschatte leestijd":"1 minuut"},"schema":{"@context":"https:\/\/schema.org","@graph":[{"@type":"WebPage","@id":"https:\/\/neststylevalencia.com\/nl\/bar-menu\/","url":"https:\/\/neststylevalencia.com\/nl\/bar-menu\/","name":"Bar Men\u00fa Nest Style Valencia Hotel","isPartOf":{"@id":"https:\/\/neststylevalencia.com\/nl\/#website"},"primaryImageOfPage":{"@id":"https:\/\/neststylevalencia.com\/nl\/bar-menu\/#primaryimage"},"image":{"@id":"https:\/\/neststylevalencia.com\/nl\/bar-menu\/#primaryimage"},"thumbnailUrl":"https:\/\/neststylevalencia.com\/wp-content\/uploads\/2019\/08\/09nest-style-valencia-2019.jpg","datePublished":"2021-06-25T21:23:17+00:00","dateModified":"2024-05-24T08:48:59+00:00","description":"Bar Men\u00fa Nest Style Valencia | Frisdranken | Bier | Wijn | C\u00f3cteles | Snack | Nespresso koffie | Continentaal en zakelijk ontbijt","inLanguage":"nl-NL","potentialAction":[{"@type":"ReadAction","target":["https:\/\/neststylevalencia.com\/nl\/bar-menu\/"]}]},{"@type":"ImageObject","inLanguage":"nl-NL","@id":"https:\/\/neststylevalencia.com\/nl\/bar-menu\/#primaryimage","url":"https:\/\/neststylevalencia.com\/wp-content\/uploads\/2019\/08\/09nest-style-valencia-2019.jpg","contentUrl":"https:\/\/neststylevalencia.com\/wp-content\/uploads\/2019\/08\/09nest-style-valencia-2019.jpg","width":1619,"height":1080,"caption":"Bar Nest Style Valencia"},{"@type":"WebSite","@id":"https:\/\/neststylevalencia.com\/nl\/#website","url":"https:\/\/neststylevalencia.com\/nl\/","name":"Nest Style Valencia","description":"Elegant en eenvoudig","publisher":{"@id":"https:\/\/neststylevalencia.com\/nl\/#organization"},"alternateName":"Nest Style Valencia Hotel","potentialAction":[{"@type":"SearchAction","target":{"@type":"EntryPoint","urlTemplate":"https:\/\/neststylevalencia.com\/nl\/?s={search_term_string}"},"query-input":{"@type":"PropertyValueSpecification","valueRequired":true,"valueName":"search_term_string"}}],"inLanguage":"nl-NL"},{"@type":"Organization","@id":"https:\/\/neststylevalencia.com\/nl\/#organization","name":"Nest Style Valencia","alternateName":"Nest Style Valencia Hotel","url":"https:\/\/neststylevalencia.com\/nl\/","logo":{"@type":"ImageObject","inLanguage":"nl-NL","@id":"https:\/\/neststylevalencia.com\/nl\/#\/schema\/logo\/image\/","url":"https:\/\/neststylevalencia.com\/wp-content\/uploads\/2019\/07\/logo-web-nest-style-valencia-2019.jpg","contentUrl":"https:\/\/neststylevalencia.com\/wp-content\/uploads\/2019\/07\/logo-web-nest-style-valencia-2019.jpg","width":1200,"height":1200,"caption":"Nest Style Valencia"},"image":{"@id":"https:\/\/neststylevalencia.com\/nl\/#\/schema\/logo\/image\/"},"sameAs":["https:\/\/www.facebook.com\/NestStyleValenciaHotel\/","https:\/\/x.com\/neststylevlc","https:\/\/www.instagram.com\/neststylevalencia\/","https:\/\/www.linkedin.com\/company\/nest-style-valencia-hotel\/","https:\/\/www.youtube.com\/@neststylevalenciahotel","https:\/\/www.tripadvisor.com\/Hotel_Review-g187529-d18379474-Reviews-Nest_Style_Hotel_Valencia-Valencia_Province_of_Valencia_Valencian_Country.html","https:\/\/snapchat.com\/add\/neststylevlc","https:\/\/vk.com\/neststylevalenciahotel","https:\/\/g.page\/NestStyleHotelValencia\/","https:\/\/www.tiktok.com\/@neststylevalenciahotel"]}]}},"_links":{"self":[{"href":"https:\/\/neststylevalencia.com\/nl\/wp-json\/wp\/v2\/pages\/7329","targetHints":{"allow":["GET"]}}],"collection":[{"href":"https:\/\/neststylevalencia.com\/nl\/wp-json\/wp\/v2\/pages"}],"about":[{"href":"https:\/\/neststylevalencia.com\/nl\/wp-json\/wp\/v2\/types\/page"}],"author":[{"embeddable":true,"href":"https:\/\/neststylevalencia.com\/nl\/wp-json\/wp\/v2\/users\/7"}],"replies":[{"embeddable":true,"href":"https:\/\/neststylevalencia.com\/nl\/wp-json\/wp\/v2\/comments?post=7329"}],"version-history":[{"count":0,"href":"https:\/\/neststylevalencia.com\/nl\/wp-json\/wp\/v2\/pages\/7329\/revisions"}],"wp:featuredmedia":[{"embeddable":true,"href":"https:\/\/neststylevalencia.com\/nl\/wp-json\/wp\/v2\/media\/3382"}],"wp:attachment":[{"href":"https:\/\/neststylevalencia.com\/nl\/wp-json\/wp\/v2\/media?parent=7329"}],"curies":[{"name":"wp","href":"https:\/\/api.w.org\/{rel}","templated":true}]}}